{"id":2763,"date":"2025-01-22T10:37:32","date_gmt":"2025-01-22T09:37:32","guid":{"rendered":"https:\/\/www.eurosandow.com\/contactez-nous\/"},"modified":"2025-01-24T08:56:17","modified_gmt":"2025-01-24T07:56:17","slug":"kontakt","status":"publish","type":"page","link":"https:\/\/www.eurosandow.com\/de\/kontakt\/","title":{"rendered":"Kontaktieren Sie uns"},"content":{"rendered":"\n<div style=\"height:75px\" aria-hidden=\"true\" class=\"wp-block-spacer\"><\/div>\n\n\n\n<h2 class=\"wp-block-heading has-text-align-center has-orange-color has-text-color has-link-color wp-elements-b0f551e7ca005d8a0e18aa7e9aeb2cea\"><strong>Wir h\u00f6ren Ihnen zu!<\/strong><\/h2>\n\n\n\n<p class=\"has-text-align-center\">Egal, ob Sie Fragen zu unseren Produkten haben, ein bestimmtes Projekt entwickeln m\u00f6chten oder mehr \u00fcber unser Know-how erfahren m\u00f6chten, unser Team steht Ihnen zur Seite.<\/p>\n\n\n\n<div class=\"_form_6\"><\/div><script src=\"https:\/\/eurosandow28616.activehosted.com\/f\/embed.php?id=6\" charset=\"utf-8\"><\/script>\n\n\n\n<div style=\"height:61px\" aria-hidden=\"true\" class=\"wp-block-spacer\"><\/div>\n\n\n<div class=\"cards-block limit-width\"  data-aos=\"fade-down\" data-aos-duration=\"1500\">\n    <div class=\"icon-text-list\">\n                    <div class=\"icon-list\">\n                                    <div class=\"link-container\">\n                                <div class=\"img-container\"><img decoding=\"async\" src=\"https:\/\/www.eurosandow.com\/app\/uploads\/2025\/01\/Design-sans-titre-2025-01-08T105210.224.png\" class=\"logo\" alt=\"\" title=\"\" loading=\"lazy\"\/><\/div>\n                <div class=\"text-container\">\n                    <p class=\"title\">Zu uns kommen<\/p>                    <p class=\"subtitle\">Eurosandow France<br \/>\r\n5 rue Edouard Martel<br \/>\r\nZI de la CHAUVETIERE BP 143<br \/>\r\n42012 SAINT-ETIENNE cedex 2<br \/>\r\nFRANCE<br \/>\r\n<br \/>\r\n&#8212;&#8212;&#8212;&#8212;&#8212;&#8212;&#8212;&#8212;&#8212;&#8212;&#8212;-<br \/>\r\n<br \/>\r\nEurosandow Roumanie<br \/>\r\nStr. Sulfinei 78<br \/>\r\nM\u0103gurele 077125<br \/>\r\nROUMANIE<\/p>                <\/div>\n                                    <\/div>\n                            <\/div>\n                    <div class=\"icon-list\">\n                                    <div class=\"link-container\">\n                                <div class=\"img-container\"><img decoding=\"async\" src=\"https:\/\/www.eurosandow.com\/app\/uploads\/2025\/01\/Design-sans-titre-2025-01-08T105610.118.png\" class=\"logo\" alt=\"\" title=\"\" loading=\"lazy\"\/><\/div>\n                <div class=\"text-container\">\n                    <p class=\"title\">Per Telefon<\/p>                    <p class=\"subtitle\">Eurosandow France<br \/>\r\n+ 33 (0) 4 77 81 42 00<br \/>\r\n<br \/>\r\n&#8212;&#8212;&#8212;&#8212;&#8212;&#8212;&#8212;&#8212;&#8211;<br \/>\r\n<br \/>\r\nEurosandow Roumanie<br \/>\r\n+40 21 433 0663<\/p>                <\/div>\n                                    <\/div>\n                            <\/div>\n                    <div class=\"icon-list\">\n                                    <div class=\"link-container\">\n                                <div class=\"img-container\"><img decoding=\"async\" src=\"https:\/\/www.eurosandow.com\/app\/uploads\/2025\/01\/Design-sans-titre-2025-01-08T110001.714.png\" class=\"logo\" alt=\"\" title=\"\" loading=\"lazy\"\/><\/div>\n                <div class=\"text-container\">\n                    <p class=\"title\">Per Mail<\/p>                    <p class=\"subtitle\">commercial@eurosandow.com<\/p>                <\/div>\n                                    <\/div>\n                            <\/div>\n            <\/div>\n<\/div>","protected":false},"excerpt":{"rendered":"<p>Wir h\u00f6ren Ihnen zu! Egal, ob Sie Fragen zu unseren Produkten haben, ein bestimmtes Projekt entwickeln m\u00f6chten oder mehr \u00fcber unser Know-how erfahren m\u00f6chten, unser Team steht Ihnen zur Seite.<\/p>\n","protected":false},"author":1,"featured_media":0,"parent":0,"menu_order":0,"comment_status":"closed","ping_status":"closed","template":"","meta":{"_acf_changed":false,"footnotes":""},"class_list":["post-2763","page","type-page","status-publish","hentry"],"acf":[],"yoast_head":"<!-- This site is optimized with the Yoast SEO plugin v27.3 - https:\/\/yoast.com\/product\/yoast-seo-wordpress\/ -->\n<title>Kontaktieren Sie uns - Eurosandow<\/title>\n<meta name=\"description\" content=\"F\u00fcr weitere Informationen \u00fcber unsere Produkte wenden Sie sich bitte an unsere Teams.\" \/>\n<meta name=\"robots\" content=\"index, follow, max-snippet:-1, max-image-preview:large, max-video-preview:-1\" \/>\n<link rel=\"canonical\" href=\"https:\/\/www.eurosandow.com\/de\/kontakt\/\" \/>\n<meta property=\"og:locale\" content=\"de_DE\" \/>\n<meta property=\"og:type\" content=\"article\" \/>\n<meta property=\"og:title\" content=\"Kontaktieren Sie uns - Eurosandow\" \/>\n<meta property=\"og:description\" content=\"F\u00fcr weitere Informationen \u00fcber unsere Produkte wenden Sie sich bitte an unsere Teams.\" \/>\n<meta property=\"og:url\" content=\"https:\/\/www.eurosandow.com\/de\/kontakt\/\" \/>\n<meta property=\"og:site_name\" content=\"Eurosandow\" \/>\n<meta property=\"article:modified_time\" content=\"2025-01-24T07:56:17+00:00\" \/>\n<meta name=\"twitter:card\" content=\"summary_large_image\" \/>\n<meta name=\"twitter:label1\" content=\"Est. reading time\" \/>\n\t<meta name=\"twitter:data1\" content=\"1 minute\" \/>\n<script type=\"application\/ld+json\" class=\"yoast-schema-graph\">{\"@context\":\"https:\\\/\\\/schema.org\",\"@graph\":[{\"@type\":\"WebPage\",\"@id\":\"https:\\\/\\\/www.eurosandow.com\\\/de\\\/kontakt\\\/\",\"url\":\"https:\\\/\\\/www.eurosandow.com\\\/de\\\/kontakt\\\/\",\"name\":\"Kontaktieren Sie uns - Eurosandow\",\"isPartOf\":{\"@id\":\"https:\\\/\\\/www.eurosandow.com\\\/de\\\/#website\"},\"datePublished\":\"2025-01-22T09:37:32+00:00\",\"dateModified\":\"2025-01-24T07:56:17+00:00\",\"description\":\"F\u00fcr weitere Informationen \u00fcber unsere Produkte wenden Sie sich bitte an unsere Teams.\",\"breadcrumb\":{\"@id\":\"https:\\\/\\\/www.eurosandow.com\\\/de\\\/kontakt\\\/#breadcrumb\"},\"inLanguage\":\"de-DE\",\"potentialAction\":[{\"@type\":\"ReadAction\",\"target\":[\"https:\\\/\\\/www.eurosandow.com\\\/de\\\/kontakt\\\/\"]}]},{\"@type\":\"BreadcrumbList\",\"@id\":\"https:\\\/\\\/www.eurosandow.com\\\/de\\\/kontakt\\\/#breadcrumb\",\"itemListElement\":[{\"@type\":\"ListItem\",\"position\":1,\"name\":\"Accueil\",\"item\":\"https:\\\/\\\/www.eurosandow.com\\\/de\\\/\"},{\"@type\":\"ListItem\",\"position\":2,\"name\":\"Kontaktieren Sie uns\"}]},{\"@type\":\"WebSite\",\"@id\":\"https:\\\/\\\/www.eurosandow.com\\\/de\\\/#website\",\"url\":\"https:\\\/\\\/www.eurosandow.com\\\/de\\\/\",\"name\":\"Eurosandow\",\"description\":\"Tendeurs, sangles et filets\",\"publisher\":{\"@id\":\"https:\\\/\\\/www.eurosandow.com\\\/de\\\/#organization\"},\"potentialAction\":[{\"@type\":\"SearchAction\",\"target\":{\"@type\":\"EntryPoint\",\"urlTemplate\":\"https:\\\/\\\/www.eurosandow.com\\\/de\\\/?s={search_term_string}\"},\"query-input\":{\"@type\":\"PropertyValueSpecification\",\"valueRequired\":true,\"valueName\":\"search_term_string\"}}],\"inLanguage\":\"de-DE\"},{\"@type\":\"Organization\",\"@id\":\"https:\\\/\\\/www.eurosandow.com\\\/de\\\/#organization\",\"name\":\"Eurosandow\",\"url\":\"https:\\\/\\\/www.eurosandow.com\\\/de\\\/\",\"logo\":{\"@type\":\"ImageObject\",\"inLanguage\":\"de-DE\",\"@id\":\"https:\\\/\\\/www.eurosandow.com\\\/de\\\/#\\\/schema\\\/logo\\\/image\\\/\",\"url\":\"https:\\\/\\\/www.eurosandow.com\\\/app\\\/uploads\\\/2024\\\/08\\\/eurosandow.svg\",\"contentUrl\":\"https:\\\/\\\/www.eurosandow.com\\\/app\\\/uploads\\\/2024\\\/08\\\/eurosandow.svg\",\"caption\":\"Eurosandow\"},\"image\":{\"@id\":\"https:\\\/\\\/www.eurosandow.com\\\/de\\\/#\\\/schema\\\/logo\\\/image\\\/\"}}]}<\/script>\n<!-- \/ Yoast SEO plugin. -->","yoast_head_json":{"title":"Kontaktieren Sie uns - Eurosandow","description":"F\u00fcr weitere Informationen \u00fcber unsere Produkte wenden Sie sich bitte an unsere Teams.","robots":{"index":"index","follow":"follow","max-snippet":"max-snippet:-1","max-image-preview":"max-image-preview:large","max-video-preview":"max-video-preview:-1"},"canonical":"https:\/\/www.eurosandow.com\/de\/kontakt\/","og_locale":"de_DE","og_type":"article","og_title":"Kontaktieren Sie uns - Eurosandow","og_description":"F\u00fcr weitere Informationen \u00fcber unsere Produkte wenden Sie sich bitte an unsere Teams.","og_url":"https:\/\/www.eurosandow.com\/de\/kontakt\/","og_site_name":"Eurosandow","article_modified_time":"2025-01-24T07:56:17+00:00","twitter_card":"summary_large_image","twitter_misc":{"Est. reading time":"1 minute"},"schema":{"@context":"https:\/\/schema.org","@graph":[{"@type":"WebPage","@id":"https:\/\/www.eurosandow.com\/de\/kontakt\/","url":"https:\/\/www.eurosandow.com\/de\/kontakt\/","name":"Kontaktieren Sie uns - Eurosandow","isPartOf":{"@id":"https:\/\/www.eurosandow.com\/de\/#website"},"datePublished":"2025-01-22T09:37:32+00:00","dateModified":"2025-01-24T07:56:17+00:00","description":"F\u00fcr weitere Informationen \u00fcber unsere Produkte wenden Sie sich bitte an unsere Teams.","breadcrumb":{"@id":"https:\/\/www.eurosandow.com\/de\/kontakt\/#breadcrumb"},"inLanguage":"de-DE","potentialAction":[{"@type":"ReadAction","target":["https:\/\/www.eurosandow.com\/de\/kontakt\/"]}]},{"@type":"BreadcrumbList","@id":"https:\/\/www.eurosandow.com\/de\/kontakt\/#breadcrumb","itemListElement":[{"@type":"ListItem","position":1,"name":"Accueil","item":"https:\/\/www.eurosandow.com\/de\/"},{"@type":"ListItem","position":2,"name":"Kontaktieren Sie uns"}]},{"@type":"WebSite","@id":"https:\/\/www.eurosandow.com\/de\/#website","url":"https:\/\/www.eurosandow.com\/de\/","name":"Eurosandow","description":"Tendeurs, sangles et filets","publisher":{"@id":"https:\/\/www.eurosandow.com\/de\/#organization"},"potentialAction":[{"@type":"SearchAction","target":{"@type":"EntryPoint","urlTemplate":"https:\/\/www.eurosandow.com\/de\/?s={search_term_string}"},"query-input":{"@type":"PropertyValueSpecification","valueRequired":true,"valueName":"search_term_string"}}],"inLanguage":"de-DE"},{"@type":"Organization","@id":"https:\/\/www.eurosandow.com\/de\/#organization","name":"Eurosandow","url":"https:\/\/www.eurosandow.com\/de\/","logo":{"@type":"ImageObject","inLanguage":"de-DE","@id":"https:\/\/www.eurosandow.com\/de\/#\/schema\/logo\/image\/","url":"https:\/\/www.eurosandow.com\/app\/uploads\/2024\/08\/eurosandow.svg","contentUrl":"https:\/\/www.eurosandow.com\/app\/uploads\/2024\/08\/eurosandow.svg","caption":"Eurosandow"},"image":{"@id":"https:\/\/www.eurosandow.com\/de\/#\/schema\/logo\/image\/"}}]}},"_links":{"self":[{"href":"https:\/\/www.eurosandow.com\/de\/wp-json\/wp\/v2\/pages\/2763","targetHints":{"allow":["GET"]}}],"collection":[{"href":"https:\/\/www.eurosandow.com\/de\/wp-json\/wp\/v2\/pages"}],"about":[{"href":"https:\/\/www.eurosandow.com\/de\/wp-json\/wp\/v2\/types\/page"}],"author":[{"embeddable":true,"href":"https:\/\/www.eurosandow.com\/de\/wp-json\/wp\/v2\/users\/1"}],"replies":[{"embeddable":true,"href":"https:\/\/www.eurosandow.com\/de\/wp-json\/wp\/v2\/comments?post=2763"}],"version-history":[{"count":2,"href":"https:\/\/www.eurosandow.com\/de\/wp-json\/wp\/v2\/pages\/2763\/revisions"}],"predecessor-version":[{"id":2767,"href":"https:\/\/www.eurosandow.com\/de\/wp-json\/wp\/v2\/pages\/2763\/revisions\/2767"}],"wp:attachment":[{"href":"https:\/\/www.eurosandow.com\/de\/wp-json\/wp\/v2\/media?parent=2763"}],"curies":[{"name":"wp","href":"https:\/\/api.w.org\/{rel}","templated":true}]}}