{"id":2768,"date":"2025-01-22T11:38:50","date_gmt":"2025-01-22T10:38:50","guid":{"rendered":"https:\/\/www.eurosandow.com\/herstellung-von-gummiseilen-spannern\/"},"modified":"2025-07-09T15:11:53","modified_gmt":"2025-07-09T13:11:53","slug":"herstellung-von-gummiseilen-spannern","status":"publish","type":"page","link":"https:\/\/www.eurosandow.com\/de\/herstellung-von-gummiseilen-spannern\/","title":{"rendered":"Herstellung von Gummiseilen \/ Spannern"},"content":{"rendered":"\n<div class=\"wp-block-columns has-1-columns is-layout-flex wp-container-core-columns-is-layout-9d6595d7 wp-block-columns has-1-columns-is-layout-flex\">\n<div class=\"wp-block-column is-layout-flow wp-block-column-is-layout-flow\">\n<p><\/p>\n<\/div>\n<\/div>\n\n\n\n<div class=\"wp-block-columns has-2-columns is-layout-flex wp-container-core-columns-is-layout-9d6595d7 wp-block-columns has-2-columns-is-layout-flex\">\n<div class=\"wp-block-column is-layout-flow wp-block-column-is-layout-flow\">\n<figure class=\"wp-block-image size-full is-resized\"><img decoding=\"async\" width=\"600\" height=\"540\" src=\"https:\/\/www.eurosandow.com\/app\/uploads\/2024\/12\/Design-sans-titre-2024-12-04T115250.733.png\" alt=\"\" class=\"wp-image-1814\" style=\"width:796px;height:auto\" srcset=\"https:\/\/www.eurosandow.com\/app\/uploads\/2024\/12\/Design-sans-titre-2024-12-04T115250.733.png 600w, https:\/\/www.eurosandow.com\/app\/uploads\/2024\/12\/Design-sans-titre-2024-12-04T115250.733-300x270.png 300w\" sizes=\"(max-width: 600px) 100vw, 600px\" \/><\/figure>\n<\/div>\n\n\n\n<div class=\"wp-block-column is-layout-flow wp-block-column-is-layout-flow\">\n<h2 class=\"wp-block-heading\"><mark style=\"background-color:rgba(0, 0, 0, 0)\" class=\"has-inline-color has-orange-color\"><strong>Gummiseilen \/ Spannern<\/strong> : die Eurosandow-Expertise<\/mark><\/h2>\n\n\n\n<p>Das Gummiseil, auch Spanner genannt, ist ein elastisches Seil, das oft aus einem Gummikern und einer Textilh\u00fclle mit verschiedenen Auswahlm\u00f6glichkeiten f\u00fcr die Endst\u00fccke (Haken, Kippende&#8230;) besteht.<\/p>\n\n\n\n<p>Das Gummiseil erf\u00fcllt verschiedene mechanische Eigenschaften (Kraft, Dehnung, Festigkeit usw.) und kann daher f\u00fcr eine Vielzahl von Anwendungen eingesetzt werden. <\/p>\n\n\n\n<p>Seit seiner Gr\u00fcndung hat Eurosandow die Kunst der Gummiseilherstellung perfektioniert, um einer Reihe von Anwendungen gerecht zu werden.<\/p>\n\n\n\n<p>Heute ist unsere Werkstatt mit 150 Flechtmaschinen ausgestattet, die im Dauerbetrieb laufen, um insbesondere unsere Gummiseilreihen zu produzieren.<\/p>\n\n\n\n<p>Das Flechten ist die am h\u00e4ufigsten verwendete Technik zur Herstellung von Gummiseilen. Ein Kern (Naturlatex, synthetischer Kautschuk, Elasthan, Graphit&#8230;) wird durch eine pr\u00e4zise Drehung von Garnspulen mit einem Textil ummantelt. <\/p>\n\n\n\n<p>Mit dieser Technik lassen sich Gummib\u00e4nder in verschiedenen Gr\u00f6\u00dfen, Farben und Mustern herstellen (Zebramuster, Jacquardmuster, abgerundete Muster &#8230; mit Farbmarkierungen, Quadraten, durchgehenden Linien, Wellen usw.). <\/p>\n\n\n\n<p><\/p>\n\n\n\n<p><\/p>\n\n\n\n<p><\/p>\n<\/div>\n<\/div>\n\n\n\n<div style=\"height:58px\" aria-hidden=\"true\" class=\"wp-block-spacer\"><\/div>\n\n\n\n<div class=\"wp-block-columns has-2-columns is-layout-flex wp-container-core-columns-is-layout-9d6595d7 wp-block-columns has-2-columns-is-layout-flex\">\n<div class=\"wp-block-column is-layout-flow wp-block-column-is-layout-flow\">\n<h2 class=\"wp-block-heading\"><mark style=\"background-color:rgba(0, 0, 0, 0)\" class=\"has-inline-color has-orange-color\">Ein kontrollierter Herstellungsprozess<\/mark><\/h2>\n\n\n\n<p>Unsere Sandows werden in unserer Werkstatt in Saint-Etienne aus hochwertigen Materialien wie Naturlatex und robusten Kunstfasern hergestellt. <\/p>\n\n\n\n<p>Diese Materialien werden sorgf\u00e4ltig ausgew\u00e4hlt, um je nach Anwendung des Produkts eine optimale Haltbarkeit und Leistung zu gew\u00e4hrleisten. <\/p>\n\n\n\n<p>Wir stellen eine gro\u00dfe Auswahl an Gummiseilen oder Spannern in vielen Farben und nach folgenden Merkmalen her:<\/p>\n\n\n\n<ul class=\"wp-block-list\">\n<li><strong>Durchmesser<\/strong>: von 1,5 bis 40 mm<\/li>\n\n\n\n<li><strong>Abdeckung<\/strong>: Polyethylen, Polypropylen, Polyester, Baumwolle, Polyamid, Kevlar, Aramid, Glasfaser, Kupfer, Technora&#8230;<\/li>\n\n\n\n<li><strong>Kern<\/strong>: Naturlatex, Fulflex, Elastan, Elastomer EPDM &#8230;<\/li>\n\n\n\n<li><strong>Enden<\/strong>: jegliche Arten von Haken, mit Umspritzung, Einfassung oder Zubeh\u00f6r &#8230;<\/li>\n<\/ul>\n\n\n\n<p>Die technischen Merkmale werden entsprechend der endg\u00fcltigen Verwendung des Produkts festgelegt. <\/p>\n\n\n\n<p>Anschlie\u00dfend w\u00e4hlen wir die f\u00fcr die Herstellung des Produkts am besten geeignete Flechtmaschine aus (Anzahl der Spindeln). <\/p>\n\n\n\n<p>Unsere erfahrenen Teams f\u00fchren die Spularbeiten durch. Die Schussf\u00e4den werden auf die Spulen gewickelt. <\/p>\n\n\n\n<p> Die Textilspulen und der Gummi, der den Kern des Gummiseils bildet, werden sp\u00e4ter auf der Flechtmaschine angebracht.<\/p>\n\n\n\n<p>Die Austrittsgeschwindigkeit des Kabels und die Spannung des Gummis werden dann so eingestellt, dass sie die bei der Entwicklung des Gummiseils festgelegten Eigenschaften des Gummiseils einhalten.<\/p>\n\n\n\n<p>Das Produkt wird auf St\u00e4rke und Dehnbarkeit gepr\u00fcft, um die \u00dcbereinstimmung mit der bereitgestellten Spezifikation zu gew\u00e4hrleisten. <\/p>\n<\/div>\n\n\n\n<div class=\"wp-block-column is-layout-flow wp-block-column-is-layout-flow\">\n<figure class=\"wp-block-image size-full is-resized\"><img decoding=\"async\" width=\"600\" height=\"745\" src=\"https:\/\/www.eurosandow.com\/app\/uploads\/2024\/12\/Design-sans-titre-2024-12-04T122330.555.png\" alt=\"\" class=\"wp-image-1852\" style=\"width:720px;height:auto\" srcset=\"https:\/\/www.eurosandow.com\/app\/uploads\/2024\/12\/Design-sans-titre-2024-12-04T122330.555.png 600w, https:\/\/www.eurosandow.com\/app\/uploads\/2024\/12\/Design-sans-titre-2024-12-04T122330.555-242x300.png 242w\" sizes=\"(max-width: 600px) 100vw, 600px\" \/><\/figure>\n<\/div>\n<\/div>\n\n\n\n<div style=\"height:66px\" aria-hidden=\"true\" class=\"wp-block-spacer\"><\/div>\n\n\n\n<div class=\"wp-block-columns has-1-columns is-layout-flex wp-container-core-columns-is-layout-9d6595d7 wp-block-columns has-1-columns-is-layout-flex\">\n<div class=\"wp-block-column is-layout-flow wp-block-column-is-layout-flow\">\n<h2 class=\"wp-block-heading has-text-align-center\"><mark style=\"background-color:rgba(0, 0, 0, 0)\" class=\"has-inline-color has-orange-color\">Das Gummiseil: ein vielseitiges Produkt<\/mark><\/h2>\n\n\n\n<p class=\"has-text-align-center\"><strong>Das Eurosandow ist ein vielseitiges Produkt, das in einer Vielzahl von industriellen Anwendungen zum Einsatz kommt. <\/strong><\/p>\n\n\n\n<p class=\"has-text-align-center\"><strong>Seine einzigartige Kombination aus Elastizit\u00e4t und Festigkeit macht es zu einer idealen Wahl f\u00fcr viele Zwecke.<\/strong><\/p>\n\n\n<div class=\"cards-block limit-width\"  data-aos=\"fade-down\" data-aos-duration=\"1500\">\n    <div class=\"icon-text-list\">\n                    <div class=\"icon-list\">\n                                    <a class=\"link-container link\" target=\"\" href=\"#\">\n                                <div class=\"img-container\"><img decoding=\"async\" src=\"https:\/\/www.eurosandow.com\/app\/uploads\/2024\/12\/Pisciniste-et-Bachiste.svg\" class=\"logo\" alt=\"\" title=\"\" loading=\"lazy\"\/><\/div>\n                <div class=\"text-container\">\n                    <p class=\"title\">Bachistische Piscinisten<\/p>                    <p class=\"subtitle\">Wir stellen Sandows her, die speziell auf die Bed\u00fcrfnisse von Schwimmbadbetreibern zugeschnitten sind. Unsere technischen Sandows sind der Befestigung von Schwimmbadabdeckungen gewidmet.<\/p>                <\/div>\n                                    <\/a>\n                            <\/div>\n                    <div class=\"icon-list\">\n                                    <a class=\"link-container link\" target=\"\" href=\"#\">\n                                <div class=\"img-container\"><img decoding=\"async\" src=\"https:\/\/www.eurosandow.com\/app\/uploads\/2024\/12\/PLV-Emballage.svg\" class=\"logo\" alt=\"\" title=\"\" loading=\"lazy\"\/><\/div>\n                <div class=\"text-container\">\n                    <p class=\"title\">Verpackungen und Packaging<\/p>                    <p class=\"subtitle\">Wir stellen Bungee-Seile und Spanner f\u00fcr die Verpackungsindustrie und den Einzelhandel her. Die Spanner k\u00f6nnen zum Befestigen und Sichern von Produkten und Verpackungen verwendet werden.<\/p>                <\/div>\n                                    <\/a>\n                            <\/div>\n                    <div class=\"icon-list\">\n                                    <a class=\"link-container link\" target=\"\" href=\"#\">\n                                <div class=\"img-container\"><img decoding=\"async\" src=\"https:\/\/www.eurosandow.com\/app\/uploads\/2024\/12\/Sport-et-Loisirs.svg\" class=\"logo\" alt=\"\" title=\"\" loading=\"lazy\"\/><\/div>\n                <div class=\"text-container\">\n                    <p class=\"title\">Sport und Freizeit <\/p>                    <p class=\"subtitle\">Klassische Fahrrad- und Motorradspanner, die auf Gep\u00e4cktr\u00e4gern angebracht werden, werden als Zubeh\u00f6r im Handel vertrieben.<br \/>\r\n<br \/>\r\nWir stellen auch Bungeeseile f\u00fcr den Campingbereich her, um Zelte und Decken zu befestigen oder Planen zu spannen. <br \/>\r\n<br \/>\r\nUnsere elastischen Sandows sind in vielen Freizeitausr\u00fcstungen zu finden:<br \/>\r\n<br \/>\r\n&#8211; Sandow f\u00fcr Harpunen<br \/>\r\n<br \/>\r\n&#8211; Sandow f\u00fcr Jagdgewehre und Unterwasserarmbr\u00fcste<br \/>\r\n<br \/>\r\n&#8211; Sandow f\u00fcr Akrobaten<\/p>                <\/div>\n                                    <\/a>\n                            <\/div>\n            <\/div>\n<\/div><\/div>\n<\/div>\n\n\n\n<div class=\"wp-block-columns has-1-columns is-layout-flex wp-container-core-columns-is-layout-9d6595d7 wp-block-columns has-1-columns-is-layout-flex\">\n<div class=\"wp-block-column is-layout-flow wp-block-column-is-layout-flow\">\n<div style=\"height:65px\" aria-hidden=\"true\" class=\"wp-block-spacer\"><\/div>\n\n\n\n<h2 class=\"wp-block-heading\"><strong><mark style=\"background-color:rgba(0, 0, 0, 0)\" class=\"has-inline-color has-orange-color\">Garantierte Qualit\u00e4t<\/mark><\/strong><\/h2>\n\n\n\n<p>Unsere Produkte werden getestet und zertifiziert, um den Standards der anspruchsvollsten Branchen wie der Automobil-, Luftfahrt-, Eisenbahn- oder Verteidigungsindustrie zu entsprechen. <\/p>\n\n\n\n<p>Sofern keine besonderen Merkmale vorliegen, sollten unsere Produkte nicht \u00fcber 75% elastische Dehnung hinaus verwendet werden. Die Verwendung unserer Produkte sollte dem gesunden Menschenverstand folgen, ohne unn\u00f6tige Risiken einzugehen. Unsere Produkte sollten nicht mehr verwendet werden, wenn Abnutzungserscheinungen sichtbar sind.  <\/p>\n\n\n\n<p>Eurosandow lehnt jede Verantwortung f\u00fcr spezifische Montagen ab, die unsere Produkte einschlie\u00dfen.<\/p>\n\n\n\n<p>Unsere Produkte werden getestet und zertifiziert, um den Standards der anspruchsvollsten Branchen wie der Automobil-, Luftfahrt-, Eisenbahn- oder Verteidigungsindustrie zu entsprechen. <\/p>\n\n\n\n<p>Sofern keine besonderen Merkmale vorliegen, sollten unsere Produkte nicht \u00fcber 75% elastische Dehnung hinaus verwendet werden. Die Verwendung unserer Produkte sollte dem gesunden Menschenverstand folgen, ohne unn\u00f6tige Risiken einzugehen. Unsere Produkte sollten nicht mehr verwendet werden, wenn Abnutzungserscheinungen sichtbar sind.  <\/p>\n\n\n\n<p>Eurosandow lehnt jede Verantwortung f\u00fcr spezifische Montagen ab, die unsere Produkte einschlie\u00dfen.<\/p>\n<\/div>\n<\/div>\n\n\n\n<div style=\"height:65px\" aria-hidden=\"true\" class=\"wp-block-spacer\"><\/div>\n\n\n<div class=\"banner-cta small-width\" data-aos=\"fade-up\" data-aos-duration=\"1500\">\n    <div class=\"inner-banner\">\n        <div class=\"text-container\">\n            <span classs=\"uptitle\">Entdecken Sie unseren Katalog<\/span>            <h2 classs=\"title\">Sehen Sie sich unseren Katalog an<\/h2>            <div class=\"buttons-container\">\n                                    <a class=\"wp-block-button__link has-white-color has-text-color has-link-color wp-element-button\" target=\"\" href=\"https:\/\/www.eurosandow.com\/de\/laden-sie-unseren-katalog-herunter\/\">Katalog ansehen<\/a>\n                            <\/div>\n        <\/div>\n        <picture>\n            <source srcset=\"https:\/\/www.eurosandow.com\/app\/uploads\/2024\/07\/croix-1024x792.png\" media=\"(max-width: 1024px)\" \/>\n            <img decoding=\"async\" src=\"https:\/\/www.eurosandow.com\/app\/uploads\/2024\/07\/croix.png\" alt=\"\" title=\"\" loading=\"lazy\"\/>\n        <\/picture>\n    <\/div>\n<\/div>\n\n\n<p><\/p>\n","protected":false},"excerpt":{"rendered":"<p>Gummiseilen \/ Spannern : die Eurosandow-Expertise Das Gummiseil, auch Spanner genannt, ist ein elastisches Seil, das oft aus einem Gummikern und einer Textilh\u00fclle mit verschiedenen Auswahlm\u00f6glichkeiten f\u00fcr die Endst\u00fccke (Haken, Kippende&#8230;) besteht. Das Gummiseil erf\u00fcllt verschiedene mechanische Eigenschaften (Kraft, Dehnung, Festigkeit usw.) und kann daher f\u00fcr eine Vielzahl von Anwendungen eingesetzt werden. Seit seiner Gr\u00fcndung [&hellip;]<\/p>\n","protected":false},"author":2,"featured_media":1859,"parent":0,"menu_order":0,"comment_status":"closed","ping_status":"closed","template":"template-product.php","meta":{"_acf_changed":false,"footnotes":""},"class_list":["post-2768","page","type-page","status-publish","has-post-thumbnail","hentry"],"acf":[],"yoast_head":"<!-- This site is optimized with the Yoast SEO plugin v27.1.1 - https:\/\/yoast.com\/product\/yoast-seo-wordpress\/ -->\n<title>Herstellung von Gummiseilen \/ Spannern - Eurosandow<\/title>\n<meta name=\"description\" content=\"Seit seiner Gr\u00fcndung hat Eurosandow die Kunst der Gummiseilherstellung perfektioniert, um einer Reihe von Anwendungen gerecht zu werden.\" \/>\n<meta name=\"robots\" content=\"index, follow, max-snippet:-1, max-image-preview:large, max-video-preview:-1\" \/>\n<link rel=\"canonical\" href=\"https:\/\/www.eurosandow.com\/de\/herstellung-von-gummiseilen-spannern\/\" \/>\n<meta property=\"og:locale\" content=\"de_DE\" \/>\n<meta property=\"og:type\" content=\"article\" \/>\n<meta property=\"og:title\" content=\"Herstellung von Gummiseilen \/ Spannern - Eurosandow\" \/>\n<meta property=\"og:description\" content=\"Seit seiner Gr\u00fcndung hat Eurosandow die Kunst der Gummiseilherstellung perfektioniert, um einer Reihe von Anwendungen gerecht zu werden.\" \/>\n<meta property=\"og:url\" content=\"https:\/\/www.eurosandow.com\/de\/herstellung-von-gummiseilen-spannern\/\" \/>\n<meta property=\"og:site_name\" content=\"Eurosandow\" \/>\n<meta property=\"article:modified_time\" content=\"2025-07-09T13:11:53+00:00\" \/>\n<meta property=\"og:image\" content=\"https:\/\/www.eurosandow.com\/app\/uploads\/2024\/12\/Image-mise-en-avant-produit.png\" \/>\n\t<meta property=\"og:image:width\" content=\"570\" \/>\n\t<meta property=\"og:image:height\" content=\"570\" \/>\n\t<meta property=\"og:image:type\" content=\"image\/png\" \/>\n<meta name=\"twitter:card\" content=\"summary_large_image\" \/>\n<meta name=\"twitter:label1\" content=\"Est. reading time\" \/>\n\t<meta name=\"twitter:data1\" content=\"4 minutes\" \/>\n<script type=\"application\/ld+json\" class=\"yoast-schema-graph\">{\"@context\":\"https:\/\/schema.org\",\"@graph\":[{\"@type\":\"WebPage\",\"@id\":\"https:\/\/www.eurosandow.com\/de\/herstellung-von-gummiseilen-spannern\/\",\"url\":\"https:\/\/www.eurosandow.com\/de\/herstellung-von-gummiseilen-spannern\/\",\"name\":\"Herstellung von Gummiseilen \/ Spannern - Eurosandow\",\"isPartOf\":{\"@id\":\"https:\/\/www.eurosandow.com\/de\/#website\"},\"primaryImageOfPage\":{\"@id\":\"https:\/\/www.eurosandow.com\/de\/herstellung-von-gummiseilen-spannern\/#primaryimage\"},\"image\":{\"@id\":\"https:\/\/www.eurosandow.com\/de\/herstellung-von-gummiseilen-spannern\/#primaryimage\"},\"thumbnailUrl\":\"https:\/\/www.eurosandow.com\/app\/uploads\/2024\/12\/Image-mise-en-avant-produit.png\",\"datePublished\":\"2025-01-22T10:38:50+00:00\",\"dateModified\":\"2025-07-09T13:11:53+00:00\",\"description\":\"Seit seiner Gr\u00fcndung hat Eurosandow die Kunst der Gummiseilherstellung perfektioniert, um einer Reihe von Anwendungen gerecht zu werden.\",\"breadcrumb\":{\"@id\":\"https:\/\/www.eurosandow.com\/de\/herstellung-von-gummiseilen-spannern\/#breadcrumb\"},\"inLanguage\":\"de-DE\",\"potentialAction\":[{\"@type\":\"ReadAction\",\"target\":[\"https:\/\/www.eurosandow.com\/de\/herstellung-von-gummiseilen-spannern\/\"]}]},{\"@type\":\"ImageObject\",\"inLanguage\":\"de-DE\",\"@id\":\"https:\/\/www.eurosandow.com\/de\/herstellung-von-gummiseilen-spannern\/#primaryimage\",\"url\":\"https:\/\/www.eurosandow.com\/app\/uploads\/2024\/12\/Image-mise-en-avant-produit.png\",\"contentUrl\":\"https:\/\/www.eurosandow.com\/app\/uploads\/2024\/12\/Image-mise-en-avant-produit.png\",\"width\":570,\"height\":570},{\"@type\":\"BreadcrumbList\",\"@id\":\"https:\/\/www.eurosandow.com\/de\/herstellung-von-gummiseilen-spannern\/#breadcrumb\",\"itemListElement\":[{\"@type\":\"ListItem\",\"position\":1,\"name\":\"Accueil\",\"item\":\"https:\/\/www.eurosandow.com\/de\/\"},{\"@type\":\"ListItem\",\"position\":2,\"name\":\"Herstellung von Gummiseilen \/ Spannern\"}]},{\"@type\":\"WebSite\",\"@id\":\"https:\/\/www.eurosandow.com\/de\/#website\",\"url\":\"https:\/\/www.eurosandow.com\/de\/\",\"name\":\"Eurosandow\",\"description\":\"Tendeurs, sangles et filets\",\"publisher\":{\"@id\":\"https:\/\/www.eurosandow.com\/de\/#organization\"},\"potentialAction\":[{\"@type\":\"SearchAction\",\"target\":{\"@type\":\"EntryPoint\",\"urlTemplate\":\"https:\/\/www.eurosandow.com\/de\/?s={search_term_string}\"},\"query-input\":{\"@type\":\"PropertyValueSpecification\",\"valueRequired\":true,\"valueName\":\"search_term_string\"}}],\"inLanguage\":\"de-DE\"},{\"@type\":\"Organization\",\"@id\":\"https:\/\/www.eurosandow.com\/de\/#organization\",\"name\":\"Eurosandow\",\"url\":\"https:\/\/www.eurosandow.com\/de\/\",\"logo\":{\"@type\":\"ImageObject\",\"inLanguage\":\"de-DE\",\"@id\":\"https:\/\/www.eurosandow.com\/de\/#\/schema\/logo\/image\/\",\"url\":\"https:\/\/www.eurosandow.com\/app\/uploads\/2024\/08\/eurosandow.svg\",\"contentUrl\":\"https:\/\/www.eurosandow.com\/app\/uploads\/2024\/08\/eurosandow.svg\",\"caption\":\"Eurosandow\"},\"image\":{\"@id\":\"https:\/\/www.eurosandow.com\/de\/#\/schema\/logo\/image\/\"}}]}<\/script>\n<!-- \/ Yoast SEO plugin. -->","yoast_head_json":{"title":"Herstellung von Gummiseilen \/ Spannern - Eurosandow","description":"Seit seiner Gr\u00fcndung hat Eurosandow die Kunst der Gummiseilherstellung perfektioniert, um einer Reihe von Anwendungen gerecht zu werden.","robots":{"index":"index","follow":"follow","max-snippet":"max-snippet:-1","max-image-preview":"max-image-preview:large","max-video-preview":"max-video-preview:-1"},"canonical":"https:\/\/www.eurosandow.com\/de\/herstellung-von-gummiseilen-spannern\/","og_locale":"de_DE","og_type":"article","og_title":"Herstellung von Gummiseilen \/ Spannern - Eurosandow","og_description":"Seit seiner Gr\u00fcndung hat Eurosandow die Kunst der Gummiseilherstellung perfektioniert, um einer Reihe von Anwendungen gerecht zu werden.","og_url":"https:\/\/www.eurosandow.com\/de\/herstellung-von-gummiseilen-spannern\/","og_site_name":"Eurosandow","article_modified_time":"2025-07-09T13:11:53+00:00","og_image":[{"width":570,"height":570,"url":"https:\/\/www.eurosandow.com\/app\/uploads\/2024\/12\/Image-mise-en-avant-produit.png","type":"image\/png"}],"twitter_card":"summary_large_image","twitter_misc":{"Est. reading time":"4 minutes"},"schema":{"@context":"https:\/\/schema.org","@graph":[{"@type":"WebPage","@id":"https:\/\/www.eurosandow.com\/de\/herstellung-von-gummiseilen-spannern\/","url":"https:\/\/www.eurosandow.com\/de\/herstellung-von-gummiseilen-spannern\/","name":"Herstellung von Gummiseilen \/ Spannern - Eurosandow","isPartOf":{"@id":"https:\/\/www.eurosandow.com\/de\/#website"},"primaryImageOfPage":{"@id":"https:\/\/www.eurosandow.com\/de\/herstellung-von-gummiseilen-spannern\/#primaryimage"},"image":{"@id":"https:\/\/www.eurosandow.com\/de\/herstellung-von-gummiseilen-spannern\/#primaryimage"},"thumbnailUrl":"https:\/\/www.eurosandow.com\/app\/uploads\/2024\/12\/Image-mise-en-avant-produit.png","datePublished":"2025-01-22T10:38:50+00:00","dateModified":"2025-07-09T13:11:53+00:00","description":"Seit seiner Gr\u00fcndung hat Eurosandow die Kunst der Gummiseilherstellung perfektioniert, um einer Reihe von Anwendungen gerecht zu werden.","breadcrumb":{"@id":"https:\/\/www.eurosandow.com\/de\/herstellung-von-gummiseilen-spannern\/#breadcrumb"},"inLanguage":"de-DE","potentialAction":[{"@type":"ReadAction","target":["https:\/\/www.eurosandow.com\/de\/herstellung-von-gummiseilen-spannern\/"]}]},{"@type":"ImageObject","inLanguage":"de-DE","@id":"https:\/\/www.eurosandow.com\/de\/herstellung-von-gummiseilen-spannern\/#primaryimage","url":"https:\/\/www.eurosandow.com\/app\/uploads\/2024\/12\/Image-mise-en-avant-produit.png","contentUrl":"https:\/\/www.eurosandow.com\/app\/uploads\/2024\/12\/Image-mise-en-avant-produit.png","width":570,"height":570},{"@type":"BreadcrumbList","@id":"https:\/\/www.eurosandow.com\/de\/herstellung-von-gummiseilen-spannern\/#breadcrumb","itemListElement":[{"@type":"ListItem","position":1,"name":"Accueil","item":"https:\/\/www.eurosandow.com\/de\/"},{"@type":"ListItem","position":2,"name":"Herstellung von Gummiseilen \/ Spannern"}]},{"@type":"WebSite","@id":"https:\/\/www.eurosandow.com\/de\/#website","url":"https:\/\/www.eurosandow.com\/de\/","name":"Eurosandow","description":"Tendeurs, sangles et filets","publisher":{"@id":"https:\/\/www.eurosandow.com\/de\/#organization"},"potentialAction":[{"@type":"SearchAction","target":{"@type":"EntryPoint","urlTemplate":"https:\/\/www.eurosandow.com\/de\/?s={search_term_string}"},"query-input":{"@type":"PropertyValueSpecification","valueRequired":true,"valueName":"search_term_string"}}],"inLanguage":"de-DE"},{"@type":"Organization","@id":"https:\/\/www.eurosandow.com\/de\/#organization","name":"Eurosandow","url":"https:\/\/www.eurosandow.com\/de\/","logo":{"@type":"ImageObject","inLanguage":"de-DE","@id":"https:\/\/www.eurosandow.com\/de\/#\/schema\/logo\/image\/","url":"https:\/\/www.eurosandow.com\/app\/uploads\/2024\/08\/eurosandow.svg","contentUrl":"https:\/\/www.eurosandow.com\/app\/uploads\/2024\/08\/eurosandow.svg","caption":"Eurosandow"},"image":{"@id":"https:\/\/www.eurosandow.com\/de\/#\/schema\/logo\/image\/"}}]}},"_links":{"self":[{"href":"https:\/\/www.eurosandow.com\/de\/wp-json\/wp\/v2\/pages\/2768","targetHints":{"allow":["GET"]}}],"collection":[{"href":"https:\/\/www.eurosandow.com\/de\/wp-json\/wp\/v2\/pages"}],"about":[{"href":"https:\/\/www.eurosandow.com\/de\/wp-json\/wp\/v2\/types\/page"}],"author":[{"embeddable":true,"href":"https:\/\/www.eurosandow.com\/de\/wp-json\/wp\/v2\/users\/2"}],"replies":[{"embeddable":true,"href":"https:\/\/www.eurosandow.com\/de\/wp-json\/wp\/v2\/comments?post=2768"}],"version-history":[{"count":5,"href":"https:\/\/www.eurosandow.com\/de\/wp-json\/wp\/v2\/pages\/2768\/revisions"}],"predecessor-version":[{"id":3685,"href":"https:\/\/www.eurosandow.com\/de\/wp-json\/wp\/v2\/pages\/2768\/revisions\/3685"}],"wp:featuredmedia":[{"embeddable":true,"href":"https:\/\/www.eurosandow.com\/de\/wp-json\/wp\/v2\/media\/1859"}],"wp:attachment":[{"href":"https:\/\/www.eurosandow.com\/de\/wp-json\/wp\/v2\/media?parent=2768"}],"curies":[{"name":"wp","href":"https:\/\/api.w.org\/{rel}","templated":true}]}}