{"id":2773,"date":"2025-01-22T11:53:50","date_gmt":"2025-01-22T10:53:50","guid":{"rendered":"https:\/\/www.eurosandow.com\/herstellung-von-gurten\/"},"modified":"2025-07-09T15:12:19","modified_gmt":"2025-07-09T13:12:19","slug":"herstellung-von-gurten","status":"publish","type":"page","link":"https:\/\/www.eurosandow.com\/de\/herstellung-von-gurten\/","title":{"rendered":"Herstellung von Gurten"},"content":{"rendered":"\n<div class=\"wp-block-columns has-1-columns is-layout-flex wp-container-core-columns-is-layout-9d6595d7 wp-block-columns has-1-columns-is-layout-flex\">\n<div class=\"wp-block-column is-layout-flow wp-block-column-is-layout-flow\">\n<p><\/p>\n<\/div>\n<\/div>\n\n\n\n<div class=\"wp-block-columns has-2-columns is-layout-flex wp-container-core-columns-is-layout-9d6595d7 wp-block-columns has-2-columns-is-layout-flex\">\n<div class=\"wp-block-column is-layout-flow wp-block-column-is-layout-flow\">\n<figure class=\"wp-block-image size-full is-resized\"><img decoding=\"async\" width=\"570\" height=\"415\" src=\"https:\/\/www.eurosandow.com\/app\/uploads\/2024\/11\/Design-sans-titre-2024-11-27T153205.452.png\" alt=\"\" class=\"wp-image-1675\" style=\"width:620px;height:auto\" srcset=\"https:\/\/www.eurosandow.com\/app\/uploads\/2024\/11\/Design-sans-titre-2024-11-27T153205.452.png 570w, https:\/\/www.eurosandow.com\/app\/uploads\/2024\/11\/Design-sans-titre-2024-11-27T153205.452-300x218.png 300w\" sizes=\"(max-width: 570px) 100vw, 570px\" \/><\/figure>\n<\/div>\n\n\n\n<div class=\"wp-block-column is-layout-flow wp-block-column-is-layout-flow\">\n<h2 class=\"wp-block-heading\"><strong><mark style=\"background-color:rgba(0, 0, 0, 0)\" class=\"has-inline-color has-orange-color\">Gro\u00dfe Auswahl an gewebten, geflochtenen, gestrickten oder Jacquard-Gurten<\/mark><\/strong><\/h2>\n\n\n\n<p>Eurosandow ist auf die Herstellung von hochwertigen Gurten spezialisiert, die f\u00fcr die vielf\u00e4ltigen Anforderungen technischer Branchen entwickelt wurden. <\/p>\n\n\n\n<p>Wir bieten eine breite Palette von Produkten in verschiedenen Farben an, die f\u00fcr unterschiedliche Anwendungen geeignet sind, darunter gewebte, geflochtene, gestrickte und Jacquard-B\u00e4nder und nach den folgenden Merkmalen: <\/p>\n\n\n\n<ul class=\"wp-block-list\">\n<li><strong>Breite<\/strong>: von 4 bis 140 mm<\/li>\n\n\n\n<li><strong>Dicke<\/strong>: von 0,5 bis 5 mm<\/li>\n\n\n\n<li><strong>Struktur<\/strong>: elastisch oder nicht elastisch<\/li>\n\n\n\n<li><strong>Abdeckung<\/strong>: Polyethylen, Polypropylen, Polyester, Baumwolle, Polyamid, Kevlar, Aramid, Glasfaser, Kupfer, Technora&#8230;<\/li>\n\n\n\n<li><strong>Kern<\/strong>: Naturlatex, Fulflex, Elastan &#8230;<\/li>\n\n\n\n<li><strong>Enden<\/strong>: gen\u00e4ht, jegliche Arten von Haken, Zubeh\u00f6r oder M\u00f6glichkeit, die Produkte als Meterware zu kaufen (Rolle, Spule \u2026<\/li>\n<\/ul>\n\n\n\n<p><\/p>\n\n\n\n<p><\/p>\n\n\n\n<p><\/p>\n<\/div>\n<\/div>\n\n\n\n<div class=\"wp-block-columns has-1-columns is-layout-flex wp-container-core-columns-is-layout-9d6595d7 wp-block-columns has-1-columns-is-layout-flex\">\n<div class=\"wp-block-column is-layout-flow wp-block-column-is-layout-flow\">\n<p>Unsere Gurte werden aus robusten Materialien wie Polyester, Polypropylen, Baumwolle, Kevlar und Aramid hergestellt. Diese Materialien sorgen f\u00fcr langlebige und zuverl\u00e4ssige L\u00f6sungen, die sich ideal f\u00fcr eine Vielzahl von Anwendungen eignen. <\/p>\n\n\n\n<p>Wir verwenden hochentwickelte Herstellungsverfahren, einschlie\u00dflich Weben, Flechten und Stricken, um optimale St\u00e4rke und Haltbarkeit zu gew\u00e4hrleisten. <\/p>\n\n\n\n<p>Egal, ob Sie Gurte f\u00fcr die Automobilindustrie, die Luftfahrt, Sportger\u00e4te oder architektonische Strukturen ben\u00f6tigen, unsere Produkte erf\u00fcllen die h\u00f6chsten Anforderungen an Sicherheit und Leistung.<\/p>\n\n\n\n<p>Wir bieten individuelle Optionen in Bezug auf Breite, L\u00e4nge und Verst\u00e4rkungen, um ma\u00dfgeschneiderte Gurte zu erstellen, die perfekt Ihren Spezifikationen entsprechen.<\/p>\n<\/div>\n<\/div>\n\n\n\n<div style=\"height:58px\" aria-hidden=\"true\" class=\"wp-block-spacer\"><\/div>\n\n\n\n<div class=\"wp-block-columns has-2-columns is-layout-flex wp-container-core-columns-is-layout-9d6595d7 wp-block-columns has-2-columns-is-layout-flex\">\n<div class=\"wp-block-column is-layout-flow wp-block-column-is-layout-flow\">\n<h2 class=\"wp-block-heading\"><mark style=\"background-color:rgba(0, 0, 0, 0)\" class=\"has-inline-color has-fuchsia-color\">Gurte, die auf die Anforderungen Ihrer Branche zugeschnitten sind<\/mark><\/h2>\n\n\n\n<p><strong>Unsere Gurte k\u00f6nnen in vielen verschiedenen Anwendungsbereichen eingesetzt werden. <\/strong><\/p>\n\n\n<section class=\"accordion-block content-block \">\n        <script type=\"application\/ld+json\">\n        {\n        \"@context\": \"https:\/\/schema.org\",\n        \"@type\": \"FAQPage\",\n        \"mainEntity\": [\n                        {\n                \"@type\": \"Question\",\n                \"name\": \"Automobil\",\n                \"acceptedAnswer\": {\n                \"@type\": \"Answer\",\n                \"text\":\"<p>Eurosandow ist auf die Herstellung von drei Arten von technischen Gurten f\u00fcr Autositze spezialisiert. Unser Sortiment umfasst insbesondere :<\/p><ul><li>Man\u00f6vriergurte: erleichtern die Modularit\u00e4t der Sitze.<\/li><li>Polstergurte: sorgen f\u00fcr die Stabilit\u00e4t der Sitze.<\/li><li>R\u00f6hrenf\u00f6rmige Gurte: f\u00fcr die R\u00fcckstellung von Sitzbez\u00fcgen.<\/li><\/ul><p>Wir arbeiten eng mit Herstellern und Zulieferern zusammen, um Gurte f\u00fcr die Innenausstattung von Fahrzeugen zu entwickeln. Wir entwickeln z. B. Airbag-R\u00fcckhaltegurte oder R\u00fcckhaltegurte f\u00fcr Heckklappen oder Taschenleerer, Haltegurte und Gurte f\u00fcr Griffe.<\/p>\"\n                }\n            },                        {\n                \"@type\": \"Question\",\n                \"name\": \"Luftfahrt\",\n                \"acceptedAnswer\": {\n                \"@type\": \"Answer\",\n                \"text\":\"<p>Wir stellen r\u00f6hrenf\u00f6rmige Befestigungsgurte her, die in der Kabine verwendet werden, um verschiedene Ausr\u00fcstungsgegenst\u00e4nde zu sichern, die von der Bordbesatzung gehandhabt werden: Servicewagen, medizinische Notfallausr\u00fcstung.<\/p><p>Diese Gurte sind in der Regel gewebt, um eine optimale Festigkeit und Elastizit\u00e4t zu gew\u00e4hrleisten.<\/p><p>Wir verwenden hochwertige Materialien wie Polypropylen, Polyester, Baumwolle, Polyamid, Kevlar, Aramid und Glasfaser, um technische Gurte herzustellen, die an die Anforderungen und Normen der Luftfahrt angepasst sind.<\/p><p>Wir stellen auch Gurte aus hochfesten Fasern (HMPE) f\u00fcr die Herstellung von Cargo-Nets her, um ein leichteres Produkt mit demselben Fassungsverm\u00f6gen zu erhalten.<\/p>\"\n                }\n            },                        {\n                \"@type\": \"Question\",\n                \"name\": \"Bahnsektor\",\n                \"acceptedAnswer\": {\n                \"@type\": \"Answer\",\n                \"text\":\"<p>Unser historisches Know-how erm\u00f6glicht es uns auch, den Anforderungen des Eisenbahnsektors gerecht zu werden, z. B. mit Polstergurten f\u00fcr Zugsessel, aber auch mit Gurten, die als Seelsorgertaschen an der R\u00fcckseite von Sitzen verwendet werden.<\/p>\"\n                }\n            },                        {\n                \"@type\": \"Question\",\n                \"name\": \"Industrie\",\n                \"acceptedAnswer\": {\n                \"@type\": \"Answer\",\n                \"text\":\"<p>Dank unseres Know-hows im Weben, Flechten und Stricken k\u00f6nnen wir Ihnen technische Gurte f\u00fcr verschiedene industrielle Anwendungen anbieten.<\/p><p>Es werden verschiedene Ausf\u00fchrungen angeboten:<\/p><ul><li>Gurtband mit Zamak-Schnalle<\/li><li>Gurtband mit Ratschenspanner<\/li><li>Gurtband mit Selbsthemmung<\/li><li>Klettband<\/li><\/ul><p>Diese L\u00f6sungen werden angepasst, um strenge Spezifikationen zu erf\u00fcllen. Spezielle Behandlungen wie flammhemmende Gurte f\u00fcr Aktivit\u00e4ten in entflammbaren Umgebungen sind auf Anfrage m\u00f6glich.<\/p>\"\n                }\n            },                        {\n                \"@type\": \"Question\",\n                \"name\": \"Architektur und Geb\u00e4ude \",\n                \"acceptedAnswer\": {\n                \"@type\": \"Answer\",\n                \"text\":\"<p>Die Metall-Textil-Architektur w\u00e4chst, Architekten werden immer kreativer und k\u00f6nnen unsere Gurte f\u00fcr die Verkleidung von Designgeb\u00e4uden verwenden.<\/p>\"\n                }\n            }                    ]\n        }\n    <\/script>\n    <div class=\"accordion-list\">\n                    <p class=\"accordion-title active\" data-accordion=\"accordion-1\">Automobil<\/p>\n            <div class=\"text-rich accordion-panel active\" id=\"accordion-1\">\n                <p>Eurosandow ist auf die Herstellung von drei Arten von technischen Gurten f\u00fcr Autositze spezialisiert. Unser Sortiment umfasst insbesondere :<\/p>\n<ul>\n<li>Man\u00f6vriergurte: erleichtern die Modularit\u00e4t der Sitze.<\/li>\n<li>Polstergurte: sorgen f\u00fcr die Stabilit\u00e4t der Sitze.<\/li>\n<li>R\u00f6hrenf\u00f6rmige Gurte: f\u00fcr die R\u00fcckstellung von Sitzbez\u00fcgen.<\/li>\n<\/ul>\n<p>Wir arbeiten eng mit Herstellern und Zulieferern zusammen, um Gurte f\u00fcr die Innenausstattung von Fahrzeugen zu entwickeln. Wir entwickeln z. B. Airbag-R\u00fcckhaltegurte oder R\u00fcckhaltegurte f\u00fcr Heckklappen oder Taschenleerer, Haltegurte und Gurte f\u00fcr Griffe.<\/p>\n\n            <\/div>\n                    <p class=\"accordion-title\" data-accordion=\"accordion-2\">Luftfahrt<\/p>\n            <div class=\"text-rich accordion-panel\" id=\"accordion-2\">\n                <p>Wir stellen r\u00f6hrenf\u00f6rmige Befestigungsgurte her, die in der Kabine verwendet werden, um verschiedene Ausr\u00fcstungsgegenst\u00e4nde zu sichern, die von der Bordbesatzung gehandhabt werden: Servicewagen, medizinische Notfallausr\u00fcstung.<\/p>\n<p>Diese Gurte sind in der Regel gewebt, um eine optimale Festigkeit und Elastizit\u00e4t zu gew\u00e4hrleisten.<\/p>\n<p>Wir verwenden hochwertige Materialien wie Polypropylen, Polyester, Baumwolle, Polyamid, Kevlar, Aramid und Glasfaser, um technische Gurte herzustellen, die an die Anforderungen und Normen der Luftfahrt angepasst sind.<\/p>\n<p>Wir stellen auch Gurte aus hochfesten Fasern (HMPE) f\u00fcr die Herstellung von Cargo-Nets her, um ein leichteres Produkt mit demselben Fassungsverm\u00f6gen zu erhalten.<\/p>\n\n            <\/div>\n                    <p class=\"accordion-title\" data-accordion=\"accordion-3\">Bahnsektor<\/p>\n            <div class=\"text-rich accordion-panel\" id=\"accordion-3\">\n                <p>Unser historisches Know-how erm\u00f6glicht es uns auch, den Anforderungen des Eisenbahnsektors gerecht zu werden, z. B. mit Polstergurten f\u00fcr Zugsessel, aber auch mit Gurten, die als Seelsorgertaschen an der R\u00fcckseite von Sitzen verwendet werden.<\/p>\n\n            <\/div>\n                    <p class=\"accordion-title\" data-accordion=\"accordion-4\">Industrie<\/p>\n            <div class=\"text-rich accordion-panel\" id=\"accordion-4\">\n                <p>Dank unseres Know-hows im Weben, Flechten und Stricken k\u00f6nnen wir Ihnen technische Gurte f\u00fcr verschiedene industrielle Anwendungen anbieten.<\/p>\n<p>Es werden verschiedene Ausf\u00fchrungen angeboten:<\/p>\n<ul>\n<li>Gurtband mit Zamak-Schnalle<\/li>\n<li>Gurtband mit Ratschenspanner<\/li>\n<li>Gurtband mit Selbsthemmung<\/li>\n<li>Klettband<\/li>\n<\/ul>\n<p>Diese L\u00f6sungen werden angepasst, um strenge Spezifikationen zu erf\u00fcllen. Spezielle Behandlungen wie flammhemmende Gurte f\u00fcr Aktivit\u00e4ten in entflammbaren Umgebungen sind auf Anfrage m\u00f6glich.<\/p>\n\n            <\/div>\n                    <p class=\"accordion-title last\" data-accordion=\"accordion-5\">Architektur und Geb\u00e4ude <\/p>\n            <div class=\"text-rich accordion-panel\" id=\"accordion-5\">\n                <p>Die Metall-Textil-Architektur w\u00e4chst, Architekten werden immer kreativer und k\u00f6nnen unsere Gurte f\u00fcr die Verkleidung von Designgeb\u00e4uden verwenden.<\/p>\n\n            <\/div>\n            <\/div>\n<\/section>\n<\/div>\n\n\n\n<div class=\"wp-block-column is-layout-flow wp-block-column-is-layout-flow\">\n<figure class=\"wp-block-image size-full\"><img decoding=\"async\" width=\"570\" height=\"745\" src=\"https:\/\/www.eurosandow.com\/app\/uploads\/2024\/09\/Design-sans-titre-2024-09-25T142827.509.png\" alt=\"\" class=\"wp-image-978\" srcset=\"https:\/\/www.eurosandow.com\/app\/uploads\/2024\/09\/Design-sans-titre-2024-09-25T142827.509.png 570w, https:\/\/www.eurosandow.com\/app\/uploads\/2024\/09\/Design-sans-titre-2024-09-25T142827.509-230x300.png 230w\" sizes=\"(max-width: 570px) 100vw, 570px\" \/><\/figure>\n<\/div>\n<\/div>\n\n\n\n<div class=\"wp-block-columns has-1-columns is-layout-flex wp-container-core-columns-is-layout-9d6595d7 wp-block-columns has-1-columns-is-layout-flex\">\n<div class=\"wp-block-column is-layout-flow wp-block-column-is-layout-flow\">\n<div style=\"height:65px\" aria-hidden=\"true\" class=\"wp-block-spacer\"><\/div>\n\n\n\n<h2 class=\"wp-block-heading\"><strong><mark style=\"background-color:rgba(0, 0, 0, 0)\" class=\"has-inline-color has-orange-color\">Hochwertige Gurte<\/mark><\/strong><\/h2>\n\n\n\n<p>Die Qualit\u00e4t unserer Produkte ist uns ein wichtiges Anliegen. Es werden mehrere Qualit\u00e4tstests durchgef\u00fchrt, die auf den Bedarf des Kunden und die Anwendung des Produkts abgestimmt sind. Unsere Gurte sind getestet und zertifiziert, um die Standards der anspruchsvollsten Branchen zu erf\u00fcllen.   <\/p>\n\n\n\n<p>Sofern keine besonderen Merkmale vorliegen, sollten unsere Produkte nicht \u00fcber 75% elastische Dehnung hinaus verwendet werden. Die Verwendung unserer Produkte sollte der Regel des gesunden Menschenverstands folgen, ohne unn\u00f6tige Risiken einzugehen. Unsere Produkte sollten nicht mehr verwendet werden, wenn Abnutzungserscheinungen sichtbar sind.  <\/p>\n\n\n\n<p>Eurosandow lehnt jede Verantwortung f\u00fcr spezifische Montagen ab, die unsere Produkte einschlie\u00dfen.<\/p>\n<\/div>\n<\/div>\n\n\n\n<div style=\"height:65px\" aria-hidden=\"true\" class=\"wp-block-spacer\"><\/div>\n\n\n<div class=\"banner-cta small-width\" data-aos=\"fade-up\" data-aos-duration=\"1500\">\n    <div class=\"inner-banner\">\n        <div class=\"text-container\">\n            <span classs=\"uptitle\">Entdecken Sie unseren Katalog<\/span>            <h2 classs=\"title\">Sehen Sie sich unseren Katalog an<\/h2>            <div class=\"buttons-container\">\n                                    <a class=\"wp-block-button__link has-white-color has-text-color has-link-color wp-element-button\" target=\"\" href=\"https:\/\/www.eurosandow.com\/de\/laden-sie-unseren-katalog-herunter\/\">Katalog ansehen<\/a>\n                            <\/div>\n        <\/div>\n        <picture>\n            <source srcset=\"https:\/\/www.eurosandow.com\/app\/uploads\/2024\/07\/croix-1024x792.png\" media=\"(max-width: 1024px)\" \/>\n            <img decoding=\"async\" src=\"https:\/\/www.eurosandow.com\/app\/uploads\/2024\/07\/croix.png\" alt=\"\" title=\"\" loading=\"lazy\"\/>\n        <\/picture>\n    <\/div>\n<\/div>","protected":false},"excerpt":{"rendered":"<p>Gro\u00dfe Auswahl an gewebten, geflochtenen, gestrickten oder Jacquard-Gurten Eurosandow ist auf die Herstellung von hochwertigen Gurten spezialisiert, die f\u00fcr die vielf\u00e4ltigen Anforderungen technischer Branchen entwickelt wurden. Wir bieten eine breite Palette von Produkten in verschiedenen Farben an, die f\u00fcr unterschiedliche Anwendungen geeignet sind, darunter gewebte, geflochtene, gestrickte und Jacquard-B\u00e4nder und nach den folgenden Merkmalen: Unsere [&hellip;]<\/p>\n","protected":false},"author":2,"featured_media":1805,"parent":0,"menu_order":0,"comment_status":"closed","ping_status":"closed","template":"template-product.php","meta":{"_acf_changed":false,"footnotes":""},"class_list":["post-2773","page","type-page","status-publish","has-post-thumbnail","hentry"],"acf":[],"yoast_head":"<!-- This site is optimized with the Yoast SEO plugin v27.3 - https:\/\/yoast.com\/product\/yoast-seo-wordpress\/ -->\n<title>Herstellung von Gurten - Eurosandow<\/title>\n<meta name=\"description\" content=\"Eurosandow ist auf die Herstellung von hochwertigen Gurten spezialisiert, die auf die Anforderungen technischer Bereiche zugeschnitten sind.\" \/>\n<meta name=\"robots\" content=\"index, follow, max-snippet:-1, max-image-preview:large, max-video-preview:-1\" \/>\n<link rel=\"canonical\" href=\"https:\/\/www.eurosandow.com\/de\/herstellung-von-gurten\/\" \/>\n<meta property=\"og:locale\" content=\"de_DE\" \/>\n<meta property=\"og:type\" content=\"article\" \/>\n<meta property=\"og:title\" content=\"Herstellung von Gurten - Eurosandow\" \/>\n<meta property=\"og:description\" content=\"Eurosandow ist auf die Herstellung von hochwertigen Gurten spezialisiert, die auf die Anforderungen technischer Bereiche zugeschnitten sind.\" \/>\n<meta property=\"og:url\" content=\"https:\/\/www.eurosandow.com\/de\/herstellung-von-gurten\/\" \/>\n<meta property=\"og:site_name\" content=\"Eurosandow\" \/>\n<meta property=\"article:modified_time\" content=\"2025-07-09T13:12:19+00:00\" \/>\n<meta property=\"og:image\" content=\"https:\/\/www.eurosandow.com\/app\/uploads\/2024\/12\/Design-sans-titre-2024-12-04T114054.486.png\" \/>\n\t<meta property=\"og:image:width\" content=\"570\" \/>\n\t<meta property=\"og:image:height\" content=\"570\" \/>\n\t<meta property=\"og:image:type\" content=\"image\/png\" \/>\n<meta name=\"twitter:card\" content=\"summary_large_image\" \/>\n<meta name=\"twitter:label1\" content=\"Est. reading time\" \/>\n\t<meta name=\"twitter:data1\" content=\"3 minutes\" \/>\n<script type=\"application\/ld+json\" class=\"yoast-schema-graph\">{\"@context\":\"https:\\\/\\\/schema.org\",\"@graph\":[{\"@type\":\"WebPage\",\"@id\":\"https:\\\/\\\/www.eurosandow.com\\\/de\\\/herstellung-von-gurten\\\/\",\"url\":\"https:\\\/\\\/www.eurosandow.com\\\/de\\\/herstellung-von-gurten\\\/\",\"name\":\"Herstellung von Gurten - Eurosandow\",\"isPartOf\":{\"@id\":\"https:\\\/\\\/www.eurosandow.com\\\/de\\\/#website\"},\"primaryImageOfPage\":{\"@id\":\"https:\\\/\\\/www.eurosandow.com\\\/de\\\/herstellung-von-gurten\\\/#primaryimage\"},\"image\":{\"@id\":\"https:\\\/\\\/www.eurosandow.com\\\/de\\\/herstellung-von-gurten\\\/#primaryimage\"},\"thumbnailUrl\":\"https:\\\/\\\/www.eurosandow.com\\\/app\\\/uploads\\\/2024\\\/12\\\/Design-sans-titre-2024-12-04T114054.486.png\",\"datePublished\":\"2025-01-22T10:53:50+00:00\",\"dateModified\":\"2025-07-09T13:12:19+00:00\",\"description\":\"Eurosandow ist auf die Herstellung von hochwertigen Gurten spezialisiert, die auf die Anforderungen technischer Bereiche zugeschnitten sind.\",\"breadcrumb\":{\"@id\":\"https:\\\/\\\/www.eurosandow.com\\\/de\\\/herstellung-von-gurten\\\/#breadcrumb\"},\"inLanguage\":\"de-DE\",\"potentialAction\":[{\"@type\":\"ReadAction\",\"target\":[\"https:\\\/\\\/www.eurosandow.com\\\/de\\\/herstellung-von-gurten\\\/\"]}]},{\"@type\":\"ImageObject\",\"inLanguage\":\"de-DE\",\"@id\":\"https:\\\/\\\/www.eurosandow.com\\\/de\\\/herstellung-von-gurten\\\/#primaryimage\",\"url\":\"https:\\\/\\\/www.eurosandow.com\\\/app\\\/uploads\\\/2024\\\/12\\\/Design-sans-titre-2024-12-04T114054.486.png\",\"contentUrl\":\"https:\\\/\\\/www.eurosandow.com\\\/app\\\/uploads\\\/2024\\\/12\\\/Design-sans-titre-2024-12-04T114054.486.png\",\"width\":570,\"height\":570},{\"@type\":\"BreadcrumbList\",\"@id\":\"https:\\\/\\\/www.eurosandow.com\\\/de\\\/herstellung-von-gurten\\\/#breadcrumb\",\"itemListElement\":[{\"@type\":\"ListItem\",\"position\":1,\"name\":\"Accueil\",\"item\":\"https:\\\/\\\/www.eurosandow.com\\\/de\\\/\"},{\"@type\":\"ListItem\",\"position\":2,\"name\":\"Herstellung von Gurten\"}]},{\"@type\":\"WebSite\",\"@id\":\"https:\\\/\\\/www.eurosandow.com\\\/de\\\/#website\",\"url\":\"https:\\\/\\\/www.eurosandow.com\\\/de\\\/\",\"name\":\"Eurosandow\",\"description\":\"Tendeurs, sangles et filets\",\"publisher\":{\"@id\":\"https:\\\/\\\/www.eurosandow.com\\\/de\\\/#organization\"},\"potentialAction\":[{\"@type\":\"SearchAction\",\"target\":{\"@type\":\"EntryPoint\",\"urlTemplate\":\"https:\\\/\\\/www.eurosandow.com\\\/de\\\/?s={search_term_string}\"},\"query-input\":{\"@type\":\"PropertyValueSpecification\",\"valueRequired\":true,\"valueName\":\"search_term_string\"}}],\"inLanguage\":\"de-DE\"},{\"@type\":\"Organization\",\"@id\":\"https:\\\/\\\/www.eurosandow.com\\\/de\\\/#organization\",\"name\":\"Eurosandow\",\"url\":\"https:\\\/\\\/www.eurosandow.com\\\/de\\\/\",\"logo\":{\"@type\":\"ImageObject\",\"inLanguage\":\"de-DE\",\"@id\":\"https:\\\/\\\/www.eurosandow.com\\\/de\\\/#\\\/schema\\\/logo\\\/image\\\/\",\"url\":\"https:\\\/\\\/www.eurosandow.com\\\/app\\\/uploads\\\/2024\\\/08\\\/eurosandow.svg\",\"contentUrl\":\"https:\\\/\\\/www.eurosandow.com\\\/app\\\/uploads\\\/2024\\\/08\\\/eurosandow.svg\",\"caption\":\"Eurosandow\"},\"image\":{\"@id\":\"https:\\\/\\\/www.eurosandow.com\\\/de\\\/#\\\/schema\\\/logo\\\/image\\\/\"}}]}<\/script>\n<!-- \/ Yoast SEO plugin. -->","yoast_head_json":{"title":"Herstellung von Gurten - Eurosandow","description":"Eurosandow ist auf die Herstellung von hochwertigen Gurten spezialisiert, die auf die Anforderungen technischer Bereiche zugeschnitten sind.","robots":{"index":"index","follow":"follow","max-snippet":"max-snippet:-1","max-image-preview":"max-image-preview:large","max-video-preview":"max-video-preview:-1"},"canonical":"https:\/\/www.eurosandow.com\/de\/herstellung-von-gurten\/","og_locale":"de_DE","og_type":"article","og_title":"Herstellung von Gurten - Eurosandow","og_description":"Eurosandow ist auf die Herstellung von hochwertigen Gurten spezialisiert, die auf die Anforderungen technischer Bereiche zugeschnitten sind.","og_url":"https:\/\/www.eurosandow.com\/de\/herstellung-von-gurten\/","og_site_name":"Eurosandow","article_modified_time":"2025-07-09T13:12:19+00:00","og_image":[{"width":570,"height":570,"url":"https:\/\/www.eurosandow.com\/app\/uploads\/2024\/12\/Design-sans-titre-2024-12-04T114054.486.png","type":"image\/png"}],"twitter_card":"summary_large_image","twitter_misc":{"Est. reading time":"3 minutes"},"schema":{"@context":"https:\/\/schema.org","@graph":[{"@type":"WebPage","@id":"https:\/\/www.eurosandow.com\/de\/herstellung-von-gurten\/","url":"https:\/\/www.eurosandow.com\/de\/herstellung-von-gurten\/","name":"Herstellung von Gurten - Eurosandow","isPartOf":{"@id":"https:\/\/www.eurosandow.com\/de\/#website"},"primaryImageOfPage":{"@id":"https:\/\/www.eurosandow.com\/de\/herstellung-von-gurten\/#primaryimage"},"image":{"@id":"https:\/\/www.eurosandow.com\/de\/herstellung-von-gurten\/#primaryimage"},"thumbnailUrl":"https:\/\/www.eurosandow.com\/app\/uploads\/2024\/12\/Design-sans-titre-2024-12-04T114054.486.png","datePublished":"2025-01-22T10:53:50+00:00","dateModified":"2025-07-09T13:12:19+00:00","description":"Eurosandow ist auf die Herstellung von hochwertigen Gurten spezialisiert, die auf die Anforderungen technischer Bereiche zugeschnitten sind.","breadcrumb":{"@id":"https:\/\/www.eurosandow.com\/de\/herstellung-von-gurten\/#breadcrumb"},"inLanguage":"de-DE","potentialAction":[{"@type":"ReadAction","target":["https:\/\/www.eurosandow.com\/de\/herstellung-von-gurten\/"]}]},{"@type":"ImageObject","inLanguage":"de-DE","@id":"https:\/\/www.eurosandow.com\/de\/herstellung-von-gurten\/#primaryimage","url":"https:\/\/www.eurosandow.com\/app\/uploads\/2024\/12\/Design-sans-titre-2024-12-04T114054.486.png","contentUrl":"https:\/\/www.eurosandow.com\/app\/uploads\/2024\/12\/Design-sans-titre-2024-12-04T114054.486.png","width":570,"height":570},{"@type":"BreadcrumbList","@id":"https:\/\/www.eurosandow.com\/de\/herstellung-von-gurten\/#breadcrumb","itemListElement":[{"@type":"ListItem","position":1,"name":"Accueil","item":"https:\/\/www.eurosandow.com\/de\/"},{"@type":"ListItem","position":2,"name":"Herstellung von Gurten"}]},{"@type":"WebSite","@id":"https:\/\/www.eurosandow.com\/de\/#website","url":"https:\/\/www.eurosandow.com\/de\/","name":"Eurosandow","description":"Tendeurs, sangles et filets","publisher":{"@id":"https:\/\/www.eurosandow.com\/de\/#organization"},"potentialAction":[{"@type":"SearchAction","target":{"@type":"EntryPoint","urlTemplate":"https:\/\/www.eurosandow.com\/de\/?s={search_term_string}"},"query-input":{"@type":"PropertyValueSpecification","valueRequired":true,"valueName":"search_term_string"}}],"inLanguage":"de-DE"},{"@type":"Organization","@id":"https:\/\/www.eurosandow.com\/de\/#organization","name":"Eurosandow","url":"https:\/\/www.eurosandow.com\/de\/","logo":{"@type":"ImageObject","inLanguage":"de-DE","@id":"https:\/\/www.eurosandow.com\/de\/#\/schema\/logo\/image\/","url":"https:\/\/www.eurosandow.com\/app\/uploads\/2024\/08\/eurosandow.svg","contentUrl":"https:\/\/www.eurosandow.com\/app\/uploads\/2024\/08\/eurosandow.svg","caption":"Eurosandow"},"image":{"@id":"https:\/\/www.eurosandow.com\/de\/#\/schema\/logo\/image\/"}}]}},"_links":{"self":[{"href":"https:\/\/www.eurosandow.com\/de\/wp-json\/wp\/v2\/pages\/2773","targetHints":{"allow":["GET"]}}],"collection":[{"href":"https:\/\/www.eurosandow.com\/de\/wp-json\/wp\/v2\/pages"}],"about":[{"href":"https:\/\/www.eurosandow.com\/de\/wp-json\/wp\/v2\/types\/page"}],"author":[{"embeddable":true,"href":"https:\/\/www.eurosandow.com\/de\/wp-json\/wp\/v2\/users\/2"}],"replies":[{"embeddable":true,"href":"https:\/\/www.eurosandow.com\/de\/wp-json\/wp\/v2\/comments?post=2773"}],"version-history":[{"count":4,"href":"https:\/\/www.eurosandow.com\/de\/wp-json\/wp\/v2\/pages\/2773\/revisions"}],"predecessor-version":[{"id":3686,"href":"https:\/\/www.eurosandow.com\/de\/wp-json\/wp\/v2\/pages\/2773\/revisions\/3686"}],"wp:featuredmedia":[{"embeddable":true,"href":"https:\/\/www.eurosandow.com\/de\/wp-json\/wp\/v2\/media\/1805"}],"wp:attachment":[{"href":"https:\/\/www.eurosandow.com\/de\/wp-json\/wp\/v2\/media?parent=2773"}],"curies":[{"name":"wp","href":"https:\/\/api.w.org\/{rel}","templated":true}]}}