{"id":2777,"date":"2025-01-22T12:11:40","date_gmt":"2025-01-22T11:11:40","guid":{"rendered":"https:\/\/www.eurosandow.com\/herstellung-von-netzen\/"},"modified":"2025-07-09T15:12:46","modified_gmt":"2025-07-09T13:12:46","slug":"herstellung-von-netzen","status":"publish","type":"page","link":"https:\/\/www.eurosandow.com\/de\/herstellung-von-netzen\/","title":{"rendered":"Herstellung von Netzen"},"content":{"rendered":"\n<div class=\"wp-block-columns has-1-columns is-layout-flex wp-container-core-columns-is-layout-9d6595d7 wp-block-columns has-1-columns-is-layout-flex\">\n<div class=\"wp-block-column is-layout-flow wp-block-column-is-layout-flow\">\n<p><\/p>\n<\/div>\n<\/div>\n\n\n\n<div class=\"wp-block-columns has-2-columns is-layout-flex wp-container-core-columns-is-layout-9d6595d7 wp-block-columns has-2-columns-is-layout-flex\">\n<div class=\"wp-block-column is-layout-flow wp-block-column-is-layout-flow\"><div class=\"wrapper classic-slider\"  data-aos=\"fade-left\" data-aos-duration=\"1500\">\n    <div class=\"slider-container large-autoplay swiper\">\n        <div class=\"slider-wrapper swiper-wrapper\">\n                            <img decoding=\"async\" src=\"https:\/\/www.eurosandow.com\/app\/uploads\/2024\/11\/Design-sans-titre-2024-11-27T170715.316.png\" alt=\"Design sans titre &#8211; 2024-11-27T170715.316\" loading=\"lazy\" class=\"slide swiper-slide\">\n                            <img decoding=\"async\" src=\"https:\/\/www.eurosandow.com\/app\/uploads\/2024\/11\/Design-sans-titre-2024-11-27T170642.656.png\" alt=\"Design sans titre &#8211; 2024-11-27T170642.656\" loading=\"lazy\" class=\"slide swiper-slide\">\n                            <img decoding=\"async\" src=\"https:\/\/www.eurosandow.com\/app\/uploads\/2024\/11\/Design-sans-titre-2024-11-27T170631.911.png\" alt=\"Design sans titre &#8211; 2024-11-27T170631.911\" loading=\"lazy\" class=\"slide swiper-slide\">\n                            <img decoding=\"async\" src=\"https:\/\/www.eurosandow.com\/app\/uploads\/2024\/07\/1.png\" alt=\"1\" loading=\"lazy\" class=\"slide swiper-slide\">\n                            <img decoding=\"async\" src=\"https:\/\/www.eurosandow.com\/app\/uploads\/2024\/07\/3.png\" alt=\"3\" loading=\"lazy\" class=\"slide swiper-slide\">\n                    <\/div>\n        <div class=\"swiper-pagination multiple\"><\/div>\n    <\/div>\n<\/div>\n<\/div>\n\n\n\n<div class=\"wp-block-column is-layout-flow wp-block-column-is-layout-flow\">\n<h2 class=\"wp-block-heading\"><strong><mark style=\"background-color:rgba(0, 0, 0, 0)\" class=\"has-inline-color has-orange-color\">Gro\u00dfe Auswahl an starren oder elastischen Netzen<\/mark><\/strong><\/h2>\n\n\n\n<p>1995 verkaufte Eurosandow sein allererstes Netz, um den Citro\u00ebn Saxo auszustatten. In den letzten 30 Jahren hat sich diese Expertise weiterentwickelt, um den Bed\u00fcrfnissen verschiedener Industrien gerecht zu werden. Insbesondere haben wir in neue Maschinen investiert, um die Produktion unserer Netze zu optimieren und den Anforderungen unserer Kunden gerecht zu werden.  <\/p>\n\n\n\n<p>Mit unseren 12 Strick- und 12 Webmaschinen sind wir in der Lage, steife Netze oder elastische Netze, ein- oder zweifarbige Netze herzustellen und so eine Vielzahl von Anwendungen zu erf\u00fcllen.<\/p>\n\n\n\n<p>Wir stellen eine breite Palette von Netzen nach folgenden Merkmalen her:<\/p>\n\n\n\n<ul class=\"wp-block-list\">\n<li><strong>Breite<\/strong>: von 10 bis 4000 mm<\/li>\n<\/ul>\n\n\n\n<ul class=\"wp-block-list\">\n<li><strong>L\u00e4nge<\/strong>: keine Einschr\u00e4nkungen<\/li>\n<\/ul>\n\n\n\n<ul class=\"wp-block-list\">\n<li><strong>Farbe gem\u00e4\u00df Ihren Vorgaben. Es ist auch m\u00f6glich, mehrfarbige Netze herzustellen. <\/strong><\/li>\n<\/ul>\n\n\n\n<ul class=\"wp-block-list\">\n<li><strong>Struktur<\/strong>: elastisch oder nicht elastisch<\/li>\n<\/ul>\n\n\n\n<ul class=\"wp-block-list\">\n<li><strong>Materialien<\/strong>: Polypropylen, Polyester, Baumwolle, Polyamid, Naturlatex &#8230;<\/li>\n<\/ul>\n\n\n\n<p><\/p>\n\n\n\n<p><\/p>\n<\/div>\n<\/div>\n\n\n\n<div style=\"height:58px\" aria-hidden=\"true\" class=\"wp-block-spacer\"><\/div>\n\n\n\n<div class=\"wp-block-columns has-1-columns is-layout-flex wp-container-core-columns-is-layout-9d6595d7 wp-block-columns has-1-columns-is-layout-flex\">\n<div class=\"wp-block-column is-layout-flow wp-block-column-is-layout-flow\">\n<h2 class=\"wp-block-heading has-text-align-center\"><mark style=\"background-color:rgba(0, 0, 0, 0)\" class=\"has-inline-color has-orange-color\">Netze, die f\u00fcr eine Vielzahl von Branchen geeignet sind<\/mark><\/h2>\n\n\n\n<p class=\"has-text-align-center\"><strong>Unsere Netze k\u00f6nnen in vielen verschiedenen Anwendungsbereichen eingesetzt werden. <\/strong><\/p>\n<\/div>\n<\/div>\n\n\n<div class=\"cards-block limit-width\"  data-aos=\"fade-down\" data-aos-duration=\"1500\">\n    <div class=\"icon-text-list\">\n                    <div class=\"icon-list\">\n                                    <a class=\"link-container link\" target=\"\" href=\"https:\/\/www.eurosandow.com\/de\/application\/automobil\/\">\n                                <div class=\"img-container\"><img decoding=\"async\" src=\"https:\/\/www.eurosandow.com\/app\/uploads\/2024\/11\/Design-sans-titre-2024-11-13T143647.764.png\" class=\"logo\" alt=\"\" title=\"\" loading=\"lazy\"\/><\/div>\n                <div class=\"text-container\">\n                    <p class=\"title\">Automobil<\/p>                    <p class=\"subtitle\">Bei Autos werden Netze insbesondere im Kofferraum und hinter den Sitzen angebracht, damit Gegenst\u00e4nde oder Gep\u00e4ck festgehalten werden k\u00f6nnen.<\/p>                <\/div>\n                                    <\/a>\n                            <\/div>\n                    <div class=\"icon-list\">\n                                    <a class=\"link-container link\" target=\"\" href=\"https:\/\/www.eurosandow.com\/de\/application\/luftfahrt\/\">\n                                <div class=\"img-container\"><img decoding=\"async\" src=\"https:\/\/www.eurosandow.com\/app\/uploads\/2024\/12\/Aeronotique.svg\" class=\"logo\" alt=\"\" title=\"\" loading=\"lazy\"\/><\/div>\n                <div class=\"text-container\">\n                    <p class=\"title\">Luftfahrt<\/p>                    <p class=\"subtitle\">In der Luftfahrt k\u00f6nnen Netze \u00fcber den Sitzen in der Kabine angebracht werden, um Dokumente und Sicherheitshinweise zu verstauen. Sie sind auf einem Kadett aus Edelstahl montiert und entsprechen den geltenden Brandschutznormen.<\/p>                <\/div>\n                                    <\/a>\n                            <\/div>\n                    <div class=\"icon-list\">\n                                    <a class=\"link-container link\" target=\"\" href=\"https:\/\/www.eurosandow.com\/de\/application\/bahnsektor\/\">\n                                <div class=\"img-container\"><img decoding=\"async\" src=\"https:\/\/www.eurosandow.com\/app\/uploads\/2024\/12\/Ferroviaire-1.svg\" class=\"logo\" alt=\"\" title=\"\" loading=\"lazy\"\/><\/div>\n                <div class=\"text-container\">\n                    <p class=\"title\">Bahnsektor<\/p>                    <p class=\"subtitle\">Im Bahnsektor dienen Netze zur Aufbewahrung, erf\u00fcllen aber auch die Funktion eines Sicherheitsnetzes, um das Herunterfallen von hoch gelagerten Gegenst\u00e4nden oder Gep\u00e4ckst\u00fccken zu verhindern.<\/p>                <\/div>\n                                    <\/a>\n                            <\/div>\n            <\/div>\n<\/div>\n\n\n<div class=\"wp-block-columns has-1-columns is-layout-flex wp-container-core-columns-is-layout-9d6595d7 wp-block-columns has-1-columns-is-layout-flex\">\n<div class=\"wp-block-column is-layout-flow wp-block-column-is-layout-flow\">\n<div style=\"height:65px\" aria-hidden=\"true\" class=\"wp-block-spacer\"><\/div>\n\n\n\n<h2 class=\"wp-block-heading\"><strong><mark style=\"background-color:rgba(0, 0, 0, 0)\" class=\"has-inline-color has-orange-color\">Hochwertige Netze<\/mark><\/strong><\/h2>\n\n\n\n<p>Konfektionsarbeiten wie Schneiden, Schwei\u00dfen oder N\u00e4hen werden direkt in unseren Werkst\u00e4tten durchgef\u00fchrt. So k\u00f6nnen wir unseren Kunden fertige Produkte liefern, die den geforderten Qualit\u00e4tsstandards entsprechen.  <\/p>\n\n\n\n<p>Unsere Netze werden getestet und zertifiziert, um den Standards der anspruchsvollsten Branchen wie der Automobil-, Luftfahrt- oder Eisenbahnindustrie zu entsprechen. <\/p>\n\n\n\n<p>Die Sicherheit der Nutzer zu gew\u00e4hrleisten, ist unsere oberste Priorit\u00e4t. Wir beauftragen insbesondere spezialisierte Labore mit der Durchf\u00fchrung strenger Brennbarkeitstests, um sicherzustellen, dass unsere Produkte den strengsten Sicherheitsstandards entsprechen.  <\/p>\n\n\n\n<p>Die Verwendung unserer Produkte sollte der Regel des gesunden Menschenverstands folgen, ohne unn\u00f6tige Risiken einzugehen. Unsere Produkte sollten nicht mehr verwendet werden, wenn Abnutzungserscheinungen sichtbar sind. <\/p>\n\n\n\n<p>Eurosandow lehnt jede Verantwortung f\u00fcr spezifische Montagen ab, die unsere Produkte einschlie\u00dfen.<br><\/p>\n<\/div>\n<\/div>\n\n\n\n<div style=\"height:65px\" aria-hidden=\"true\" class=\"wp-block-spacer\"><\/div>\n\n\n<div class=\"banner-cta small-width\" data-aos=\"fade-up\" data-aos-duration=\"1500\">\n    <div class=\"inner-banner\">\n        <div class=\"text-container\">\n            <span classs=\"uptitle\">Entdecken Sie unseren Katalog<\/span>            <h2 classs=\"title\">Sehen Sie sich unseren Katalog an<\/h2>            <div class=\"buttons-container\">\n                                    <a class=\"wp-block-button__link has-white-color has-text-color has-link-color wp-element-button\" target=\"\" href=\"https:\/\/www.eurosandow.com\/de\/laden-sie-unseren-katalog-herunter\/\">Katalog ansehen<\/a>\n                            <\/div>\n        <\/div>\n        <picture>\n            <source srcset=\"https:\/\/www.eurosandow.com\/app\/uploads\/2024\/07\/croix-1024x792.png\" media=\"(max-width: 1024px)\" \/>\n            <img decoding=\"async\" src=\"https:\/\/www.eurosandow.com\/app\/uploads\/2024\/07\/croix.png\" alt=\"\" title=\"\" loading=\"lazy\"\/>\n        <\/picture>\n    <\/div>\n<\/div>\n\n","protected":false},"excerpt":{"rendered":"<p>Gro\u00dfe Auswahl an starren oder elastischen Netzen 1995 verkaufte Eurosandow sein allererstes Netz, um den Citro\u00ebn Saxo auszustatten. In den letzten 30 Jahren hat sich diese Expertise weiterentwickelt, um den Bed\u00fcrfnissen verschiedener Industrien gerecht zu werden. Insbesondere haben wir in neue Maschinen investiert, um die Produktion unserer Netze zu optimieren und den Anforderungen unserer Kunden [&hellip;]<\/p>\n","protected":false},"author":2,"featured_media":1784,"parent":0,"menu_order":0,"comment_status":"closed","ping_status":"closed","template":"template-product.php","meta":{"_acf_changed":false,"footnotes":""},"class_list":["post-2777","page","type-page","status-publish","has-post-thumbnail","hentry"],"acf":[],"yoast_head":"<!-- This site is optimized with the Yoast SEO plugin v27.1.1 - https:\/\/yoast.com\/product\/yoast-seo-wordpress\/ -->\n<title>Herstellung von Netzen - Eurosandow<\/title>\n<meta name=\"description\" content=\"Wir sind in der Lage, starre oder elastische, einfach oder doppelt gegossene Netze f\u00fcr verschiedene Anwendungen herzustellen.\" \/>\n<meta name=\"robots\" content=\"index, follow, max-snippet:-1, max-image-preview:large, max-video-preview:-1\" \/>\n<link rel=\"canonical\" href=\"https:\/\/www.eurosandow.com\/de\/herstellung-von-netzen\/\" \/>\n<meta property=\"og:locale\" content=\"de_DE\" \/>\n<meta property=\"og:type\" content=\"article\" \/>\n<meta property=\"og:title\" content=\"Herstellung von Netzen - Eurosandow\" \/>\n<meta property=\"og:description\" content=\"Wir sind in der Lage, starre oder elastische, einfach oder doppelt gegossene Netze f\u00fcr verschiedene Anwendungen herzustellen.\" \/>\n<meta property=\"og:url\" content=\"https:\/\/www.eurosandow.com\/de\/herstellung-von-netzen\/\" \/>\n<meta property=\"og:site_name\" content=\"Eurosandow\" \/>\n<meta property=\"article:modified_time\" content=\"2025-07-09T13:12:46+00:00\" \/>\n<meta property=\"og:image\" content=\"https:\/\/www.eurosandow.com\/app\/uploads\/2024\/12\/filets.jpg\" \/>\n\t<meta property=\"og:image:width\" content=\"570\" \/>\n\t<meta property=\"og:image:height\" content=\"570\" \/>\n\t<meta property=\"og:image:type\" content=\"image\/jpeg\" \/>\n<meta name=\"twitter:card\" content=\"summary_large_image\" \/>\n<meta name=\"twitter:label1\" content=\"Est. reading time\" \/>\n\t<meta name=\"twitter:data1\" content=\"2 minutes\" \/>\n<script type=\"application\/ld+json\" class=\"yoast-schema-graph\">{\"@context\":\"https:\/\/schema.org\",\"@graph\":[{\"@type\":\"WebPage\",\"@id\":\"https:\/\/www.eurosandow.com\/de\/herstellung-von-netzen\/\",\"url\":\"https:\/\/www.eurosandow.com\/de\/herstellung-von-netzen\/\",\"name\":\"Herstellung von Netzen - Eurosandow\",\"isPartOf\":{\"@id\":\"https:\/\/www.eurosandow.com\/de\/#website\"},\"primaryImageOfPage\":{\"@id\":\"https:\/\/www.eurosandow.com\/de\/herstellung-von-netzen\/#primaryimage\"},\"image\":{\"@id\":\"https:\/\/www.eurosandow.com\/de\/herstellung-von-netzen\/#primaryimage\"},\"thumbnailUrl\":\"https:\/\/www.eurosandow.com\/app\/uploads\/2024\/12\/filets.jpg\",\"datePublished\":\"2025-01-22T11:11:40+00:00\",\"dateModified\":\"2025-07-09T13:12:46+00:00\",\"description\":\"Wir sind in der Lage, starre oder elastische, einfach oder doppelt gegossene Netze f\u00fcr verschiedene Anwendungen herzustellen.\",\"breadcrumb\":{\"@id\":\"https:\/\/www.eurosandow.com\/de\/herstellung-von-netzen\/#breadcrumb\"},\"inLanguage\":\"de-DE\",\"potentialAction\":[{\"@type\":\"ReadAction\",\"target\":[\"https:\/\/www.eurosandow.com\/de\/herstellung-von-netzen\/\"]}]},{\"@type\":\"ImageObject\",\"inLanguage\":\"de-DE\",\"@id\":\"https:\/\/www.eurosandow.com\/de\/herstellung-von-netzen\/#primaryimage\",\"url\":\"https:\/\/www.eurosandow.com\/app\/uploads\/2024\/12\/filets.jpg\",\"contentUrl\":\"https:\/\/www.eurosandow.com\/app\/uploads\/2024\/12\/filets.jpg\",\"width\":570,\"height\":570},{\"@type\":\"BreadcrumbList\",\"@id\":\"https:\/\/www.eurosandow.com\/de\/herstellung-von-netzen\/#breadcrumb\",\"itemListElement\":[{\"@type\":\"ListItem\",\"position\":1,\"name\":\"Accueil\",\"item\":\"https:\/\/www.eurosandow.com\/de\/\"},{\"@type\":\"ListItem\",\"position\":2,\"name\":\"Herstellung von Netzen\"}]},{\"@type\":\"WebSite\",\"@id\":\"https:\/\/www.eurosandow.com\/de\/#website\",\"url\":\"https:\/\/www.eurosandow.com\/de\/\",\"name\":\"Eurosandow\",\"description\":\"Tendeurs, sangles et filets\",\"publisher\":{\"@id\":\"https:\/\/www.eurosandow.com\/de\/#organization\"},\"potentialAction\":[{\"@type\":\"SearchAction\",\"target\":{\"@type\":\"EntryPoint\",\"urlTemplate\":\"https:\/\/www.eurosandow.com\/de\/?s={search_term_string}\"},\"query-input\":{\"@type\":\"PropertyValueSpecification\",\"valueRequired\":true,\"valueName\":\"search_term_string\"}}],\"inLanguage\":\"de-DE\"},{\"@type\":\"Organization\",\"@id\":\"https:\/\/www.eurosandow.com\/de\/#organization\",\"name\":\"Eurosandow\",\"url\":\"https:\/\/www.eurosandow.com\/de\/\",\"logo\":{\"@type\":\"ImageObject\",\"inLanguage\":\"de-DE\",\"@id\":\"https:\/\/www.eurosandow.com\/de\/#\/schema\/logo\/image\/\",\"url\":\"https:\/\/www.eurosandow.com\/app\/uploads\/2024\/08\/eurosandow.svg\",\"contentUrl\":\"https:\/\/www.eurosandow.com\/app\/uploads\/2024\/08\/eurosandow.svg\",\"caption\":\"Eurosandow\"},\"image\":{\"@id\":\"https:\/\/www.eurosandow.com\/de\/#\/schema\/logo\/image\/\"}}]}<\/script>\n<!-- \/ Yoast SEO plugin. -->","yoast_head_json":{"title":"Herstellung von Netzen - Eurosandow","description":"Wir sind in der Lage, starre oder elastische, einfach oder doppelt gegossene Netze f\u00fcr verschiedene Anwendungen herzustellen.","robots":{"index":"index","follow":"follow","max-snippet":"max-snippet:-1","max-image-preview":"max-image-preview:large","max-video-preview":"max-video-preview:-1"},"canonical":"https:\/\/www.eurosandow.com\/de\/herstellung-von-netzen\/","og_locale":"de_DE","og_type":"article","og_title":"Herstellung von Netzen - Eurosandow","og_description":"Wir sind in der Lage, starre oder elastische, einfach oder doppelt gegossene Netze f\u00fcr verschiedene Anwendungen herzustellen.","og_url":"https:\/\/www.eurosandow.com\/de\/herstellung-von-netzen\/","og_site_name":"Eurosandow","article_modified_time":"2025-07-09T13:12:46+00:00","og_image":[{"width":570,"height":570,"url":"https:\/\/www.eurosandow.com\/app\/uploads\/2024\/12\/filets.jpg","type":"image\/jpeg"}],"twitter_card":"summary_large_image","twitter_misc":{"Est. reading time":"2 minutes"},"schema":{"@context":"https:\/\/schema.org","@graph":[{"@type":"WebPage","@id":"https:\/\/www.eurosandow.com\/de\/herstellung-von-netzen\/","url":"https:\/\/www.eurosandow.com\/de\/herstellung-von-netzen\/","name":"Herstellung von Netzen - Eurosandow","isPartOf":{"@id":"https:\/\/www.eurosandow.com\/de\/#website"},"primaryImageOfPage":{"@id":"https:\/\/www.eurosandow.com\/de\/herstellung-von-netzen\/#primaryimage"},"image":{"@id":"https:\/\/www.eurosandow.com\/de\/herstellung-von-netzen\/#primaryimage"},"thumbnailUrl":"https:\/\/www.eurosandow.com\/app\/uploads\/2024\/12\/filets.jpg","datePublished":"2025-01-22T11:11:40+00:00","dateModified":"2025-07-09T13:12:46+00:00","description":"Wir sind in der Lage, starre oder elastische, einfach oder doppelt gegossene Netze f\u00fcr verschiedene Anwendungen herzustellen.","breadcrumb":{"@id":"https:\/\/www.eurosandow.com\/de\/herstellung-von-netzen\/#breadcrumb"},"inLanguage":"de-DE","potentialAction":[{"@type":"ReadAction","target":["https:\/\/www.eurosandow.com\/de\/herstellung-von-netzen\/"]}]},{"@type":"ImageObject","inLanguage":"de-DE","@id":"https:\/\/www.eurosandow.com\/de\/herstellung-von-netzen\/#primaryimage","url":"https:\/\/www.eurosandow.com\/app\/uploads\/2024\/12\/filets.jpg","contentUrl":"https:\/\/www.eurosandow.com\/app\/uploads\/2024\/12\/filets.jpg","width":570,"height":570},{"@type":"BreadcrumbList","@id":"https:\/\/www.eurosandow.com\/de\/herstellung-von-netzen\/#breadcrumb","itemListElement":[{"@type":"ListItem","position":1,"name":"Accueil","item":"https:\/\/www.eurosandow.com\/de\/"},{"@type":"ListItem","position":2,"name":"Herstellung von Netzen"}]},{"@type":"WebSite","@id":"https:\/\/www.eurosandow.com\/de\/#website","url":"https:\/\/www.eurosandow.com\/de\/","name":"Eurosandow","description":"Tendeurs, sangles et filets","publisher":{"@id":"https:\/\/www.eurosandow.com\/de\/#organization"},"potentialAction":[{"@type":"SearchAction","target":{"@type":"EntryPoint","urlTemplate":"https:\/\/www.eurosandow.com\/de\/?s={search_term_string}"},"query-input":{"@type":"PropertyValueSpecification","valueRequired":true,"valueName":"search_term_string"}}],"inLanguage":"de-DE"},{"@type":"Organization","@id":"https:\/\/www.eurosandow.com\/de\/#organization","name":"Eurosandow","url":"https:\/\/www.eurosandow.com\/de\/","logo":{"@type":"ImageObject","inLanguage":"de-DE","@id":"https:\/\/www.eurosandow.com\/de\/#\/schema\/logo\/image\/","url":"https:\/\/www.eurosandow.com\/app\/uploads\/2024\/08\/eurosandow.svg","contentUrl":"https:\/\/www.eurosandow.com\/app\/uploads\/2024\/08\/eurosandow.svg","caption":"Eurosandow"},"image":{"@id":"https:\/\/www.eurosandow.com\/de\/#\/schema\/logo\/image\/"}}]}},"_links":{"self":[{"href":"https:\/\/www.eurosandow.com\/de\/wp-json\/wp\/v2\/pages\/2777","targetHints":{"allow":["GET"]}}],"collection":[{"href":"https:\/\/www.eurosandow.com\/de\/wp-json\/wp\/v2\/pages"}],"about":[{"href":"https:\/\/www.eurosandow.com\/de\/wp-json\/wp\/v2\/types\/page"}],"author":[{"embeddable":true,"href":"https:\/\/www.eurosandow.com\/de\/wp-json\/wp\/v2\/users\/2"}],"replies":[{"embeddable":true,"href":"https:\/\/www.eurosandow.com\/de\/wp-json\/wp\/v2\/comments?post=2777"}],"version-history":[{"count":4,"href":"https:\/\/www.eurosandow.com\/de\/wp-json\/wp\/v2\/pages\/2777\/revisions"}],"predecessor-version":[{"id":3687,"href":"https:\/\/www.eurosandow.com\/de\/wp-json\/wp\/v2\/pages\/2777\/revisions\/3687"}],"wp:featuredmedia":[{"embeddable":true,"href":"https:\/\/www.eurosandow.com\/de\/wp-json\/wp\/v2\/media\/1784"}],"wp:attachment":[{"href":"https:\/\/www.eurosandow.com\/de\/wp-json\/wp\/v2\/media?parent=2777"}],"curies":[{"name":"wp","href":"https:\/\/api.w.org\/{rel}","templated":true}]}}