{"id":2781,"date":"2025-01-22T12:25:36","date_gmt":"2025-01-22T11:25:36","guid":{"rendered":"https:\/\/www.eurosandow.com\/herstellung-von-elastischen-kabeln\/"},"modified":"2025-07-09T15:13:15","modified_gmt":"2025-07-09T13:13:15","slug":"herstellung-von-elastischen-kabeln","status":"publish","type":"page","link":"https:\/\/www.eurosandow.com\/de\/herstellung-von-elastischen-kabeln\/","title":{"rendered":"Herstellung von elastischen Kabeln"},"content":{"rendered":"\n<p><\/p>\n\n\n\n<div class=\"wp-block-columns has-2-columns is-layout-flex wp-container-core-columns-is-layout-9d6595d7 wp-block-columns has-2-columns-is-layout-flex\">\n<div class=\"wp-block-column is-layout-flow wp-block-column-is-layout-flow\">\n<figure class=\"wp-block-image size-full is-resized\"><img decoding=\"async\" width=\"1200\" height=\"800\" src=\"https:\/\/www.eurosandow.com\/app\/uploads\/2024\/12\/image-eurosandow-600-400-14-1.png\" alt=\"\" class=\"wp-image-2332\" style=\"width:796px;height:auto\" srcset=\"https:\/\/www.eurosandow.com\/app\/uploads\/2024\/12\/image-eurosandow-600-400-14-1.png 1200w, https:\/\/www.eurosandow.com\/app\/uploads\/2024\/12\/image-eurosandow-600-400-14-1-300x200.png 300w, https:\/\/www.eurosandow.com\/app\/uploads\/2024\/12\/image-eurosandow-600-400-14-1-1024x683.png 1024w, https:\/\/www.eurosandow.com\/app\/uploads\/2024\/12\/image-eurosandow-600-400-14-1-768x512.png 768w\" sizes=\"(max-width: 1200px) 100vw, 1200px\" \/><\/figure>\n<\/div>\n\n\n\n<div class=\"wp-block-column is-layout-flow wp-block-column-is-layout-flow\">\n<h2 class=\"wp-block-heading\"><strong><mark style=\"background-color:rgba(0, 0, 0, 0)\" class=\"has-inline-color has-orange-color\">Eine gro\u00dfe Auswahl an elastischen Kabeln<\/mark><\/strong><\/h2>\n\n\n\n<p>Wir stellen eine gro\u00dfe Auswahl an Gummikabeln in vielen Farben und mit den folgenden Eigenschaften her:<\/p>\n\n\n\n<ul class=\"wp-block-list\">\n<li><strong>Durchmesser<\/strong>: von 1,5 bis 40 mm<\/li>\n<\/ul>\n\n\n\n<ul class=\"wp-block-list\">\n<li><strong>Mantel<\/strong>: Polyethylen, Polypropylen, Polyester, Baumwolle, Polyamid, Kevlar, Aramid, Glasfaser, Carbonfaser, Kupfer, Technora &#8230; Bei unseren doppelt geflochtenen Kabeln k\u00f6nnen mehrere Kabelmantelmaterialien kombiniert werden, um noch bessere technische Eigenschaften zu erreichen. <\/li>\n<\/ul>\n\n\n\n<ul class=\"wp-block-list\">\n<li><strong>Kern<\/strong>: Naturlatex, Fulflex, Elastan, Elastomer, EPDM &#8230;<\/li>\n<\/ul>\n\n\n\n<ul class=\"wp-block-list\">\n<li><strong>Verpackung<\/strong>: Spule, Rolle, Kabelring, Beutel &#8230;<\/li>\n<\/ul>\n\n\n\n<p>Auf der Grundlage Ihrer Spezifikationen k\u00f6nnen wir ma\u00dfgeschneiderte elastische Kabel entwerfen, die perfekt auf die Anforderungen Ihrer Branche zugeschnitten sind.<\/p>\n<\/div>\n<\/div>\n\n\n\n<div class=\"wp-block-columns has-1-columns is-layout-flex wp-container-core-columns-is-layout-9d6595d7 wp-block-columns has-1-columns-is-layout-flex\">\n<div class=\"wp-block-column is-layout-flow wp-block-column-is-layout-flow\">\n<div style=\"height:48px\" aria-hidden=\"true\" class=\"wp-block-spacer\"><\/div>\n\n\n\n<h2 class=\"wp-block-heading has-text-align-center\"><strong><mark style=\"background-color:rgba(0, 0, 0, 0)\" class=\"has-inline-color has-orange-color\">Ein kontrollierter Herstellungsprozess<\/mark><\/strong><\/h2>\n<\/div>\n<\/div>\n\n\n<div class=\"tabs-block block-gap content-block\" data-aos=\"fade-down\" data-aos-duration=\"1500\">\n    <div class=\"small-width\">\n        <h2 class=\"center\"><\/h2>\n        <div id=\"tabs\" class=\"tabs-wrapper\">\n            <div class=\"tabs-container-wrapper\">\n                <ul class=\"tabs-container tabs\">\n                                    <li class=\"tab-link current\" data-tab=\"tab-1\"><p class=\"tab-title\">Ma\u00dfgeschneidertes Design<\/p><\/li>\n                                        <li class=\"tab-link\" data-tab=\"tab-2\"><p class=\"tab-title\">Franz\u00f6sische Herstellung<\/p><\/li>\n                                        <li class=\"tab-link\" data-tab=\"tab-3\"><p class=\"tab-title\">Qualit\u00e4tskontrolle<\/p><\/li>\n                                    <\/ul>\n            <\/div>\n                                            <div id=\"tab-1\" class=\"tab-content current\">\n                    <div class=\"tab-wrapper full-width\">\n                                                <div class=\"col-text\">\n                                                            <div class=\"tab-element text-rich\"><p>Mit unserem Know-how sind wir in der Lage, technische und leistungsf\u00e4hige Produkte zu entwerfen. Bei der Konstruktion legen wir die Dehnung und die R\u00fcckstellkraft fest, die f\u00fcr den jeweiligen spezifischen Verwendungszweck erforderlich sind.<\/p>\n<p>Je nach Bedarf passen wir die Dehnungs- und Kraftparameter an, um die gew\u00fcnschte Verformung zu erreichen. Unsere elastischen Kabel sind so konzipiert, dass sie eine bestimmte Verformung aufnehmen und auf eine bestimmte Kraft und Belastung reagieren.<\/p>\n<\/div>\n                                                    <\/div>\n                    <\/div>\n                <\/div>\n                                            <div id=\"tab-2\" class=\"tab-content\">\n                    <div class=\"tab-wrapper\">\n                                                <div class=\"col-text\">\n                                                            <div class=\"tab-element text-rich\"><p>Mithilfe genauer Berechnungen und strenger Tests w\u00e4hlen wir die am besten geeigneten Materialien und Herstellungsverfahren wie Flechten und Stricken aus.<\/p>\n<p>Unsere elastischen Kabel werden von unseren erfahrenen Teams in unseren Werkst\u00e4tten in Saint-\u00c9tienne entworfen und hergestellt.<\/p>\n<p>Unser Maschinenpark umfasst ca. 150 Flechtmaschinen sowie 8 spezielle Maschinen zum Stricken von Kabeln, die eine schnelle und qualitativ hochwertige Produktion gew\u00e4hrleisten.<\/p>\n<\/div>\n                                                    <\/div>\n                    <\/div>\n                <\/div>\n                                            <div id=\"tab-3\" class=\"tab-content\">\n                    <div class=\"tab-wrapper\">\n                                                <div class=\"col-text\">\n                                                            <div class=\"tab-element text-rich\"><p>Die Qualit\u00e4t unserer Produkte ist uns ein wichtiges Anliegen. Je nach Bedarf des Kunden und der Anwendung des Produkts werden verschiedene Qualit\u00e4tstests durchgef\u00fchrt.<\/p>\n<p>Wir f\u00fchren Erm\u00fcdungstests oder Zyklustests durch, um zu analysieren, ob das Produkt seine technischen Eigenschaften beibehalten kann, um seine Funktion zu erf\u00fcllen. Bei speziellen Anforderungen arbeiten wir mit verschiedenen Labors zusammen, um die erforderlichen Tests durchzuf\u00fchren.<\/p>\n<p>Sofern keine besonderen Merkmale vorliegen, sollten unsere Produkte nicht \u00fcber 75 % elastische Dehnung hinaus verwendet werden. Die Verwendung unserer Produkte sollte der Regel des gesunden Menschenverstands folgen, ohne unn\u00f6tige Risiken einzugehen. Unsere Produkte sollten nicht mehr verwendet werden, wenn Abnutzungserscheinungen sichtbar sind.<\/p>\n<p>Eurosandow lehnt jede Verantwortung f\u00fcr spezifische Montagen ab, die unsere Produkte einschlie\u00dfen.<\/p>\n<\/div>\n                                                    <\/div>\n                    <\/div>\n                <\/div>\n                    <\/div>\n    <\/div>\n<\/div>\n\n\n<div style=\"height:58px\" aria-hidden=\"true\" class=\"wp-block-spacer\"><\/div>\n\n\n\n<h2 class=\"wp-block-heading has-text-align-center\"><strong>Die Anwendungen<\/strong><\/h2>\n\n\n\n<p class=\"has-text-align-center\">Eurosandow bietet verschiedene Arten von elastischen Seilen an, die einer Reihe von Anwendungen entsprechen. Sie k\u00f6nnen allein oder in Kombination mit anderen Produkten verwendet werden. <\/p>\n\n\n<div class=\"cards-block limit-width\"  data-aos=\"fade-down\" data-aos-duration=\"1500\">\n    <div class=\"icon-text-list\">\n                    <div class=\"icon-list\">\n                                    <a class=\"link-container link\" target=\"\" href=\"https:\/\/www.eurosandow.com\/de\/application\/automobil\/\">\n                                <div class=\"img-container\"><img decoding=\"async\" src=\"https:\/\/www.eurosandow.com\/app\/uploads\/2024\/11\/automobile-3-1.svg\" class=\"logo\" alt=\"\" title=\"\" loading=\"lazy\"\/><\/div>\n                <div class=\"text-container\">\n                    <p class=\"title\">Automobil<\/p>                    <p class=\"subtitle\">Eurosandow zeichnet sich in der Automobilindustrie als innovativer Lieferant von elastischen Kabeln aus. Diese Kabel werden u. a. zur Schaffung von Almosentaschen verwendet, ein ausgekl\u00fcgeltes Konzept, das z. B. beim urspr\u00fcnglichen Modell des Renault Captur angewendet wurde. <br \/>\r\n<br \/>\r\nEurosandow stellt auch Kabel her, die entwickelt wurden, um Touchscreen-Tablets auf den R\u00fccksitzablagen von Fahrzeugen an Ort und Stelle zu halten. <\/p>                <\/div>\n                                    <\/a>\n                            <\/div>\n                    <div class=\"icon-list\">\n                                    <a class=\"link-container link\" target=\"\" href=\"#\">\n                                <div class=\"img-container\"><img decoding=\"async\" src=\"https:\/\/www.eurosandow.com\/app\/uploads\/2024\/12\/Sport-et-Loisirs.svg\" class=\"logo\" alt=\"\" title=\"\" loading=\"lazy\"\/><\/div>\n                <div class=\"text-container\">\n                    <p class=\"title\">Sport und Freizeit<\/p>                    <p class=\"subtitle\">Unsere elastischen Seile werden sehr h\u00e4ufig f\u00fcr Freizeitaktivit\u00e4ten, Shows (Zirkus, Akrobaten) verwendet. <br \/>\r\n<br \/>\r\nEurosandow bietet Ihnen ein Akrobatikseil an, das speziell f\u00fcr die Olympischen Spiele 1992 entwickelt wurde. Seine Dehnungseigenschaften machen dieses Seil zu einem einzigartigen und gesch\u00fctzten Modell. Dieses Seil mit seinen sehr genauen Eigenschaften wurde von Akrobaten auf Kletterger\u00fcsten minuti\u00f6s entwickelt.<br \/>\r\n<br \/>\r\nAuch heute noch liefern wir dieses Kabel f\u00fcr verschiedene Anwendungen, u. a. f\u00fcr den renommierten Cirque du Soleil, und f\u00fchren damit das Erbe dieser Innovation fort. <br \/>\r\n<\/p>                <\/div>\n                                    <\/a>\n                            <\/div>\n                    <div class=\"icon-list\">\n                                    <a class=\"link-container link\" target=\"\" href=\"#\">\n                                <div class=\"img-container\"><img decoding=\"async\" src=\"https:\/\/www.eurosandow.com\/app\/uploads\/2024\/12\/Industrie-2.svg\" class=\"logo\" alt=\"\" title=\"\" loading=\"lazy\"\/><\/div>\n                <div class=\"text-container\">\n                    <p class=\"title\">Industrie<\/p>                    <p class=\"subtitle\">Unsere elastischen Kabel werden in der Industrie vielfach eingesetzt, um verschiedene technische Anforderungen zu erf\u00fcllen. Wir bieten eine Reihe spezieller Materialien an, die f\u00fcr jeden Zweck und jede technische Einschr\u00e4nkung geeignet sind, darunter Kevlar, Technora, Glasfaser, recycelte Materialien, Aramid und Kupfer.<br \/>\r\n<br \/>\r\nJe nach Anforderung k\u00f6nnen besondere Behandlungen angewendet werden, wie z. B. flammhemmende Gurte f\u00fcr entflammbare Umgebungen.<br \/>\r\n<br \/>\r\nUm der steigenden Nachfrage nach umweltfreundlichen Textill\u00f6sungen in der Industrie gerecht zu werden, haben wir biologisch abbaubare Kabel entwickelt. Diese Kabel, die in unseren Fabriken hergestellt werden, bestehen aus einem Latexkern und einer H\u00fclle aus Maisgarn.<br \/>\r\n<\/p>                <\/div>\n                                    <\/a>\n                            <\/div>\n            <\/div>\n<\/div>\n\n\n<div style=\"height:76px\" aria-hidden=\"true\" class=\"wp-block-spacer\"><\/div>\n\n\n<div class=\"banner-cta small-width\" data-aos=\"fade-up\" data-aos-duration=\"1500\">\n    <div class=\"inner-banner\">\n        <div class=\"text-container\">\n            <span classs=\"uptitle\">Entdecken Sie unseren Katalog<\/span>            <h2 classs=\"title\">Sehen Sie sich unseren Katalog an<\/h2>            <div class=\"buttons-container\">\n                                    <a class=\"wp-block-button__link has-white-color has-text-color has-link-color wp-element-button\" target=\"\" href=\"https:\/\/www.eurosandow.com\/de\/laden-sie-unseren-katalog-herunter\/\">Katalog ansehen<\/a>\n                            <\/div>\n        <\/div>\n        <picture>\n            <source srcset=\"https:\/\/www.eurosandow.com\/app\/uploads\/2024\/07\/croix-1024x792.png\" media=\"(max-width: 1024px)\" \/>\n            <img decoding=\"async\" src=\"https:\/\/www.eurosandow.com\/app\/uploads\/2024\/07\/croix.png\" alt=\"\" title=\"\" loading=\"lazy\"\/>\n        <\/picture>\n    <\/div>\n<\/div>","protected":false},"excerpt":{"rendered":"<p>Eine gro\u00dfe Auswahl an elastischen Kabeln Wir stellen eine gro\u00dfe Auswahl an Gummikabeln in vielen Farben und mit den folgenden Eigenschaften her: Auf der Grundlage Ihrer Spezifikationen k\u00f6nnen wir ma\u00dfgeschneiderte elastische Kabel entwerfen, die perfekt auf die Anforderungen Ihrer Branche zugeschnitten sind. Ein kontrollierter Herstellungsprozess Die Anwendungen Eurosandow bietet verschiedene Arten von elastischen Seilen an, [&hellip;]<\/p>\n","protected":false},"author":2,"featured_media":1789,"parent":0,"menu_order":0,"comment_status":"closed","ping_status":"closed","template":"template-product.php","meta":{"_acf_changed":false,"footnotes":""},"class_list":["post-2781","page","type-page","status-publish","has-post-thumbnail","hentry"],"acf":[],"yoast_head":"<!-- This site is optimized with the Yoast SEO plugin v27.3 - https:\/\/yoast.com\/product\/yoast-seo-wordpress\/ -->\n<title>Herstellung von elastischen Kabeln - Eurosandow<\/title>\n<meta name=\"description\" content=\"Auf der Grundlage Ihrer Spezifikationen k\u00f6nnen wir ma\u00dfgeschneiderte elastische Kabel entwerfen, die genau auf Ihre Anforderungen zugeschnitten sind.\" \/>\n<meta name=\"robots\" content=\"index, follow, max-snippet:-1, max-image-preview:large, max-video-preview:-1\" \/>\n<link rel=\"canonical\" href=\"https:\/\/www.eurosandow.com\/de\/herstellung-von-elastischen-kabeln\/\" \/>\n<meta property=\"og:locale\" content=\"de_DE\" \/>\n<meta property=\"og:type\" content=\"article\" \/>\n<meta property=\"og:title\" content=\"Herstellung von elastischen Kabeln - Eurosandow\" \/>\n<meta property=\"og:description\" content=\"Auf der Grundlage Ihrer Spezifikationen k\u00f6nnen wir ma\u00dfgeschneiderte elastische Kabel entwerfen, die genau auf Ihre Anforderungen zugeschnitten sind.\" \/>\n<meta property=\"og:url\" content=\"https:\/\/www.eurosandow.com\/de\/herstellung-von-elastischen-kabeln\/\" \/>\n<meta property=\"og:site_name\" content=\"Eurosandow\" \/>\n<meta property=\"article:modified_time\" content=\"2025-07-09T13:13:15+00:00\" \/>\n<meta property=\"og:image\" content=\"https:\/\/www.eurosandow.com\/app\/uploads\/2024\/12\/Design-sans-titre-2024-12-04T112825.805.png\" \/>\n\t<meta property=\"og:image:width\" content=\"570\" \/>\n\t<meta property=\"og:image:height\" content=\"570\" \/>\n\t<meta property=\"og:image:type\" content=\"image\/png\" \/>\n<meta name=\"twitter:card\" content=\"summary_large_image\" \/>\n<meta name=\"twitter:label1\" content=\"Est. reading time\" \/>\n\t<meta name=\"twitter:data1\" content=\"2 minutes\" \/>\n<script type=\"application\/ld+json\" class=\"yoast-schema-graph\">{\"@context\":\"https:\\\/\\\/schema.org\",\"@graph\":[{\"@type\":\"WebPage\",\"@id\":\"https:\\\/\\\/www.eurosandow.com\\\/de\\\/herstellung-von-elastischen-kabeln\\\/\",\"url\":\"https:\\\/\\\/www.eurosandow.com\\\/de\\\/herstellung-von-elastischen-kabeln\\\/\",\"name\":\"Herstellung von elastischen Kabeln - Eurosandow\",\"isPartOf\":{\"@id\":\"https:\\\/\\\/www.eurosandow.com\\\/de\\\/#website\"},\"primaryImageOfPage\":{\"@id\":\"https:\\\/\\\/www.eurosandow.com\\\/de\\\/herstellung-von-elastischen-kabeln\\\/#primaryimage\"},\"image\":{\"@id\":\"https:\\\/\\\/www.eurosandow.com\\\/de\\\/herstellung-von-elastischen-kabeln\\\/#primaryimage\"},\"thumbnailUrl\":\"https:\\\/\\\/www.eurosandow.com\\\/app\\\/uploads\\\/2024\\\/12\\\/Design-sans-titre-2024-12-04T112825.805.png\",\"datePublished\":\"2025-01-22T11:25:36+00:00\",\"dateModified\":\"2025-07-09T13:13:15+00:00\",\"description\":\"Auf der Grundlage Ihrer Spezifikationen k\u00f6nnen wir ma\u00dfgeschneiderte elastische Kabel entwerfen, die genau auf Ihre Anforderungen zugeschnitten sind.\",\"breadcrumb\":{\"@id\":\"https:\\\/\\\/www.eurosandow.com\\\/de\\\/herstellung-von-elastischen-kabeln\\\/#breadcrumb\"},\"inLanguage\":\"de-DE\",\"potentialAction\":[{\"@type\":\"ReadAction\",\"target\":[\"https:\\\/\\\/www.eurosandow.com\\\/de\\\/herstellung-von-elastischen-kabeln\\\/\"]}]},{\"@type\":\"ImageObject\",\"inLanguage\":\"de-DE\",\"@id\":\"https:\\\/\\\/www.eurosandow.com\\\/de\\\/herstellung-von-elastischen-kabeln\\\/#primaryimage\",\"url\":\"https:\\\/\\\/www.eurosandow.com\\\/app\\\/uploads\\\/2024\\\/12\\\/Design-sans-titre-2024-12-04T112825.805.png\",\"contentUrl\":\"https:\\\/\\\/www.eurosandow.com\\\/app\\\/uploads\\\/2024\\\/12\\\/Design-sans-titre-2024-12-04T112825.805.png\",\"width\":570,\"height\":570},{\"@type\":\"BreadcrumbList\",\"@id\":\"https:\\\/\\\/www.eurosandow.com\\\/de\\\/herstellung-von-elastischen-kabeln\\\/#breadcrumb\",\"itemListElement\":[{\"@type\":\"ListItem\",\"position\":1,\"name\":\"Accueil\",\"item\":\"https:\\\/\\\/www.eurosandow.com\\\/de\\\/\"},{\"@type\":\"ListItem\",\"position\":2,\"name\":\"Herstellung von elastischen Kabeln\"}]},{\"@type\":\"WebSite\",\"@id\":\"https:\\\/\\\/www.eurosandow.com\\\/de\\\/#website\",\"url\":\"https:\\\/\\\/www.eurosandow.com\\\/de\\\/\",\"name\":\"Eurosandow\",\"description\":\"Tendeurs, sangles et filets\",\"publisher\":{\"@id\":\"https:\\\/\\\/www.eurosandow.com\\\/de\\\/#organization\"},\"potentialAction\":[{\"@type\":\"SearchAction\",\"target\":{\"@type\":\"EntryPoint\",\"urlTemplate\":\"https:\\\/\\\/www.eurosandow.com\\\/de\\\/?s={search_term_string}\"},\"query-input\":{\"@type\":\"PropertyValueSpecification\",\"valueRequired\":true,\"valueName\":\"search_term_string\"}}],\"inLanguage\":\"de-DE\"},{\"@type\":\"Organization\",\"@id\":\"https:\\\/\\\/www.eurosandow.com\\\/de\\\/#organization\",\"name\":\"Eurosandow\",\"url\":\"https:\\\/\\\/www.eurosandow.com\\\/de\\\/\",\"logo\":{\"@type\":\"ImageObject\",\"inLanguage\":\"de-DE\",\"@id\":\"https:\\\/\\\/www.eurosandow.com\\\/de\\\/#\\\/schema\\\/logo\\\/image\\\/\",\"url\":\"https:\\\/\\\/www.eurosandow.com\\\/app\\\/uploads\\\/2024\\\/08\\\/eurosandow.svg\",\"contentUrl\":\"https:\\\/\\\/www.eurosandow.com\\\/app\\\/uploads\\\/2024\\\/08\\\/eurosandow.svg\",\"caption\":\"Eurosandow\"},\"image\":{\"@id\":\"https:\\\/\\\/www.eurosandow.com\\\/de\\\/#\\\/schema\\\/logo\\\/image\\\/\"}}]}<\/script>\n<!-- \/ Yoast SEO plugin. -->","yoast_head_json":{"title":"Herstellung von elastischen Kabeln - Eurosandow","description":"Auf der Grundlage Ihrer Spezifikationen k\u00f6nnen wir ma\u00dfgeschneiderte elastische Kabel entwerfen, die genau auf Ihre Anforderungen zugeschnitten sind.","robots":{"index":"index","follow":"follow","max-snippet":"max-snippet:-1","max-image-preview":"max-image-preview:large","max-video-preview":"max-video-preview:-1"},"canonical":"https:\/\/www.eurosandow.com\/de\/herstellung-von-elastischen-kabeln\/","og_locale":"de_DE","og_type":"article","og_title":"Herstellung von elastischen Kabeln - Eurosandow","og_description":"Auf der Grundlage Ihrer Spezifikationen k\u00f6nnen wir ma\u00dfgeschneiderte elastische Kabel entwerfen, die genau auf Ihre Anforderungen zugeschnitten sind.","og_url":"https:\/\/www.eurosandow.com\/de\/herstellung-von-elastischen-kabeln\/","og_site_name":"Eurosandow","article_modified_time":"2025-07-09T13:13:15+00:00","og_image":[{"width":570,"height":570,"url":"https:\/\/www.eurosandow.com\/app\/uploads\/2024\/12\/Design-sans-titre-2024-12-04T112825.805.png","type":"image\/png"}],"twitter_card":"summary_large_image","twitter_misc":{"Est. reading time":"2 minutes"},"schema":{"@context":"https:\/\/schema.org","@graph":[{"@type":"WebPage","@id":"https:\/\/www.eurosandow.com\/de\/herstellung-von-elastischen-kabeln\/","url":"https:\/\/www.eurosandow.com\/de\/herstellung-von-elastischen-kabeln\/","name":"Herstellung von elastischen Kabeln - Eurosandow","isPartOf":{"@id":"https:\/\/www.eurosandow.com\/de\/#website"},"primaryImageOfPage":{"@id":"https:\/\/www.eurosandow.com\/de\/herstellung-von-elastischen-kabeln\/#primaryimage"},"image":{"@id":"https:\/\/www.eurosandow.com\/de\/herstellung-von-elastischen-kabeln\/#primaryimage"},"thumbnailUrl":"https:\/\/www.eurosandow.com\/app\/uploads\/2024\/12\/Design-sans-titre-2024-12-04T112825.805.png","datePublished":"2025-01-22T11:25:36+00:00","dateModified":"2025-07-09T13:13:15+00:00","description":"Auf der Grundlage Ihrer Spezifikationen k\u00f6nnen wir ma\u00dfgeschneiderte elastische Kabel entwerfen, die genau auf Ihre Anforderungen zugeschnitten sind.","breadcrumb":{"@id":"https:\/\/www.eurosandow.com\/de\/herstellung-von-elastischen-kabeln\/#breadcrumb"},"inLanguage":"de-DE","potentialAction":[{"@type":"ReadAction","target":["https:\/\/www.eurosandow.com\/de\/herstellung-von-elastischen-kabeln\/"]}]},{"@type":"ImageObject","inLanguage":"de-DE","@id":"https:\/\/www.eurosandow.com\/de\/herstellung-von-elastischen-kabeln\/#primaryimage","url":"https:\/\/www.eurosandow.com\/app\/uploads\/2024\/12\/Design-sans-titre-2024-12-04T112825.805.png","contentUrl":"https:\/\/www.eurosandow.com\/app\/uploads\/2024\/12\/Design-sans-titre-2024-12-04T112825.805.png","width":570,"height":570},{"@type":"BreadcrumbList","@id":"https:\/\/www.eurosandow.com\/de\/herstellung-von-elastischen-kabeln\/#breadcrumb","itemListElement":[{"@type":"ListItem","position":1,"name":"Accueil","item":"https:\/\/www.eurosandow.com\/de\/"},{"@type":"ListItem","position":2,"name":"Herstellung von elastischen Kabeln"}]},{"@type":"WebSite","@id":"https:\/\/www.eurosandow.com\/de\/#website","url":"https:\/\/www.eurosandow.com\/de\/","name":"Eurosandow","description":"Tendeurs, sangles et filets","publisher":{"@id":"https:\/\/www.eurosandow.com\/de\/#organization"},"potentialAction":[{"@type":"SearchAction","target":{"@type":"EntryPoint","urlTemplate":"https:\/\/www.eurosandow.com\/de\/?s={search_term_string}"},"query-input":{"@type":"PropertyValueSpecification","valueRequired":true,"valueName":"search_term_string"}}],"inLanguage":"de-DE"},{"@type":"Organization","@id":"https:\/\/www.eurosandow.com\/de\/#organization","name":"Eurosandow","url":"https:\/\/www.eurosandow.com\/de\/","logo":{"@type":"ImageObject","inLanguage":"de-DE","@id":"https:\/\/www.eurosandow.com\/de\/#\/schema\/logo\/image\/","url":"https:\/\/www.eurosandow.com\/app\/uploads\/2024\/08\/eurosandow.svg","contentUrl":"https:\/\/www.eurosandow.com\/app\/uploads\/2024\/08\/eurosandow.svg","caption":"Eurosandow"},"image":{"@id":"https:\/\/www.eurosandow.com\/de\/#\/schema\/logo\/image\/"}}]}},"_links":{"self":[{"href":"https:\/\/www.eurosandow.com\/de\/wp-json\/wp\/v2\/pages\/2781","targetHints":{"allow":["GET"]}}],"collection":[{"href":"https:\/\/www.eurosandow.com\/de\/wp-json\/wp\/v2\/pages"}],"about":[{"href":"https:\/\/www.eurosandow.com\/de\/wp-json\/wp\/v2\/types\/page"}],"author":[{"embeddable":true,"href":"https:\/\/www.eurosandow.com\/de\/wp-json\/wp\/v2\/users\/2"}],"replies":[{"embeddable":true,"href":"https:\/\/www.eurosandow.com\/de\/wp-json\/wp\/v2\/comments?post=2781"}],"version-history":[{"count":5,"href":"https:\/\/www.eurosandow.com\/de\/wp-json\/wp\/v2\/pages\/2781\/revisions"}],"predecessor-version":[{"id":3688,"href":"https:\/\/www.eurosandow.com\/de\/wp-json\/wp\/v2\/pages\/2781\/revisions\/3688"}],"wp:featuredmedia":[{"embeddable":true,"href":"https:\/\/www.eurosandow.com\/de\/wp-json\/wp\/v2\/media\/1789"}],"wp:attachment":[{"href":"https:\/\/www.eurosandow.com\/de\/wp-json\/wp\/v2\/media?parent=2781"}],"curies":[{"name":"wp","href":"https:\/\/api.w.org\/{rel}","templated":true}]}}