{"id":2787,"date":"2025-01-22T12:44:48","date_gmt":"2025-01-22T11:44:48","guid":{"rendered":"https:\/\/www.eurosandow.com\/herstellung-von-seilen-kordeln-und-fallen\/"},"modified":"2025-07-09T15:13:46","modified_gmt":"2025-07-09T13:13:46","slug":"herstellung-von-seilen-kordeln-und-fallen","status":"publish","type":"page","link":"https:\/\/www.eurosandow.com\/de\/herstellung-von-seilen-kordeln-und-fallen\/","title":{"rendered":"Herstellung von Seilen, Kordeln und Fallen"},"content":{"rendered":"\n<div class=\"wp-block-columns has-1-columns is-layout-flex wp-container-core-columns-is-layout-9d6595d7 wp-block-columns has-1-columns-is-layout-flex\">\n<div class=\"wp-block-column is-layout-flow wp-block-column-is-layout-flow\">\n<h2 class=\"wp-block-heading\"><strong><mark style=\"background-color:rgba(0, 0, 0, 0)\" class=\"has-inline-color has-orange-color\">Ein komplettes Sortiment an Seilen, Schn\u00fcren und Fallen<\/mark><\/strong><\/h2>\n\n\n\n<p>Eurosandow stellt ein komplettes Sortiment an elastischen oder starren Fallen, Schn\u00fcren und Seilen her. Unsere Produkte sind in Durchmessern von 1,5 bis 8 mm erh\u00e4ltlich und werden in einer breiten Palette von Farben und Materialien angeboten, um sich an alle Ihre Anforderungen anzupassen. <\/p>\n\n\n\n<p>Wir bieten Decken aus hochwertigen Materialien wie Polyethylen, Polypropylen, Polyester, Baumwolle, Polyamid, Kevlar, Aramid, Glasfaser und sogar Kupfer an, die Robustheit und Langlebigkeit gew\u00e4hrleisten. <\/p>\n\n\n\n<p>Der Kern unserer Schn\u00fcre hingegen kann aus Naturlatex, Fulflex, Elastan, Elastomer oder EPDM bestehen. Diese Materialien werden sorgf\u00e4ltig ausgew\u00e4hlt, um eine optimale Leistung zu gew\u00e4hrleisten, die f\u00fcr jeden Zweck geeignet ist.  <\/p>\n\n\n\n<p>Wir k\u00f6nnen Sie bei der Auswahl des richtigen Materials und der richtigen Behandlung beraten, je nachdem, wie Ihre Kordeln speziell verwendet werden sollen.<\/p>\n\n\n\n<p>Unsere Erfahrung auf dem Flechtmarkt hat uns dazu veranlasst, eine gro\u00dfe Auswahl an Endst\u00fccken f\u00fcr unsere Kordeln zu entwickeln (Haken, Kausche, Ferret&#8230;), die auf unser Gummikabel und unsere Kordeln gecrimpt oder aufgespritzt werden k\u00f6nnen. <\/p>\n\n\n\n<p>Unser Textilmaschinenpark (Flecht-, Web- und Strickmaschinen&#8230;), zusammen mit unseren 30 verschiedenen Crimpmaschinen und unseren 5 manuellen oder automatischen Umspritzpressen, erm\u00f6glicht es uns, zahlreiche Kordelmodelle zu entwerfen.<\/p>\n\n\n\n<div style=\"height:53px\" aria-hidden=\"true\" class=\"wp-block-spacer\"><\/div>\n<\/div>\n<\/div>\n\n\n\n<div class=\"wp-block-columns has-2-columns has-grey-background-color has-background is-layout-flex wp-container-core-columns-is-layout-9d6595d7 wp-block-columns has-2-columns-is-layout-flex\">\n<div class=\"wp-block-column is-vertically-aligned-center is-layout-flow wp-block-column-is-layout-flow\">\n<h2 class=\"wp-block-heading has-orange-color has-text-color has-link-color wp-elements-90dd771beb8ec451792194d59ba875db\"><strong><mark style=\"background-color:rgba(0, 0, 0, 0)\" class=\"has-inline-color has-orange-color\">Design von ma\u00dfgeschneiderten Kordeln<\/mark><\/strong><\/h2>\n\n\n\n<p>Jedes Projekt ist einzigartig. Von der Wahl des Materials \u00fcber die Herstellungstechnik bis hin zur Farbe kann jeder Aspekt unserer Kordeln so angepasst werden, dass er genau den Spezifikationen Ihres Lastenhefts entspricht. <\/p>\n\n\n\n<p>Mit unserer \u00fcber 80-j\u00e4hrigen Erfahrung in der Herstellung von Kordeln, Seilen und Fallen stehen wir Ihnen mit unserem gesamten Fachwissen zur Seite, um leistungsf\u00e4hige Produkte herzustellen. <\/p>\n\n\n\n<p>Wir werden gemeinsam die Produkteigenschaften wie Dehnungs- und Bruchfestigkeit festlegen, um eine zuverl\u00e4ssige und dauerhafte Leistung zu gew\u00e4hrleisten.<\/p>\n\n\n\n<p>Unsere ma\u00dfgeschneiderten L\u00f6sungen sind so konzipiert, dass sie die Endfunktion des Produkts in vollem Umfang erf\u00fcllen und Qualit\u00e4t, Pr\u00e4zision und Innovation miteinander verbinden.<\/p>\n<\/div>\n\n\n\n<div class=\"wp-block-column is-layout-flow wp-block-column-is-layout-flow\"><div class=\"simple-slider-block small-width\">\n    <div class=\"simple-slider swiper\">\n        <div class=\"swiper-wrapper\">\n                            <img decoding=\"async\" src=\"https:\/\/www.eurosandow.com\/app\/uploads\/2024\/12\/bloc-gallerie-eurosandow-29.png\" class=\"logo swiper-slide\" alt=\"\" title=\"\" loading=\"lazy\"\/>\n                            <img decoding=\"async\" src=\"https:\/\/www.eurosandow.com\/app\/uploads\/2024\/12\/bloc-gallerie-eurosandow-28.png\" class=\"logo swiper-slide\" alt=\"\" title=\"\" loading=\"lazy\"\/>\n                            <img decoding=\"async\" src=\"https:\/\/www.eurosandow.com\/app\/uploads\/2024\/12\/bloc-gallerie-eurosandow-27.png\" class=\"logo swiper-slide\" alt=\"\" title=\"\" loading=\"lazy\"\/>\n                            <img decoding=\"async\" src=\"https:\/\/www.eurosandow.com\/app\/uploads\/2024\/12\/bloc-gallerie-eurosandow-26.png\" class=\"logo swiper-slide\" alt=\"\" title=\"\" loading=\"lazy\"\/>\n                            <img decoding=\"async\" src=\"https:\/\/www.eurosandow.com\/app\/uploads\/2024\/12\/bloc-gallerie-eurosandow-25.png\" class=\"logo swiper-slide\" alt=\"\" title=\"\" loading=\"lazy\"\/>\n                            <img decoding=\"async\" src=\"https:\/\/www.eurosandow.com\/app\/uploads\/2024\/12\/bloc-gallerie-eurosandow-24.png\" class=\"logo swiper-slide\" alt=\"\" title=\"\" loading=\"lazy\"\/>\n                            <img decoding=\"async\" src=\"https:\/\/www.eurosandow.com\/app\/uploads\/2024\/12\/bloc-gallerie-eurosandow-23.png\" class=\"logo swiper-slide\" alt=\"\" title=\"\" loading=\"lazy\"\/>\n                    <\/div>\n        <div class=\"swiper-pagination simple\"><\/div>\n    <\/div>\n<\/div><\/div>\n<\/div>\n\n\n\n<div class=\"wp-block-columns has-1-columns is-layout-flex wp-container-core-columns-is-layout-9d6595d7 wp-block-columns has-1-columns-is-layout-flex\">\n<div class=\"wp-block-column is-layout-flow wp-block-column-is-layout-flow\">\n<div style=\"height:48px\" aria-hidden=\"true\" class=\"wp-block-spacer\"><\/div>\n<\/div>\n<\/div>\n\n\n\n<div style=\"height:58px\" aria-hidden=\"true\" class=\"wp-block-spacer\"><\/div>\n\n\n\n<h2 class=\"wp-block-heading has-text-align-center\"><strong><mark style=\"background-color:rgba(0, 0, 0, 0)\" class=\"has-inline-color has-orange-color\">Die Anwendungen<\/mark><\/strong><\/h2>\n\n\n\n<p class=\"has-text-align-center\">Produkte f\u00fcr viele Anwendungen geeignet<\/p>\n\n\n\n<div class=\"wp-block-columns has-1-columns is-layout-flex wp-container-core-columns-is-layout-9d6595d7 wp-block-columns has-1-columns-is-layout-flex\">\n<div class=\"wp-block-column is-layout-flow wp-block-column-is-layout-flow\"><\/div>\n<\/div>\n\n\n<div class=\"cards-block limit-width\"  data-aos=\"fade-down\" data-aos-duration=\"1500\">\n    <div class=\"icon-text-list\">\n                    <div class=\"icon-list\">\n                                    <a class=\"link-container link\" target=\"\" href=\"https:\/\/www.eurosandow.com\/de\/application\/automobil\/\">\n                                <div class=\"img-container\"><img decoding=\"async\" src=\"https:\/\/www.eurosandow.com\/app\/uploads\/2024\/11\/automobile-3-1.svg\" class=\"logo\" alt=\"\" title=\"\" loading=\"lazy\"\/><\/div>\n                <div class=\"text-container\">\n                    <p class=\"title\">Automobil<\/p>                    <p class=\"subtitle\">Eurosandow liefert eine breite Palette an ma\u00dfgeschneiderten Kordeln an Automobilhersteller. Unsere Schn\u00fcre zum Anheben des Kofferraumdeckels, der Hutablagen und zur Begrenzung des Bewegungsspielraums werden in verschiedenen Konfigurationen verwendet. <br \/>\r\n<br \/>\r\nWir stellen auch spezielle Kordeln f\u00fcr die Griffe von Kofferraummatten her. Unsere Stringing-Schn\u00fcre sind f\u00fcr die Montage von gepolsterten Sitzen unerl\u00e4sslich, w\u00e4hrend unsere elastischen, Spann- und Befestigungsschn\u00fcre zur Sicherung von Netzen und anderen in die Sitze integrierten Zubeh\u00f6rteilen entwickelt wurden. Dar\u00fcber hinaus bieten wir Kordeln f\u00fcr spezielle Zwecke an, z. B. zum Halten von \u00d6lkanistern.<br \/>\r\n<\/p>                <\/div>\n                                    <\/a>\n                            <\/div>\n                    <div class=\"icon-list\">\n                                    <a class=\"link-container link\" target=\"\" href=\"#\">\n                                <div class=\"img-container\"><img decoding=\"async\" src=\"https:\/\/www.eurosandow.com\/app\/uploads\/2024\/12\/Affichage.svg\" class=\"logo\" alt=\"\" title=\"\" loading=\"lazy\"\/><\/div>\n                <div class=\"text-container\">\n                    <p class=\"title\">Plakate und Veranstaltungen<\/p>                    <p class=\"subtitle\">Unsere Fallen werden unter anderem zum Spannen von Vorh\u00e4ngen auf den B\u00fchnen verschiedener Auff\u00fchrungen verwendet.<br \/>\r\n<\/p>                <\/div>\n                                    <\/a>\n                            <\/div>\n                    <div class=\"icon-list\">\n                                    <a class=\"link-container link\" target=\"\" href=\"#\">\n                                <div class=\"img-container\"><img decoding=\"async\" src=\"https:\/\/www.eurosandow.com\/app\/uploads\/2024\/12\/PLV-Emballage.svg\" class=\"logo\" alt=\"\" title=\"\" loading=\"lazy\"\/><\/div>\n                <div class=\"text-container\">\n                    <p class=\"title\">Verpackung und Packaging<\/p>                    <p class=\"subtitle\">Wir bieten individuell gestaltbare Kordeln und Zugb\u00e4nder f\u00fcr Werbetaschen an. Sie sind robust und elegant, sorgen f\u00fcr einen sicheren Verschluss der Tasche und gew\u00e4hrleisten den Schutz der Produkte. <br \/>\r\n<\/p>                <\/div>\n                                    <\/a>\n                            <\/div>\n            <\/div>\n<\/div>\n\n\n<div style=\"height:52px\" aria-hidden=\"true\" class=\"wp-block-spacer\"><\/div>\n\n\n\n<div class=\"wp-block-columns has-1-columns is-layout-flex wp-container-core-columns-is-layout-9d6595d7 wp-block-columns has-1-columns-is-layout-flex\">\n<div class=\"wp-block-column is-layout-flow wp-block-column-is-layout-flow\">\n<h2 class=\"wp-block-heading\"><strong><mark style=\"background-color:rgba(0, 0, 0, 0)\" class=\"has-inline-color has-orange-color\">Hochwertige Kordeln, Seile und Fallen<\/mark><\/strong><\/h2>\n\n\n\n<p>Die Qualit\u00e4t unserer Produkte steht im Mittelpunkt unseres Herstellungsprozesses. Wir f\u00fchren verschiedene Qualit\u00e4tstests durch, um die Sicherheit und Zuverl\u00e4ssigkeit unserer Produkte zu gew\u00e4hrleisten.  <\/p>\n\n\n\n<p>Wir f\u00fchren z. B. Erm\u00fcdungstests oder Zyklustests durch, um zu analysieren, ob das Produkt seine technischen Eigenschaften beibehalten kann, um seine Funktion zu erf\u00fcllen. <\/p>\n\n\n\n<p>Sofern keine besonderen Merkmale vorliegen, sollten unsere Produkte nicht \u00fcber 75% elastische Dehnung hinaus verwendet werden. Die Verwendung unserer Produkte sollte der Regel des gesunden Menschenverstands folgen, ohne unn\u00f6tige Risiken einzugehen. Unsere Produkte sollten nicht mehr verwendet werden, wenn Abnutzungserscheinungen sichtbar sind.  <\/p>\n\n\n\n<p>Eurosandow lehnt jede Verantwortung f\u00fcr spezifische Montagen ab, die unsere Produkte einschlie\u00dfen.<\/p>\n\n\n\n<div style=\"height:54px\" aria-hidden=\"true\" class=\"wp-block-spacer\"><\/div>\n<\/div>\n<\/div>\n\n\n<div class=\"banner-cta small-width\" data-aos=\"fade-up\" data-aos-duration=\"1500\">\n    <div class=\"inner-banner\">\n        <div class=\"text-container\">\n            <span classs=\"uptitle\">Entdecken Sie unseren Katalog<\/span>            <h2 classs=\"title\">Sehen Sie sich unseren Katalog an<\/h2>            <div class=\"buttons-container\">\n                                    <a class=\"wp-block-button__link has-white-color has-text-color has-link-color wp-element-button\" target=\"\" href=\"https:\/\/www.eurosandow.com\/de\/laden-sie-unseren-katalog-herunter\/\">Katalog ansehen<\/a>\n                            <\/div>\n        <\/div>\n        <picture>\n            <source srcset=\"https:\/\/www.eurosandow.com\/app\/uploads\/2024\/07\/croix-1024x792.png\" media=\"(max-width: 1024px)\" \/>\n            <img decoding=\"async\" src=\"https:\/\/www.eurosandow.com\/app\/uploads\/2024\/07\/croix.png\" alt=\"\" title=\"\" loading=\"lazy\"\/>\n        <\/picture>\n    <\/div>\n<\/div>","protected":false},"excerpt":{"rendered":"<p>Ein komplettes Sortiment an Seilen, Schn\u00fcren und Fallen Eurosandow stellt ein komplettes Sortiment an elastischen oder starren Fallen, Schn\u00fcren und Seilen her. Unsere Produkte sind in Durchmessern von 1,5 bis 8 mm erh\u00e4ltlich und werden in einer breiten Palette von Farben und Materialien angeboten, um sich an alle Ihre Anforderungen anzupassen. Wir bieten Decken aus [&hellip;]<\/p>\n","protected":false},"author":2,"featured_media":759,"parent":0,"menu_order":0,"comment_status":"closed","ping_status":"closed","template":"template-product.php","meta":{"_acf_changed":false,"footnotes":""},"class_list":["post-2787","page","type-page","status-publish","has-post-thumbnail","hentry"],"acf":[],"yoast_head":"<!-- This site is optimized with the Yoast SEO plugin v27.1.1 - https:\/\/yoast.com\/product\/yoast-seo-wordpress\/ -->\n<title>Herstellung von Seilen, Kordeln und Fallen - Eurosandow<\/title>\n<meta name=\"description\" content=\"Eurosandow stellt ein komplettes Sortiment an elastischen oder starren Kordeln, Seilen und Fallen f\u00fcr eine Vielzahl von Anwendungen her.\" \/>\n<meta name=\"robots\" content=\"index, follow, max-snippet:-1, max-image-preview:large, max-video-preview:-1\" \/>\n<link rel=\"canonical\" href=\"https:\/\/www.eurosandow.com\/de\/herstellung-von-seilen-kordeln-und-fallen\/\" \/>\n<meta property=\"og:locale\" content=\"de_DE\" \/>\n<meta property=\"og:type\" content=\"article\" \/>\n<meta property=\"og:title\" content=\"Herstellung von Seilen, Kordeln und Fallen - Eurosandow\" \/>\n<meta property=\"og:description\" content=\"Eurosandow stellt ein komplettes Sortiment an elastischen oder starren Kordeln, Seilen und Fallen f\u00fcr eine Vielzahl von Anwendungen her.\" \/>\n<meta property=\"og:url\" content=\"https:\/\/www.eurosandow.com\/de\/herstellung-von-seilen-kordeln-und-fallen\/\" \/>\n<meta property=\"og:site_name\" content=\"Eurosandow\" \/>\n<meta property=\"article:modified_time\" content=\"2025-07-09T13:13:46+00:00\" \/>\n<meta property=\"og:image\" content=\"https:\/\/www.eurosandow.com\/app\/uploads\/2024\/09\/cordon-de-relevage-plancher-renault-nissan_600x600.jpg\" \/>\n\t<meta property=\"og:image:width\" content=\"462\" \/>\n\t<meta property=\"og:image:height\" content=\"462\" \/>\n\t<meta property=\"og:image:type\" content=\"image\/jpeg\" \/>\n<meta name=\"twitter:card\" content=\"summary_large_image\" \/>\n<meta name=\"twitter:label1\" content=\"Est. reading time\" \/>\n\t<meta name=\"twitter:data1\" content=\"3 minutes\" \/>\n<script type=\"application\/ld+json\" class=\"yoast-schema-graph\">{\"@context\":\"https:\/\/schema.org\",\"@graph\":[{\"@type\":\"WebPage\",\"@id\":\"https:\/\/www.eurosandow.com\/de\/herstellung-von-seilen-kordeln-und-fallen\/\",\"url\":\"https:\/\/www.eurosandow.com\/de\/herstellung-von-seilen-kordeln-und-fallen\/\",\"name\":\"Herstellung von Seilen, Kordeln und Fallen - Eurosandow\",\"isPartOf\":{\"@id\":\"https:\/\/www.eurosandow.com\/de\/#website\"},\"primaryImageOfPage\":{\"@id\":\"https:\/\/www.eurosandow.com\/de\/herstellung-von-seilen-kordeln-und-fallen\/#primaryimage\"},\"image\":{\"@id\":\"https:\/\/www.eurosandow.com\/de\/herstellung-von-seilen-kordeln-und-fallen\/#primaryimage\"},\"thumbnailUrl\":\"https:\/\/www.eurosandow.com\/app\/uploads\/2024\/09\/cordon-de-relevage-plancher-renault-nissan_600x600.jpg\",\"datePublished\":\"2025-01-22T11:44:48+00:00\",\"dateModified\":\"2025-07-09T13:13:46+00:00\",\"description\":\"Eurosandow stellt ein komplettes Sortiment an elastischen oder starren Kordeln, Seilen und Fallen f\u00fcr eine Vielzahl von Anwendungen her.\",\"breadcrumb\":{\"@id\":\"https:\/\/www.eurosandow.com\/de\/herstellung-von-seilen-kordeln-und-fallen\/#breadcrumb\"},\"inLanguage\":\"de-DE\",\"potentialAction\":[{\"@type\":\"ReadAction\",\"target\":[\"https:\/\/www.eurosandow.com\/de\/herstellung-von-seilen-kordeln-und-fallen\/\"]}]},{\"@type\":\"ImageObject\",\"inLanguage\":\"de-DE\",\"@id\":\"https:\/\/www.eurosandow.com\/de\/herstellung-von-seilen-kordeln-und-fallen\/#primaryimage\",\"url\":\"https:\/\/www.eurosandow.com\/app\/uploads\/2024\/09\/cordon-de-relevage-plancher-renault-nissan_600x600.jpg\",\"contentUrl\":\"https:\/\/www.eurosandow.com\/app\/uploads\/2024\/09\/cordon-de-relevage-plancher-renault-nissan_600x600.jpg\",\"width\":462,\"height\":462},{\"@type\":\"BreadcrumbList\",\"@id\":\"https:\/\/www.eurosandow.com\/de\/herstellung-von-seilen-kordeln-und-fallen\/#breadcrumb\",\"itemListElement\":[{\"@type\":\"ListItem\",\"position\":1,\"name\":\"Accueil\",\"item\":\"https:\/\/www.eurosandow.com\/de\/\"},{\"@type\":\"ListItem\",\"position\":2,\"name\":\"Herstellung von Seilen, Kordeln und Fallen\"}]},{\"@type\":\"WebSite\",\"@id\":\"https:\/\/www.eurosandow.com\/de\/#website\",\"url\":\"https:\/\/www.eurosandow.com\/de\/\",\"name\":\"Eurosandow\",\"description\":\"Tendeurs, sangles et filets\",\"publisher\":{\"@id\":\"https:\/\/www.eurosandow.com\/de\/#organization\"},\"potentialAction\":[{\"@type\":\"SearchAction\",\"target\":{\"@type\":\"EntryPoint\",\"urlTemplate\":\"https:\/\/www.eurosandow.com\/de\/?s={search_term_string}\"},\"query-input\":{\"@type\":\"PropertyValueSpecification\",\"valueRequired\":true,\"valueName\":\"search_term_string\"}}],\"inLanguage\":\"de-DE\"},{\"@type\":\"Organization\",\"@id\":\"https:\/\/www.eurosandow.com\/de\/#organization\",\"name\":\"Eurosandow\",\"url\":\"https:\/\/www.eurosandow.com\/de\/\",\"logo\":{\"@type\":\"ImageObject\",\"inLanguage\":\"de-DE\",\"@id\":\"https:\/\/www.eurosandow.com\/de\/#\/schema\/logo\/image\/\",\"url\":\"https:\/\/www.eurosandow.com\/app\/uploads\/2024\/08\/eurosandow.svg\",\"contentUrl\":\"https:\/\/www.eurosandow.com\/app\/uploads\/2024\/08\/eurosandow.svg\",\"caption\":\"Eurosandow\"},\"image\":{\"@id\":\"https:\/\/www.eurosandow.com\/de\/#\/schema\/logo\/image\/\"}}]}<\/script>\n<!-- \/ Yoast SEO plugin. -->","yoast_head_json":{"title":"Herstellung von Seilen, Kordeln und Fallen - Eurosandow","description":"Eurosandow stellt ein komplettes Sortiment an elastischen oder starren Kordeln, Seilen und Fallen f\u00fcr eine Vielzahl von Anwendungen her.","robots":{"index":"index","follow":"follow","max-snippet":"max-snippet:-1","max-image-preview":"max-image-preview:large","max-video-preview":"max-video-preview:-1"},"canonical":"https:\/\/www.eurosandow.com\/de\/herstellung-von-seilen-kordeln-und-fallen\/","og_locale":"de_DE","og_type":"article","og_title":"Herstellung von Seilen, Kordeln und Fallen - Eurosandow","og_description":"Eurosandow stellt ein komplettes Sortiment an elastischen oder starren Kordeln, Seilen und Fallen f\u00fcr eine Vielzahl von Anwendungen her.","og_url":"https:\/\/www.eurosandow.com\/de\/herstellung-von-seilen-kordeln-und-fallen\/","og_site_name":"Eurosandow","article_modified_time":"2025-07-09T13:13:46+00:00","og_image":[{"width":462,"height":462,"url":"https:\/\/www.eurosandow.com\/app\/uploads\/2024\/09\/cordon-de-relevage-plancher-renault-nissan_600x600.jpg","type":"image\/jpeg"}],"twitter_card":"summary_large_image","twitter_misc":{"Est. reading time":"3 minutes"},"schema":{"@context":"https:\/\/schema.org","@graph":[{"@type":"WebPage","@id":"https:\/\/www.eurosandow.com\/de\/herstellung-von-seilen-kordeln-und-fallen\/","url":"https:\/\/www.eurosandow.com\/de\/herstellung-von-seilen-kordeln-und-fallen\/","name":"Herstellung von Seilen, Kordeln und Fallen - Eurosandow","isPartOf":{"@id":"https:\/\/www.eurosandow.com\/de\/#website"},"primaryImageOfPage":{"@id":"https:\/\/www.eurosandow.com\/de\/herstellung-von-seilen-kordeln-und-fallen\/#primaryimage"},"image":{"@id":"https:\/\/www.eurosandow.com\/de\/herstellung-von-seilen-kordeln-und-fallen\/#primaryimage"},"thumbnailUrl":"https:\/\/www.eurosandow.com\/app\/uploads\/2024\/09\/cordon-de-relevage-plancher-renault-nissan_600x600.jpg","datePublished":"2025-01-22T11:44:48+00:00","dateModified":"2025-07-09T13:13:46+00:00","description":"Eurosandow stellt ein komplettes Sortiment an elastischen oder starren Kordeln, Seilen und Fallen f\u00fcr eine Vielzahl von Anwendungen her.","breadcrumb":{"@id":"https:\/\/www.eurosandow.com\/de\/herstellung-von-seilen-kordeln-und-fallen\/#breadcrumb"},"inLanguage":"de-DE","potentialAction":[{"@type":"ReadAction","target":["https:\/\/www.eurosandow.com\/de\/herstellung-von-seilen-kordeln-und-fallen\/"]}]},{"@type":"ImageObject","inLanguage":"de-DE","@id":"https:\/\/www.eurosandow.com\/de\/herstellung-von-seilen-kordeln-und-fallen\/#primaryimage","url":"https:\/\/www.eurosandow.com\/app\/uploads\/2024\/09\/cordon-de-relevage-plancher-renault-nissan_600x600.jpg","contentUrl":"https:\/\/www.eurosandow.com\/app\/uploads\/2024\/09\/cordon-de-relevage-plancher-renault-nissan_600x600.jpg","width":462,"height":462},{"@type":"BreadcrumbList","@id":"https:\/\/www.eurosandow.com\/de\/herstellung-von-seilen-kordeln-und-fallen\/#breadcrumb","itemListElement":[{"@type":"ListItem","position":1,"name":"Accueil","item":"https:\/\/www.eurosandow.com\/de\/"},{"@type":"ListItem","position":2,"name":"Herstellung von Seilen, Kordeln und Fallen"}]},{"@type":"WebSite","@id":"https:\/\/www.eurosandow.com\/de\/#website","url":"https:\/\/www.eurosandow.com\/de\/","name":"Eurosandow","description":"Tendeurs, sangles et filets","publisher":{"@id":"https:\/\/www.eurosandow.com\/de\/#organization"},"potentialAction":[{"@type":"SearchAction","target":{"@type":"EntryPoint","urlTemplate":"https:\/\/www.eurosandow.com\/de\/?s={search_term_string}"},"query-input":{"@type":"PropertyValueSpecification","valueRequired":true,"valueName":"search_term_string"}}],"inLanguage":"de-DE"},{"@type":"Organization","@id":"https:\/\/www.eurosandow.com\/de\/#organization","name":"Eurosandow","url":"https:\/\/www.eurosandow.com\/de\/","logo":{"@type":"ImageObject","inLanguage":"de-DE","@id":"https:\/\/www.eurosandow.com\/de\/#\/schema\/logo\/image\/","url":"https:\/\/www.eurosandow.com\/app\/uploads\/2024\/08\/eurosandow.svg","contentUrl":"https:\/\/www.eurosandow.com\/app\/uploads\/2024\/08\/eurosandow.svg","caption":"Eurosandow"},"image":{"@id":"https:\/\/www.eurosandow.com\/de\/#\/schema\/logo\/image\/"}}]}},"_links":{"self":[{"href":"https:\/\/www.eurosandow.com\/de\/wp-json\/wp\/v2\/pages\/2787","targetHints":{"allow":["GET"]}}],"collection":[{"href":"https:\/\/www.eurosandow.com\/de\/wp-json\/wp\/v2\/pages"}],"about":[{"href":"https:\/\/www.eurosandow.com\/de\/wp-json\/wp\/v2\/types\/page"}],"author":[{"embeddable":true,"href":"https:\/\/www.eurosandow.com\/de\/wp-json\/wp\/v2\/users\/2"}],"replies":[{"embeddable":true,"href":"https:\/\/www.eurosandow.com\/de\/wp-json\/wp\/v2\/comments?post=2787"}],"version-history":[{"count":4,"href":"https:\/\/www.eurosandow.com\/de\/wp-json\/wp\/v2\/pages\/2787\/revisions"}],"predecessor-version":[{"id":3689,"href":"https:\/\/www.eurosandow.com\/de\/wp-json\/wp\/v2\/pages\/2787\/revisions\/3689"}],"wp:featuredmedia":[{"embeddable":true,"href":"https:\/\/www.eurosandow.com\/de\/wp-json\/wp\/v2\/media\/759"}],"wp:attachment":[{"href":"https:\/\/www.eurosandow.com\/de\/wp-json\/wp\/v2\/media?parent=2787"}],"curies":[{"name":"wp","href":"https:\/\/api.w.org\/{rel}","templated":true}]}}