{"id":2791,"date":"2025-01-22T12:55:50","date_gmt":"2025-01-22T11:55:50","guid":{"rendered":"https:\/\/www.eurosandow.com\/das-flechten\/"},"modified":"2025-07-09T15:06:48","modified_gmt":"2025-07-09T13:06:48","slug":"das-flechten","status":"publish","type":"page","link":"https:\/\/www.eurosandow.com\/de\/das-flechten\/","title":{"rendered":"Das Flechten"},"content":{"rendered":"\n<div class=\"wp-block-columns has-1-columns is-layout-flex wp-container-core-columns-is-layout-9d6595d7 wp-block-columns has-1-columns-is-layout-flex\">\n<div class=\"wp-block-column is-layout-flow wp-block-column-is-layout-flow\">\n<div class=\"wp-block-columns has-1-columns has-2-columns is-layout-flex wp-container-core-columns-is-layout-9d6595d7 wp-block-columns has-1-columns has-2-columns-is-layout-flex\">\n<div class=\"wp-block-column is-layout-flow wp-block-column-is-layout-flow\">\n<h2 class=\"wp-block-heading\"><mark style=\"background-color:rgba(0, 0, 0, 0)\" class=\"has-inline-color has-orange-color\">Flechten von Gummiseilen, Gurten und Kabeln<\/mark><\/h2>\n\n\n\n<p>Das Flechten ist ein historisches Know-how bei Eurosandow, das unsere Identit\u00e4t und unser Fachwissen gepr\u00e4gt hat.<\/p>\n\n\n\n<p>Das Flechten ist eine Herstellungstechnik, bei der ein Kernmaterial (Naturlatex, synthetischer Kautschuk, Elasthan, &#8230;), das als \u201eSeele\u201c bezeichnet wird, durch eine pr\u00e4zise Drehung von Garnspulen mit Textilf\u00e4den umwickelt wird. <\/p>\n\n\n\n<p>Im Laufe der Jahre haben wir diese Herstellungstechnik perfektioniert und an den technologischen Fortschritt sowie an die wachsenden Anforderungen der technisch anspruchsvollsten Branchen angepasst. Dank unseres Fachwissens und unserer Innovationskraft sind wir heute in der Lage, die spezifischen Anforderungen verschiedener Branchen zu erf\u00fcllen. <\/p>\n\n\n\n<p>Je nach Spezifikation und Endanwendung des Produkts kann das Flechten zur Herstellung von Gummiseilen, Kordeln, Kabeln und Gurten verwendet werden.<\/p>\n<\/div>\n\n\n\n<div class=\"wp-block-column is-layout-flow wp-block-column-is-layout-flow\"><div class=\"wrapper classic-slider\"  data-aos=\"fade-left\" data-aos-duration=\"1500\">\n    <div class=\"slider-container large-autoplay swiper\">\n        <div class=\"slider-wrapper swiper-wrapper\">\n                            <img decoding=\"async\" src=\"https:\/\/www.eurosandow.com\/app\/uploads\/2024\/12\/55.png\" alt=\"Machine de tressage textile\" loading=\"lazy\" class=\"slide swiper-slide\">\n                            <img decoding=\"async\" src=\"https:\/\/www.eurosandow.com\/app\/uploads\/2024\/12\/56.png\" alt=\"tressage d&#8217;un tendeur \u00e9lastique\" loading=\"lazy\" class=\"slide swiper-slide\">\n                            <img decoding=\"async\" src=\"https:\/\/www.eurosandow.com\/app\/uploads\/2024\/12\/57.png\" alt=\"Machine de tressage en fonctionnement\" loading=\"lazy\" class=\"slide swiper-slide\">\n                            <img decoding=\"async\" src=\"https:\/\/www.eurosandow.com\/app\/uploads\/2024\/12\/58.png\" alt=\"machine de tressage\" loading=\"lazy\" class=\"slide swiper-slide\">\n                            <img decoding=\"async\" src=\"https:\/\/www.eurosandow.com\/app\/uploads\/2024\/12\/59.png\" alt=\"tressage d&#8217;un c\u00e2ble \u00e9lastique\" loading=\"lazy\" class=\"slide swiper-slide\">\n                            <img decoding=\"async\" src=\"https:\/\/www.eurosandow.com\/app\/uploads\/2024\/12\/60.png\" alt=\"Bobine de fil tressage\" loading=\"lazy\" class=\"slide swiper-slide\">\n                            <img decoding=\"async\" src=\"https:\/\/www.eurosandow.com\/app\/uploads\/2024\/12\/54.png\" alt=\"Tressage d&#8217;un cordon \u00e9lastique\" loading=\"lazy\" class=\"slide swiper-slide\">\n                    <\/div>\n        <div class=\"swiper-pagination multiple\"><\/div>\n    <\/div>\n<\/div>\n<\/div>\n<\/div>\n\n\n\n<div style=\"height:60px\" aria-hidden=\"true\" class=\"wp-block-spacer\"><\/div>\n<\/div>\n<\/div>\n\n\n\n<div class=\"wp-block-columns has-2-columns is-layout-flex wp-container-core-columns-is-layout-9d6595d7 wp-block-columns has-2-columns-is-layout-flex\">\n<div class=\"wp-block-column is-layout-flow wp-block-column-is-layout-flow\">\n<figure class=\"wp-block-image size-full is-resized\"><img decoding=\"async\" width=\"600\" height=\"540\" src=\"https:\/\/www.eurosandow.com\/app\/uploads\/2024\/12\/Design-sans-titre-2024-12-04T115250.733.png\" alt=\"\" class=\"wp-image-1814\" style=\"width:796px;height:auto\" srcset=\"https:\/\/www.eurosandow.com\/app\/uploads\/2024\/12\/Design-sans-titre-2024-12-04T115250.733.png 600w, https:\/\/www.eurosandow.com\/app\/uploads\/2024\/12\/Design-sans-titre-2024-12-04T115250.733-300x270.png 300w\" sizes=\"(max-width: 600px) 100vw, 600px\" \/><\/figure>\n<\/div>\n\n\n\n<div class=\"wp-block-column is-layout-flow wp-block-column-is-layout-flow\">\n<h2 class=\"wp-block-heading\"><mark style=\"background-color:rgba(0, 0, 0, 0)\" class=\"has-inline-color has-orange-color\">Flechten von ma\u00dfgeschneiderten Produkten<\/mark><\/h2>\n\n\n\n<p>Unser Maschinenpark mit 150 Flechtmaschinen erm\u00f6glicht es uns, schnell auf die Anfragen unserer Kunden zu reagieren. Unsere Werkstatt arbeitet kontinuierlich, 24 Stunden am Tag und 7 Tage die Woche. Diese Organisation erm\u00f6glicht es uns, eine effiziente Produktion zu gew\u00e4hrleisten und auf Kundenanfragen schnellstm\u00f6glich zu reagieren.  <\/p>\n\n\n\n<p><br>Unsere Maschinen sind f\u00fcr die Herstellung komplexer Geflechte konzipiert und bieten die M\u00f6glichkeit, Breiten und St\u00e4rken zu variieren, um den unterschiedlichen Anforderungen der anspruchsvollsten Industrien gerecht zu werden.<\/p>\n\n\n\n<p><br>Wir k\u00f6nnen verschiedene Arten von Abdeckmaterialien kombinieren, wie z. B. Polyethylen, Polypropylen, Polyester, Baumwolle, Polyamid, Kevlar, Aramid, Glasfaser, Kupfer, Kohlefaser, Flachs und Hanf. Diese Flexibilit\u00e4t erm\u00f6glicht es uns, Produkte mit sehr spezifischen technischen Eigenschaften herzustellen. <\/p>\n\n\n\n<p><br>Die in unseren Werkst\u00e4tten konfektionierten Flechtprodukte k\u00f6nnen daher f\u00fcr viele verschiedene Zwecke verwendet werden.<\/p>\n\n\n\n<div class=\"wp-block-buttons is-layout-flex wp-block-buttons-is-layout-flex\">\n<div class=\"wp-block-button\"><a class=\"wp-block-button__link has-orange-color has-text-color has-link-color wp-element-button\" href=\"https:\/\/www.eurosandow.com\/de\/herstellung-von-gummiseilen-spannern\/\"><strong>Unsere Gummiseilen<\/strong><\/a><\/div>\n<\/div>\n<\/div>\n<\/div>\n\n\n\n<div style=\"height:58px\" aria-hidden=\"true\" class=\"wp-block-spacer\"><\/div>\n\n\n\n<h2 class=\"wp-block-heading has-text-align-center\"><strong><mark style=\"background-color:rgba(0, 0, 0, 0)\" class=\"has-inline-color has-orange-color\">Die Anwendungen<\/mark><\/strong><\/h2>\n\n\n<div class=\"cards-block limit-width\"  data-aos=\"fade-down\" data-aos-duration=\"1500\">\n    <div class=\"icon-text-list\">\n                    <div class=\"icon-list\">\n                                    <a class=\"link-container link\" target=\"\" href=\"https:\/\/www.eurosandow.com\/de\/application\/automobil\/\">\n                                <div class=\"img-container\"><img decoding=\"async\" src=\"https:\/\/www.eurosandow.com\/app\/uploads\/2024\/11\/Design-sans-titre-2024-11-13T143647.764.png\" class=\"logo\" alt=\"\" title=\"\" loading=\"lazy\"\/><\/div>\n                <div class=\"text-container\">\n                    <p class=\"title\">Auromobil<\/p>                    <p class=\"subtitle\">In der Automobilindustrie stellen wir in unseren Fabriken in Frankreich und Rum\u00e4nien mithilfe von Geflecht umspritzte, elastische oder starre Schn\u00fcre her, die die Handhabung der Hutablage von Fahrzeugen erleichtern. <br \/>\r\nWir entwerfen auch Spannvorrichtungen, um die Bewegungen der Sitze zu erleichtern. Unser Know-how erstreckt sich auch auf die Entwicklung von Tablet-Halterungen, die an der R\u00fcckseite der Vordersitze angebracht werden, von elastischen Kabeln, die in den oberen Teil der Netze integriert sind, sowie von Stringing-Schn\u00fcren, die bei der Montage von Autositzen verwendet werden, um die Sitzfl\u00e4che des Sitzes zu straffen.<br \/>\r\n<\/p>                <\/div>\n                                    <\/a>\n                            <\/div>\n                    <div class=\"icon-list\">\n                                    <a class=\"link-container link\" target=\"\" href=\"https:\/\/www.eurosandow.com\/de\/application\/luftfahrt\/\">\n                                <div class=\"img-container\"><img decoding=\"async\" src=\"https:\/\/www.eurosandow.com\/app\/uploads\/2024\/07\/Groupe-309.jpg\" class=\"logo\" alt=\"\" title=\"\" loading=\"lazy\"\/><\/div>\n                <div class=\"text-container\">\n                    <p class=\"title\">Luftfahrt<\/p>                    <p class=\"subtitle\">In der Luftfahrtindustrie verwenden wir das Flechtverfahren als Herstellungsmethode f\u00fcr r\u00f6hrenf\u00f6rmige Befestigungsgurte. Diese Gurte werden im Frachtraum zur Sicherung von Frachtgut, aber auch in der Kabine zur Sicherung verschiedener Ausr\u00fcstungsgegenst\u00e4nde, die von der Besatzung gehandhabt werden, verwendet: Servicewagen, medizinische Notfallausr\u00fcstung usw. <br \/>\r\nDas Flechtwerk kann auch zur Herstellung von elastischen Seilen verwendet werden, um den Bezug der Flugzeugsitze zu befestigen und zu halten.<\/p>                <\/div>\n                                    <\/a>\n                            <\/div>\n                    <div class=\"icon-list\">\n                                    <a class=\"link-container link\" target=\"\" href=\"#\">\n                                <div class=\"img-container\"><img decoding=\"async\" src=\"https:\/\/www.eurosandow.com\/app\/uploads\/2024\/12\/Marine.svg\" class=\"logo\" alt=\"\" title=\"\" loading=\"lazy\"\/><\/div>\n                <div class=\"text-container\">\n                    <p class=\"title\">Marine<\/p>                    <p class=\"subtitle\">Eurosandow hat eine Reihe von technischen Produkten entwickelt, die speziell auf die hohen Anforderungen der Schifffahrt zugeschnitten sind. Mit unseren Seilen, Sandows, Fallen und Gurten k\u00f6nnen Sie Ger\u00e4te an Deck sichern oder Segel spannen. Unsere Gurte, elastischen Seile, Fallen und Bungee-Seile werden aus hochfesten Materialien wie Kevlar und Dyneema hergestellt, die so konzipiert sind, dass sie unter allen Umst\u00e4nden optimale St\u00e4rke und Leistung gew\u00e4hrleisten. Diese speziell auf die Schifffahrt ausgerichtete Produktreihe ist so konzipiert, dass sie UV-Strahlen, Salzwasser und Temperaturschwankungen standh\u00e4lt. <br \/>\r\n<\/p>                <\/div>\n                                    <\/a>\n                            <\/div>\n            <\/div>\n<\/div>\n\n<div class=\"products-slider-block limit-width block-gap\" data-aos=\"fade-right\" data-aos-duration=\"1500\">\n    <h2 class=\"title center\">Die Produkte von Eurosandow<\/h2>    <div class=\"swiper product-list-swiper\">\n        <div class=\"swiper-wrapper\">\n                                        <article class=\"tease-product swiper-slide\">\n\t<div class=\"article-link-container\">\n\t\t<a class=\"media\" href=\"https:\/\/www.eurosandow.com\/de\/herstellung-von-netzen\/\">\n\t\t\t<div class=\"media-figure\">\n\t\t\t\t\t<img decoding=\"async\" src=\"https:\/\/www.eurosandow.com\/app\/uploads\/2024\/12\/filets.jpg\" alt=\"Herstellung von Netzen\"\/>\n\t\t\t<\/div>\n\t\t<\/a>\n\t\t<div class=\"text-content\">\n\t\t\t<h3 class=\"entry-title\">\n\t\t\t\t<a href=\"https:\/\/www.eurosandow.com\/de\/herstellung-von-netzen\/\">Herstellung von Netzen<\/a>\n\t\t\t<\/h3>\n\t\t<\/div>\n\t<\/div>\n<\/article>                                        <article class=\"tease-product swiper-slide\">\n\t<div class=\"article-link-container\">\n\t\t<a class=\"media\" href=\"https:\/\/www.eurosandow.com\/de\/herstellung-von-gummiseilen-spannern\/\">\n\t\t\t<div class=\"media-figure\">\n\t\t\t\t\t<img decoding=\"async\" src=\"https:\/\/www.eurosandow.com\/app\/uploads\/2024\/12\/Image-mise-en-avant-produit.png\" alt=\"Herstellung von Gummiseilen \/ Spannern\"\/>\n\t\t\t<\/div>\n\t\t<\/a>\n\t\t<div class=\"text-content\">\n\t\t\t<h3 class=\"entry-title\">\n\t\t\t\t<a href=\"https:\/\/www.eurosandow.com\/de\/herstellung-von-gummiseilen-spannern\/\">Herstellung von Gummiseilen \/ Spannern<\/a>\n\t\t\t<\/h3>\n\t\t<\/div>\n\t<\/div>\n<\/article>                                        <article class=\"tease-product swiper-slide\">\n\t<div class=\"article-link-container\">\n\t\t<a class=\"media\" href=\"https:\/\/www.eurosandow.com\/de\/herstellung-von-gurten\/\">\n\t\t\t<div class=\"media-figure\">\n\t\t\t\t\t<img decoding=\"async\" src=\"https:\/\/www.eurosandow.com\/app\/uploads\/2024\/12\/Design-sans-titre-2024-12-04T114054.486.png\" alt=\"Herstellung von Gurten\"\/>\n\t\t\t<\/div>\n\t\t<\/a>\n\t\t<div class=\"text-content\">\n\t\t\t<h3 class=\"entry-title\">\n\t\t\t\t<a href=\"https:\/\/www.eurosandow.com\/de\/herstellung-von-gurten\/\">Herstellung von Gurten<\/a>\n\t\t\t<\/h3>\n\t\t<\/div>\n\t<\/div>\n<\/article>                                        <article class=\"tease-product swiper-slide\">\n\t<div class=\"article-link-container\">\n\t\t<a class=\"media\" href=\"https:\/\/www.eurosandow.com\/de\/herstellung-von-seilen-kordeln-und-fallen\/\">\n\t\t\t<div class=\"media-figure\">\n\t\t\t\t\t<img decoding=\"async\" src=\"https:\/\/www.eurosandow.com\/app\/uploads\/2024\/09\/cordon-de-relevage-plancher-renault-nissan_600x600.jpg\" alt=\"Herstellung von Seilen, Kordeln und Fallen\"\/>\n\t\t\t<\/div>\n\t\t<\/a>\n\t\t<div class=\"text-content\">\n\t\t\t<h3 class=\"entry-title\">\n\t\t\t\t<a href=\"https:\/\/www.eurosandow.com\/de\/herstellung-von-seilen-kordeln-und-fallen\/\">Herstellung von Seilen, Kordeln und Fallen<\/a>\n\t\t\t<\/h3>\n\t\t<\/div>\n\t<\/div>\n<\/article>                                        <article class=\"tease-product swiper-slide\">\n\t<div class=\"article-link-container\">\n\t\t<a class=\"media\" href=\"https:\/\/www.eurosandow.com\/de\/herstellung-von-elastischen-kabeln\/\">\n\t\t\t<div class=\"media-figure\">\n\t\t\t\t\t<img decoding=\"async\" src=\"https:\/\/www.eurosandow.com\/app\/uploads\/2024\/12\/Design-sans-titre-2024-12-04T112825.805.png\" alt=\"Herstellung von elastischen Kabeln\"\/>\n\t\t\t<\/div>\n\t\t<\/a>\n\t\t<div class=\"text-content\">\n\t\t\t<h3 class=\"entry-title\">\n\t\t\t\t<a href=\"https:\/\/www.eurosandow.com\/de\/herstellung-von-elastischen-kabeln\/\">Herstellung von elastischen Kabeln<\/a>\n\t\t\t<\/h3>\n\t\t<\/div>\n\t<\/div>\n<\/article>            \t\t\t\t\t\n        <\/div>\n    <\/div>\n    <div class=\"slider-nav-wrapper\">\n        <div class=\"slider-nav\">\n            <div class=\"swiper-button-prev product-list\"><\/div>\n            <div class=\"swiper-button-next product-list\"><\/div>\n        <\/div>\n        <div class=\"swiper-pagination product-list\"><\/div>\n            <\/div>\n<\/div>\n\n\n<div class=\"banner-cta small-width\" data-aos=\"fade-up\" data-aos-duration=\"1500\">\n    <div class=\"inner-banner\">\n        <div class=\"text-container\">\n            <span classs=\"uptitle\">Entdecken Sie unseren Katalog<\/span>            <h2 classs=\"title\">Sehen Sie sich unseren Katalog an<\/h2>            <div class=\"buttons-container\">\n                                    <a class=\"wp-block-button__link has-white-color has-text-color has-link-color wp-element-button\" target=\"\" href=\"https:\/\/www.eurosandow.com\/de\/laden-sie-unseren-katalog-herunter\/\">Katalog ansehen<\/a>\n                            <\/div>\n        <\/div>\n        <picture>\n            <source srcset=\"https:\/\/www.eurosandow.com\/app\/uploads\/2024\/07\/croix-1024x792.png\" media=\"(max-width: 1024px)\" \/>\n            <img decoding=\"async\" src=\"https:\/\/www.eurosandow.com\/app\/uploads\/2024\/07\/croix.png\" alt=\"\" title=\"\" loading=\"lazy\"\/>\n        <\/picture>\n    <\/div>\n<\/div>","protected":false},"excerpt":{"rendered":"<p>Flechten von Gummiseilen, Gurten und Kabeln Das Flechten ist ein historisches Know-how bei Eurosandow, das unsere Identit\u00e4t und unser Fachwissen gepr\u00e4gt hat. Das Flechten ist eine Herstellungstechnik, bei der ein Kernmaterial (Naturlatex, synthetischer Kautschuk, Elasthan, &#8230;), das als \u201eSeele\u201c bezeichnet wird, durch eine pr\u00e4zise Drehung von Garnspulen mit Textilf\u00e4den umwickelt wird. Im Laufe der Jahre [&hellip;]<\/p>\n","protected":false},"author":2,"featured_media":0,"parent":0,"menu_order":0,"comment_status":"closed","ping_status":"closed","template":"","meta":{"_acf_changed":false,"footnotes":""},"class_list":["post-2791","page","type-page","status-publish","hentry"],"acf":[],"yoast_head":"<!-- This site is optimized with the Yoast SEO plugin v27.1.1 - https:\/\/yoast.com\/product\/yoast-seo-wordpress\/ -->\n<title>Das Flechten - Eurosandow<\/title>\n<meta name=\"description\" content=\"Das Flechten ist ein historisches Know-how bei Eurosandow, das unsere Identit\u00e4t und unser Fachwissen gepr\u00e4gt hat.\" \/>\n<meta name=\"robots\" content=\"index, follow, max-snippet:-1, max-image-preview:large, max-video-preview:-1\" \/>\n<link rel=\"canonical\" href=\"https:\/\/www.eurosandow.com\/de\/das-flechten\/\" \/>\n<meta property=\"og:locale\" content=\"de_DE\" \/>\n<meta property=\"og:type\" content=\"article\" \/>\n<meta property=\"og:title\" content=\"Das Flechten - Eurosandow\" \/>\n<meta property=\"og:description\" content=\"Das Flechten ist ein historisches Know-how bei Eurosandow, das unsere Identit\u00e4t und unser Fachwissen gepr\u00e4gt hat.\" \/>\n<meta property=\"og:url\" content=\"https:\/\/www.eurosandow.com\/de\/das-flechten\/\" \/>\n<meta property=\"og:site_name\" content=\"Eurosandow\" \/>\n<meta property=\"article:modified_time\" content=\"2025-07-09T13:06:48+00:00\" \/>\n<meta property=\"og:image\" content=\"https:\/\/www.eurosandow.com\/app\/uploads\/2024\/12\/Design-sans-titre-2024-12-04T115250.733.png\" \/>\n<meta name=\"twitter:card\" content=\"summary_large_image\" \/>\n<meta name=\"twitter:label1\" content=\"Est. reading time\" \/>\n\t<meta name=\"twitter:data1\" content=\"2 minutes\" \/>\n<script type=\"application\/ld+json\" class=\"yoast-schema-graph\">{\"@context\":\"https:\/\/schema.org\",\"@graph\":[{\"@type\":\"WebPage\",\"@id\":\"https:\/\/www.eurosandow.com\/de\/das-flechten\/\",\"url\":\"https:\/\/www.eurosandow.com\/de\/das-flechten\/\",\"name\":\"Das Flechten - Eurosandow\",\"isPartOf\":{\"@id\":\"https:\/\/www.eurosandow.com\/de\/#website\"},\"primaryImageOfPage\":{\"@id\":\"https:\/\/www.eurosandow.com\/de\/das-flechten\/#primaryimage\"},\"image\":{\"@id\":\"https:\/\/www.eurosandow.com\/de\/das-flechten\/#primaryimage\"},\"thumbnailUrl\":\"https:\/\/www.eurosandow.com\/app\/uploads\/2024\/12\/Design-sans-titre-2024-12-04T115250.733.png\",\"datePublished\":\"2025-01-22T11:55:50+00:00\",\"dateModified\":\"2025-07-09T13:06:48+00:00\",\"description\":\"Das Flechten ist ein historisches Know-how bei Eurosandow, das unsere Identit\u00e4t und unser Fachwissen gepr\u00e4gt hat.\",\"breadcrumb\":{\"@id\":\"https:\/\/www.eurosandow.com\/de\/das-flechten\/#breadcrumb\"},\"inLanguage\":\"de-DE\",\"potentialAction\":[{\"@type\":\"ReadAction\",\"target\":[\"https:\/\/www.eurosandow.com\/de\/das-flechten\/\"]}]},{\"@type\":\"ImageObject\",\"inLanguage\":\"de-DE\",\"@id\":\"https:\/\/www.eurosandow.com\/de\/das-flechten\/#primaryimage\",\"url\":\"https:\/\/www.eurosandow.com\/app\/uploads\/2024\/12\/Design-sans-titre-2024-12-04T115250.733.png\",\"contentUrl\":\"https:\/\/www.eurosandow.com\/app\/uploads\/2024\/12\/Design-sans-titre-2024-12-04T115250.733.png\"},{\"@type\":\"BreadcrumbList\",\"@id\":\"https:\/\/www.eurosandow.com\/de\/das-flechten\/#breadcrumb\",\"itemListElement\":[{\"@type\":\"ListItem\",\"position\":1,\"name\":\"Accueil\",\"item\":\"https:\/\/www.eurosandow.com\/de\/\"},{\"@type\":\"ListItem\",\"position\":2,\"name\":\"Das Flechten\"}]},{\"@type\":\"WebSite\",\"@id\":\"https:\/\/www.eurosandow.com\/de\/#website\",\"url\":\"https:\/\/www.eurosandow.com\/de\/\",\"name\":\"Eurosandow\",\"description\":\"Tendeurs, sangles et filets\",\"publisher\":{\"@id\":\"https:\/\/www.eurosandow.com\/de\/#organization\"},\"potentialAction\":[{\"@type\":\"SearchAction\",\"target\":{\"@type\":\"EntryPoint\",\"urlTemplate\":\"https:\/\/www.eurosandow.com\/de\/?s={search_term_string}\"},\"query-input\":{\"@type\":\"PropertyValueSpecification\",\"valueRequired\":true,\"valueName\":\"search_term_string\"}}],\"inLanguage\":\"de-DE\"},{\"@type\":\"Organization\",\"@id\":\"https:\/\/www.eurosandow.com\/de\/#organization\",\"name\":\"Eurosandow\",\"url\":\"https:\/\/www.eurosandow.com\/de\/\",\"logo\":{\"@type\":\"ImageObject\",\"inLanguage\":\"de-DE\",\"@id\":\"https:\/\/www.eurosandow.com\/de\/#\/schema\/logo\/image\/\",\"url\":\"https:\/\/www.eurosandow.com\/app\/uploads\/2024\/08\/eurosandow.svg\",\"contentUrl\":\"https:\/\/www.eurosandow.com\/app\/uploads\/2024\/08\/eurosandow.svg\",\"caption\":\"Eurosandow\"},\"image\":{\"@id\":\"https:\/\/www.eurosandow.com\/de\/#\/schema\/logo\/image\/\"}}]}<\/script>\n<!-- \/ Yoast SEO plugin. -->","yoast_head_json":{"title":"Das Flechten - Eurosandow","description":"Das Flechten ist ein historisches Know-how bei Eurosandow, das unsere Identit\u00e4t und unser Fachwissen gepr\u00e4gt hat.","robots":{"index":"index","follow":"follow","max-snippet":"max-snippet:-1","max-image-preview":"max-image-preview:large","max-video-preview":"max-video-preview:-1"},"canonical":"https:\/\/www.eurosandow.com\/de\/das-flechten\/","og_locale":"de_DE","og_type":"article","og_title":"Das Flechten - Eurosandow","og_description":"Das Flechten ist ein historisches Know-how bei Eurosandow, das unsere Identit\u00e4t und unser Fachwissen gepr\u00e4gt hat.","og_url":"https:\/\/www.eurosandow.com\/de\/das-flechten\/","og_site_name":"Eurosandow","article_modified_time":"2025-07-09T13:06:48+00:00","og_image":[{"url":"https:\/\/www.eurosandow.com\/app\/uploads\/2024\/12\/Design-sans-titre-2024-12-04T115250.733.png","type":"","width":"","height":""}],"twitter_card":"summary_large_image","twitter_misc":{"Est. reading time":"2 minutes"},"schema":{"@context":"https:\/\/schema.org","@graph":[{"@type":"WebPage","@id":"https:\/\/www.eurosandow.com\/de\/das-flechten\/","url":"https:\/\/www.eurosandow.com\/de\/das-flechten\/","name":"Das Flechten - Eurosandow","isPartOf":{"@id":"https:\/\/www.eurosandow.com\/de\/#website"},"primaryImageOfPage":{"@id":"https:\/\/www.eurosandow.com\/de\/das-flechten\/#primaryimage"},"image":{"@id":"https:\/\/www.eurosandow.com\/de\/das-flechten\/#primaryimage"},"thumbnailUrl":"https:\/\/www.eurosandow.com\/app\/uploads\/2024\/12\/Design-sans-titre-2024-12-04T115250.733.png","datePublished":"2025-01-22T11:55:50+00:00","dateModified":"2025-07-09T13:06:48+00:00","description":"Das Flechten ist ein historisches Know-how bei Eurosandow, das unsere Identit\u00e4t und unser Fachwissen gepr\u00e4gt hat.","breadcrumb":{"@id":"https:\/\/www.eurosandow.com\/de\/das-flechten\/#breadcrumb"},"inLanguage":"de-DE","potentialAction":[{"@type":"ReadAction","target":["https:\/\/www.eurosandow.com\/de\/das-flechten\/"]}]},{"@type":"ImageObject","inLanguage":"de-DE","@id":"https:\/\/www.eurosandow.com\/de\/das-flechten\/#primaryimage","url":"https:\/\/www.eurosandow.com\/app\/uploads\/2024\/12\/Design-sans-titre-2024-12-04T115250.733.png","contentUrl":"https:\/\/www.eurosandow.com\/app\/uploads\/2024\/12\/Design-sans-titre-2024-12-04T115250.733.png"},{"@type":"BreadcrumbList","@id":"https:\/\/www.eurosandow.com\/de\/das-flechten\/#breadcrumb","itemListElement":[{"@type":"ListItem","position":1,"name":"Accueil","item":"https:\/\/www.eurosandow.com\/de\/"},{"@type":"ListItem","position":2,"name":"Das Flechten"}]},{"@type":"WebSite","@id":"https:\/\/www.eurosandow.com\/de\/#website","url":"https:\/\/www.eurosandow.com\/de\/","name":"Eurosandow","description":"Tendeurs, sangles et filets","publisher":{"@id":"https:\/\/www.eurosandow.com\/de\/#organization"},"potentialAction":[{"@type":"SearchAction","target":{"@type":"EntryPoint","urlTemplate":"https:\/\/www.eurosandow.com\/de\/?s={search_term_string}"},"query-input":{"@type":"PropertyValueSpecification","valueRequired":true,"valueName":"search_term_string"}}],"inLanguage":"de-DE"},{"@type":"Organization","@id":"https:\/\/www.eurosandow.com\/de\/#organization","name":"Eurosandow","url":"https:\/\/www.eurosandow.com\/de\/","logo":{"@type":"ImageObject","inLanguage":"de-DE","@id":"https:\/\/www.eurosandow.com\/de\/#\/schema\/logo\/image\/","url":"https:\/\/www.eurosandow.com\/app\/uploads\/2024\/08\/eurosandow.svg","contentUrl":"https:\/\/www.eurosandow.com\/app\/uploads\/2024\/08\/eurosandow.svg","caption":"Eurosandow"},"image":{"@id":"https:\/\/www.eurosandow.com\/de\/#\/schema\/logo\/image\/"}}]}},"_links":{"self":[{"href":"https:\/\/www.eurosandow.com\/de\/wp-json\/wp\/v2\/pages\/2791","targetHints":{"allow":["GET"]}}],"collection":[{"href":"https:\/\/www.eurosandow.com\/de\/wp-json\/wp\/v2\/pages"}],"about":[{"href":"https:\/\/www.eurosandow.com\/de\/wp-json\/wp\/v2\/types\/page"}],"author":[{"embeddable":true,"href":"https:\/\/www.eurosandow.com\/de\/wp-json\/wp\/v2\/users\/2"}],"replies":[{"embeddable":true,"href":"https:\/\/www.eurosandow.com\/de\/wp-json\/wp\/v2\/comments?post=2791"}],"version-history":[{"count":4,"href":"https:\/\/www.eurosandow.com\/de\/wp-json\/wp\/v2\/pages\/2791\/revisions"}],"predecessor-version":[{"id":3677,"href":"https:\/\/www.eurosandow.com\/de\/wp-json\/wp\/v2\/pages\/2791\/revisions\/3677"}],"wp:attachment":[{"href":"https:\/\/www.eurosandow.com\/de\/wp-json\/wp\/v2\/media?parent=2791"}],"curies":[{"name":"wp","href":"https:\/\/api.w.org\/{rel}","templated":true}]}}