{"id":2806,"date":"2025-01-22T15:27:17","date_gmt":"2025-01-22T14:27:17","guid":{"rendered":"https:\/\/www.eurosandow.com\/weben\/"},"modified":"2025-07-09T15:08:00","modified_gmt":"2025-07-09T13:08:00","slug":"weben","status":"publish","type":"page","link":"https:\/\/www.eurosandow.com\/de\/weben\/","title":{"rendered":"Weben"},"content":{"rendered":"\n<div class=\"wp-block-columns has-2-columns is-layout-flex wp-container-core-columns-is-layout-9d6595d7 wp-block-columns has-2-columns-is-layout-flex\">\n<div class=\"wp-block-column is-layout-flow wp-block-column-is-layout-flow\"><div class=\"wrapper classic-slider\"  data-aos=\"fade-left\" data-aos-duration=\"1500\">\n    <div class=\"slider-container large-autoplay swiper\">\n        <div class=\"slider-wrapper swiper-wrapper\">\n                            <img decoding=\"async\" src=\"https:\/\/www.eurosandow.com\/app\/uploads\/2024\/12\/49.png\" alt=\"tissage textile\" loading=\"lazy\" class=\"slide swiper-slide\">\n                            <img decoding=\"async\" src=\"https:\/\/www.eurosandow.com\/app\/uploads\/2024\/12\/50.png\" alt=\"50\" loading=\"lazy\" class=\"slide swiper-slide\">\n                            <img decoding=\"async\" src=\"https:\/\/www.eurosandow.com\/app\/uploads\/2024\/12\/51.png\" alt=\"Tissage de sangle\" loading=\"lazy\" class=\"slide swiper-slide\">\n                            <img decoding=\"async\" src=\"https:\/\/www.eurosandow.com\/app\/uploads\/2024\/12\/52.png\" alt=\"tissage sangle avec motif drapeau fran\u00e7ais\" loading=\"lazy\" class=\"slide swiper-slide\">\n                            <img decoding=\"async\" src=\"https:\/\/www.eurosandow.com\/app\/uploads\/2024\/12\/53.png\" alt=\"tissage sangle tricolore\" loading=\"lazy\" class=\"slide swiper-slide\">\n                    <\/div>\n        <div class=\"swiper-pagination multiple\"><\/div>\n    <\/div>\n<\/div>\n<\/div>\n\n\n\n<div class=\"wp-block-column is-layout-flow wp-block-column-is-layout-flow\">\n<h2 class=\"wp-block-heading\"><strong><mark style=\"background-color:rgba(0, 0, 0, 0)\" class=\"has-inline-color has-orange-color\">Textilweben<\/mark><\/strong><\/h2>\n\n\n\n<p>Weben ist mehr als nur ein Herstellungsverfahren: Es ist eine Kunst, die wir seit Jahrzehnten beherrschen und perfektionieren.<\/p>\n\n\n\n<p>Mit diesem Verfahren lassen sich feste, steife und elastische B\u00e4nder herstellen. Zwei Reihen von F\u00e4den werden miteinander verwoben: die Kette, die den Tr\u00e4ger bildet, und der Schuss, der zwischen den Kettf\u00e4den verl\u00e4uft.  <\/p>\n\n\n\n<p>Dank unseres Fachwissens in der Weberei k\u00f6nnen wir hochwertige Fasern zu robusten und innovativen Produkten verarbeiten, die den h\u00f6chsten Anspr\u00fcchen unserer Kunden gen\u00fcgen.<\/p>\n\n\n\n<p>Mit unserer Erfahrung und unserem Engagement f\u00fcr Spitzenleistungen stellen wir unser Know-how in den Dienst Ihrer Projekte, ganz gleich wie komplex sie sind.<\/p>\n\n\n\n<p><\/p>\n\n\n\n<p><\/p>\n<\/div>\n<\/div>\n\n\n\n<div style=\"height:58px\" aria-hidden=\"true\" class=\"wp-block-spacer\"><\/div>\n\n\n\n<div class=\"wp-block-columns has-2-columns is-layout-flex wp-container-core-columns-is-layout-9d6595d7 wp-block-columns has-2-columns-is-layout-flex\">\n<div class=\"wp-block-column is-layout-flow wp-block-column-is-layout-flow\">\n<h2 class=\"wp-block-heading\"><mark style=\"background-color:rgba(0, 0, 0, 0)\" class=\"has-inline-color has-orange-color\">Weben von Gurten<\/mark><\/h2>\n\n\n\n<p>Mit unseren 12 Webst\u00fchlen und zwei Thermofixiermaschinen sind wir in der Lage, Gurte aus verschiedenen Materialien wie Polypropylen, Polyester, Baumwolle, Polyamid, Kevlar, Aramid, Glasfaser usw. herzustellen.<\/p>\n\n\n\n<p>Unsere Maschinen sind in der Lage, komplexe Webarten mit verschiedenen Breiten und Dicken herzustellen und erf\u00fcllen so die unterschiedlichen Anforderungen anspruchsvoller Industrien.<\/p>\n\n\n\n<p>So k\u00f6nnen wir technische Gurte entwerfen, die einem bestimmten Anforderungsprofil entsprechen. Dank unserer Fachkenntnisse im Weben konnten wir z. B. Gurte f\u00fcr Luftfrachtnetze herstellen.  <\/p>\n\n\n\n<p>Die in unseren Werkst\u00e4tten gewebten Produkte werden daher in einer Vielzahl von Anwendungen eingesetzt und bieten zuverl\u00e4ssige und dauerhafte L\u00f6sungen f\u00fcr verschiedene Branchen.<\/p>\n\n\n\n<div class=\"wp-block-buttons is-layout-flex wp-block-buttons-is-layout-flex\">\n<div class=\"wp-block-button\"><a class=\"wp-block-button__link has-orange-color has-text-color has-link-color wp-element-button\" href=\"https:\/\/www.eurosandow.com\/de\/herstellung-von-gurten\/\"><strong>Unser Sortiment an Gurten<\/strong><\/a><\/div>\n<\/div>\n<\/div>\n\n\n\n<div class=\"wp-block-column is-layout-flow wp-block-column-is-layout-flow\">\n<figure class=\"wp-block-image size-full is-resized\"><img decoding=\"async\" width=\"600\" height=\"400\" src=\"https:\/\/www.eurosandow.com\/app\/uploads\/2024\/12\/image-eurosandow-600-400-13.png\" alt=\"\" class=\"wp-image-2296\" style=\"width:795px;height:auto\" srcset=\"https:\/\/www.eurosandow.com\/app\/uploads\/2024\/12\/image-eurosandow-600-400-13.png 600w, https:\/\/www.eurosandow.com\/app\/uploads\/2024\/12\/image-eurosandow-600-400-13-300x200.png 300w\" sizes=\"(max-width: 600px) 100vw, 600px\" \/><\/figure>\n<\/div>\n<\/div>\n\n\n\n<div style=\"height:63px\" aria-hidden=\"true\" class=\"wp-block-spacer\"><\/div>\n\n\n\n<h2 class=\"wp-block-heading has-text-align-center\"><strong><mark style=\"background-color:rgba(0, 0, 0, 0)\" class=\"has-inline-color has-orange-color\">Die Anwendungen<\/mark><\/strong><\/h2>\n\n\n<div class=\"cards-block limit-width\"  data-aos=\"fade-down\" data-aos-duration=\"1500\">\n    <div class=\"icon-text-list\">\n                    <div class=\"icon-list\">\n                                    <a class=\"link-container link\" target=\"\" href=\"https:\/\/www.eurosandow.com\/de\/application\/automobil\/\">\n                                <div class=\"img-container\"><img decoding=\"async\" src=\"https:\/\/www.eurosandow.com\/app\/uploads\/2024\/11\/automobile-3-1.svg\" class=\"logo\" alt=\"\" title=\"\" loading=\"lazy\"\/><\/div>\n                <div class=\"text-container\">\n                    <p class=\"title\">Automobil<\/p>                    <p class=\"subtitle\">Weben wird h\u00e4ufig zur Herstellung von Sitzgurten verwendet, die die Modularit\u00e4t des Rollstuhls erm\u00f6glichen (Verschieben, Neigen, Drehen oder Umklappen), von Sitzbez\u00fcgen, die den Sitz festhalten, oder von Sitzentriegelungsgurten, die die Vorw\u00e4rts- und R\u00fcckw\u00e4rtsbewegung des Sitzes innerhalb der zul\u00e4ssigen Grenzen einschr\u00e4nken.<br \/>\r\n<\/p>                <\/div>\n                                    <\/a>\n                            <\/div>\n                    <div class=\"icon-list\">\n                                    <a class=\"link-container link\" target=\"\" href=\"https:\/\/www.eurosandow.com\/de\/application\/luftfahrt\/\">\n                                <div class=\"img-container\"><img decoding=\"async\" src=\"https:\/\/www.eurosandow.com\/app\/uploads\/2024\/07\/Groupe-309.jpg\" class=\"logo\" alt=\"\" title=\"\" loading=\"lazy\"\/><\/div>\n                <div class=\"text-container\">\n                    <p class=\"title\">Luftfahrt<\/p>                    <p class=\"subtitle\">Rohrf\u00f6rmige Befestigungsgurte werden auch in der Kabine verwendet, um verschiedene manipulierte Ausr\u00fcstungsgegenst\u00e4nde der Bordbesatzung zu halten: Servicewagen, medizinische Notfallausr\u00fcstung usw.<\/p>                <\/div>\n                                    <\/a>\n                            <\/div>\n                    <div class=\"icon-list\">\n                                    <a class=\"link-container link\" target=\"\" href=\"https:\/\/www.eurosandow.com\/de\/application\/bahnsektor\/\">\n                                <div class=\"img-container\"><img decoding=\"async\" src=\"https:\/\/www.eurosandow.com\/app\/uploads\/2024\/07\/Groupe-de-masques-8.jpg\" class=\"logo\" alt=\"\" title=\"\" loading=\"lazy\"\/><\/div>\n                <div class=\"text-container\">\n                    <p class=\"title\">Bahnsektor<\/p>                    <p class=\"subtitle\">Gewebte Gurte k\u00f6nnen auch f\u00fcr Sessel in Z\u00fcgen verwendet werden, insbesondere Polstergurte und Gurte, die als Seelsorgetasche an der R\u00fcckseite der Sitze verwendet werden. <\/p>                <\/div>\n                                    <\/a>\n                            <\/div>\n            <\/div>\n<\/div>\n\n<div class=\"products-slider-block limit-width block-gap\" data-aos=\"fade-right\" data-aos-duration=\"1500\">\n    <h2 class=\"title center\">Die Produkte von Eurosandow<\/h2>    <div class=\"swiper product-list-swiper\">\n        <div class=\"swiper-wrapper\">\n                                        <article class=\"tease-product swiper-slide\">\n\t<div class=\"article-link-container\">\n\t\t<a class=\"media\" href=\"https:\/\/www.eurosandow.com\/de\/herstellung-von-gummiseilen-spannern\/\">\n\t\t\t<div class=\"media-figure\">\n\t\t\t\t\t<img decoding=\"async\" src=\"https:\/\/www.eurosandow.com\/app\/uploads\/2024\/12\/Image-mise-en-avant-produit.png\" alt=\"Herstellung von Gummiseilen \/ Spannern\"\/>\n\t\t\t<\/div>\n\t\t<\/a>\n\t\t<div class=\"text-content\">\n\t\t\t<h3 class=\"entry-title\">\n\t\t\t\t<a href=\"https:\/\/www.eurosandow.com\/de\/herstellung-von-gummiseilen-spannern\/\">Herstellung von Gummiseilen \/ Spannern<\/a>\n\t\t\t<\/h3>\n\t\t<\/div>\n\t<\/div>\n<\/article>                                        <article class=\"tease-product swiper-slide\">\n\t<div class=\"article-link-container\">\n\t\t<a class=\"media\" href=\"https:\/\/www.eurosandow.com\/de\/herstellung-von-gurten\/\">\n\t\t\t<div class=\"media-figure\">\n\t\t\t\t\t<img decoding=\"async\" src=\"https:\/\/www.eurosandow.com\/app\/uploads\/2024\/12\/Design-sans-titre-2024-12-04T114054.486.png\" alt=\"Herstellung von Gurten\"\/>\n\t\t\t<\/div>\n\t\t<\/a>\n\t\t<div class=\"text-content\">\n\t\t\t<h3 class=\"entry-title\">\n\t\t\t\t<a href=\"https:\/\/www.eurosandow.com\/de\/herstellung-von-gurten\/\">Herstellung von Gurten<\/a>\n\t\t\t<\/h3>\n\t\t<\/div>\n\t<\/div>\n<\/article>                                        <article class=\"tease-product swiper-slide\">\n\t<div class=\"article-link-container\">\n\t\t<a class=\"media\" href=\"https:\/\/www.eurosandow.com\/de\/herstellung-von-netzen\/\">\n\t\t\t<div class=\"media-figure\">\n\t\t\t\t\t<img decoding=\"async\" src=\"https:\/\/www.eurosandow.com\/app\/uploads\/2024\/12\/filets.jpg\" alt=\"Herstellung von Netzen\"\/>\n\t\t\t<\/div>\n\t\t<\/a>\n\t\t<div class=\"text-content\">\n\t\t\t<h3 class=\"entry-title\">\n\t\t\t\t<a href=\"https:\/\/www.eurosandow.com\/de\/herstellung-von-netzen\/\">Herstellung von Netzen<\/a>\n\t\t\t<\/h3>\n\t\t<\/div>\n\t<\/div>\n<\/article>                                        <article class=\"tease-product swiper-slide\">\n\t<div class=\"article-link-container\">\n\t\t<a class=\"media\" href=\"https:\/\/www.eurosandow.com\/de\/herstellung-von-elastischen-kabeln\/\">\n\t\t\t<div class=\"media-figure\">\n\t\t\t\t\t<img decoding=\"async\" src=\"https:\/\/www.eurosandow.com\/app\/uploads\/2024\/12\/Design-sans-titre-2024-12-04T112825.805.png\" alt=\"Herstellung von elastischen Kabeln\"\/>\n\t\t\t<\/div>\n\t\t<\/a>\n\t\t<div class=\"text-content\">\n\t\t\t<h3 class=\"entry-title\">\n\t\t\t\t<a href=\"https:\/\/www.eurosandow.com\/de\/herstellung-von-elastischen-kabeln\/\">Herstellung von elastischen Kabeln<\/a>\n\t\t\t<\/h3>\n\t\t<\/div>\n\t<\/div>\n<\/article>                                        <article class=\"tease-product swiper-slide\">\n\t<div class=\"article-link-container\">\n\t\t<a class=\"media\" href=\"https:\/\/www.eurosandow.com\/de\/herstellung-von-seilen-kordeln-und-fallen\/\">\n\t\t\t<div class=\"media-figure\">\n\t\t\t\t\t<img decoding=\"async\" src=\"https:\/\/www.eurosandow.com\/app\/uploads\/2024\/09\/cordon-de-relevage-plancher-renault-nissan_600x600.jpg\" alt=\"Herstellung von Seilen, Kordeln und Fallen\"\/>\n\t\t\t<\/div>\n\t\t<\/a>\n\t\t<div class=\"text-content\">\n\t\t\t<h3 class=\"entry-title\">\n\t\t\t\t<a href=\"https:\/\/www.eurosandow.com\/de\/herstellung-von-seilen-kordeln-und-fallen\/\">Herstellung von Seilen, Kordeln und Fallen<\/a>\n\t\t\t<\/h3>\n\t\t<\/div>\n\t<\/div>\n<\/article>            \t\t\t\t\t\n        <\/div>\n    <\/div>\n    <div class=\"slider-nav-wrapper\">\n        <div class=\"slider-nav\">\n            <div class=\"swiper-button-prev product-list\"><\/div>\n            <div class=\"swiper-button-next product-list\"><\/div>\n        <\/div>\n        <div class=\"swiper-pagination product-list\"><\/div>\n            <\/div>\n<\/div>\n\n\n<div class=\"banner-cta small-width\" data-aos=\"fade-up\" data-aos-duration=\"1500\">\n    <div class=\"inner-banner\">\n        <div class=\"text-container\">\n            <span classs=\"uptitle\">Entdecken Sie unseren Katalog<\/span>            <h2 classs=\"title\">Sehen Sie sich unseren Katalog an<\/h2>            <div class=\"buttons-container\">\n                                    <a class=\"wp-block-button__link has-white-color has-text-color has-link-color wp-element-button\" target=\"\" href=\"https:\/\/www.eurosandow.com\/de\/laden-sie-unseren-katalog-herunter\/\">Katalog ansehen<\/a>\n                            <\/div>\n        <\/div>\n        <picture>\n            <source srcset=\"https:\/\/www.eurosandow.com\/app\/uploads\/2024\/07\/croix-1024x792.png\" media=\"(max-width: 1024px)\" \/>\n            <img decoding=\"async\" src=\"https:\/\/www.eurosandow.com\/app\/uploads\/2024\/07\/croix.png\" alt=\"\" title=\"\" loading=\"lazy\"\/>\n        <\/picture>\n    <\/div>\n<\/div>","protected":false},"excerpt":{"rendered":"<p>Textilweben Weben ist mehr als nur ein Herstellungsverfahren: Es ist eine Kunst, die wir seit Jahrzehnten beherrschen und perfektionieren. Mit diesem Verfahren lassen sich feste, steife und elastische B\u00e4nder herstellen. Zwei Reihen von F\u00e4den werden miteinander verwoben: die Kette, die den Tr\u00e4ger bildet, und der Schuss, der zwischen den Kettf\u00e4den verl\u00e4uft. Dank unseres Fachwissens in [&hellip;]<\/p>\n","protected":false},"author":2,"featured_media":0,"parent":0,"menu_order":0,"comment_status":"closed","ping_status":"closed","template":"","meta":{"_acf_changed":false,"footnotes":""},"class_list":["post-2806","page","type-page","status-publish","hentry"],"acf":[],"yoast_head":"<!-- This site is optimized with the Yoast SEO plugin v27.1.1 - https:\/\/yoast.com\/product\/yoast-seo-wordpress\/ -->\n<title>Weben - Eurosandow<\/title>\n<meta name=\"description\" content=\"Dank unseres Fachwissens in der Weberei k\u00f6nnen wir hochwertige Fasern in robuste und innovative Produkte verwandeln,\" \/>\n<meta name=\"robots\" content=\"index, follow, max-snippet:-1, max-image-preview:large, max-video-preview:-1\" \/>\n<link rel=\"canonical\" href=\"https:\/\/www.eurosandow.com\/de\/weben\/\" \/>\n<meta property=\"og:locale\" content=\"de_DE\" \/>\n<meta property=\"og:type\" content=\"article\" \/>\n<meta property=\"og:title\" content=\"Weben - Eurosandow\" \/>\n<meta property=\"og:description\" content=\"Dank unseres Fachwissens in der Weberei k\u00f6nnen wir hochwertige Fasern in robuste und innovative Produkte verwandeln,\" \/>\n<meta property=\"og:url\" content=\"https:\/\/www.eurosandow.com\/de\/weben\/\" \/>\n<meta property=\"og:site_name\" content=\"Eurosandow\" \/>\n<meta property=\"article:modified_time\" content=\"2025-07-09T13:08:00+00:00\" \/>\n<meta property=\"og:image\" content=\"https:\/\/www.eurosandow.com\/app\/uploads\/2024\/12\/image-eurosandow-600-400-13.png\" \/>\n<meta name=\"twitter:card\" content=\"summary_large_image\" \/>\n<meta name=\"twitter:label1\" content=\"Est. reading time\" \/>\n\t<meta name=\"twitter:data1\" content=\"2 minutes\" \/>\n<script type=\"application\/ld+json\" class=\"yoast-schema-graph\">{\"@context\":\"https:\/\/schema.org\",\"@graph\":[{\"@type\":\"WebPage\",\"@id\":\"https:\/\/www.eurosandow.com\/de\/weben\/\",\"url\":\"https:\/\/www.eurosandow.com\/de\/weben\/\",\"name\":\"Weben - Eurosandow\",\"isPartOf\":{\"@id\":\"https:\/\/www.eurosandow.com\/de\/#website\"},\"primaryImageOfPage\":{\"@id\":\"https:\/\/www.eurosandow.com\/de\/weben\/#primaryimage\"},\"image\":{\"@id\":\"https:\/\/www.eurosandow.com\/de\/weben\/#primaryimage\"},\"thumbnailUrl\":\"https:\/\/www.eurosandow.com\/app\/uploads\/2024\/12\/image-eurosandow-600-400-13.png\",\"datePublished\":\"2025-01-22T14:27:17+00:00\",\"dateModified\":\"2025-07-09T13:08:00+00:00\",\"description\":\"Dank unseres Fachwissens in der Weberei k\u00f6nnen wir hochwertige Fasern in robuste und innovative Produkte verwandeln,\",\"breadcrumb\":{\"@id\":\"https:\/\/www.eurosandow.com\/de\/weben\/#breadcrumb\"},\"inLanguage\":\"de-DE\",\"potentialAction\":[{\"@type\":\"ReadAction\",\"target\":[\"https:\/\/www.eurosandow.com\/de\/weben\/\"]}]},{\"@type\":\"ImageObject\",\"inLanguage\":\"de-DE\",\"@id\":\"https:\/\/www.eurosandow.com\/de\/weben\/#primaryimage\",\"url\":\"https:\/\/www.eurosandow.com\/app\/uploads\/2024\/12\/image-eurosandow-600-400-13.png\",\"contentUrl\":\"https:\/\/www.eurosandow.com\/app\/uploads\/2024\/12\/image-eurosandow-600-400-13.png\"},{\"@type\":\"BreadcrumbList\",\"@id\":\"https:\/\/www.eurosandow.com\/de\/weben\/#breadcrumb\",\"itemListElement\":[{\"@type\":\"ListItem\",\"position\":1,\"name\":\"Accueil\",\"item\":\"https:\/\/www.eurosandow.com\/de\/\"},{\"@type\":\"ListItem\",\"position\":2,\"name\":\"Weben\"}]},{\"@type\":\"WebSite\",\"@id\":\"https:\/\/www.eurosandow.com\/de\/#website\",\"url\":\"https:\/\/www.eurosandow.com\/de\/\",\"name\":\"Eurosandow\",\"description\":\"Tendeurs, sangles et filets\",\"publisher\":{\"@id\":\"https:\/\/www.eurosandow.com\/de\/#organization\"},\"potentialAction\":[{\"@type\":\"SearchAction\",\"target\":{\"@type\":\"EntryPoint\",\"urlTemplate\":\"https:\/\/www.eurosandow.com\/de\/?s={search_term_string}\"},\"query-input\":{\"@type\":\"PropertyValueSpecification\",\"valueRequired\":true,\"valueName\":\"search_term_string\"}}],\"inLanguage\":\"de-DE\"},{\"@type\":\"Organization\",\"@id\":\"https:\/\/www.eurosandow.com\/de\/#organization\",\"name\":\"Eurosandow\",\"url\":\"https:\/\/www.eurosandow.com\/de\/\",\"logo\":{\"@type\":\"ImageObject\",\"inLanguage\":\"de-DE\",\"@id\":\"https:\/\/www.eurosandow.com\/de\/#\/schema\/logo\/image\/\",\"url\":\"https:\/\/www.eurosandow.com\/app\/uploads\/2024\/08\/eurosandow.svg\",\"contentUrl\":\"https:\/\/www.eurosandow.com\/app\/uploads\/2024\/08\/eurosandow.svg\",\"caption\":\"Eurosandow\"},\"image\":{\"@id\":\"https:\/\/www.eurosandow.com\/de\/#\/schema\/logo\/image\/\"}}]}<\/script>\n<!-- \/ Yoast SEO plugin. -->","yoast_head_json":{"title":"Weben - Eurosandow","description":"Dank unseres Fachwissens in der Weberei k\u00f6nnen wir hochwertige Fasern in robuste und innovative Produkte verwandeln,","robots":{"index":"index","follow":"follow","max-snippet":"max-snippet:-1","max-image-preview":"max-image-preview:large","max-video-preview":"max-video-preview:-1"},"canonical":"https:\/\/www.eurosandow.com\/de\/weben\/","og_locale":"de_DE","og_type":"article","og_title":"Weben - Eurosandow","og_description":"Dank unseres Fachwissens in der Weberei k\u00f6nnen wir hochwertige Fasern in robuste und innovative Produkte verwandeln,","og_url":"https:\/\/www.eurosandow.com\/de\/weben\/","og_site_name":"Eurosandow","article_modified_time":"2025-07-09T13:08:00+00:00","og_image":[{"url":"https:\/\/www.eurosandow.com\/app\/uploads\/2024\/12\/image-eurosandow-600-400-13.png","type":"","width":"","height":""}],"twitter_card":"summary_large_image","twitter_misc":{"Est. reading time":"2 minutes"},"schema":{"@context":"https:\/\/schema.org","@graph":[{"@type":"WebPage","@id":"https:\/\/www.eurosandow.com\/de\/weben\/","url":"https:\/\/www.eurosandow.com\/de\/weben\/","name":"Weben - Eurosandow","isPartOf":{"@id":"https:\/\/www.eurosandow.com\/de\/#website"},"primaryImageOfPage":{"@id":"https:\/\/www.eurosandow.com\/de\/weben\/#primaryimage"},"image":{"@id":"https:\/\/www.eurosandow.com\/de\/weben\/#primaryimage"},"thumbnailUrl":"https:\/\/www.eurosandow.com\/app\/uploads\/2024\/12\/image-eurosandow-600-400-13.png","datePublished":"2025-01-22T14:27:17+00:00","dateModified":"2025-07-09T13:08:00+00:00","description":"Dank unseres Fachwissens in der Weberei k\u00f6nnen wir hochwertige Fasern in robuste und innovative Produkte verwandeln,","breadcrumb":{"@id":"https:\/\/www.eurosandow.com\/de\/weben\/#breadcrumb"},"inLanguage":"de-DE","potentialAction":[{"@type":"ReadAction","target":["https:\/\/www.eurosandow.com\/de\/weben\/"]}]},{"@type":"ImageObject","inLanguage":"de-DE","@id":"https:\/\/www.eurosandow.com\/de\/weben\/#primaryimage","url":"https:\/\/www.eurosandow.com\/app\/uploads\/2024\/12\/image-eurosandow-600-400-13.png","contentUrl":"https:\/\/www.eurosandow.com\/app\/uploads\/2024\/12\/image-eurosandow-600-400-13.png"},{"@type":"BreadcrumbList","@id":"https:\/\/www.eurosandow.com\/de\/weben\/#breadcrumb","itemListElement":[{"@type":"ListItem","position":1,"name":"Accueil","item":"https:\/\/www.eurosandow.com\/de\/"},{"@type":"ListItem","position":2,"name":"Weben"}]},{"@type":"WebSite","@id":"https:\/\/www.eurosandow.com\/de\/#website","url":"https:\/\/www.eurosandow.com\/de\/","name":"Eurosandow","description":"Tendeurs, sangles et filets","publisher":{"@id":"https:\/\/www.eurosandow.com\/de\/#organization"},"potentialAction":[{"@type":"SearchAction","target":{"@type":"EntryPoint","urlTemplate":"https:\/\/www.eurosandow.com\/de\/?s={search_term_string}"},"query-input":{"@type":"PropertyValueSpecification","valueRequired":true,"valueName":"search_term_string"}}],"inLanguage":"de-DE"},{"@type":"Organization","@id":"https:\/\/www.eurosandow.com\/de\/#organization","name":"Eurosandow","url":"https:\/\/www.eurosandow.com\/de\/","logo":{"@type":"ImageObject","inLanguage":"de-DE","@id":"https:\/\/www.eurosandow.com\/de\/#\/schema\/logo\/image\/","url":"https:\/\/www.eurosandow.com\/app\/uploads\/2024\/08\/eurosandow.svg","contentUrl":"https:\/\/www.eurosandow.com\/app\/uploads\/2024\/08\/eurosandow.svg","caption":"Eurosandow"},"image":{"@id":"https:\/\/www.eurosandow.com\/de\/#\/schema\/logo\/image\/"}}]}},"_links":{"self":[{"href":"https:\/\/www.eurosandow.com\/de\/wp-json\/wp\/v2\/pages\/2806","targetHints":{"allow":["GET"]}}],"collection":[{"href":"https:\/\/www.eurosandow.com\/de\/wp-json\/wp\/v2\/pages"}],"about":[{"href":"https:\/\/www.eurosandow.com\/de\/wp-json\/wp\/v2\/types\/page"}],"author":[{"embeddable":true,"href":"https:\/\/www.eurosandow.com\/de\/wp-json\/wp\/v2\/users\/2"}],"replies":[{"embeddable":true,"href":"https:\/\/www.eurosandow.com\/de\/wp-json\/wp\/v2\/comments?post=2806"}],"version-history":[{"count":4,"href":"https:\/\/www.eurosandow.com\/de\/wp-json\/wp\/v2\/pages\/2806\/revisions"}],"predecessor-version":[{"id":3679,"href":"https:\/\/www.eurosandow.com\/de\/wp-json\/wp\/v2\/pages\/2806\/revisions\/3679"}],"wp:attachment":[{"href":"https:\/\/www.eurosandow.com\/de\/wp-json\/wp\/v2\/media?parent=2806"}],"curies":[{"name":"wp","href":"https:\/\/api.w.org\/{rel}","templated":true}]}}