{"id":2823,"date":"2025-01-22T20:33:46","date_gmt":"2025-01-22T19:33:46","guid":{"rendered":"https:\/\/www.eurosandow.com\/certifications\/"},"modified":"2025-01-22T20:36:46","modified_gmt":"2025-01-22T19:36:46","slug":"zertifizierungen","status":"publish","type":"page","link":"https:\/\/www.eurosandow.com\/de\/zertifizierungen\/","title":{"rendered":"Zertifizierungen"},"content":{"rendered":"\n<div class=\"wp-block-columns has-1-columns is-layout-flex wp-container-core-columns-is-layout-9d6595d7 wp-block-columns has-1-columns-is-layout-flex\">\n<div class=\"wp-block-column is-layout-flow wp-block-column-is-layout-flow\">\n<div style=\"height:81px\" aria-hidden=\"true\" class=\"wp-block-spacer\"><\/div>\n\n\n\n<h2 class=\"wp-block-heading\"><mark style=\"background-color:rgba(0, 0, 0, 0)\" class=\"has-inline-color has-orange-color\">Qualit\u00e4t, ein dauerhaftes Engagement<\/mark><\/h2>\n\n\n\n<p>Unsere Qualit\u00e4tspolitik bildet eine echte vertikale S\u00e4ule, um die sich alle Dienstleistungen von Eurosandow gliedern.<\/p>\n\n\n\n<p>Unsere Priorit\u00e4t ist es, unseren Kunden sichere Produkte anzubieten, die den Industriestandards entsprechen.<\/p>\n\n\n\n<p>Aus diesem Grund haben wir die strategische Entscheidung getroffen, den gesamten Herstellungsprozess unserer Produkte vollst\u00e4ndig zu internalisieren. Diese Kontrolle \u00fcber die Produktionskette erm\u00f6glicht es uns, sicherzustellen, dass jedes hergestellte Produkt den h\u00f6chsten Qualit\u00e4tsstandards entspricht. <\/p>\n\n\n\n<p>Alle in unseren Werkst\u00e4tten in Frankreich und Rum\u00e4nien gefertigten Teile werden w\u00e4hrend des gesamten Produktionsprozesses l\u00fcckenlos nachverfolgt.<\/p>\n\n\n\n<p>Dank unseres ERP-Systems sind wir in der Lage, eine vollst\u00e4ndige R\u00fcckverfolgbarkeit jedes Produkts zu gew\u00e4hrleisten. So k\u00f6nnen wir die verwendeten Komponentenchargen, die Maschine, auf der das Produkt hergestellt wurde, und sogar den Bediener, der die Fertigung \u00fcberwacht hat, genau identifizieren. <\/p>\n\n\n\n<p>Der strenge Qualit\u00e4tskontrollprozess, den wir bei den Endprodukten anwenden, umfasst verschiedene Tests und erm\u00f6glicht es uns, sicherzustellen, dass sie den technischen Spezifikationen entsprechen, die w\u00e4hrend der Entwicklung festgelegt wurden.<\/p>\n\n\n\n<div style=\"height:44px\" aria-hidden=\"true\" class=\"wp-block-spacer\"><\/div>\n<\/div>\n<\/div>\n\n\n\n<div class=\"wp-block-columns has-2-columns is-layout-flex wp-container-core-columns-is-layout-9d6595d7 wp-block-columns has-2-columns-is-layout-flex\">\n<div class=\"wp-block-column is-layout-flow wp-block-column-is-layout-flow\">\n<h2 class=\"wp-block-heading\"><mark style=\"background-color:rgba(0, 0, 0, 0)\" class=\"has-inline-color has-orange-color\"><strong><br>Strenge Qualit\u00e4tskontrolle<\/strong><\/mark><\/h2>\n\n\n\n<p>Unsere Teams f\u00fchren eine Reihe von Tests durch, um sicherzustellen, dass die Probe ihre Eigenschaften beh\u00e4lt, um die Funktionen des Produkts zu gew\u00e4hrleisten.<\/p>\n\n\n\n<p>Wir f\u00fchren diese g\u00e4ngigen Tests durch (durchgef\u00fchrt nach den Testmethoden von Nissan Renault, PSA, Toyota, Volvo, Ford, BMW , VW, JLR) :<\/p>\n\n\n\n<ul class=\"wp-block-list\">\n<li>Entflammbarkeitspr\u00fcfung<\/li>\n\n\n\n<li>Geruchspr\u00fcfung<\/li>\n\n\n\n<li>Schleierbildung<\/li>\n\n\n\n<li>Schwei\u00dftest<\/li>\n\n\n\n<li>Alterungspr\u00fcfung<\/li>\n\n\n\n<li>Kraft- und Streckpr\u00fcfung<\/li>\n\n\n\n<li>Rei\u00dffestigkeitspr\u00fcfung<\/li>\n\n\n\n<li>Erm\u00fcdungstest<\/li>\n<\/ul>\n\n\n\n<p>So k\u00f6nnen wir unseren Kunden einfache Pr\u00fcfberichte oder Konformit\u00e4tszertifikate bereitstellen, um die Qualit\u00e4t der Produkte zu gew\u00e4hrleisten. <\/p>\n\n\n\n<p>Diese Aufmerksamkeit f\u00fcr Qualit\u00e4t ist umso entscheidender, da wir in Branchen t\u00e4tig sind, in denen Pr\u00e4zision, Zuverl\u00e4ssigkeit und Langlebigkeit nicht optional, sondern unverzichtbar sind.<mark style=\"background-color:rgba(0, 0, 0, 0)\" class=\"has-inline-color has-orange-color\"><br><\/mark><\/p>\n<\/div>\n\n\n\n<div class=\"wp-block-column is-layout-flow wp-block-column-is-layout-flow\">\n<figure class=\"wp-block-image size-full is-resized\"><img decoding=\"async\" width=\"600\" height=\"540\" src=\"https:\/\/www.eurosandow.com\/app\/uploads\/2024\/12\/Design-sans-titre-2024-12-01T202448.705.png\" alt=\"\" class=\"wp-image-1755\" style=\"width:796px;height:auto\" srcset=\"https:\/\/www.eurosandow.com\/app\/uploads\/2024\/12\/Design-sans-titre-2024-12-01T202448.705.png 600w, https:\/\/www.eurosandow.com\/app\/uploads\/2024\/12\/Design-sans-titre-2024-12-01T202448.705-300x270.png 300w\" sizes=\"(max-width: 600px) 100vw, 600px\" \/><\/figure>\n<\/div>\n<\/div>\n\n\n\n<div style=\"height:63px\" aria-hidden=\"true\" class=\"wp-block-spacer\"><\/div>\n\n\n\n<div class=\"wp-block-columns has-1-columns is-layout-flex wp-container-core-columns-is-layout-9d6595d7 wp-block-columns has-1-columns-is-layout-flex\">\n<div class=\"wp-block-column is-layout-flow wp-block-column-is-layout-flow\">\n<h2 class=\"wp-block-heading has-text-align-center\"><mark style=\"background-color:rgba(0, 0, 0, 0)\" class=\"has-inline-color has-fuchsia-color\">Zertifiziert nach ISO 9001, IATF 16949 und ASES<\/mark><\/h2>\n\n\n\n<p class=\"has-text-align-center\">Dieses kompromisslose Engagement f\u00fcr Qualit\u00e4t, kombiniert mit dem Einsatz jedes einzelnen Mitarbeiters, hat uns bereits 1996 die IATF-Zertifizierung eingebracht und uns sowohl auf dem Automobilmarkt als auch in der Industrie eine anerkannte Qualit\u00e4tsreputation verschafft.<\/p>\n\n\n\n<div class=\"wp-block-columns has-1-columns has-3-columns is-layout-flex wp-container-core-columns-is-layout-9d6595d7 wp-block-columns has-1-columns has-3-columns-is-layout-flex\">\n<div class=\"wp-block-column is-layout-flow wp-block-column-is-layout-flow\">\n<figure class=\"wp-block-image aligncenter size-full is-resized\"><img decoding=\"async\" width=\"500\" height=\"500\" src=\"https:\/\/www.eurosandow.com\/app\/uploads\/2024\/10\/Design-sans-titre-2024-10-02T164222.027.png\" alt=\"\" class=\"wp-image-1245\" style=\"width:246px;height:auto\" srcset=\"https:\/\/www.eurosandow.com\/app\/uploads\/2024\/10\/Design-sans-titre-2024-10-02T164222.027.png 500w, https:\/\/www.eurosandow.com\/app\/uploads\/2024\/10\/Design-sans-titre-2024-10-02T164222.027-300x300.png 300w, https:\/\/www.eurosandow.com\/app\/uploads\/2024\/10\/Design-sans-titre-2024-10-02T164222.027-150x150.png 150w\" sizes=\"(max-width: 500px) 100vw, 500px\" \/><\/figure>\n<\/div>\n\n\n\n<div class=\"wp-block-column is-layout-flow wp-block-column-is-layout-flow\">\n<figure class=\"wp-block-image aligncenter size-full is-resized\"><img decoding=\"async\" width=\"500\" height=\"500\" src=\"https:\/\/www.eurosandow.com\/app\/uploads\/2024\/10\/Design-sans-titre-2024-10-02T164627.973.png\" alt=\"\" class=\"wp-image-1252\" style=\"width:252px;height:auto\" srcset=\"https:\/\/www.eurosandow.com\/app\/uploads\/2024\/10\/Design-sans-titre-2024-10-02T164627.973.png 500w, https:\/\/www.eurosandow.com\/app\/uploads\/2024\/10\/Design-sans-titre-2024-10-02T164627.973-300x300.png 300w, https:\/\/www.eurosandow.com\/app\/uploads\/2024\/10\/Design-sans-titre-2024-10-02T164627.973-150x150.png 150w\" sizes=\"(max-width: 500px) 100vw, 500px\" \/><\/figure>\n<\/div>\n\n\n\n<div class=\"wp-block-column is-layout-flow wp-block-column-is-layout-flow\">\n<figure class=\"wp-block-image aligncenter size-full is-resized\"><img decoding=\"async\" width=\"500\" height=\"500\" src=\"https:\/\/www.eurosandow.com\/app\/uploads\/2024\/10\/Design-sans-titre-2024-10-02T164921.995.png\" alt=\"\" class=\"wp-image-1259\" style=\"width:239px;height:auto\" srcset=\"https:\/\/www.eurosandow.com\/app\/uploads\/2024\/10\/Design-sans-titre-2024-10-02T164921.995.png 500w, https:\/\/www.eurosandow.com\/app\/uploads\/2024\/10\/Design-sans-titre-2024-10-02T164921.995-300x300.png 300w, https:\/\/www.eurosandow.com\/app\/uploads\/2024\/10\/Design-sans-titre-2024-10-02T164921.995-150x150.png 150w\" sizes=\"(max-width: 500px) 100vw, 500px\" \/><\/figure>\n<\/div>\n<\/div>\n<\/div>\n<\/div>\n\n\n\n<div style=\"height:30px\" aria-hidden=\"true\" class=\"wp-block-spacer\"><\/div>\n\n\n<div class=\"references-block small-width block-gap\" data-aos=\"fade-up\" data-aos-duration=\"1500\">\n    <div class=\"title-section center\">\n        <span class=\"uptitle\">Unsere Referenzen<\/span>        <h2 class=\"title\">Sie vertrauen uns<\/h2>    <\/div>\n    <div class=\"references-slider swiper\">\n        <div class=\"swiper-wrapper\">\n                            <img decoding=\"async\" src=\"https:\/\/www.eurosandow.com\/app\/uploads\/2024\/08\/bmw_RVB.jpg\" class=\"logo swiper-slide\" alt=\"\" title=\"\" loading=\"lazy\"\/>\n                            <img decoding=\"async\" src=\"https:\/\/www.eurosandow.com\/app\/uploads\/2024\/08\/volvo_RVB.jpg\" class=\"logo swiper-slide\" alt=\"\" title=\"\" loading=\"lazy\"\/>\n                            <img decoding=\"async\" src=\"https:\/\/www.eurosandow.com\/app\/uploads\/2024\/08\/volkswagen_RVB.jpg\" class=\"logo swiper-slide\" alt=\"\" title=\"\" loading=\"lazy\"\/>\n                            <img decoding=\"async\" src=\"https:\/\/www.eurosandow.com\/app\/uploads\/2024\/08\/trigano_RVB.jpg\" class=\"logo swiper-slide\" alt=\"\" title=\"\" loading=\"lazy\"\/>\n                            <img decoding=\"async\" src=\"https:\/\/www.eurosandow.com\/app\/uploads\/2024\/08\/treves_RVB.jpg\" class=\"logo swiper-slide\" alt=\"\" title=\"\" loading=\"lazy\"\/>\n                            <img decoding=\"async\" src=\"https:\/\/www.eurosandow.com\/app\/uploads\/2024\/08\/toyota_RVB.jpg\" class=\"logo swiper-slide\" alt=\"\" title=\"\" loading=\"lazy\"\/>\n                            <img decoding=\"async\" src=\"https:\/\/www.eurosandow.com\/app\/uploads\/2024\/08\/smooves_RVB.jpg\" class=\"logo swiper-slide\" alt=\"\" title=\"\" loading=\"lazy\"\/>\n                            <img decoding=\"async\" src=\"https:\/\/www.eurosandow.com\/app\/uploads\/2024\/08\/smart_RVB.jpg\" class=\"logo swiper-slide\" alt=\"\" title=\"\" loading=\"lazy\"\/>\n                            <img decoding=\"async\" src=\"https:\/\/www.eurosandow.com\/app\/uploads\/2024\/08\/renault-nissa-mitsubishi_RVB.jpg\" class=\"logo swiper-slide\" alt=\"\" title=\"\" loading=\"lazy\"\/>\n                            <img decoding=\"async\" src=\"https:\/\/www.eurosandow.com\/app\/uploads\/2024\/08\/adient_RVB.jpg\" class=\"logo swiper-slide\" alt=\"\" title=\"\" loading=\"lazy\"\/>\n                    <\/div>\n        <div class=\"swiper-pagination references\"><\/div>\n    <\/div>\n<\/div>\n\n\n<div style=\"height:100px\" aria-hidden=\"true\" class=\"wp-block-spacer\"><\/div>\n\n\n<div class=\"highlight-text small-width\" data-aos=\"fade-up\" data-aos-duration=\"1500\">\n    <div class=\"inner-banner\">\n        <div class=\"text-container\">\n            <div classs=\"text-rich\"><h2>Technik und Innovation im Dienste der Leistung<\/h2>\n<p>Wir stellen unser Know-how und unsere Erfahrung in den Dienst Ihrer Projekte, indem wir vollst\u00e4ndig ma\u00dfgeschneiderte Produkte entwickeln, die Ihren Anforderungen und den gew\u00fcnschten Spezifikationen entsprechen.<\/p>\n<\/div>            <div class=\"buttons-container\">\n                                    <a class=\"wp-block-button__link has-white-color has-text-color has-link-color wp-element-button\" target=\"\" href=\"https:\/\/www.eurosandow.com\/de\/contactez-nous\/\"> Kontaktieren Sie uns<\/a>\n                            <\/div>\n        <\/div>\n    <\/div>\n<\/div>","protected":false},"excerpt":{"rendered":"<p>Qualit\u00e4t, ein dauerhaftes Engagement Unsere Qualit\u00e4tspolitik bildet eine echte vertikale S\u00e4ule, um die sich alle Dienstleistungen von Eurosandow gliedern. Unsere Priorit\u00e4t ist es, unseren Kunden sichere Produkte anzubieten, die den Industriestandards entsprechen. Aus diesem Grund haben wir die strategische Entscheidung getroffen, den gesamten Herstellungsprozess unserer Produkte vollst\u00e4ndig zu internalisieren. Diese Kontrolle \u00fcber die Produktionskette erm\u00f6glicht [&hellip;]<\/p>\n","protected":false},"author":2,"featured_media":1753,"parent":0,"menu_order":0,"comment_status":"closed","ping_status":"closed","template":"","meta":{"_acf_changed":false,"footnotes":""},"class_list":["post-2823","page","type-page","status-publish","has-post-thumbnail","hentry"],"acf":[],"yoast_head":"<!-- This site is optimized with the Yoast SEO plugin v27.3 - https:\/\/yoast.com\/product\/yoast-seo-wordpress\/ -->\n<title>Zertifizierungen - Eurosandow<\/title>\n<meta name=\"description\" content=\"Dank seines Engagements f\u00fcr Qualit\u00e4t hat Eurosandow die Zertifizierungen ISO 9001, IATF 16949 und ASES erhalten.\" \/>\n<meta name=\"robots\" content=\"index, follow, max-snippet:-1, max-image-preview:large, max-video-preview:-1\" \/>\n<link rel=\"canonical\" href=\"https:\/\/www.eurosandow.com\/de\/zertifizierungen\/\" \/>\n<meta property=\"og:locale\" content=\"de_DE\" \/>\n<meta property=\"og:type\" content=\"article\" \/>\n<meta property=\"og:title\" content=\"Zertifizierungen - Eurosandow\" \/>\n<meta property=\"og:description\" content=\"Dank seines Engagements f\u00fcr Qualit\u00e4t hat Eurosandow die Zertifizierungen ISO 9001, IATF 16949 und ASES erhalten.\" \/>\n<meta property=\"og:url\" content=\"https:\/\/www.eurosandow.com\/de\/zertifizierungen\/\" \/>\n<meta property=\"og:site_name\" content=\"Eurosandow\" \/>\n<meta property=\"article:modified_time\" content=\"2025-01-22T19:36:46+00:00\" \/>\n<meta property=\"og:image\" content=\"https:\/\/www.eurosandow.com\/app\/uploads\/2024\/12\/header-eurosandow-2000-x-600-px-15.png\" \/>\n\t<meta property=\"og:image:width\" content=\"2000\" \/>\n\t<meta property=\"og:image:height\" content=\"600\" \/>\n\t<meta property=\"og:image:type\" content=\"image\/png\" \/>\n<meta name=\"twitter:card\" content=\"summary_large_image\" \/>\n<meta name=\"twitter:label1\" content=\"Est. reading time\" \/>\n\t<meta name=\"twitter:data1\" content=\"3 minutes\" \/>\n<script type=\"application\/ld+json\" class=\"yoast-schema-graph\">{\"@context\":\"https:\\\/\\\/schema.org\",\"@graph\":[{\"@type\":\"WebPage\",\"@id\":\"https:\\\/\\\/www.eurosandow.com\\\/de\\\/zertifizierungen\\\/\",\"url\":\"https:\\\/\\\/www.eurosandow.com\\\/de\\\/zertifizierungen\\\/\",\"name\":\"Zertifizierungen - Eurosandow\",\"isPartOf\":{\"@id\":\"https:\\\/\\\/www.eurosandow.com\\\/de\\\/#website\"},\"primaryImageOfPage\":{\"@id\":\"https:\\\/\\\/www.eurosandow.com\\\/de\\\/zertifizierungen\\\/#primaryimage\"},\"image\":{\"@id\":\"https:\\\/\\\/www.eurosandow.com\\\/de\\\/zertifizierungen\\\/#primaryimage\"},\"thumbnailUrl\":\"https:\\\/\\\/www.eurosandow.com\\\/app\\\/uploads\\\/2024\\\/12\\\/header-eurosandow-2000-x-600-px-15.png\",\"datePublished\":\"2025-01-22T19:33:46+00:00\",\"dateModified\":\"2025-01-22T19:36:46+00:00\",\"description\":\"Dank seines Engagements f\u00fcr Qualit\u00e4t hat Eurosandow die Zertifizierungen ISO 9001, IATF 16949 und ASES erhalten.\",\"breadcrumb\":{\"@id\":\"https:\\\/\\\/www.eurosandow.com\\\/de\\\/zertifizierungen\\\/#breadcrumb\"},\"inLanguage\":\"de-DE\",\"potentialAction\":[{\"@type\":\"ReadAction\",\"target\":[\"https:\\\/\\\/www.eurosandow.com\\\/de\\\/zertifizierungen\\\/\"]}]},{\"@type\":\"ImageObject\",\"inLanguage\":\"de-DE\",\"@id\":\"https:\\\/\\\/www.eurosandow.com\\\/de\\\/zertifizierungen\\\/#primaryimage\",\"url\":\"https:\\\/\\\/www.eurosandow.com\\\/app\\\/uploads\\\/2024\\\/12\\\/header-eurosandow-2000-x-600-px-15.png\",\"contentUrl\":\"https:\\\/\\\/www.eurosandow.com\\\/app\\\/uploads\\\/2024\\\/12\\\/header-eurosandow-2000-x-600-px-15.png\",\"width\":2000,\"height\":600,\"caption\":\"Contr\u00f4le qualit\u00e9 des produits fabriqu\u00e9s par eurosandow\"},{\"@type\":\"BreadcrumbList\",\"@id\":\"https:\\\/\\\/www.eurosandow.com\\\/de\\\/zertifizierungen\\\/#breadcrumb\",\"itemListElement\":[{\"@type\":\"ListItem\",\"position\":1,\"name\":\"Accueil\",\"item\":\"https:\\\/\\\/www.eurosandow.com\\\/de\\\/\"},{\"@type\":\"ListItem\",\"position\":2,\"name\":\"Zertifizierungen\"}]},{\"@type\":\"WebSite\",\"@id\":\"https:\\\/\\\/www.eurosandow.com\\\/de\\\/#website\",\"url\":\"https:\\\/\\\/www.eurosandow.com\\\/de\\\/\",\"name\":\"Eurosandow\",\"description\":\"Tendeurs, sangles et filets\",\"publisher\":{\"@id\":\"https:\\\/\\\/www.eurosandow.com\\\/de\\\/#organization\"},\"potentialAction\":[{\"@type\":\"SearchAction\",\"target\":{\"@type\":\"EntryPoint\",\"urlTemplate\":\"https:\\\/\\\/www.eurosandow.com\\\/de\\\/?s={search_term_string}\"},\"query-input\":{\"@type\":\"PropertyValueSpecification\",\"valueRequired\":true,\"valueName\":\"search_term_string\"}}],\"inLanguage\":\"de-DE\"},{\"@type\":\"Organization\",\"@id\":\"https:\\\/\\\/www.eurosandow.com\\\/de\\\/#organization\",\"name\":\"Eurosandow\",\"url\":\"https:\\\/\\\/www.eurosandow.com\\\/de\\\/\",\"logo\":{\"@type\":\"ImageObject\",\"inLanguage\":\"de-DE\",\"@id\":\"https:\\\/\\\/www.eurosandow.com\\\/de\\\/#\\\/schema\\\/logo\\\/image\\\/\",\"url\":\"https:\\\/\\\/www.eurosandow.com\\\/app\\\/uploads\\\/2024\\\/08\\\/eurosandow.svg\",\"contentUrl\":\"https:\\\/\\\/www.eurosandow.com\\\/app\\\/uploads\\\/2024\\\/08\\\/eurosandow.svg\",\"caption\":\"Eurosandow\"},\"image\":{\"@id\":\"https:\\\/\\\/www.eurosandow.com\\\/de\\\/#\\\/schema\\\/logo\\\/image\\\/\"}}]}<\/script>\n<!-- \/ Yoast SEO plugin. -->","yoast_head_json":{"title":"Zertifizierungen - Eurosandow","description":"Dank seines Engagements f\u00fcr Qualit\u00e4t hat Eurosandow die Zertifizierungen ISO 9001, IATF 16949 und ASES erhalten.","robots":{"index":"index","follow":"follow","max-snippet":"max-snippet:-1","max-image-preview":"max-image-preview:large","max-video-preview":"max-video-preview:-1"},"canonical":"https:\/\/www.eurosandow.com\/de\/zertifizierungen\/","og_locale":"de_DE","og_type":"article","og_title":"Zertifizierungen - Eurosandow","og_description":"Dank seines Engagements f\u00fcr Qualit\u00e4t hat Eurosandow die Zertifizierungen ISO 9001, IATF 16949 und ASES erhalten.","og_url":"https:\/\/www.eurosandow.com\/de\/zertifizierungen\/","og_site_name":"Eurosandow","article_modified_time":"2025-01-22T19:36:46+00:00","og_image":[{"width":2000,"height":600,"url":"https:\/\/www.eurosandow.com\/app\/uploads\/2024\/12\/header-eurosandow-2000-x-600-px-15.png","type":"image\/png"}],"twitter_card":"summary_large_image","twitter_misc":{"Est. reading time":"3 minutes"},"schema":{"@context":"https:\/\/schema.org","@graph":[{"@type":"WebPage","@id":"https:\/\/www.eurosandow.com\/de\/zertifizierungen\/","url":"https:\/\/www.eurosandow.com\/de\/zertifizierungen\/","name":"Zertifizierungen - Eurosandow","isPartOf":{"@id":"https:\/\/www.eurosandow.com\/de\/#website"},"primaryImageOfPage":{"@id":"https:\/\/www.eurosandow.com\/de\/zertifizierungen\/#primaryimage"},"image":{"@id":"https:\/\/www.eurosandow.com\/de\/zertifizierungen\/#primaryimage"},"thumbnailUrl":"https:\/\/www.eurosandow.com\/app\/uploads\/2024\/12\/header-eurosandow-2000-x-600-px-15.png","datePublished":"2025-01-22T19:33:46+00:00","dateModified":"2025-01-22T19:36:46+00:00","description":"Dank seines Engagements f\u00fcr Qualit\u00e4t hat Eurosandow die Zertifizierungen ISO 9001, IATF 16949 und ASES erhalten.","breadcrumb":{"@id":"https:\/\/www.eurosandow.com\/de\/zertifizierungen\/#breadcrumb"},"inLanguage":"de-DE","potentialAction":[{"@type":"ReadAction","target":["https:\/\/www.eurosandow.com\/de\/zertifizierungen\/"]}]},{"@type":"ImageObject","inLanguage":"de-DE","@id":"https:\/\/www.eurosandow.com\/de\/zertifizierungen\/#primaryimage","url":"https:\/\/www.eurosandow.com\/app\/uploads\/2024\/12\/header-eurosandow-2000-x-600-px-15.png","contentUrl":"https:\/\/www.eurosandow.com\/app\/uploads\/2024\/12\/header-eurosandow-2000-x-600-px-15.png","width":2000,"height":600,"caption":"Contr\u00f4le qualit\u00e9 des produits fabriqu\u00e9s par eurosandow"},{"@type":"BreadcrumbList","@id":"https:\/\/www.eurosandow.com\/de\/zertifizierungen\/#breadcrumb","itemListElement":[{"@type":"ListItem","position":1,"name":"Accueil","item":"https:\/\/www.eurosandow.com\/de\/"},{"@type":"ListItem","position":2,"name":"Zertifizierungen"}]},{"@type":"WebSite","@id":"https:\/\/www.eurosandow.com\/de\/#website","url":"https:\/\/www.eurosandow.com\/de\/","name":"Eurosandow","description":"Tendeurs, sangles et filets","publisher":{"@id":"https:\/\/www.eurosandow.com\/de\/#organization"},"potentialAction":[{"@type":"SearchAction","target":{"@type":"EntryPoint","urlTemplate":"https:\/\/www.eurosandow.com\/de\/?s={search_term_string}"},"query-input":{"@type":"PropertyValueSpecification","valueRequired":true,"valueName":"search_term_string"}}],"inLanguage":"de-DE"},{"@type":"Organization","@id":"https:\/\/www.eurosandow.com\/de\/#organization","name":"Eurosandow","url":"https:\/\/www.eurosandow.com\/de\/","logo":{"@type":"ImageObject","inLanguage":"de-DE","@id":"https:\/\/www.eurosandow.com\/de\/#\/schema\/logo\/image\/","url":"https:\/\/www.eurosandow.com\/app\/uploads\/2024\/08\/eurosandow.svg","contentUrl":"https:\/\/www.eurosandow.com\/app\/uploads\/2024\/08\/eurosandow.svg","caption":"Eurosandow"},"image":{"@id":"https:\/\/www.eurosandow.com\/de\/#\/schema\/logo\/image\/"}}]}},"_links":{"self":[{"href":"https:\/\/www.eurosandow.com\/de\/wp-json\/wp\/v2\/pages\/2823","targetHints":{"allow":["GET"]}}],"collection":[{"href":"https:\/\/www.eurosandow.com\/de\/wp-json\/wp\/v2\/pages"}],"about":[{"href":"https:\/\/www.eurosandow.com\/de\/wp-json\/wp\/v2\/types\/page"}],"author":[{"embeddable":true,"href":"https:\/\/www.eurosandow.com\/de\/wp-json\/wp\/v2\/users\/2"}],"replies":[{"embeddable":true,"href":"https:\/\/www.eurosandow.com\/de\/wp-json\/wp\/v2\/comments?post=2823"}],"version-history":[{"count":2,"href":"https:\/\/www.eurosandow.com\/de\/wp-json\/wp\/v2\/pages\/2823\/revisions"}],"predecessor-version":[{"id":2826,"href":"https:\/\/www.eurosandow.com\/de\/wp-json\/wp\/v2\/pages\/2823\/revisions\/2826"}],"wp:featuredmedia":[{"embeddable":true,"href":"https:\/\/www.eurosandow.com\/de\/wp-json\/wp\/v2\/media\/1753"}],"wp:attachment":[{"href":"https:\/\/www.eurosandow.com\/de\/wp-json\/wp\/v2\/media?parent=2823"}],"curies":[{"name":"wp","href":"https:\/\/api.w.org\/{rel}","templated":true}]}}