{"id":2827,"date":"2025-01-22T20:45:50","date_gmt":"2025-01-22T19:45:50","guid":{"rendered":"https:\/\/www.eurosandow.com\/ultraschallschneiden-und-ultraschallschweissen\/"},"modified":"2025-07-09T15:09:06","modified_gmt":"2025-07-09T13:09:06","slug":"ultraschallschneiden-und-ultraschallschweissen","status":"publish","type":"page","link":"https:\/\/www.eurosandow.com\/de\/ultraschallschneiden-und-ultraschallschweissen\/","title":{"rendered":"Ultraschallschneiden und Ultraschallschwei\u00dfen"},"content":{"rendered":"\n<div class=\"wp-block-columns has-1-columns is-layout-flex wp-container-core-columns-is-layout-9d6595d7 wp-block-columns has-1-columns-is-layout-flex\">\n<div class=\"wp-block-column is-layout-flow wp-block-column-is-layout-flow\">\n<h2 class=\"wp-block-heading\"><mark style=\"background-color:rgba(0, 0, 0, 0)\" class=\"has-inline-color has-orange-color\">Ultraschallschneiden und Ultraschallschwei\u00dfen von Gurten und Netzen<\/mark><\/h2>\n\n\n\n<p>Wir verpflichten uns, unseren Kunden technische Textill\u00f6sungen anzubieten, die Pr\u00e4zision, Qualit\u00e4t und Langlebigkeit vereinen. Das Ultraschallschneiden und -schwei\u00dfen sind innovative und leistungsstarke Technologien, die f\u00fcr eine gro\u00dfe Vielfalt von Materialien und Anwendungen geeignet sind.<\/p>\n\n\n\n<p>Dieses Verfahren erm\u00f6glicht das Anfertigen von Bohrungen in jeder Form, Schwei\u00dfverbindungen und Schnitte auf verschiedenen Materialien. Der Vorteil dieser Technik liegt in der Kauterisation des bearbeiteten Produkts. Dies gew\u00e4hrleistet ein hohes Ma\u00df an Pr\u00e4zision und Qualit\u00e4t. Sie gew\u00e4hrleisten eine saubere Verarbeitung und verhindern das Ausfransen des Textils.<\/p>\n\n\n\n<div style=\"height:51px\" aria-hidden=\"true\" class=\"wp-block-spacer\"><\/div>\n<\/div>\n<\/div>\n\n\n\n<div class=\"wp-block-columns has-2-columns is-layout-flex wp-container-core-columns-is-layout-9d6595d7 wp-block-columns has-2-columns-is-layout-flex\">\n<div class=\"wp-block-column is-layout-flow wp-block-column-is-layout-flow\">\n<figure class=\"wp-block-image size-full is-resized\"><img decoding=\"async\" width=\"570\" height=\"480\" src=\"https:\/\/www.eurosandow.com\/app\/uploads\/2024\/09\/Design-sans-titre-2024-09-18T120555.488-1.png\" alt=\"\" class=\"wp-image-901\" style=\"width:796px;height:auto\" srcset=\"https:\/\/www.eurosandow.com\/app\/uploads\/2024\/09\/Design-sans-titre-2024-09-18T120555.488-1.png 570w, https:\/\/www.eurosandow.com\/app\/uploads\/2024\/09\/Design-sans-titre-2024-09-18T120555.488-1-300x253.png 300w\" sizes=\"(max-width: 570px) 100vw, 570px\" \/><\/figure>\n<\/div>\n\n\n\n<div class=\"wp-block-column is-layout-flow wp-block-column-is-layout-flow\">\n<h2 class=\"wp-block-heading\"><strong><mark style=\"background-color:rgba(0, 0, 0, 0)\" class=\"has-inline-color has-orange-color\">Ein internalisiertes und beherrschtes Know-how<\/mark><\/strong><\/h2>\n\n\n\n<p>Eurosandow stellt technische Textilprodukte her, die in anspruchsvollen Branchen wie der Automobilindustrie, der Luft- und Raumfahrt, dem Schienenverkehr, der Industrie, der Verteidigung usw. eingesetzt werden. <\/p>\n\n\n\n<p>Wir beherrschen unseren Produktionsprozess von A bis Z, um selbst die spezifischsten Anforderungen unserer Kunden zu erf\u00fcllen. Die Endbearbeitung unserer Produkte sowie die Montage werden intern von unseren erfahrenen Teams durchgef\u00fchrt. <\/p>\n\n\n\n<p>Wir investieren regelm\u00e4\u00dfig in neue Ausr\u00fcstungen, um die Konfektionsarbeiten durchzuf\u00fchren und eine optimale Reaktionsf\u00e4higkeit zu gew\u00e4hrleisten.<\/p>\n\n\n\n<p>Wir verf\u00fcgen \u00fcber eine Werkstatt, die mit 6 Ultraschallmaschinen und 2 automatischen Ultraschallmaschinen ausgestattet ist, wodurch sowohl manuelle als auch automatisierte Produktion m\u00f6glich ist. Dies gibt uns die notwendige Flexibilit\u00e4t, um Auftr\u00e4ge jeder Gr\u00f6\u00dfe mit optimaler Reaktionsf\u00e4higkeit zu bearbeiten.<\/p>\n\n\n\n<p>Dieses Engagement f\u00fcr Qualit\u00e4t erm\u00f6glicht es uns, leistungsstarke technische Textill\u00f6sungen zu entwerfen und herzustellen, die den strengsten Standards jeder Branche entsprechen.<\/p>\n<\/div>\n<\/div>\n\n\n\n<div style=\"height:58px\" aria-hidden=\"true\" class=\"wp-block-spacer\"><\/div>\n\n\n\n<h2 class=\"wp-block-heading has-text-align-center\"><strong><mark style=\"background-color:rgba(0, 0, 0, 0)\" class=\"has-inline-color has-orange-color\">Die Anwendungen<\/mark><\/strong><\/h2>\n\n\n\n<p class=\"has-text-align-center\">Unser Fachwissen gew\u00e4hrleistet robuste L\u00f6sungen, die auf die spezifischen Anforderungen jeder Anwendung abgestimmt sind.<\/p>\n\n\n<div class=\"cards-block limit-width\"  data-aos=\"fade-down\" data-aos-duration=\"1500\">\n    <div class=\"icon-text-list\">\n                    <div class=\"icon-list\">\n                                    <a class=\"link-container link\" target=\"\" href=\"https:\/\/www.eurosandow.com\/de\/application\/automobil\/\">\n                                <div class=\"img-container\"><img decoding=\"async\" src=\"https:\/\/www.eurosandow.com\/app\/uploads\/2024\/11\/automobile-3-1.svg\" class=\"logo\" alt=\"\" title=\"\" loading=\"lazy\"\/><\/div>\n                <div class=\"text-container\">\n                    <p class=\"title\">Automobil<\/p>                    <p class=\"subtitle\">Wir produzieren eine breite Palette von Gurten, wie zum Beispiel Sitzverstellungsgurte und Schlauchgurte f\u00fcr Kopfst\u00fctzenr\u00fcckholungen, sowie Aufbewahrungsnetze, darunter R\u00fccksitznetze, Ablagenetze und Kofferraumnetze.<br \/>\r\nDiese Produkte sind essenziell f\u00fcr die Automobilindustrie und m\u00fcssen strenge Anforderungen in Bezug auf Sicherheit, Haltbarkeit und Funktionalit\u00e4t erf\u00fcllen.<\/p>                <\/div>\n                                    <\/a>\n                            <\/div>\n                    <div class=\"icon-list\">\n                                    <a class=\"link-container link\" target=\"\" href=\"https:\/\/www.eurosandow.com\/de\/application\/luftfahrt\/\">\n                                <div class=\"img-container\"><img decoding=\"async\" src=\"https:\/\/www.eurosandow.com\/app\/uploads\/2024\/07\/Groupe-309.jpg\" class=\"logo\" alt=\"\" title=\"\" loading=\"lazy\"\/><\/div>\n                <div class=\"text-container\">\n                    <p class=\"title\">Luftfahrt<\/p>                    <p class=\"subtitle\">In der Luftfahrt kann das Ultraschallschneiden als Endbearbeitungsschritt f\u00fcr Netze verwendet werden, die an den Sitzen in der Kabine zur Aufbewahrung von Dokumenten und Sicherheitsanweisungen angebracht sind. Diese Netze werden anschlie\u00dfend auf einem Edelstahlrahmen montiert und entsprechen den geltenden Brandschutzvorschriften.<br \/>\r\n<\/p>                <\/div>\n                                    <\/a>\n                            <\/div>\n                    <div class=\"icon-list\">\n                                    <a class=\"link-container link\" target=\"\" href=\"https:\/\/www.eurosandow.com\/de\/application\/bahnsektor\/\">\n                                <div class=\"img-container\"><img decoding=\"async\" src=\"https:\/\/www.eurosandow.com\/app\/uploads\/2024\/07\/Groupe-de-masques-8.jpg\" class=\"logo\" alt=\"\" title=\"\" loading=\"lazy\"\/><\/div>\n                <div class=\"text-container\">\n                    <p class=\"title\">Bahnsektor<\/p>                    <p class=\"subtitle\">Im Bahnsektor kann das Ultraschallschneiden ebenfalls bei Netzen angewendet werden, die als Aufbewahrung an der R\u00fcckseite der Sitze dienen, sowie bei Sicherheitsnetzen, die entwickelt wurden, um das Herabfallen von Gegenst\u00e4nden oder Gep\u00e4ck, das in der H\u00f6he gelagert wird, zu verhindern.<\/p>                <\/div>\n                                    <\/a>\n                            <\/div>\n            <\/div>\n<\/div>\n\n<div class=\"products-slider-block limit-width block-gap\" data-aos=\"fade-right\" data-aos-duration=\"1500\">\n    <h2 class=\"title center\">Die Produkte von Eurosandow<\/h2>    <div class=\"swiper product-list-swiper\">\n        <div class=\"swiper-wrapper\">\n                                        <article class=\"tease-product swiper-slide\">\n\t<div class=\"article-link-container\">\n\t\t<a class=\"media\" href=\"https:\/\/www.eurosandow.com\/de\/herstellung-von-gummiseilen-spannern\/\">\n\t\t\t<div class=\"media-figure\">\n\t\t\t\t\t<img decoding=\"async\" src=\"https:\/\/www.eurosandow.com\/app\/uploads\/2024\/12\/Image-mise-en-avant-produit.png\" alt=\"Herstellung von Gummiseilen \/ Spannern\"\/>\n\t\t\t<\/div>\n\t\t<\/a>\n\t\t<div class=\"text-content\">\n\t\t\t<h3 class=\"entry-title\">\n\t\t\t\t<a href=\"https:\/\/www.eurosandow.com\/de\/herstellung-von-gummiseilen-spannern\/\">Herstellung von Gummiseilen \/ Spannern<\/a>\n\t\t\t<\/h3>\n\t\t<\/div>\n\t<\/div>\n<\/article>                                        <article class=\"tease-product swiper-slide\">\n\t<div class=\"article-link-container\">\n\t\t<a class=\"media\" href=\"https:\/\/www.eurosandow.com\/de\/herstellung-von-gurten\/\">\n\t\t\t<div class=\"media-figure\">\n\t\t\t\t\t<img decoding=\"async\" src=\"https:\/\/www.eurosandow.com\/app\/uploads\/2024\/12\/Design-sans-titre-2024-12-04T114054.486.png\" alt=\"Herstellung von Gurten\"\/>\n\t\t\t<\/div>\n\t\t<\/a>\n\t\t<div class=\"text-content\">\n\t\t\t<h3 class=\"entry-title\">\n\t\t\t\t<a href=\"https:\/\/www.eurosandow.com\/de\/herstellung-von-gurten\/\">Herstellung von Gurten<\/a>\n\t\t\t<\/h3>\n\t\t<\/div>\n\t<\/div>\n<\/article>                                        <article class=\"tease-product swiper-slide\">\n\t<div class=\"article-link-container\">\n\t\t<a class=\"media\" href=\"https:\/\/www.eurosandow.com\/de\/herstellung-von-netzen\/\">\n\t\t\t<div class=\"media-figure\">\n\t\t\t\t\t<img decoding=\"async\" src=\"https:\/\/www.eurosandow.com\/app\/uploads\/2024\/12\/filets.jpg\" alt=\"Herstellung von Netzen\"\/>\n\t\t\t<\/div>\n\t\t<\/a>\n\t\t<div class=\"text-content\">\n\t\t\t<h3 class=\"entry-title\">\n\t\t\t\t<a href=\"https:\/\/www.eurosandow.com\/de\/herstellung-von-netzen\/\">Herstellung von Netzen<\/a>\n\t\t\t<\/h3>\n\t\t<\/div>\n\t<\/div>\n<\/article>                                        <article class=\"tease-product swiper-slide\">\n\t<div class=\"article-link-container\">\n\t\t<a class=\"media\" href=\"https:\/\/www.eurosandow.com\/de\/herstellung-von-seilen-kordeln-und-fallen\/\">\n\t\t\t<div class=\"media-figure\">\n\t\t\t\t\t<img decoding=\"async\" src=\"https:\/\/www.eurosandow.com\/app\/uploads\/2024\/09\/cordon-de-relevage-plancher-renault-nissan_600x600.jpg\" alt=\"Herstellung von Seilen, Kordeln und Fallen\"\/>\n\t\t\t<\/div>\n\t\t<\/a>\n\t\t<div class=\"text-content\">\n\t\t\t<h3 class=\"entry-title\">\n\t\t\t\t<a href=\"https:\/\/www.eurosandow.com\/de\/herstellung-von-seilen-kordeln-und-fallen\/\">Herstellung von Seilen, Kordeln und Fallen<\/a>\n\t\t\t<\/h3>\n\t\t<\/div>\n\t<\/div>\n<\/article>                                        <article class=\"tease-product swiper-slide\">\n\t<div class=\"article-link-container\">\n\t\t<a class=\"media\" href=\"https:\/\/www.eurosandow.com\/de\/herstellung-von-elastischen-kabeln\/\">\n\t\t\t<div class=\"media-figure\">\n\t\t\t\t\t<img decoding=\"async\" src=\"https:\/\/www.eurosandow.com\/app\/uploads\/2024\/12\/Design-sans-titre-2024-12-04T112825.805.png\" alt=\"Herstellung von elastischen Kabeln\"\/>\n\t\t\t<\/div>\n\t\t<\/a>\n\t\t<div class=\"text-content\">\n\t\t\t<h3 class=\"entry-title\">\n\t\t\t\t<a href=\"https:\/\/www.eurosandow.com\/de\/herstellung-von-elastischen-kabeln\/\">Herstellung von elastischen Kabeln<\/a>\n\t\t\t<\/h3>\n\t\t<\/div>\n\t<\/div>\n<\/article>            \t\t\t\t\t\n        <\/div>\n    <\/div>\n    <div class=\"slider-nav-wrapper\">\n        <div class=\"slider-nav\">\n            <div class=\"swiper-button-prev product-list\"><\/div>\n            <div class=\"swiper-button-next product-list\"><\/div>\n        <\/div>\n        <div class=\"swiper-pagination product-list\"><\/div>\n            <\/div>\n<\/div>\n\n\n<div class=\"banner-cta small-width\" data-aos=\"fade-up\" data-aos-duration=\"1500\">\n    <div class=\"inner-banner\">\n        <div class=\"text-container\">\n            <span classs=\"uptitle\">Entdecken Sie unseren Katalog<\/span>            <h2 classs=\"title\">Sehen Sie sich unseren Katalog an<\/h2>            <div class=\"buttons-container\">\n                                    <a class=\"wp-block-button__link has-white-color has-text-color has-link-color wp-element-button\" target=\"\" href=\"https:\/\/www.eurosandow.com\/de\/laden-sie-unseren-katalog-herunter\/\">Katalog ansehen<\/a>\n                            <\/div>\n        <\/div>\n        <picture>\n            <source srcset=\"https:\/\/www.eurosandow.com\/app\/uploads\/2024\/07\/croix-1024x792.png\" media=\"(max-width: 1024px)\" \/>\n            <img decoding=\"async\" src=\"https:\/\/www.eurosandow.com\/app\/uploads\/2024\/07\/croix.png\" alt=\"\" title=\"\" loading=\"lazy\"\/>\n        <\/picture>\n    <\/div>\n<\/div>\n\n\n<p><\/p>\n","protected":false},"excerpt":{"rendered":"<p>Ultraschallschneiden und Ultraschallschwei\u00dfen von Gurten und Netzen Wir verpflichten uns, unseren Kunden technische Textill\u00f6sungen anzubieten, die Pr\u00e4zision, Qualit\u00e4t und Langlebigkeit vereinen. Das Ultraschallschneiden und -schwei\u00dfen sind innovative und leistungsstarke Technologien, die f\u00fcr eine gro\u00dfe Vielfalt von Materialien und Anwendungen geeignet sind. Dieses Verfahren erm\u00f6glicht das Anfertigen von Bohrungen in jeder Form, Schwei\u00dfverbindungen und Schnitte auf [&hellip;]<\/p>\n","protected":false},"author":2,"featured_media":0,"parent":0,"menu_order":0,"comment_status":"closed","ping_status":"closed","template":"","meta":{"_acf_changed":false,"footnotes":""},"class_list":["post-2827","page","type-page","status-publish","hentry"],"acf":[],"yoast_head":"<!-- This site is optimized with the Yoast SEO plugin v27.1.1 - https:\/\/yoast.com\/product\/yoast-seo-wordpress\/ -->\n<title>Ultraschallschneiden und Ultraschallschwei\u00dfen - Eurosandow<\/title>\n<meta name=\"description\" content=\"Das Ultraschallschneiden und -schwei\u00dfen sind innovative Technologien, die f\u00fcr eine gro\u00dfe Vielfalt von Materialien und Anwendungen geeignet sind.\" \/>\n<meta name=\"robots\" content=\"index, follow, max-snippet:-1, max-image-preview:large, max-video-preview:-1\" \/>\n<link rel=\"canonical\" href=\"https:\/\/www.eurosandow.com\/de\/ultraschallschneiden-und-ultraschallschweissen\/\" \/>\n<meta property=\"og:locale\" content=\"de_DE\" \/>\n<meta property=\"og:type\" content=\"article\" \/>\n<meta property=\"og:title\" content=\"Ultraschallschneiden und Ultraschallschwei\u00dfen - Eurosandow\" \/>\n<meta property=\"og:description\" content=\"Das Ultraschallschneiden und -schwei\u00dfen sind innovative Technologien, die f\u00fcr eine gro\u00dfe Vielfalt von Materialien und Anwendungen geeignet sind.\" \/>\n<meta property=\"og:url\" content=\"https:\/\/www.eurosandow.com\/de\/ultraschallschneiden-und-ultraschallschweissen\/\" \/>\n<meta property=\"og:site_name\" content=\"Eurosandow\" \/>\n<meta property=\"article:modified_time\" content=\"2025-07-09T13:09:06+00:00\" \/>\n<meta property=\"og:image\" content=\"https:\/\/www.eurosandow.com\/app\/uploads\/2024\/09\/Design-sans-titre-2024-09-18T120555.488-1.png\" \/>\n\t<meta property=\"og:image:width\" content=\"570\" \/>\n\t<meta property=\"og:image:height\" content=\"480\" \/>\n\t<meta property=\"og:image:type\" content=\"image\/png\" \/>\n<meta name=\"twitter:card\" content=\"summary_large_image\" \/>\n<meta name=\"twitter:label1\" content=\"Est. reading time\" \/>\n\t<meta name=\"twitter:data1\" content=\"2 minutes\" \/>\n<script type=\"application\/ld+json\" class=\"yoast-schema-graph\">{\"@context\":\"https:\/\/schema.org\",\"@graph\":[{\"@type\":\"WebPage\",\"@id\":\"https:\/\/www.eurosandow.com\/de\/ultraschallschneiden-und-ultraschallschweissen\/\",\"url\":\"https:\/\/www.eurosandow.com\/de\/ultraschallschneiden-und-ultraschallschweissen\/\",\"name\":\"Ultraschallschneiden und Ultraschallschwei\u00dfen - Eurosandow\",\"isPartOf\":{\"@id\":\"https:\/\/www.eurosandow.com\/de\/#website\"},\"primaryImageOfPage\":{\"@id\":\"https:\/\/www.eurosandow.com\/de\/ultraschallschneiden-und-ultraschallschweissen\/#primaryimage\"},\"image\":{\"@id\":\"https:\/\/www.eurosandow.com\/de\/ultraschallschneiden-und-ultraschallschweissen\/#primaryimage\"},\"thumbnailUrl\":\"https:\/\/www.eurosandow.com\/app\/uploads\/2024\/09\/Design-sans-titre-2024-09-18T120555.488-1.png\",\"datePublished\":\"2025-01-22T19:45:50+00:00\",\"dateModified\":\"2025-07-09T13:09:06+00:00\",\"description\":\"Das Ultraschallschneiden und -schwei\u00dfen sind innovative Technologien, die f\u00fcr eine gro\u00dfe Vielfalt von Materialien und Anwendungen geeignet sind.\",\"breadcrumb\":{\"@id\":\"https:\/\/www.eurosandow.com\/de\/ultraschallschneiden-und-ultraschallschweissen\/#breadcrumb\"},\"inLanguage\":\"de-DE\",\"potentialAction\":[{\"@type\":\"ReadAction\",\"target\":[\"https:\/\/www.eurosandow.com\/de\/ultraschallschneiden-und-ultraschallschweissen\/\"]}]},{\"@type\":\"ImageObject\",\"inLanguage\":\"de-DE\",\"@id\":\"https:\/\/www.eurosandow.com\/de\/ultraschallschneiden-und-ultraschallschweissen\/#primaryimage\",\"url\":\"https:\/\/www.eurosandow.com\/app\/uploads\/2024\/09\/Design-sans-titre-2024-09-18T120555.488-1.png\",\"contentUrl\":\"https:\/\/www.eurosandow.com\/app\/uploads\/2024\/09\/Design-sans-titre-2024-09-18T120555.488-1.png\"},{\"@type\":\"BreadcrumbList\",\"@id\":\"https:\/\/www.eurosandow.com\/de\/ultraschallschneiden-und-ultraschallschweissen\/#breadcrumb\",\"itemListElement\":[{\"@type\":\"ListItem\",\"position\":1,\"name\":\"Accueil\",\"item\":\"https:\/\/www.eurosandow.com\/de\/\"},{\"@type\":\"ListItem\",\"position\":2,\"name\":\"Ultraschallschneiden und Ultraschallschwei\u00dfen\"}]},{\"@type\":\"WebSite\",\"@id\":\"https:\/\/www.eurosandow.com\/de\/#website\",\"url\":\"https:\/\/www.eurosandow.com\/de\/\",\"name\":\"Eurosandow\",\"description\":\"Tendeurs, sangles et filets\",\"publisher\":{\"@id\":\"https:\/\/www.eurosandow.com\/de\/#organization\"},\"potentialAction\":[{\"@type\":\"SearchAction\",\"target\":{\"@type\":\"EntryPoint\",\"urlTemplate\":\"https:\/\/www.eurosandow.com\/de\/?s={search_term_string}\"},\"query-input\":{\"@type\":\"PropertyValueSpecification\",\"valueRequired\":true,\"valueName\":\"search_term_string\"}}],\"inLanguage\":\"de-DE\"},{\"@type\":\"Organization\",\"@id\":\"https:\/\/www.eurosandow.com\/de\/#organization\",\"name\":\"Eurosandow\",\"url\":\"https:\/\/www.eurosandow.com\/de\/\",\"logo\":{\"@type\":\"ImageObject\",\"inLanguage\":\"de-DE\",\"@id\":\"https:\/\/www.eurosandow.com\/de\/#\/schema\/logo\/image\/\",\"url\":\"https:\/\/www.eurosandow.com\/app\/uploads\/2024\/08\/eurosandow.svg\",\"contentUrl\":\"https:\/\/www.eurosandow.com\/app\/uploads\/2024\/08\/eurosandow.svg\",\"caption\":\"Eurosandow\"},\"image\":{\"@id\":\"https:\/\/www.eurosandow.com\/de\/#\/schema\/logo\/image\/\"}}]}<\/script>\n<!-- \/ Yoast SEO plugin. -->","yoast_head_json":{"title":"Ultraschallschneiden und Ultraschallschwei\u00dfen - Eurosandow","description":"Das Ultraschallschneiden und -schwei\u00dfen sind innovative Technologien, die f\u00fcr eine gro\u00dfe Vielfalt von Materialien und Anwendungen geeignet sind.","robots":{"index":"index","follow":"follow","max-snippet":"max-snippet:-1","max-image-preview":"max-image-preview:large","max-video-preview":"max-video-preview:-1"},"canonical":"https:\/\/www.eurosandow.com\/de\/ultraschallschneiden-und-ultraschallschweissen\/","og_locale":"de_DE","og_type":"article","og_title":"Ultraschallschneiden und Ultraschallschwei\u00dfen - Eurosandow","og_description":"Das Ultraschallschneiden und -schwei\u00dfen sind innovative Technologien, die f\u00fcr eine gro\u00dfe Vielfalt von Materialien und Anwendungen geeignet sind.","og_url":"https:\/\/www.eurosandow.com\/de\/ultraschallschneiden-und-ultraschallschweissen\/","og_site_name":"Eurosandow","article_modified_time":"2025-07-09T13:09:06+00:00","og_image":[{"width":570,"height":480,"url":"https:\/\/www.eurosandow.com\/app\/uploads\/2024\/09\/Design-sans-titre-2024-09-18T120555.488-1.png","type":"image\/png"}],"twitter_card":"summary_large_image","twitter_misc":{"Est. reading time":"2 minutes"},"schema":{"@context":"https:\/\/schema.org","@graph":[{"@type":"WebPage","@id":"https:\/\/www.eurosandow.com\/de\/ultraschallschneiden-und-ultraschallschweissen\/","url":"https:\/\/www.eurosandow.com\/de\/ultraschallschneiden-und-ultraschallschweissen\/","name":"Ultraschallschneiden und Ultraschallschwei\u00dfen - Eurosandow","isPartOf":{"@id":"https:\/\/www.eurosandow.com\/de\/#website"},"primaryImageOfPage":{"@id":"https:\/\/www.eurosandow.com\/de\/ultraschallschneiden-und-ultraschallschweissen\/#primaryimage"},"image":{"@id":"https:\/\/www.eurosandow.com\/de\/ultraschallschneiden-und-ultraschallschweissen\/#primaryimage"},"thumbnailUrl":"https:\/\/www.eurosandow.com\/app\/uploads\/2024\/09\/Design-sans-titre-2024-09-18T120555.488-1.png","datePublished":"2025-01-22T19:45:50+00:00","dateModified":"2025-07-09T13:09:06+00:00","description":"Das Ultraschallschneiden und -schwei\u00dfen sind innovative Technologien, die f\u00fcr eine gro\u00dfe Vielfalt von Materialien und Anwendungen geeignet sind.","breadcrumb":{"@id":"https:\/\/www.eurosandow.com\/de\/ultraschallschneiden-und-ultraschallschweissen\/#breadcrumb"},"inLanguage":"de-DE","potentialAction":[{"@type":"ReadAction","target":["https:\/\/www.eurosandow.com\/de\/ultraschallschneiden-und-ultraschallschweissen\/"]}]},{"@type":"ImageObject","inLanguage":"de-DE","@id":"https:\/\/www.eurosandow.com\/de\/ultraschallschneiden-und-ultraschallschweissen\/#primaryimage","url":"https:\/\/www.eurosandow.com\/app\/uploads\/2024\/09\/Design-sans-titre-2024-09-18T120555.488-1.png","contentUrl":"https:\/\/www.eurosandow.com\/app\/uploads\/2024\/09\/Design-sans-titre-2024-09-18T120555.488-1.png"},{"@type":"BreadcrumbList","@id":"https:\/\/www.eurosandow.com\/de\/ultraschallschneiden-und-ultraschallschweissen\/#breadcrumb","itemListElement":[{"@type":"ListItem","position":1,"name":"Accueil","item":"https:\/\/www.eurosandow.com\/de\/"},{"@type":"ListItem","position":2,"name":"Ultraschallschneiden und Ultraschallschwei\u00dfen"}]},{"@type":"WebSite","@id":"https:\/\/www.eurosandow.com\/de\/#website","url":"https:\/\/www.eurosandow.com\/de\/","name":"Eurosandow","description":"Tendeurs, sangles et filets","publisher":{"@id":"https:\/\/www.eurosandow.com\/de\/#organization"},"potentialAction":[{"@type":"SearchAction","target":{"@type":"EntryPoint","urlTemplate":"https:\/\/www.eurosandow.com\/de\/?s={search_term_string}"},"query-input":{"@type":"PropertyValueSpecification","valueRequired":true,"valueName":"search_term_string"}}],"inLanguage":"de-DE"},{"@type":"Organization","@id":"https:\/\/www.eurosandow.com\/de\/#organization","name":"Eurosandow","url":"https:\/\/www.eurosandow.com\/de\/","logo":{"@type":"ImageObject","inLanguage":"de-DE","@id":"https:\/\/www.eurosandow.com\/de\/#\/schema\/logo\/image\/","url":"https:\/\/www.eurosandow.com\/app\/uploads\/2024\/08\/eurosandow.svg","contentUrl":"https:\/\/www.eurosandow.com\/app\/uploads\/2024\/08\/eurosandow.svg","caption":"Eurosandow"},"image":{"@id":"https:\/\/www.eurosandow.com\/de\/#\/schema\/logo\/image\/"}}]}},"_links":{"self":[{"href":"https:\/\/www.eurosandow.com\/de\/wp-json\/wp\/v2\/pages\/2827","targetHints":{"allow":["GET"]}}],"collection":[{"href":"https:\/\/www.eurosandow.com\/de\/wp-json\/wp\/v2\/pages"}],"about":[{"href":"https:\/\/www.eurosandow.com\/de\/wp-json\/wp\/v2\/types\/page"}],"author":[{"embeddable":true,"href":"https:\/\/www.eurosandow.com\/de\/wp-json\/wp\/v2\/users\/2"}],"replies":[{"embeddable":true,"href":"https:\/\/www.eurosandow.com\/de\/wp-json\/wp\/v2\/comments?post=2827"}],"version-history":[{"count":3,"href":"https:\/\/www.eurosandow.com\/de\/wp-json\/wp\/v2\/pages\/2827\/revisions"}],"predecessor-version":[{"id":3681,"href":"https:\/\/www.eurosandow.com\/de\/wp-json\/wp\/v2\/pages\/2827\/revisions\/3681"}],"wp:attachment":[{"href":"https:\/\/www.eurosandow.com\/de\/wp-json\/wp\/v2\/media?parent=2827"}],"curies":[{"name":"wp","href":"https:\/\/api.w.org\/{rel}","templated":true}]}}