{"id":2831,"date":"2025-01-22T20:59:57","date_gmt":"2025-01-22T19:59:57","guid":{"rendered":"https:\/\/www.eurosandow.com\/extrudieren\/"},"modified":"2025-07-09T15:10:38","modified_gmt":"2025-07-09T13:10:38","slug":"extrudieren","status":"publish","type":"page","link":"https:\/\/www.eurosandow.com\/de\/extrudieren\/","title":{"rendered":"Extrudieren"},"content":{"rendered":"\n<div class=\"wp-block-columns has-2-columns is-layout-flex wp-container-core-columns-is-layout-9d6595d7 wp-block-columns has-2-columns-is-layout-flex\">\n<div class=\"wp-block-column is-layout-flow wp-block-column-is-layout-flow\">\n<figure class=\"wp-block-image size-full is-resized\"><img decoding=\"async\" width=\"570\" height=\"480\" src=\"https:\/\/www.eurosandow.com\/app\/uploads\/2024\/09\/Design-sans-titre-2024-09-18T134114.874.png\" alt=\"\" class=\"wp-image-915\" style=\"width:796px;height:auto\" srcset=\"https:\/\/www.eurosandow.com\/app\/uploads\/2024\/09\/Design-sans-titre-2024-09-18T134114.874.png 570w, https:\/\/www.eurosandow.com\/app\/uploads\/2024\/09\/Design-sans-titre-2024-09-18T134114.874-300x253.png 300w\" sizes=\"(max-width: 570px) 100vw, 570px\" \/><\/figure>\n<\/div>\n\n\n\n<div class=\"wp-block-column is-layout-flow wp-block-column-is-layout-flow\">\n<h2 class=\"wp-block-heading\"><strong><mark style=\"background-color:rgba(0, 0, 0, 0)\" class=\"has-inline-color has-orange-color\">Extrudieren von Netzrahmen und Haken<\/mark><\/strong><\/h2>\n\n\n\n<p>Dieses Know-how erm\u00f6glicht es, Kunststoffe (Polypropylen oder PVC) durch eine Extrusionsd\u00fcse zu verarbeiten, um einen Metallkern zu ummanteln.<\/p>\n\n\n\n<p>Diese fortschrittliche Technik erm\u00f6glicht die Herstellung von Produkten, die sowohl robust als auch langlebig sind und den spezifischen Anforderungen von Branchen wie der Automobilindustrie, der Luftfahrt, dem Bahnsektor und der Industrie entsprechen. <\/p>\n\n\n\n<p>Eurosandow verf\u00fcgt \u00fcber zwei hochmoderne Extrusionslinien. Diese Anlagen erm\u00f6glichen es uns, mit einer Vielzahl von Kunststoffen zu arbeiten und die Verfahren so anzupassen, dass ma\u00dfgeschneiderte Produkte entstehen, die perfekt auf die Anforderungen unserer Kunden abgestimmt sind.. <\/p>\n\n\n\n<p>Die Internalisierung dieses Extrusionsprozesses erm\u00f6glicht es uns, die gesamte Produktionskette vollst\u00e4ndig zu kontrollieren und die Qualit\u00e4t, Zuverl\u00e4ssigkeit und R\u00fcckverfolgbarkeit unserer Produkte sicherzustellen. <\/p>\n\n\n\n<p>Eurosandow verpflichtet sich, hochwertige Produkte anzubieten, die darauf ausgelegt sind, selbst die komplexesten technischen Herausforderungen zu meistern. Ob f\u00fcr Anwendungen in der Automobilindustrie, der Industrie oder anderen Sektoren \u2013 unser Know-how in der Extrusion erm\u00f6glicht es uns, ma\u00dfgeschneiderte, robuste und zuverl\u00e4ssige L\u00f6sungen zu entwickeln. <\/p>\n\n\n\n<p><\/p>\n<\/div>\n<\/div>\n\n\n\n<div style=\"height:58px\" aria-hidden=\"true\" class=\"wp-block-spacer\"><\/div>\n\n\n\n<div class=\"wp-block-columns has-2-columns is-layout-flex wp-container-core-columns-is-layout-9d6595d7 wp-block-columns has-2-columns-is-layout-flex\">\n<div class=\"wp-block-column is-layout-flow wp-block-column-is-layout-flow\">\n<h2 class=\"wp-block-heading\"><mark style=\"background-color:rgba(0, 0, 0, 0)\" class=\"has-inline-color has-orange-color\">Herstellung von Netzrahmen<\/mark><\/h2>\n\n\n\n<div style=\"height:51px\" aria-hidden=\"true\" class=\"wp-block-spacer\"><\/div>\n\n\n\n<figure class=\"wp-block-image size-full is-resized\"><img decoding=\"async\" width=\"600\" height=\"300\" src=\"https:\/\/www.eurosandow.com\/app\/uploads\/2024\/12\/Design-sans-titre-2024-12-04T150924.385.png\" alt=\"\" class=\"wp-image-1964\" style=\"width:802px;height:auto\" srcset=\"https:\/\/www.eurosandow.com\/app\/uploads\/2024\/12\/Design-sans-titre-2024-12-04T150924.385.png 600w, https:\/\/www.eurosandow.com\/app\/uploads\/2024\/12\/Design-sans-titre-2024-12-04T150924.385-300x150.png 300w\" sizes=\"(max-width: 600px) 100vw, 600px\" \/><\/figure>\n\n\n\n<p>Das Extrudieren erm\u00f6glicht es uns insbesondere, die kunststoffbeschichteten Metallrahmen unserer Netze herzustellen. Diese Netzmodelle werden beispielsweise in der Automobilindustrie eingesetzt, um Stauraum in den Kofferr\u00e4umen von Fahrzeugen zu schaffen.  <\/p>\n\n\n\n<p>Verschiedene Materialien k\u00f6nnen f\u00fcr die Herstellung des Rahmens verwendet werden, wie Polyethylen, POM, Polypropylen oder Polyamid (mit oder ohne F\u00fcllstoffe).<\/p>\n\n\n\n<p>Die Eigenschaften des Netzes und des Rahmens k\u00f6nnen an Ihre spezifischen Anforderungen angepasst werden.<\/p>\n<\/div>\n\n\n\n<div class=\"wp-block-column is-layout-flow wp-block-column-is-layout-flow\">\n<h2 class=\"wp-block-heading\"><mark style=\"background-color:rgba(0, 0, 0, 0)\" class=\"has-inline-color has-orange-color\"><strong>Herstellung von kunststoffbeschichteten<\/strong> Haken<\/mark><\/h2>\n\n\n\n<div style=\"height:51px\" aria-hidden=\"true\" class=\"wp-block-spacer\"><\/div>\n\n\n\n<figure class=\"wp-block-image size-full is-resized\"><img decoding=\"async\" width=\"600\" height=\"300\" src=\"https:\/\/www.eurosandow.com\/app\/uploads\/2024\/12\/Design-sans-titre-2024-12-04T150825.305.png\" alt=\"\" class=\"wp-image-1967\" style=\"width:808px;height:auto\" srcset=\"https:\/\/www.eurosandow.com\/app\/uploads\/2024\/12\/Design-sans-titre-2024-12-04T150825.305.png 600w, https:\/\/www.eurosandow.com\/app\/uploads\/2024\/12\/Design-sans-titre-2024-12-04T150825.305-300x150.png 300w\" sizes=\"(max-width: 600px) 100vw, 600px\" \/><\/figure>\n\n\n\n<p>Kunststoffbeschichtete Haken k\u00f6nnen als Endst\u00fccke f\u00fcr zahlreiche Produkte wie Expanderseile, elastische Kabel und Schn\u00fcre dienen. Sie sind ideal f\u00fcr Kabel mit einem Durchmesser von 2 bis 40 mm geeignet. <\/p>\n\n\n\n<p>Die Kunststoffbeschichtung des Metallhakens bildet eine Schutzschicht. Dadurch wird der Metallteil vor Feuchtigkeit gesch\u00fctzt und ist besser gegen Witterungseinfl\u00fcsse und Alterung best\u00e4ndig.  <\/p>\n<\/div>\n<\/div>\n\n\n<div class=\"products-slider-block limit-width block-gap\" data-aos=\"fade-right\" data-aos-duration=\"1500\">\n    <h2 class=\"title center\">Die Produkte von Eurosandow<\/h2>    <div class=\"swiper product-list-swiper\">\n        <div class=\"swiper-wrapper\">\n                                        <article class=\"tease-product swiper-slide\">\n\t<div class=\"article-link-container\">\n\t\t<a class=\"media\" href=\"https:\/\/www.eurosandow.com\/de\/herstellung-von-gummiseilen-spannern\/\">\n\t\t\t<div class=\"media-figure\">\n\t\t\t\t\t<img decoding=\"async\" src=\"https:\/\/www.eurosandow.com\/app\/uploads\/2024\/12\/Image-mise-en-avant-produit.png\" alt=\"Herstellung von Gummiseilen \/ Spannern\"\/>\n\t\t\t<\/div>\n\t\t<\/a>\n\t\t<div class=\"text-content\">\n\t\t\t<h3 class=\"entry-title\">\n\t\t\t\t<a href=\"https:\/\/www.eurosandow.com\/de\/herstellung-von-gummiseilen-spannern\/\">Herstellung von Gummiseilen \/ Spannern<\/a>\n\t\t\t<\/h3>\n\t\t<\/div>\n\t<\/div>\n<\/article>                                        <article class=\"tease-product swiper-slide\">\n\t<div class=\"article-link-container\">\n\t\t<a class=\"media\" href=\"https:\/\/www.eurosandow.com\/de\/herstellung-von-gurten\/\">\n\t\t\t<div class=\"media-figure\">\n\t\t\t\t\t<img decoding=\"async\" src=\"https:\/\/www.eurosandow.com\/app\/uploads\/2024\/12\/Design-sans-titre-2024-12-04T114054.486.png\" alt=\"Herstellung von Gurten\"\/>\n\t\t\t<\/div>\n\t\t<\/a>\n\t\t<div class=\"text-content\">\n\t\t\t<h3 class=\"entry-title\">\n\t\t\t\t<a href=\"https:\/\/www.eurosandow.com\/de\/herstellung-von-gurten\/\">Herstellung von Gurten<\/a>\n\t\t\t<\/h3>\n\t\t<\/div>\n\t<\/div>\n<\/article>                                        <article class=\"tease-product swiper-slide\">\n\t<div class=\"article-link-container\">\n\t\t<a class=\"media\" href=\"https:\/\/www.eurosandow.com\/de\/herstellung-von-netzen\/\">\n\t\t\t<div class=\"media-figure\">\n\t\t\t\t\t<img decoding=\"async\" src=\"https:\/\/www.eurosandow.com\/app\/uploads\/2024\/12\/filets.jpg\" alt=\"Herstellung von Netzen\"\/>\n\t\t\t<\/div>\n\t\t<\/a>\n\t\t<div class=\"text-content\">\n\t\t\t<h3 class=\"entry-title\">\n\t\t\t\t<a href=\"https:\/\/www.eurosandow.com\/de\/herstellung-von-netzen\/\">Herstellung von Netzen<\/a>\n\t\t\t<\/h3>\n\t\t<\/div>\n\t<\/div>\n<\/article>                                        <article class=\"tease-product swiper-slide\">\n\t<div class=\"article-link-container\">\n\t\t<a class=\"media\" href=\"https:\/\/www.eurosandow.com\/de\/herstellung-von-seilen-kordeln-und-fallen\/\">\n\t\t\t<div class=\"media-figure\">\n\t\t\t\t\t<img decoding=\"async\" src=\"https:\/\/www.eurosandow.com\/app\/uploads\/2024\/09\/cordon-de-relevage-plancher-renault-nissan_600x600.jpg\" alt=\"Herstellung von Seilen, Kordeln und Fallen\"\/>\n\t\t\t<\/div>\n\t\t<\/a>\n\t\t<div class=\"text-content\">\n\t\t\t<h3 class=\"entry-title\">\n\t\t\t\t<a href=\"https:\/\/www.eurosandow.com\/de\/herstellung-von-seilen-kordeln-und-fallen\/\">Herstellung von Seilen, Kordeln und Fallen<\/a>\n\t\t\t<\/h3>\n\t\t<\/div>\n\t<\/div>\n<\/article>                                        <article class=\"tease-product swiper-slide\">\n\t<div class=\"article-link-container\">\n\t\t<a class=\"media\" href=\"https:\/\/www.eurosandow.com\/de\/herstellung-von-elastischen-kabeln\/\">\n\t\t\t<div class=\"media-figure\">\n\t\t\t\t\t<img decoding=\"async\" src=\"https:\/\/www.eurosandow.com\/app\/uploads\/2024\/12\/Design-sans-titre-2024-12-04T112825.805.png\" alt=\"Herstellung von elastischen Kabeln\"\/>\n\t\t\t<\/div>\n\t\t<\/a>\n\t\t<div class=\"text-content\">\n\t\t\t<h3 class=\"entry-title\">\n\t\t\t\t<a href=\"https:\/\/www.eurosandow.com\/de\/herstellung-von-elastischen-kabeln\/\">Herstellung von elastischen Kabeln<\/a>\n\t\t\t<\/h3>\n\t\t<\/div>\n\t<\/div>\n<\/article>            \t\t\t\t\t\n        <\/div>\n    <\/div>\n    <div class=\"slider-nav-wrapper\">\n        <div class=\"slider-nav\">\n            <div class=\"swiper-button-prev product-list\"><\/div>\n            <div class=\"swiper-button-next product-list\"><\/div>\n        <\/div>\n        <div class=\"swiper-pagination product-list\"><\/div>\n            <\/div>\n<\/div>\n\n\n<div class=\"banner-cta small-width\" data-aos=\"fade-up\" data-aos-duration=\"1500\">\n    <div class=\"inner-banner\">\n        <div class=\"text-container\">\n            <span classs=\"uptitle\">Entdecken Sie unseren Katalog<\/span>            <h2 classs=\"title\">Sehen Sie sich unseren Katalog an<\/h2>            <div class=\"buttons-container\">\n                                    <a class=\"wp-block-button__link has-white-color has-text-color has-link-color wp-element-button\" target=\"\" href=\"https:\/\/www.eurosandow.com\/de\/laden-sie-unseren-katalog-herunter\/\">Katalog ansehen<\/a>\n                            <\/div>\n        <\/div>\n        <picture>\n            <source srcset=\"https:\/\/www.eurosandow.com\/app\/uploads\/2024\/07\/croix-1024x792.png\" media=\"(max-width: 1024px)\" \/>\n            <img decoding=\"async\" src=\"https:\/\/www.eurosandow.com\/app\/uploads\/2024\/07\/croix.png\" alt=\"\" title=\"\" loading=\"lazy\"\/>\n        <\/picture>\n    <\/div>\n<\/div>","protected":false},"excerpt":{"rendered":"<p>Extrudieren von Netzrahmen und Haken Dieses Know-how erm\u00f6glicht es, Kunststoffe (Polypropylen oder PVC) durch eine Extrusionsd\u00fcse zu verarbeiten, um einen Metallkern zu ummanteln. Diese fortschrittliche Technik erm\u00f6glicht die Herstellung von Produkten, die sowohl robust als auch langlebig sind und den spezifischen Anforderungen von Branchen wie der Automobilindustrie, der Luftfahrt, dem Bahnsektor und der Industrie entsprechen. [&hellip;]<\/p>\n","protected":false},"author":2,"featured_media":0,"parent":0,"menu_order":0,"comment_status":"closed","ping_status":"closed","template":"","meta":{"_acf_changed":false,"footnotes":""},"class_list":["post-2831","page","type-page","status-publish","hentry"],"acf":[],"yoast_head":"<!-- This site is optimized with the Yoast SEO plugin v27.3 - https:\/\/yoast.com\/product\/yoast-seo-wordpress\/ -->\n<title>Extrudieren - Eurosandow<\/title>\n<meta name=\"description\" content=\"Dieses Know-how erm\u00f6glicht es, Kunststoffe (Polypropylen oder PVC) durch eine Extrusionsd\u00fcse zu verarbeiten, um einen Metallkern zu ummanteln.\" \/>\n<meta name=\"robots\" content=\"index, follow, max-snippet:-1, max-image-preview:large, max-video-preview:-1\" \/>\n<link rel=\"canonical\" href=\"https:\/\/www.eurosandow.com\/de\/extrudieren\/\" \/>\n<meta property=\"og:locale\" content=\"de_DE\" \/>\n<meta property=\"og:type\" content=\"article\" \/>\n<meta property=\"og:title\" content=\"Extrudieren - Eurosandow\" \/>\n<meta property=\"og:description\" content=\"Dieses Know-how erm\u00f6glicht es, Kunststoffe (Polypropylen oder PVC) durch eine Extrusionsd\u00fcse zu verarbeiten, um einen Metallkern zu ummanteln.\" \/>\n<meta property=\"og:url\" content=\"https:\/\/www.eurosandow.com\/de\/extrudieren\/\" \/>\n<meta property=\"og:site_name\" content=\"Eurosandow\" \/>\n<meta property=\"article:modified_time\" content=\"2025-07-09T13:10:38+00:00\" \/>\n<meta property=\"og:image\" content=\"https:\/\/www.eurosandow.com\/app\/uploads\/2024\/09\/Design-sans-titre-2024-09-18T134114.874.png\" \/>\n\t<meta property=\"og:image:width\" content=\"570\" \/>\n\t<meta property=\"og:image:height\" content=\"480\" \/>\n\t<meta property=\"og:image:type\" content=\"image\/png\" \/>\n<meta name=\"twitter:card\" content=\"summary_large_image\" \/>\n<meta name=\"twitter:label1\" content=\"Est. reading time\" \/>\n\t<meta name=\"twitter:data1\" content=\"3 minutes\" \/>\n<script type=\"application\/ld+json\" class=\"yoast-schema-graph\">{\"@context\":\"https:\\\/\\\/schema.org\",\"@graph\":[{\"@type\":\"WebPage\",\"@id\":\"https:\\\/\\\/www.eurosandow.com\\\/de\\\/extrudieren\\\/\",\"url\":\"https:\\\/\\\/www.eurosandow.com\\\/de\\\/extrudieren\\\/\",\"name\":\"Extrudieren - Eurosandow\",\"isPartOf\":{\"@id\":\"https:\\\/\\\/www.eurosandow.com\\\/de\\\/#website\"},\"primaryImageOfPage\":{\"@id\":\"https:\\\/\\\/www.eurosandow.com\\\/de\\\/extrudieren\\\/#primaryimage\"},\"image\":{\"@id\":\"https:\\\/\\\/www.eurosandow.com\\\/de\\\/extrudieren\\\/#primaryimage\"},\"thumbnailUrl\":\"https:\\\/\\\/www.eurosandow.com\\\/app\\\/uploads\\\/2024\\\/09\\\/Design-sans-titre-2024-09-18T134114.874.png\",\"datePublished\":\"2025-01-22T19:59:57+00:00\",\"dateModified\":\"2025-07-09T13:10:38+00:00\",\"description\":\"Dieses Know-how erm\u00f6glicht es, Kunststoffe (Polypropylen oder PVC) durch eine Extrusionsd\u00fcse zu verarbeiten, um einen Metallkern zu ummanteln.\",\"breadcrumb\":{\"@id\":\"https:\\\/\\\/www.eurosandow.com\\\/de\\\/extrudieren\\\/#breadcrumb\"},\"inLanguage\":\"de-DE\",\"potentialAction\":[{\"@type\":\"ReadAction\",\"target\":[\"https:\\\/\\\/www.eurosandow.com\\\/de\\\/extrudieren\\\/\"]}]},{\"@type\":\"ImageObject\",\"inLanguage\":\"de-DE\",\"@id\":\"https:\\\/\\\/www.eurosandow.com\\\/de\\\/extrudieren\\\/#primaryimage\",\"url\":\"https:\\\/\\\/www.eurosandow.com\\\/app\\\/uploads\\\/2024\\\/09\\\/Design-sans-titre-2024-09-18T134114.874.png\",\"contentUrl\":\"https:\\\/\\\/www.eurosandow.com\\\/app\\\/uploads\\\/2024\\\/09\\\/Design-sans-titre-2024-09-18T134114.874.png\"},{\"@type\":\"BreadcrumbList\",\"@id\":\"https:\\\/\\\/www.eurosandow.com\\\/de\\\/extrudieren\\\/#breadcrumb\",\"itemListElement\":[{\"@type\":\"ListItem\",\"position\":1,\"name\":\"Accueil\",\"item\":\"https:\\\/\\\/www.eurosandow.com\\\/de\\\/\"},{\"@type\":\"ListItem\",\"position\":2,\"name\":\"Extrudieren\"}]},{\"@type\":\"WebSite\",\"@id\":\"https:\\\/\\\/www.eurosandow.com\\\/de\\\/#website\",\"url\":\"https:\\\/\\\/www.eurosandow.com\\\/de\\\/\",\"name\":\"Eurosandow\",\"description\":\"Tendeurs, sangles et filets\",\"publisher\":{\"@id\":\"https:\\\/\\\/www.eurosandow.com\\\/de\\\/#organization\"},\"potentialAction\":[{\"@type\":\"SearchAction\",\"target\":{\"@type\":\"EntryPoint\",\"urlTemplate\":\"https:\\\/\\\/www.eurosandow.com\\\/de\\\/?s={search_term_string}\"},\"query-input\":{\"@type\":\"PropertyValueSpecification\",\"valueRequired\":true,\"valueName\":\"search_term_string\"}}],\"inLanguage\":\"de-DE\"},{\"@type\":\"Organization\",\"@id\":\"https:\\\/\\\/www.eurosandow.com\\\/de\\\/#organization\",\"name\":\"Eurosandow\",\"url\":\"https:\\\/\\\/www.eurosandow.com\\\/de\\\/\",\"logo\":{\"@type\":\"ImageObject\",\"inLanguage\":\"de-DE\",\"@id\":\"https:\\\/\\\/www.eurosandow.com\\\/de\\\/#\\\/schema\\\/logo\\\/image\\\/\",\"url\":\"https:\\\/\\\/www.eurosandow.com\\\/app\\\/uploads\\\/2024\\\/08\\\/eurosandow.svg\",\"contentUrl\":\"https:\\\/\\\/www.eurosandow.com\\\/app\\\/uploads\\\/2024\\\/08\\\/eurosandow.svg\",\"caption\":\"Eurosandow\"},\"image\":{\"@id\":\"https:\\\/\\\/www.eurosandow.com\\\/de\\\/#\\\/schema\\\/logo\\\/image\\\/\"}}]}<\/script>\n<!-- \/ Yoast SEO plugin. -->","yoast_head_json":{"title":"Extrudieren - Eurosandow","description":"Dieses Know-how erm\u00f6glicht es, Kunststoffe (Polypropylen oder PVC) durch eine Extrusionsd\u00fcse zu verarbeiten, um einen Metallkern zu ummanteln.","robots":{"index":"index","follow":"follow","max-snippet":"max-snippet:-1","max-image-preview":"max-image-preview:large","max-video-preview":"max-video-preview:-1"},"canonical":"https:\/\/www.eurosandow.com\/de\/extrudieren\/","og_locale":"de_DE","og_type":"article","og_title":"Extrudieren - Eurosandow","og_description":"Dieses Know-how erm\u00f6glicht es, Kunststoffe (Polypropylen oder PVC) durch eine Extrusionsd\u00fcse zu verarbeiten, um einen Metallkern zu ummanteln.","og_url":"https:\/\/www.eurosandow.com\/de\/extrudieren\/","og_site_name":"Eurosandow","article_modified_time":"2025-07-09T13:10:38+00:00","og_image":[{"width":570,"height":480,"url":"https:\/\/www.eurosandow.com\/app\/uploads\/2024\/09\/Design-sans-titre-2024-09-18T134114.874.png","type":"image\/png"}],"twitter_card":"summary_large_image","twitter_misc":{"Est. reading time":"3 minutes"},"schema":{"@context":"https:\/\/schema.org","@graph":[{"@type":"WebPage","@id":"https:\/\/www.eurosandow.com\/de\/extrudieren\/","url":"https:\/\/www.eurosandow.com\/de\/extrudieren\/","name":"Extrudieren - Eurosandow","isPartOf":{"@id":"https:\/\/www.eurosandow.com\/de\/#website"},"primaryImageOfPage":{"@id":"https:\/\/www.eurosandow.com\/de\/extrudieren\/#primaryimage"},"image":{"@id":"https:\/\/www.eurosandow.com\/de\/extrudieren\/#primaryimage"},"thumbnailUrl":"https:\/\/www.eurosandow.com\/app\/uploads\/2024\/09\/Design-sans-titre-2024-09-18T134114.874.png","datePublished":"2025-01-22T19:59:57+00:00","dateModified":"2025-07-09T13:10:38+00:00","description":"Dieses Know-how erm\u00f6glicht es, Kunststoffe (Polypropylen oder PVC) durch eine Extrusionsd\u00fcse zu verarbeiten, um einen Metallkern zu ummanteln.","breadcrumb":{"@id":"https:\/\/www.eurosandow.com\/de\/extrudieren\/#breadcrumb"},"inLanguage":"de-DE","potentialAction":[{"@type":"ReadAction","target":["https:\/\/www.eurosandow.com\/de\/extrudieren\/"]}]},{"@type":"ImageObject","inLanguage":"de-DE","@id":"https:\/\/www.eurosandow.com\/de\/extrudieren\/#primaryimage","url":"https:\/\/www.eurosandow.com\/app\/uploads\/2024\/09\/Design-sans-titre-2024-09-18T134114.874.png","contentUrl":"https:\/\/www.eurosandow.com\/app\/uploads\/2024\/09\/Design-sans-titre-2024-09-18T134114.874.png"},{"@type":"BreadcrumbList","@id":"https:\/\/www.eurosandow.com\/de\/extrudieren\/#breadcrumb","itemListElement":[{"@type":"ListItem","position":1,"name":"Accueil","item":"https:\/\/www.eurosandow.com\/de\/"},{"@type":"ListItem","position":2,"name":"Extrudieren"}]},{"@type":"WebSite","@id":"https:\/\/www.eurosandow.com\/de\/#website","url":"https:\/\/www.eurosandow.com\/de\/","name":"Eurosandow","description":"Tendeurs, sangles et filets","publisher":{"@id":"https:\/\/www.eurosandow.com\/de\/#organization"},"potentialAction":[{"@type":"SearchAction","target":{"@type":"EntryPoint","urlTemplate":"https:\/\/www.eurosandow.com\/de\/?s={search_term_string}"},"query-input":{"@type":"PropertyValueSpecification","valueRequired":true,"valueName":"search_term_string"}}],"inLanguage":"de-DE"},{"@type":"Organization","@id":"https:\/\/www.eurosandow.com\/de\/#organization","name":"Eurosandow","url":"https:\/\/www.eurosandow.com\/de\/","logo":{"@type":"ImageObject","inLanguage":"de-DE","@id":"https:\/\/www.eurosandow.com\/de\/#\/schema\/logo\/image\/","url":"https:\/\/www.eurosandow.com\/app\/uploads\/2024\/08\/eurosandow.svg","contentUrl":"https:\/\/www.eurosandow.com\/app\/uploads\/2024\/08\/eurosandow.svg","caption":"Eurosandow"},"image":{"@id":"https:\/\/www.eurosandow.com\/de\/#\/schema\/logo\/image\/"}}]}},"_links":{"self":[{"href":"https:\/\/www.eurosandow.com\/de\/wp-json\/wp\/v2\/pages\/2831","targetHints":{"allow":["GET"]}}],"collection":[{"href":"https:\/\/www.eurosandow.com\/de\/wp-json\/wp\/v2\/pages"}],"about":[{"href":"https:\/\/www.eurosandow.com\/de\/wp-json\/wp\/v2\/types\/page"}],"author":[{"embeddable":true,"href":"https:\/\/www.eurosandow.com\/de\/wp-json\/wp\/v2\/users\/2"}],"replies":[{"embeddable":true,"href":"https:\/\/www.eurosandow.com\/de\/wp-json\/wp\/v2\/comments?post=2831"}],"version-history":[{"count":3,"href":"https:\/\/www.eurosandow.com\/de\/wp-json\/wp\/v2\/pages\/2831\/revisions"}],"predecessor-version":[{"id":3683,"href":"https:\/\/www.eurosandow.com\/de\/wp-json\/wp\/v2\/pages\/2831\/revisions\/3683"}],"wp:attachment":[{"href":"https:\/\/www.eurosandow.com\/de\/wp-json\/wp\/v2\/media?parent=2831"}],"curies":[{"name":"wp","href":"https:\/\/api.w.org\/{rel}","templated":true}]}}