{"id":2839,"date":"2025-01-22T21:25:20","date_gmt":"2025-01-22T20:25:20","guid":{"rendered":"https:\/\/www.eurosandow.com\/das-umspritzen\/"},"modified":"2025-07-09T15:10:00","modified_gmt":"2025-07-09T13:10:00","slug":"umspritzen","status":"publish","type":"page","link":"https:\/\/www.eurosandow.com\/de\/umspritzen\/","title":{"rendered":"Das Umspritzen"},"content":{"rendered":"\n<div class=\"wp-block-columns has-2-columns is-layout-flex wp-container-core-columns-is-layout-9d6595d7 wp-block-columns has-2-columns-is-layout-flex\">\n<div class=\"wp-block-column is-layout-flow wp-block-column-is-layout-flow\">\n<figure class=\"wp-block-image size-full is-resized\"><img decoding=\"async\" width=\"600\" height=\"500\" src=\"https:\/\/www.eurosandow.com\/app\/uploads\/2024\/12\/Design-sans-titre-2024-12-04T130000.325.png\" alt=\"\" class=\"wp-image-1904\" style=\"width:796px;height:auto\" srcset=\"https:\/\/www.eurosandow.com\/app\/uploads\/2024\/12\/Design-sans-titre-2024-12-04T130000.325.png 600w, https:\/\/www.eurosandow.com\/app\/uploads\/2024\/12\/Design-sans-titre-2024-12-04T130000.325-300x250.png 300w\" sizes=\"(max-width: 600px) 100vw, 600px\" \/><\/figure>\n<\/div>\n\n\n\n<div class=\"wp-block-column is-layout-flow wp-block-column-is-layout-flow\">\n<h2 class=\"wp-block-heading\"><strong><mark style=\"background-color:rgba(0, 0, 0, 0)\" class=\"has-inline-color has-orange-color\">Umspritzen von Kabeln, Schn\u00fcren und Gurten<\/mark><\/strong><\/h2>\n\n\n\n<p>Das Umspritzen ist ein fortschrittlicher Herstellungsprozess, bei dem Kunststoff in eine Form eingespritzt wird, um einen Metallkern (z. B. Haken, Endst\u00fcck) oder einen Textilkern (z. B. starres oder elastisches Kabel, Schnur, Gurt) zu umh\u00fcllen.<\/p>\n\n\n\n<p>Dieses Verfahren erm\u00f6glicht die Herstellung von technischen und leistungsstarken Produkten, die f\u00fcr zahlreiche Anwendungen geeignet sind. <\/p>\n\n\n\n<p>Das Umspritzen erm\u00f6glicht die Herstellung von vielseitigen Produkten. Dabei werden die Vorteile von Textilmaterialien (Elastizit\u00e4t, Verschlei\u00dffestigkeit) mit denen von Kunststoffen (z. B. Festigkeit und Langlebigkeit) kombiniert. <\/p>\n\n\n\n<p>In unserer Werkstatt in Saint-\u00c9tienne verf\u00fcgen wir \u00fcber 5 Umspritzpressen, die manuell oder automatisch betrieben werden k\u00f6nnen, um eine Vielzahl von Anforderungen zu erf\u00fcllen. <\/p>\n\n\n\n<p>Das Umspritzen wird in verschiedenen Branchen eingesetzt, wie der Automobilindustrie, dem Bahnsektor und der Luftfahrt. <\/p>\n\n\n\n<p>Unsere Teams arbeiten eng mit unseren Kunden zusammen, um innovative L\u00f6sungen zu entwickeln, die auf jeden Sektor und jede Anwendung zugeschnitten sind.<\/p>\n\n\n\n<p><\/p>\n<\/div>\n<\/div>\n\n\n\n<div style=\"height:58px\" aria-hidden=\"true\" class=\"wp-block-spacer\"><\/div>\n\n\n\n<div class=\"wp-block-columns has-2-columns is-layout-flex wp-container-core-columns-is-layout-9d6595d7 wp-block-columns has-2-columns-is-layout-flex\">\n<div class=\"wp-block-column is-layout-flow wp-block-column-is-layout-flow\">\n<h2 class=\"wp-block-heading\"><mark style=\"background-color:rgba(0, 0, 0, 0)\" class=\"has-inline-color has-orange-color\">Herstellung von umspritzten B\u00e4ndern<\/mark><\/h2>\n\n\n\n<div style=\"height:61px\" aria-hidden=\"true\" class=\"wp-block-spacer\"><\/div>\n\n\n\n<figure class=\"wp-block-image size-full is-resized\"><img decoding=\"async\" width=\"600\" height=\"300\" src=\"https:\/\/www.eurosandow.com\/app\/uploads\/2024\/12\/Design-sans-titre-2024-12-04T150324.400.png\" alt=\"\" class=\"wp-image-1960\" style=\"width:796px;height:auto\" srcset=\"https:\/\/www.eurosandow.com\/app\/uploads\/2024\/12\/Design-sans-titre-2024-12-04T150324.400.png 600w, https:\/\/www.eurosandow.com\/app\/uploads\/2024\/12\/Design-sans-titre-2024-12-04T150324.400-300x150.png 300w\" sizes=\"(max-width: 600px) 100vw, 600px\" \/><\/figure>\n\n\n\n<p>Die Laderaumdeckelhebel, hintere Regalb\u00e4nder oder Begrenzungskordeln f\u00fcr die Regalbewegung, die in vielen Fahrzeugen verwendet werden, werden von Eurosandow in den Fabriken (Frankreich und Rum\u00e4nien) hergestellt.<\/p>\n\n\n\n<p>Diese B\u00e4nder werden in der Regel umspritzt, um eine bessere Widerstandsf\u00e4higkeit der Produkte zu gew\u00e4hrleisten und eine \u00e4sthetisch hochwertige Ausf\u00fchrung zu erzielen.<\/p>\n<\/div>\n\n\n\n<div class=\"wp-block-column is-layout-flow wp-block-column-is-layout-flow\">\n<h2 class=\"wp-block-heading\"><mark style=\"background-color:rgba(0, 0, 0, 0)\" class=\"has-inline-color has-orange-color\">Herstellung von umspritzten Haken<\/mark><\/h2>\n\n\n\n<div style=\"height:61px\" aria-hidden=\"true\" class=\"wp-block-spacer\"><\/div>\n\n\n\n<figure class=\"wp-block-image size-full is-resized\"><img decoding=\"async\" width=\"600\" height=\"300\" src=\"https:\/\/www.eurosandow.com\/app\/uploads\/2024\/12\/Design-sans-titre-2024-12-04T130233.664.png\" alt=\"\" class=\"wp-image-1910\" style=\"width:796px;height:auto\" srcset=\"https:\/\/www.eurosandow.com\/app\/uploads\/2024\/12\/Design-sans-titre-2024-12-04T130233.664.png 600w, https:\/\/www.eurosandow.com\/app\/uploads\/2024\/12\/Design-sans-titre-2024-12-04T130233.664-300x150.png 300w\" sizes=\"(max-width: 600px) 100vw, 600px\" \/><\/figure>\n\n\n\n<p>Umspritzte Kunststoffhaken k\u00f6nnen hergestellt werden, um als Endst\u00fccke f\u00fcr Kabel und Expanderseile mit einem Durchmesser von 2 bis 40 mm zu dienen. <\/p>\n\n\n\n<p>Dieses Verfahren wird insbesondere f\u00fcr die Herstellung des FIX COVER Expanderseils verwendet, das von unseren Teams entwickelt wurde. Die Stahlhaken werden in Kunststoff umspritzt. Diese Konstruktion verhindert die Bildung von Rost und sorgt f\u00fcr eine bessere Haltbarkeit des Produkts. Dieses Expanderseil wird insbesondere verwendet, um Poolabdeckungen zu befestigen und f\u00fcr leichte Ladungen zu sichern.  <\/p>\n<\/div>\n<\/div>\n\n\n<div class=\"products-slider-block limit-width block-gap\" data-aos=\"fade-right\" data-aos-duration=\"1500\">\n    <h2 class=\"title center\">Die Produkte von Eurosandow<\/h2>    <div class=\"swiper product-list-swiper\">\n        <div class=\"swiper-wrapper\">\n                                        <article class=\"tease-product swiper-slide\">\n\t<div class=\"article-link-container\">\n\t\t<a class=\"media\" href=\"https:\/\/www.eurosandow.com\/de\/herstellung-von-gummiseilen-spannern\/\">\n\t\t\t<div class=\"media-figure\">\n\t\t\t\t\t<img decoding=\"async\" src=\"https:\/\/www.eurosandow.com\/app\/uploads\/2024\/12\/Image-mise-en-avant-produit.png\" alt=\"Herstellung von Gummiseilen \/ Spannern\"\/>\n\t\t\t<\/div>\n\t\t<\/a>\n\t\t<div class=\"text-content\">\n\t\t\t<h3 class=\"entry-title\">\n\t\t\t\t<a href=\"https:\/\/www.eurosandow.com\/de\/herstellung-von-gummiseilen-spannern\/\">Herstellung von Gummiseilen \/ Spannern<\/a>\n\t\t\t<\/h3>\n\t\t<\/div>\n\t<\/div>\n<\/article>                                        <article class=\"tease-product swiper-slide\">\n\t<div class=\"article-link-container\">\n\t\t<a class=\"media\" href=\"https:\/\/www.eurosandow.com\/de\/herstellung-von-gurten\/\">\n\t\t\t<div class=\"media-figure\">\n\t\t\t\t\t<img decoding=\"async\" src=\"https:\/\/www.eurosandow.com\/app\/uploads\/2024\/12\/Design-sans-titre-2024-12-04T114054.486.png\" alt=\"Herstellung von Gurten\"\/>\n\t\t\t<\/div>\n\t\t<\/a>\n\t\t<div class=\"text-content\">\n\t\t\t<h3 class=\"entry-title\">\n\t\t\t\t<a href=\"https:\/\/www.eurosandow.com\/de\/herstellung-von-gurten\/\">Herstellung von Gurten<\/a>\n\t\t\t<\/h3>\n\t\t<\/div>\n\t<\/div>\n<\/article>                                        <article class=\"tease-product swiper-slide\">\n\t<div class=\"article-link-container\">\n\t\t<a class=\"media\" href=\"https:\/\/www.eurosandow.com\/de\/herstellung-von-netzen\/\">\n\t\t\t<div class=\"media-figure\">\n\t\t\t\t\t<img decoding=\"async\" src=\"https:\/\/www.eurosandow.com\/app\/uploads\/2024\/12\/filets.jpg\" alt=\"Herstellung von Netzen\"\/>\n\t\t\t<\/div>\n\t\t<\/a>\n\t\t<div class=\"text-content\">\n\t\t\t<h3 class=\"entry-title\">\n\t\t\t\t<a href=\"https:\/\/www.eurosandow.com\/de\/herstellung-von-netzen\/\">Herstellung von Netzen<\/a>\n\t\t\t<\/h3>\n\t\t<\/div>\n\t<\/div>\n<\/article>                                        <article class=\"tease-product swiper-slide\">\n\t<div class=\"article-link-container\">\n\t\t<a class=\"media\" href=\"https:\/\/www.eurosandow.com\/de\/herstellung-von-seilen-kordeln-und-fallen\/\">\n\t\t\t<div class=\"media-figure\">\n\t\t\t\t\t<img decoding=\"async\" src=\"https:\/\/www.eurosandow.com\/app\/uploads\/2024\/09\/cordon-de-relevage-plancher-renault-nissan_600x600.jpg\" alt=\"Herstellung von Seilen, Kordeln und Fallen\"\/>\n\t\t\t<\/div>\n\t\t<\/a>\n\t\t<div class=\"text-content\">\n\t\t\t<h3 class=\"entry-title\">\n\t\t\t\t<a href=\"https:\/\/www.eurosandow.com\/de\/herstellung-von-seilen-kordeln-und-fallen\/\">Herstellung von Seilen, Kordeln und Fallen<\/a>\n\t\t\t<\/h3>\n\t\t<\/div>\n\t<\/div>\n<\/article>                                        <article class=\"tease-product swiper-slide\">\n\t<div class=\"article-link-container\">\n\t\t<a class=\"media\" href=\"https:\/\/www.eurosandow.com\/de\/herstellung-von-elastischen-kabeln\/\">\n\t\t\t<div class=\"media-figure\">\n\t\t\t\t\t<img decoding=\"async\" src=\"https:\/\/www.eurosandow.com\/app\/uploads\/2024\/12\/Design-sans-titre-2024-12-04T112825.805.png\" alt=\"Herstellung von elastischen Kabeln\"\/>\n\t\t\t<\/div>\n\t\t<\/a>\n\t\t<div class=\"text-content\">\n\t\t\t<h3 class=\"entry-title\">\n\t\t\t\t<a href=\"https:\/\/www.eurosandow.com\/de\/herstellung-von-elastischen-kabeln\/\">Herstellung von elastischen Kabeln<\/a>\n\t\t\t<\/h3>\n\t\t<\/div>\n\t<\/div>\n<\/article>            \t\t\t\t\t\n        <\/div>\n    <\/div>\n    <div class=\"slider-nav-wrapper\">\n        <div class=\"slider-nav\">\n            <div class=\"swiper-button-prev product-list\"><\/div>\n            <div class=\"swiper-button-next product-list\"><\/div>\n        <\/div>\n        <div class=\"swiper-pagination product-list\"><\/div>\n            <\/div>\n<\/div>\n\n\n<div class=\"banner-cta small-width\" data-aos=\"fade-up\" data-aos-duration=\"1500\">\n    <div class=\"inner-banner\">\n        <div class=\"text-container\">\n            <span classs=\"uptitle\">Entdecken Sie unseren Katalog<\/span>            <h2 classs=\"title\">Sehen Sie sich unseren Katalog an<\/h2>            <div class=\"buttons-container\">\n                                    <a class=\"wp-block-button__link has-white-color has-text-color has-link-color wp-element-button\" target=\"\" href=\"https:\/\/www.eurosandow.com\/de\/laden-sie-unseren-katalog-herunter\/\">Katalog ansehen<\/a>\n                            <\/div>\n        <\/div>\n        <picture>\n            <source srcset=\"https:\/\/www.eurosandow.com\/app\/uploads\/2024\/07\/croix-1024x792.png\" media=\"(max-width: 1024px)\" \/>\n            <img decoding=\"async\" src=\"https:\/\/www.eurosandow.com\/app\/uploads\/2024\/07\/croix.png\" alt=\"\" title=\"\" loading=\"lazy\"\/>\n        <\/picture>\n    <\/div>\n<\/div>","protected":false},"excerpt":{"rendered":"<p>Umspritzen von Kabeln, Schn\u00fcren und Gurten Das Umspritzen ist ein fortschrittlicher Herstellungsprozess, bei dem Kunststoff in eine Form eingespritzt wird, um einen Metallkern (z. B. Haken, Endst\u00fcck) oder einen Textilkern (z. B. starres oder elastisches Kabel, Schnur, Gurt) zu umh\u00fcllen. Dieses Verfahren erm\u00f6glicht die Herstellung von technischen und leistungsstarken Produkten, die f\u00fcr zahlreiche Anwendungen geeignet [&hellip;]<\/p>\n","protected":false},"author":2,"featured_media":0,"parent":0,"menu_order":0,"comment_status":"closed","ping_status":"closed","template":"","meta":{"_acf_changed":false,"footnotes":""},"class_list":["post-2839","page","type-page","status-publish","hentry"],"acf":[],"yoast_head":"<!-- This site is optimized with the Yoast SEO plugin v27.3 - https:\/\/yoast.com\/product\/yoast-seo-wordpress\/ -->\n<title>Das Umspritzen - Eurosandow<\/title>\n<meta name=\"description\" content=\"Das Umspritzen ist ein Herstellungsprozess, bei dem Kunststoff in eine Form eingespritzt wird, um einen Metall- oder Textilkern zu umh\u00fcllen.\" \/>\n<meta name=\"robots\" content=\"index, follow, max-snippet:-1, max-image-preview:large, max-video-preview:-1\" \/>\n<link rel=\"canonical\" href=\"https:\/\/www.eurosandow.com\/de\/umspritzen\/\" \/>\n<meta property=\"og:locale\" content=\"de_DE\" \/>\n<meta property=\"og:type\" content=\"article\" \/>\n<meta property=\"og:title\" content=\"Das Umspritzen - Eurosandow\" \/>\n<meta property=\"og:description\" content=\"Das Umspritzen ist ein Herstellungsprozess, bei dem Kunststoff in eine Form eingespritzt wird, um einen Metall- oder Textilkern zu umh\u00fcllen.\" \/>\n<meta property=\"og:url\" content=\"https:\/\/www.eurosandow.com\/de\/umspritzen\/\" \/>\n<meta property=\"og:site_name\" content=\"Eurosandow\" \/>\n<meta property=\"article:modified_time\" content=\"2025-07-09T13:10:00+00:00\" \/>\n<meta property=\"og:image\" content=\"https:\/\/www.eurosandow.com\/app\/uploads\/2024\/12\/Design-sans-titre-2024-12-04T130000.325.png\" \/>\n\t<meta property=\"og:image:width\" content=\"600\" \/>\n\t<meta property=\"og:image:height\" content=\"500\" \/>\n\t<meta property=\"og:image:type\" content=\"image\/png\" \/>\n<meta name=\"twitter:card\" content=\"summary_large_image\" \/>\n<meta name=\"twitter:label1\" content=\"Est. reading time\" \/>\n\t<meta name=\"twitter:data1\" content=\"3 minutes\" \/>\n<script type=\"application\/ld+json\" class=\"yoast-schema-graph\">{\"@context\":\"https:\\\/\\\/schema.org\",\"@graph\":[{\"@type\":\"WebPage\",\"@id\":\"https:\\\/\\\/www.eurosandow.com\\\/de\\\/umspritzen\\\/\",\"url\":\"https:\\\/\\\/www.eurosandow.com\\\/de\\\/umspritzen\\\/\",\"name\":\"Das Umspritzen - Eurosandow\",\"isPartOf\":{\"@id\":\"https:\\\/\\\/www.eurosandow.com\\\/de\\\/#website\"},\"primaryImageOfPage\":{\"@id\":\"https:\\\/\\\/www.eurosandow.com\\\/de\\\/umspritzen\\\/#primaryimage\"},\"image\":{\"@id\":\"https:\\\/\\\/www.eurosandow.com\\\/de\\\/umspritzen\\\/#primaryimage\"},\"thumbnailUrl\":\"https:\\\/\\\/www.eurosandow.com\\\/app\\\/uploads\\\/2024\\\/12\\\/Design-sans-titre-2024-12-04T130000.325.png\",\"datePublished\":\"2025-01-22T20:25:20+00:00\",\"dateModified\":\"2025-07-09T13:10:00+00:00\",\"description\":\"Das Umspritzen ist ein Herstellungsprozess, bei dem Kunststoff in eine Form eingespritzt wird, um einen Metall- oder Textilkern zu umh\u00fcllen.\",\"breadcrumb\":{\"@id\":\"https:\\\/\\\/www.eurosandow.com\\\/de\\\/umspritzen\\\/#breadcrumb\"},\"inLanguage\":\"de-DE\",\"potentialAction\":[{\"@type\":\"ReadAction\",\"target\":[\"https:\\\/\\\/www.eurosandow.com\\\/de\\\/umspritzen\\\/\"]}]},{\"@type\":\"ImageObject\",\"inLanguage\":\"de-DE\",\"@id\":\"https:\\\/\\\/www.eurosandow.com\\\/de\\\/umspritzen\\\/#primaryimage\",\"url\":\"https:\\\/\\\/www.eurosandow.com\\\/app\\\/uploads\\\/2024\\\/12\\\/Design-sans-titre-2024-12-04T130000.325.png\",\"contentUrl\":\"https:\\\/\\\/www.eurosandow.com\\\/app\\\/uploads\\\/2024\\\/12\\\/Design-sans-titre-2024-12-04T130000.325.png\"},{\"@type\":\"BreadcrumbList\",\"@id\":\"https:\\\/\\\/www.eurosandow.com\\\/de\\\/umspritzen\\\/#breadcrumb\",\"itemListElement\":[{\"@type\":\"ListItem\",\"position\":1,\"name\":\"Accueil\",\"item\":\"https:\\\/\\\/www.eurosandow.com\\\/de\\\/\"},{\"@type\":\"ListItem\",\"position\":2,\"name\":\"Das Umspritzen\"}]},{\"@type\":\"WebSite\",\"@id\":\"https:\\\/\\\/www.eurosandow.com\\\/de\\\/#website\",\"url\":\"https:\\\/\\\/www.eurosandow.com\\\/de\\\/\",\"name\":\"Eurosandow\",\"description\":\"Tendeurs, sangles et filets\",\"publisher\":{\"@id\":\"https:\\\/\\\/www.eurosandow.com\\\/de\\\/#organization\"},\"potentialAction\":[{\"@type\":\"SearchAction\",\"target\":{\"@type\":\"EntryPoint\",\"urlTemplate\":\"https:\\\/\\\/www.eurosandow.com\\\/de\\\/?s={search_term_string}\"},\"query-input\":{\"@type\":\"PropertyValueSpecification\",\"valueRequired\":true,\"valueName\":\"search_term_string\"}}],\"inLanguage\":\"de-DE\"},{\"@type\":\"Organization\",\"@id\":\"https:\\\/\\\/www.eurosandow.com\\\/de\\\/#organization\",\"name\":\"Eurosandow\",\"url\":\"https:\\\/\\\/www.eurosandow.com\\\/de\\\/\",\"logo\":{\"@type\":\"ImageObject\",\"inLanguage\":\"de-DE\",\"@id\":\"https:\\\/\\\/www.eurosandow.com\\\/de\\\/#\\\/schema\\\/logo\\\/image\\\/\",\"url\":\"https:\\\/\\\/www.eurosandow.com\\\/app\\\/uploads\\\/2024\\\/08\\\/eurosandow.svg\",\"contentUrl\":\"https:\\\/\\\/www.eurosandow.com\\\/app\\\/uploads\\\/2024\\\/08\\\/eurosandow.svg\",\"caption\":\"Eurosandow\"},\"image\":{\"@id\":\"https:\\\/\\\/www.eurosandow.com\\\/de\\\/#\\\/schema\\\/logo\\\/image\\\/\"}}]}<\/script>\n<!-- \/ Yoast SEO plugin. -->","yoast_head_json":{"title":"Das Umspritzen - Eurosandow","description":"Das Umspritzen ist ein Herstellungsprozess, bei dem Kunststoff in eine Form eingespritzt wird, um einen Metall- oder Textilkern zu umh\u00fcllen.","robots":{"index":"index","follow":"follow","max-snippet":"max-snippet:-1","max-image-preview":"max-image-preview:large","max-video-preview":"max-video-preview:-1"},"canonical":"https:\/\/www.eurosandow.com\/de\/umspritzen\/","og_locale":"de_DE","og_type":"article","og_title":"Das Umspritzen - Eurosandow","og_description":"Das Umspritzen ist ein Herstellungsprozess, bei dem Kunststoff in eine Form eingespritzt wird, um einen Metall- oder Textilkern zu umh\u00fcllen.","og_url":"https:\/\/www.eurosandow.com\/de\/umspritzen\/","og_site_name":"Eurosandow","article_modified_time":"2025-07-09T13:10:00+00:00","og_image":[{"width":600,"height":500,"url":"https:\/\/www.eurosandow.com\/app\/uploads\/2024\/12\/Design-sans-titre-2024-12-04T130000.325.png","type":"image\/png"}],"twitter_card":"summary_large_image","twitter_misc":{"Est. reading time":"3 minutes"},"schema":{"@context":"https:\/\/schema.org","@graph":[{"@type":"WebPage","@id":"https:\/\/www.eurosandow.com\/de\/umspritzen\/","url":"https:\/\/www.eurosandow.com\/de\/umspritzen\/","name":"Das Umspritzen - Eurosandow","isPartOf":{"@id":"https:\/\/www.eurosandow.com\/de\/#website"},"primaryImageOfPage":{"@id":"https:\/\/www.eurosandow.com\/de\/umspritzen\/#primaryimage"},"image":{"@id":"https:\/\/www.eurosandow.com\/de\/umspritzen\/#primaryimage"},"thumbnailUrl":"https:\/\/www.eurosandow.com\/app\/uploads\/2024\/12\/Design-sans-titre-2024-12-04T130000.325.png","datePublished":"2025-01-22T20:25:20+00:00","dateModified":"2025-07-09T13:10:00+00:00","description":"Das Umspritzen ist ein Herstellungsprozess, bei dem Kunststoff in eine Form eingespritzt wird, um einen Metall- oder Textilkern zu umh\u00fcllen.","breadcrumb":{"@id":"https:\/\/www.eurosandow.com\/de\/umspritzen\/#breadcrumb"},"inLanguage":"de-DE","potentialAction":[{"@type":"ReadAction","target":["https:\/\/www.eurosandow.com\/de\/umspritzen\/"]}]},{"@type":"ImageObject","inLanguage":"de-DE","@id":"https:\/\/www.eurosandow.com\/de\/umspritzen\/#primaryimage","url":"https:\/\/www.eurosandow.com\/app\/uploads\/2024\/12\/Design-sans-titre-2024-12-04T130000.325.png","contentUrl":"https:\/\/www.eurosandow.com\/app\/uploads\/2024\/12\/Design-sans-titre-2024-12-04T130000.325.png"},{"@type":"BreadcrumbList","@id":"https:\/\/www.eurosandow.com\/de\/umspritzen\/#breadcrumb","itemListElement":[{"@type":"ListItem","position":1,"name":"Accueil","item":"https:\/\/www.eurosandow.com\/de\/"},{"@type":"ListItem","position":2,"name":"Das Umspritzen"}]},{"@type":"WebSite","@id":"https:\/\/www.eurosandow.com\/de\/#website","url":"https:\/\/www.eurosandow.com\/de\/","name":"Eurosandow","description":"Tendeurs, sangles et filets","publisher":{"@id":"https:\/\/www.eurosandow.com\/de\/#organization"},"potentialAction":[{"@type":"SearchAction","target":{"@type":"EntryPoint","urlTemplate":"https:\/\/www.eurosandow.com\/de\/?s={search_term_string}"},"query-input":{"@type":"PropertyValueSpecification","valueRequired":true,"valueName":"search_term_string"}}],"inLanguage":"de-DE"},{"@type":"Organization","@id":"https:\/\/www.eurosandow.com\/de\/#organization","name":"Eurosandow","url":"https:\/\/www.eurosandow.com\/de\/","logo":{"@type":"ImageObject","inLanguage":"de-DE","@id":"https:\/\/www.eurosandow.com\/de\/#\/schema\/logo\/image\/","url":"https:\/\/www.eurosandow.com\/app\/uploads\/2024\/08\/eurosandow.svg","contentUrl":"https:\/\/www.eurosandow.com\/app\/uploads\/2024\/08\/eurosandow.svg","caption":"Eurosandow"},"image":{"@id":"https:\/\/www.eurosandow.com\/de\/#\/schema\/logo\/image\/"}}]}},"_links":{"self":[{"href":"https:\/\/www.eurosandow.com\/de\/wp-json\/wp\/v2\/pages\/2839","targetHints":{"allow":["GET"]}}],"collection":[{"href":"https:\/\/www.eurosandow.com\/de\/wp-json\/wp\/v2\/pages"}],"about":[{"href":"https:\/\/www.eurosandow.com\/de\/wp-json\/wp\/v2\/types\/page"}],"author":[{"embeddable":true,"href":"https:\/\/www.eurosandow.com\/de\/wp-json\/wp\/v2\/users\/2"}],"replies":[{"embeddable":true,"href":"https:\/\/www.eurosandow.com\/de\/wp-json\/wp\/v2\/comments?post=2839"}],"version-history":[{"count":3,"href":"https:\/\/www.eurosandow.com\/de\/wp-json\/wp\/v2\/pages\/2839\/revisions"}],"predecessor-version":[{"id":3682,"href":"https:\/\/www.eurosandow.com\/de\/wp-json\/wp\/v2\/pages\/2839\/revisions\/3682"}],"wp:attachment":[{"href":"https:\/\/www.eurosandow.com\/de\/wp-json\/wp\/v2\/media?parent=2839"}],"curies":[{"name":"wp","href":"https:\/\/api.w.org\/{rel}","templated":true}]}}