{"id":2843,"date":"2025-01-22T21:40:49","date_gmt":"2025-01-22T20:40:49","guid":{"rendered":"https:\/\/www.eurosandow.com\/abteilung-fuer-forschung-und-entwicklung\/"},"modified":"2025-01-22T21:44:39","modified_gmt":"2025-01-22T20:44:39","slug":"forschung-und-entwicklung","status":"publish","type":"page","link":"https:\/\/www.eurosandow.com\/de\/forschung-und-entwicklung\/","title":{"rendered":"Abteilung f\u00fcr Forschung und Entwicklung"},"content":{"rendered":"\n<div class=\"wp-block-columns has-1-columns is-layout-flex wp-container-core-columns-is-layout-9d6595d7 wp-block-columns has-1-columns-is-layout-flex\">\n<div class=\"wp-block-column is-layout-flow wp-block-column-is-layout-flow\">\n<div style=\"height:81px\" aria-hidden=\"true\" class=\"wp-block-spacer\"><\/div>\n\n\n\n<h2 class=\"wp-block-heading\"><mark style=\"background-color:rgba(0, 0, 0, 0)\" class=\"has-inline-color has-orange-color\">Entwicklung durch Innovation <\/mark><\/h2>\n\n\n\n<p><mark style=\"background-color:rgba(0, 0, 0, 0)\" class=\"has-inline-color has-basic-color\">Eurosandow setzt seit jeher auf einen spezialisierten Studienservice f\u00fcr die Bereiche Weben, Flechten und Stricken.<\/mark><\/p>\n\n\n\n<p>Innovation steht im Mittelpunkt der Strategie von Eurosandow. Die Abteilung f\u00fcr Forschung und Entwicklung spielt eine entscheidende Rolle bei der Entwicklung neuer Produkte und der kontinuierlichen Verbesserung bestehender Prozesse.  <\/p>\n\n\n\n<p>Dank unseres interdisziplin\u00e4ren Ansatzes k\u00f6nnen wir neue Technologien und Materialien erforschen, um unseren Kunden stets innovativere L\u00f6sungen anzubieten.<\/p>\n\n\n\n<p>Durch regelm\u00e4\u00dfige Investitionen in Forschung und Entwicklung ist Eurosandow in der Lage, technische Textill\u00f6sungen anzubieten, die auf die spezifischen Bed\u00fcrfnisse jeder Branche zugeschnitten sind.<\/p>\n\n\n\n<p>Heute ist unser Entwicklungsb\u00fcro in der Lage, jede Art von Entwicklung durchzuf\u00fchren, um Produkte anzubieten, die noch n\u00e4her an den Bed\u00fcrfnissen unserer Kunden liegen.<\/p>\n\n\n\n<div class=\"wp-block-buttons is-layout-flex wp-block-buttons-is-layout-flex\"><\/div>\n\n\n\n<div style=\"height:67px\" aria-hidden=\"true\" class=\"wp-block-spacer\"><\/div>\n<\/div>\n<\/div>\n\n\n\n<div class=\"wp-block-columns has-2-columns is-layout-flex wp-container-core-columns-is-layout-9d6595d7 wp-block-columns has-2-columns-is-layout-flex\">\n<div class=\"wp-block-column is-layout-flow wp-block-column-is-layout-flow\">\n<h2 class=\"wp-block-heading\"><mark style=\"background-color:rgba(0, 0, 0, 0)\" class=\"has-inline-color has-orange-color\"><strong>Ein vollst\u00e4ndig beherrschter Prozess <\/strong><\/mark><\/h2>\n\n\n\n<p>Unser Entwicklungsprozess folgt strengen Schritten, um die Qualit\u00e4t und Relevanz der vorgeschlagenen L\u00f6sungen zu gew\u00e4hrleisten. Wir beginnen damit, die Bed\u00fcrfnisse der Kunden zu identifizieren, um die am besten geeigneten L\u00f6sungen zu erarbeiten.  <\/p>\n\n\n\n<p>Bei Eurosandow glauben wir an Co-Kreation mit unseren Kunden. Wir arbeiten eng mit ihnen zusammen, um ihre spezifischen Bed\u00fcrfnisse zu verstehen und unsere L\u00f6sungen an ihre Anforderungen anzupassen. Dieser Ansatz stellt sicher, dass unsere Produkte perfekt auf die technischen und operativen Anforderungen jedes Kunden abgestimmt sind.   <\/p>\n\n\n\n<p>Jeder Kunde hat einzigartige Anforderungen, und unsere F\u00e4higkeit, ma\u00dfgeschneiderte Produkte entsprechend diesen Spezifikationen zu entwerfen, erm\u00f6glicht es uns, uns auf dem Markt abzuheben. Sei es in Bezug auf Materialien, Abmessungen, Farben oder Eigenschaften, wir passen unsere L\u00f6sungen an, um die genauen Bed\u00fcrfnisse jedes Projekts zu erf\u00fcllen. <\/p>\n\n\n\n<p>Von der Konzeption bis hin zum Prototyping st\u00fctzen wir uns auf unsere Erfahrung und unser Fachwissen, um ma\u00dfgeschneiderte Produkte zu entwickeln.<mark style=\"background-color:rgba(0, 0, 0, 0)\" class=\"has-inline-color has-orange-color\"><br><\/mark><\/p>\n<\/div>\n\n\n\n<div class=\"wp-block-column is-layout-flow wp-block-column-is-layout-flow\">\n<figure class=\"wp-block-image size-full\"><img decoding=\"async\" width=\"600\" height=\"400\" src=\"https:\/\/www.eurosandow.com\/app\/uploads\/2024\/12\/Design-sans-titre-2024-12-01T195434.735.png\" alt=\"Ma&#xDF;geschneidertes Produktdesign durch das F&amp;amp;E-B&#xFC;ro von eurosandow\" class=\"wp-image-1709\" srcset=\"https:\/\/www.eurosandow.com\/app\/uploads\/2024\/12\/Design-sans-titre-2024-12-01T195434.735.png 600w, https:\/\/www.eurosandow.com\/app\/uploads\/2024\/12\/Design-sans-titre-2024-12-01T195434.735-300x200.png 300w\" sizes=\"(max-width: 600px) 100vw, 600px\" \/><\/figure>\n<\/div>\n<\/div>\n\n\n\n<div class=\"wp-block-columns has-2-columns has-grey-background-color has-background is-layout-flex wp-container-core-columns-is-layout-9d6595d7 wp-block-columns has-2-columns-is-layout-flex\">\n<div class=\"wp-block-column is-layout-flow wp-block-column-is-layout-flow\">\n<figure class=\"wp-block-image size-full is-resized\"><img decoding=\"async\" width=\"600\" height=\"400\" src=\"https:\/\/www.eurosandow.com\/app\/uploads\/2024\/12\/Design-sans-titre-2024-12-01T200711.835.png\" alt=\"\" class=\"wp-image-1725\" style=\"width:755px;height:auto\" srcset=\"https:\/\/www.eurosandow.com\/app\/uploads\/2024\/12\/Design-sans-titre-2024-12-01T200711.835.png 600w, https:\/\/www.eurosandow.com\/app\/uploads\/2024\/12\/Design-sans-titre-2024-12-01T200711.835-300x200.png 300w\" sizes=\"(max-width: 600px) 100vw, 600px\" \/><\/figure>\n<\/div>\n\n\n\n<div class=\"wp-block-column is-layout-flow wp-block-column-is-layout-flow\">\n<h2 class=\"wp-block-heading\"><mark style=\"background-color:rgba(0, 0, 0, 0)\" class=\"has-inline-color has-fuchsia-color\">Eine In-Situ-Prototypenwerkstatt<\/mark><\/h2>\n\n\n\n<p>Unsere In-Situ-Prototypenwerkstatt erm\u00f6glicht es uns, ma\u00dfgeschneiderte Produkte zu entwerfen, deren Eigenschaften zu testen und ein Endergebnis zu produzieren, das perfekt auf die gew\u00fcnschte Anwendung abgestimmt ist.<\/p>\n\n\n\n<p>Dank zuverl\u00e4ssiger Lieferanten entwerfen wir Teile in 3D-Druck, um unsere Prototypen zu erstellen. So bleiben wir stets nah an den Bed\u00fcrfnissen unserer Kunden und bieten ihnen perfekt zugeschnittene L\u00f6sungen.  <\/p>\n\n\n\n<p><\/p>\n\n\n\n<p><\/p>\n\n\n\n<p><\/p>\n<\/div>\n<\/div>\n\n\n\n<div style=\"height:30px\" aria-hidden=\"true\" class=\"wp-block-spacer\"><\/div>\n\n\n\n<div class=\"wp-block-columns has-2-columns has-white-background-color has-background is-layout-flex wp-container-core-columns-is-layout-9d6595d7 wp-block-columns has-2-columns-is-layout-flex\">\n<div class=\"wp-block-column is-vertically-aligned-center is-layout-flow wp-block-column-is-layout-flow\">\n<h2 class=\"wp-block-heading has-orange-color has-text-color has-link-color wp-elements-9998465bc0e2c7ded23fdcfb4437d344\">Innovation und Qualit\u00e4t<\/h2>\n\n\n\n<p>Unsere Abteilung f\u00fcr Forschung und Entwicklung arbeitet eng mit unserem Qualit\u00e4tsteam zusammen, um leistungsstarke und widerstandsf\u00e4hige Produkte zu entwickeln. <\/p>\n\n\n\n<p>Eine Reihe von Tests wird durchgef\u00fchrt, um die Widerstandsf\u00e4higkeit und Langlebigkeit der Materialien und der fertigen Produkte zu gew\u00e4hrleisten. Diese Tests stellen auch sicher, dass das Produkt mit den in der Spezifikation dargestellten Besonderheiten \u00fcbereinstimmt.<\/p>\n\n\n\n<p>Dank unseres kollaborativen Ansatzes, unserer Erfahrung, unseres Fachwissens und unseres Engagements f\u00fcr Qualit\u00e4t sind wir in der Lage, ma\u00dfgeschneiderte technische Textill\u00f6sungen anzubieten, die den strengsten Anforderungen der verschiedenen Branchen gerecht werden.<\/p>\n\n\n\n<p>Die Zusammenarbeit mit Eurosandow bedeutet, einen vertrauensw\u00fcrdigen Partner zu w\u00e4hlen, der sich daf\u00fcr einsetzt, Ihre Herausforderungen in innovative Chancen zu verwandeln.<\/p>\n<\/div>\n\n\n\n<div class=\"wp-block-column is-layout-flow wp-block-column-is-layout-flow\">\n<figure class=\"wp-block-image size-full is-resized\"><img decoding=\"async\" width=\"600\" height=\"400\" src=\"https:\/\/www.eurosandow.com\/app\/uploads\/2024\/12\/Design-sans-titre-2024-12-01T201111.847.png\" alt=\"\" class=\"wp-image-1732\" style=\"width:785px;height:auto\" srcset=\"https:\/\/www.eurosandow.com\/app\/uploads\/2024\/12\/Design-sans-titre-2024-12-01T201111.847.png 600w, https:\/\/www.eurosandow.com\/app\/uploads\/2024\/12\/Design-sans-titre-2024-12-01T201111.847-300x200.png 300w\" sizes=\"(max-width: 600px) 100vw, 600px\" \/><\/figure>\n<\/div>\n<\/div>\n\n\n\n<div style=\"height:42px\" aria-hidden=\"true\" class=\"wp-block-spacer\"><\/div>\n\n\n\n<div style=\"height:30px\" aria-hidden=\"true\" class=\"wp-block-spacer\"><\/div>\n\n\n<div class=\"references-block small-width block-gap\" data-aos=\"fade-up\" data-aos-duration=\"1500\">\n    <div class=\"title-section center\">\n        <span class=\"uptitle\">Unsere Referenzen<\/span>        <h2 class=\"title\">Sie vertrauen uns<\/h2>    <\/div>\n    <div class=\"references-slider swiper\">\n        <div class=\"swiper-wrapper\">\n                            <img decoding=\"async\" src=\"https:\/\/www.eurosandow.com\/app\/uploads\/2025\/01\/23.png\" class=\"logo swiper-slide\" alt=\"\" title=\"\" loading=\"lazy\"\/>\n                            <img decoding=\"async\" src=\"https:\/\/www.eurosandow.com\/app\/uploads\/2025\/01\/24.png\" class=\"logo swiper-slide\" alt=\"\" title=\"\" loading=\"lazy\"\/>\n                            <img decoding=\"async\" src=\"https:\/\/www.eurosandow.com\/app\/uploads\/2025\/01\/9.png\" class=\"logo swiper-slide\" alt=\"\" title=\"\" loading=\"lazy\"\/>\n                            <img decoding=\"async\" src=\"https:\/\/www.eurosandow.com\/app\/uploads\/2025\/01\/8.png\" class=\"logo swiper-slide\" alt=\"\" title=\"\" loading=\"lazy\"\/>\n                            <img decoding=\"async\" src=\"https:\/\/www.eurosandow.com\/app\/uploads\/2025\/01\/7.png\" class=\"logo swiper-slide\" alt=\"\" title=\"\" loading=\"lazy\"\/>\n                            <img decoding=\"async\" src=\"https:\/\/www.eurosandow.com\/app\/uploads\/2025\/01\/6.png\" class=\"logo swiper-slide\" alt=\"\" title=\"\" loading=\"lazy\"\/>\n                            <img decoding=\"async\" src=\"https:\/\/www.eurosandow.com\/app\/uploads\/2025\/01\/5.png\" class=\"logo swiper-slide\" alt=\"\" title=\"\" loading=\"lazy\"\/>\n                            <img decoding=\"async\" src=\"https:\/\/www.eurosandow.com\/app\/uploads\/2025\/01\/4.png\" class=\"logo swiper-slide\" alt=\"\" title=\"\" loading=\"lazy\"\/>\n                            <img decoding=\"async\" src=\"https:\/\/www.eurosandow.com\/app\/uploads\/2025\/01\/3.png\" class=\"logo swiper-slide\" alt=\"\" title=\"\" loading=\"lazy\"\/>\n                            <img decoding=\"async\" src=\"https:\/\/www.eurosandow.com\/app\/uploads\/2025\/01\/22.png\" class=\"logo swiper-slide\" alt=\"\" title=\"\" loading=\"lazy\"\/>\n                            <img decoding=\"async\" src=\"https:\/\/www.eurosandow.com\/app\/uploads\/2025\/01\/21.png\" class=\"logo swiper-slide\" alt=\"\" title=\"\" loading=\"lazy\"\/>\n                            <img decoding=\"async\" src=\"https:\/\/www.eurosandow.com\/app\/uploads\/2025\/01\/20.png\" class=\"logo swiper-slide\" alt=\"\" title=\"\" loading=\"lazy\"\/>\n                            <img decoding=\"async\" src=\"https:\/\/www.eurosandow.com\/app\/uploads\/2025\/01\/2.png\" class=\"logo swiper-slide\" alt=\"\" title=\"\" loading=\"lazy\"\/>\n                            <img decoding=\"async\" src=\"https:\/\/www.eurosandow.com\/app\/uploads\/2025\/01\/19.png\" class=\"logo swiper-slide\" alt=\"\" title=\"\" loading=\"lazy\"\/>\n                            <img decoding=\"async\" src=\"https:\/\/www.eurosandow.com\/app\/uploads\/2025\/01\/18.png\" class=\"logo swiper-slide\" alt=\"\" title=\"\" loading=\"lazy\"\/>\n                            <img decoding=\"async\" src=\"https:\/\/www.eurosandow.com\/app\/uploads\/2025\/01\/17.png\" class=\"logo swiper-slide\" alt=\"\" title=\"\" loading=\"lazy\"\/>\n                            <img decoding=\"async\" src=\"https:\/\/www.eurosandow.com\/app\/uploads\/2025\/01\/16.png\" class=\"logo swiper-slide\" alt=\"\" title=\"\" loading=\"lazy\"\/>\n                            <img decoding=\"async\" src=\"https:\/\/www.eurosandow.com\/app\/uploads\/2025\/01\/15.png\" class=\"logo swiper-slide\" alt=\"\" title=\"\" loading=\"lazy\"\/>\n                            <img decoding=\"async\" src=\"https:\/\/www.eurosandow.com\/app\/uploads\/2025\/01\/14.png\" class=\"logo swiper-slide\" alt=\"\" title=\"\" loading=\"lazy\"\/>\n                            <img decoding=\"async\" src=\"https:\/\/www.eurosandow.com\/app\/uploads\/2025\/01\/13.png\" class=\"logo swiper-slide\" alt=\"\" title=\"\" loading=\"lazy\"\/>\n                            <img decoding=\"async\" src=\"https:\/\/www.eurosandow.com\/app\/uploads\/2025\/01\/12.png\" class=\"logo swiper-slide\" alt=\"\" title=\"\" loading=\"lazy\"\/>\n                            <img decoding=\"async\" src=\"https:\/\/www.eurosandow.com\/app\/uploads\/2025\/01\/11.png\" class=\"logo swiper-slide\" alt=\"\" title=\"\" loading=\"lazy\"\/>\n                            <img decoding=\"async\" src=\"https:\/\/www.eurosandow.com\/app\/uploads\/2025\/01\/10.png\" class=\"logo swiper-slide\" alt=\"\" title=\"\" loading=\"lazy\"\/>\n                            <img decoding=\"async\" src=\"https:\/\/www.eurosandow.com\/app\/uploads\/2025\/01\/1.png\" class=\"logo swiper-slide\" alt=\"\" title=\"\" loading=\"lazy\"\/>\n                    <\/div>\n        <div class=\"swiper-pagination references\"><\/div>\n    <\/div>\n<\/div>\n\n\n<div style=\"height:100px\" aria-hidden=\"true\" class=\"wp-block-spacer\"><\/div>\n\n\n<div class=\"highlight-text small-width\" data-aos=\"fade-up\" data-aos-duration=\"1500\">\n    <div class=\"inner-banner\">\n        <div class=\"text-container\">\n            <div classs=\"text-rich\"><h2>Technik und Innovation im Dienste der Leistung<\/h2>\n<p>Wir stellen unser Know-how und unsere Erfahrung in den Dienst Ihrer Projekte, indem wir ma\u00dfgeschneiderte Produkte entwickeln, die Ihren Anforderungen und den gew\u00fcnschten Spezifikationen entsprechen.<\/p>\n<p>Unser Forschungs- und Entwicklungsb\u00fcro (F&amp;E) ist st\u00e4ndig aktiv, um innovative L\u00f6sungen und Materialien zu identifizieren, die den Herausforderungen der Automobilindustrie gerecht werden. Sei es in Bezug auf Design, Leichtigkeit, Praktikabilit\u00e4t oder Widerstandsf\u00e4higkeit \u2013 wir passen unsere L\u00f6sungen an, um die Anforderungen jedes Projekts zu erf\u00fcllen.<\/p>\n<p>Dank unserer Innovationsf\u00e4higkeit sind wir in der Lage, auf die schnellen Entwicklungen der Automobilbranche zu reagieren und Produkte von hoher Qualit\u00e4t anzubieten, die perfekt auf die Bed\u00fcrfnisse unserer Kunden abgestimmt sind.<\/p>\n<\/div>            <div class=\"buttons-container\">\n                                    <a class=\"wp-block-button__link has-white-color has-text-color has-link-color wp-element-button\" target=\"\" href=\"https:\/\/www.eurosandow.com\/de\/contactez-nous\/\">Kontaktieren Sie uns<\/a>\n                            <\/div>\n        <\/div>\n    <\/div>\n<\/div>","protected":false},"excerpt":{"rendered":"<p>Entwicklung durch Innovation Eurosandow setzt seit jeher auf einen spezialisierten Studienservice f\u00fcr die Bereiche Weben, Flechten und Stricken. Innovation steht im Mittelpunkt der Strategie von Eurosandow. Die Abteilung f\u00fcr Forschung und Entwicklung spielt eine entscheidende Rolle bei der Entwicklung neuer Produkte und der kontinuierlichen Verbesserung bestehender Prozesse. Dank unseres interdisziplin\u00e4ren Ansatzes k\u00f6nnen wir neue Technologien [&hellip;]<\/p>\n","protected":false},"author":2,"featured_media":1724,"parent":0,"menu_order":0,"comment_status":"closed","ping_status":"closed","template":"","meta":{"_acf_changed":false,"footnotes":""},"class_list":["post-2843","page","type-page","status-publish","has-post-thumbnail","hentry"],"acf":[],"yoast_head":"<!-- This site is optimized with the Yoast SEO plugin v27.1.1 - https:\/\/yoast.com\/product\/yoast-seo-wordpress\/ -->\n<title>Abteilung f\u00fcr Forschung und Entwicklung - Eurosandow<\/title>\n<meta name=\"description\" content=\"Die Forschungs- und Entwicklungsabteilung von Eurosandow arbeitet t\u00e4glich daran, neue Technologien und Materialien zu erforschen, um innovative L\u00f6sungen anzubieten.\" \/>\n<meta name=\"robots\" content=\"index, follow, max-snippet:-1, max-image-preview:large, max-video-preview:-1\" \/>\n<link rel=\"canonical\" href=\"https:\/\/www.eurosandow.com\/de\/forschung-und-entwicklung\/\" \/>\n<meta property=\"og:locale\" content=\"de_DE\" \/>\n<meta property=\"og:type\" content=\"article\" \/>\n<meta property=\"og:title\" content=\"Abteilung f\u00fcr Forschung und Entwicklung - Eurosandow\" \/>\n<meta property=\"og:description\" content=\"Die Forschungs- und Entwicklungsabteilung von Eurosandow arbeitet t\u00e4glich daran, neue Technologien und Materialien zu erforschen, um innovative L\u00f6sungen anzubieten.\" \/>\n<meta property=\"og:url\" content=\"https:\/\/www.eurosandow.com\/de\/forschung-und-entwicklung\/\" \/>\n<meta property=\"og:site_name\" content=\"Eurosandow\" \/>\n<meta property=\"article:modified_time\" content=\"2025-01-22T20:44:39+00:00\" \/>\n<meta property=\"og:image\" content=\"https:\/\/www.eurosandow.com\/app\/uploads\/2024\/12\/header-eurosandow-2000-x-600-px-14.png\" \/>\n\t<meta property=\"og:image:width\" content=\"2000\" \/>\n\t<meta property=\"og:image:height\" content=\"600\" \/>\n\t<meta property=\"og:image:type\" content=\"image\/png\" \/>\n<meta name=\"twitter:card\" content=\"summary_large_image\" \/>\n<meta name=\"twitter:label1\" content=\"Est. reading time\" \/>\n\t<meta name=\"twitter:data1\" content=\"4 minutes\" \/>\n<script type=\"application\/ld+json\" class=\"yoast-schema-graph\">{\"@context\":\"https:\/\/schema.org\",\"@graph\":[{\"@type\":\"WebPage\",\"@id\":\"https:\/\/www.eurosandow.com\/de\/forschung-und-entwicklung\/\",\"url\":\"https:\/\/www.eurosandow.com\/de\/forschung-und-entwicklung\/\",\"name\":\"Abteilung f\u00fcr Forschung und Entwicklung - Eurosandow\",\"isPartOf\":{\"@id\":\"https:\/\/www.eurosandow.com\/de\/#website\"},\"primaryImageOfPage\":{\"@id\":\"https:\/\/www.eurosandow.com\/de\/forschung-und-entwicklung\/#primaryimage\"},\"image\":{\"@id\":\"https:\/\/www.eurosandow.com\/de\/forschung-und-entwicklung\/#primaryimage\"},\"thumbnailUrl\":\"https:\/\/www.eurosandow.com\/app\/uploads\/2024\/12\/header-eurosandow-2000-x-600-px-14.png\",\"datePublished\":\"2025-01-22T20:40:49+00:00\",\"dateModified\":\"2025-01-22T20:44:39+00:00\",\"description\":\"Die Forschungs- und Entwicklungsabteilung von Eurosandow arbeitet t\u00e4glich daran, neue Technologien und Materialien zu erforschen, um innovative L\u00f6sungen anzubieten.\",\"breadcrumb\":{\"@id\":\"https:\/\/www.eurosandow.com\/de\/forschung-und-entwicklung\/#breadcrumb\"},\"inLanguage\":\"de-DE\",\"potentialAction\":[{\"@type\":\"ReadAction\",\"target\":[\"https:\/\/www.eurosandow.com\/de\/forschung-und-entwicklung\/\"]}]},{\"@type\":\"ImageObject\",\"inLanguage\":\"de-DE\",\"@id\":\"https:\/\/www.eurosandow.com\/de\/forschung-und-entwicklung\/#primaryimage\",\"url\":\"https:\/\/www.eurosandow.com\/app\/uploads\/2024\/12\/header-eurosandow-2000-x-600-px-14.png\",\"contentUrl\":\"https:\/\/www.eurosandow.com\/app\/uploads\/2024\/12\/header-eurosandow-2000-x-600-px-14.png\",\"width\":2000,\"height\":600,\"caption\":\"bureau d'\u00e9tude eurosandow\"},{\"@type\":\"BreadcrumbList\",\"@id\":\"https:\/\/www.eurosandow.com\/de\/forschung-und-entwicklung\/#breadcrumb\",\"itemListElement\":[{\"@type\":\"ListItem\",\"position\":1,\"name\":\"Accueil\",\"item\":\"https:\/\/www.eurosandow.com\/de\/\"},{\"@type\":\"ListItem\",\"position\":2,\"name\":\"Abteilung f\u00fcr Forschung und Entwicklung\"}]},{\"@type\":\"WebSite\",\"@id\":\"https:\/\/www.eurosandow.com\/de\/#website\",\"url\":\"https:\/\/www.eurosandow.com\/de\/\",\"name\":\"Eurosandow\",\"description\":\"Tendeurs, sangles et filets\",\"publisher\":{\"@id\":\"https:\/\/www.eurosandow.com\/de\/#organization\"},\"potentialAction\":[{\"@type\":\"SearchAction\",\"target\":{\"@type\":\"EntryPoint\",\"urlTemplate\":\"https:\/\/www.eurosandow.com\/de\/?s={search_term_string}\"},\"query-input\":{\"@type\":\"PropertyValueSpecification\",\"valueRequired\":true,\"valueName\":\"search_term_string\"}}],\"inLanguage\":\"de-DE\"},{\"@type\":\"Organization\",\"@id\":\"https:\/\/www.eurosandow.com\/de\/#organization\",\"name\":\"Eurosandow\",\"url\":\"https:\/\/www.eurosandow.com\/de\/\",\"logo\":{\"@type\":\"ImageObject\",\"inLanguage\":\"de-DE\",\"@id\":\"https:\/\/www.eurosandow.com\/de\/#\/schema\/logo\/image\/\",\"url\":\"https:\/\/www.eurosandow.com\/app\/uploads\/2024\/08\/eurosandow.svg\",\"contentUrl\":\"https:\/\/www.eurosandow.com\/app\/uploads\/2024\/08\/eurosandow.svg\",\"caption\":\"Eurosandow\"},\"image\":{\"@id\":\"https:\/\/www.eurosandow.com\/de\/#\/schema\/logo\/image\/\"}}]}<\/script>\n<!-- \/ Yoast SEO plugin. -->","yoast_head_json":{"title":"Abteilung f\u00fcr Forschung und Entwicklung - Eurosandow","description":"Die Forschungs- und Entwicklungsabteilung von Eurosandow arbeitet t\u00e4glich daran, neue Technologien und Materialien zu erforschen, um innovative L\u00f6sungen anzubieten.","robots":{"index":"index","follow":"follow","max-snippet":"max-snippet:-1","max-image-preview":"max-image-preview:large","max-video-preview":"max-video-preview:-1"},"canonical":"https:\/\/www.eurosandow.com\/de\/forschung-und-entwicklung\/","og_locale":"de_DE","og_type":"article","og_title":"Abteilung f\u00fcr Forschung und Entwicklung - Eurosandow","og_description":"Die Forschungs- und Entwicklungsabteilung von Eurosandow arbeitet t\u00e4glich daran, neue Technologien und Materialien zu erforschen, um innovative L\u00f6sungen anzubieten.","og_url":"https:\/\/www.eurosandow.com\/de\/forschung-und-entwicklung\/","og_site_name":"Eurosandow","article_modified_time":"2025-01-22T20:44:39+00:00","og_image":[{"width":2000,"height":600,"url":"https:\/\/www.eurosandow.com\/app\/uploads\/2024\/12\/header-eurosandow-2000-x-600-px-14.png","type":"image\/png"}],"twitter_card":"summary_large_image","twitter_misc":{"Est. reading time":"4 minutes"},"schema":{"@context":"https:\/\/schema.org","@graph":[{"@type":"WebPage","@id":"https:\/\/www.eurosandow.com\/de\/forschung-und-entwicklung\/","url":"https:\/\/www.eurosandow.com\/de\/forschung-und-entwicklung\/","name":"Abteilung f\u00fcr Forschung und Entwicklung - Eurosandow","isPartOf":{"@id":"https:\/\/www.eurosandow.com\/de\/#website"},"primaryImageOfPage":{"@id":"https:\/\/www.eurosandow.com\/de\/forschung-und-entwicklung\/#primaryimage"},"image":{"@id":"https:\/\/www.eurosandow.com\/de\/forschung-und-entwicklung\/#primaryimage"},"thumbnailUrl":"https:\/\/www.eurosandow.com\/app\/uploads\/2024\/12\/header-eurosandow-2000-x-600-px-14.png","datePublished":"2025-01-22T20:40:49+00:00","dateModified":"2025-01-22T20:44:39+00:00","description":"Die Forschungs- und Entwicklungsabteilung von Eurosandow arbeitet t\u00e4glich daran, neue Technologien und Materialien zu erforschen, um innovative L\u00f6sungen anzubieten.","breadcrumb":{"@id":"https:\/\/www.eurosandow.com\/de\/forschung-und-entwicklung\/#breadcrumb"},"inLanguage":"de-DE","potentialAction":[{"@type":"ReadAction","target":["https:\/\/www.eurosandow.com\/de\/forschung-und-entwicklung\/"]}]},{"@type":"ImageObject","inLanguage":"de-DE","@id":"https:\/\/www.eurosandow.com\/de\/forschung-und-entwicklung\/#primaryimage","url":"https:\/\/www.eurosandow.com\/app\/uploads\/2024\/12\/header-eurosandow-2000-x-600-px-14.png","contentUrl":"https:\/\/www.eurosandow.com\/app\/uploads\/2024\/12\/header-eurosandow-2000-x-600-px-14.png","width":2000,"height":600,"caption":"bureau d'\u00e9tude eurosandow"},{"@type":"BreadcrumbList","@id":"https:\/\/www.eurosandow.com\/de\/forschung-und-entwicklung\/#breadcrumb","itemListElement":[{"@type":"ListItem","position":1,"name":"Accueil","item":"https:\/\/www.eurosandow.com\/de\/"},{"@type":"ListItem","position":2,"name":"Abteilung f\u00fcr Forschung und Entwicklung"}]},{"@type":"WebSite","@id":"https:\/\/www.eurosandow.com\/de\/#website","url":"https:\/\/www.eurosandow.com\/de\/","name":"Eurosandow","description":"Tendeurs, sangles et filets","publisher":{"@id":"https:\/\/www.eurosandow.com\/de\/#organization"},"potentialAction":[{"@type":"SearchAction","target":{"@type":"EntryPoint","urlTemplate":"https:\/\/www.eurosandow.com\/de\/?s={search_term_string}"},"query-input":{"@type":"PropertyValueSpecification","valueRequired":true,"valueName":"search_term_string"}}],"inLanguage":"de-DE"},{"@type":"Organization","@id":"https:\/\/www.eurosandow.com\/de\/#organization","name":"Eurosandow","url":"https:\/\/www.eurosandow.com\/de\/","logo":{"@type":"ImageObject","inLanguage":"de-DE","@id":"https:\/\/www.eurosandow.com\/de\/#\/schema\/logo\/image\/","url":"https:\/\/www.eurosandow.com\/app\/uploads\/2024\/08\/eurosandow.svg","contentUrl":"https:\/\/www.eurosandow.com\/app\/uploads\/2024\/08\/eurosandow.svg","caption":"Eurosandow"},"image":{"@id":"https:\/\/www.eurosandow.com\/de\/#\/schema\/logo\/image\/"}}]}},"_links":{"self":[{"href":"https:\/\/www.eurosandow.com\/de\/wp-json\/wp\/v2\/pages\/2843","targetHints":{"allow":["GET"]}}],"collection":[{"href":"https:\/\/www.eurosandow.com\/de\/wp-json\/wp\/v2\/pages"}],"about":[{"href":"https:\/\/www.eurosandow.com\/de\/wp-json\/wp\/v2\/types\/page"}],"author":[{"embeddable":true,"href":"https:\/\/www.eurosandow.com\/de\/wp-json\/wp\/v2\/users\/2"}],"replies":[{"embeddable":true,"href":"https:\/\/www.eurosandow.com\/de\/wp-json\/wp\/v2\/comments?post=2843"}],"version-history":[{"count":2,"href":"https:\/\/www.eurosandow.com\/de\/wp-json\/wp\/v2\/pages\/2843\/revisions"}],"predecessor-version":[{"id":2846,"href":"https:\/\/www.eurosandow.com\/de\/wp-json\/wp\/v2\/pages\/2843\/revisions\/2846"}],"wp:featuredmedia":[{"embeddable":true,"href":"https:\/\/www.eurosandow.com\/de\/wp-json\/wp\/v2\/media\/1724"}],"wp:attachment":[{"href":"https:\/\/www.eurosandow.com\/de\/wp-json\/wp\/v2\/media?parent=2843"}],"curies":[{"name":"wp","href":"https:\/\/api.w.org\/{rel}","templated":true}]}}