{"id":2952,"date":"2025-02-12T11:51:52","date_gmt":"2025-02-12T10:51:52","guid":{"rendered":"https:\/\/www.eurosandow.com\/page-remerciement-allemand\/"},"modified":"2025-02-12T11:54:01","modified_gmt":"2025-02-12T10:54:01","slug":"page-remerciement-allemand","status":"publish","type":"page","link":"https:\/\/www.eurosandow.com\/de\/page-remerciement-allemand\/","title":{"rendered":"page remerciement allemand"},"content":{"rendered":"\n<div class=\"wp-block-columns has-1-columns is-layout-flex wp-container-core-columns-is-layout-9d6595d7 wp-block-columns has-1-columns-is-layout-flex\">\n<div class=\"wp-block-column is-layout-flow wp-block-column-is-layout-flow\">\n<div class=\"wp-block-columns has-1-columns has-1-columns is-layout-flex wp-container-core-columns-is-layout-9d6595d7 wp-block-columns has-1-columns has-1-columns-is-layout-flex\">\n<div class=\"wp-block-column is-layout-flow wp-block-column-is-layout-flow\">\n<p class=\"has-text-align-center\"><strong>Wir haben Ihre Anfrage erhalten und werden uns so schnell wie m\u00f6glich mit Ihnen in Verbindung setzen.<br\/>Unser Team wird Ihre Anfrage sorgf\u00e4ltig pr\u00fcfen, um Ihnen eine angemessene Antwort geben zu k\u00f6nnen.<\/strong><\/p>\n<\/div>\n<\/div>\n<\/div>\n<\/div>\n\n<div style=\"height:60px\" aria-hidden=\"true\" class=\"wp-block-spacer\"><\/div>\n<div class=\"wrapper classic-slider\"  data-aos=\"fade-left\" data-aos-duration=\"1500\">\n    <div class=\"slider-container large-autoplay swiper\">\n        <div class=\"slider-wrapper swiper-wrapper\">\n                            <img decoding=\"async\" src=\"https:\/\/www.eurosandow.com\/app\/uploads\/2024\/12\/59.png\" alt=\"tressage d&#8217;un c\u00e2ble \u00e9lastique\" loading=\"lazy\" class=\"slide swiper-slide\">\n                            <img decoding=\"async\" src=\"https:\/\/www.eurosandow.com\/app\/uploads\/2024\/12\/58.png\" alt=\"machine de tressage\" loading=\"lazy\" class=\"slide swiper-slide\">\n                            <img decoding=\"async\" src=\"https:\/\/www.eurosandow.com\/app\/uploads\/2024\/12\/57.png\" alt=\"Machine de tressage en fonctionnement\" loading=\"lazy\" class=\"slide swiper-slide\">\n                            <img decoding=\"async\" src=\"https:\/\/www.eurosandow.com\/app\/uploads\/2024\/12\/56.png\" alt=\"tressage d&#8217;un tendeur \u00e9lastique\" loading=\"lazy\" class=\"slide swiper-slide\">\n                            <img decoding=\"async\" src=\"https:\/\/www.eurosandow.com\/app\/uploads\/2024\/12\/55.png\" alt=\"Machine de tressage textile\" loading=\"lazy\" class=\"slide swiper-slide\">\n                            <img decoding=\"async\" src=\"https:\/\/www.eurosandow.com\/app\/uploads\/2024\/12\/image-eurosandow-600-400-13.png\" alt=\"sangles automobile\" loading=\"lazy\" class=\"slide swiper-slide\">\n                            <img decoding=\"async\" src=\"https:\/\/www.eurosandow.com\/app\/uploads\/2024\/12\/53.png\" alt=\"tissage sangle tricolore\" loading=\"lazy\" class=\"slide swiper-slide\">\n                            <img decoding=\"async\" src=\"https:\/\/www.eurosandow.com\/app\/uploads\/2024\/12\/52.png\" alt=\"tissage sangle avec motif drapeau fran\u00e7ais\" loading=\"lazy\" class=\"slide swiper-slide\">\n                            <img decoding=\"async\" src=\"https:\/\/www.eurosandow.com\/app\/uploads\/2024\/12\/51.png\" alt=\"Tissage de sangle\" loading=\"lazy\" class=\"slide swiper-slide\">\n                            <img decoding=\"async\" src=\"https:\/\/www.eurosandow.com\/app\/uploads\/2024\/12\/50.png\" alt=\"50\" loading=\"lazy\" class=\"slide swiper-slide\">\n                            <img decoding=\"async\" src=\"https:\/\/www.eurosandow.com\/app\/uploads\/2024\/12\/49.png\" alt=\"tissage textile\" loading=\"lazy\" class=\"slide swiper-slide\">\n                            <img decoding=\"async\" src=\"https:\/\/www.eurosandow.com\/app\/uploads\/2024\/12\/48.png\" alt=\"Aiguille tricotage\" loading=\"lazy\" class=\"slide swiper-slide\">\n                            <img decoding=\"async\" src=\"https:\/\/www.eurosandow.com\/app\/uploads\/2024\/12\/47.png\" alt=\"47\" loading=\"lazy\" class=\"slide swiper-slide\">\n                            <img decoding=\"async\" src=\"https:\/\/www.eurosandow.com\/app\/uploads\/2024\/12\/46.png\" alt=\"46\" loading=\"lazy\" class=\"slide swiper-slide\">\n                            <img decoding=\"async\" src=\"https:\/\/www.eurosandow.com\/app\/uploads\/2024\/12\/45.png\" alt=\"tricotage filet\" loading=\"lazy\" class=\"slide swiper-slide\">\n                            <img decoding=\"async\" src=\"https:\/\/www.eurosandow.com\/app\/uploads\/2024\/12\/43.png\" alt=\"43\" loading=\"lazy\" class=\"slide swiper-slide\">\n                            <img decoding=\"async\" src=\"https:\/\/www.eurosandow.com\/app\/uploads\/2024\/12\/42.png\" alt=\"op\u00e9rateur sur machine de tressage\" loading=\"lazy\" class=\"slide swiper-slide\">\n                            <img decoding=\"async\" src=\"https:\/\/www.eurosandow.com\/app\/uploads\/2024\/12\/44.png\" alt=\"Gestion du stock eurosandow\" loading=\"lazy\" class=\"slide swiper-slide\">\n                            <img decoding=\"async\" src=\"https:\/\/www.eurosandow.com\/app\/uploads\/2024\/12\/41.png\" alt=\"41\" loading=\"lazy\" class=\"slide swiper-slide\">\n                            <img decoding=\"async\" src=\"https:\/\/www.eurosandow.com\/app\/uploads\/2024\/12\/40.png\" alt=\"40\" loading=\"lazy\" class=\"slide swiper-slide\">\n                            <img decoding=\"async\" src=\"https:\/\/www.eurosandow.com\/app\/uploads\/2024\/12\/39.png\" alt=\"couture\" loading=\"lazy\" class=\"slide swiper-slide\">\n                            <img decoding=\"async\" src=\"https:\/\/www.eurosandow.com\/app\/uploads\/2024\/12\/38.png\" alt=\"38\" loading=\"lazy\" class=\"slide swiper-slide\">\n                            <img decoding=\"async\" src=\"https:\/\/www.eurosandow.com\/app\/uploads\/2024\/12\/37.png\" alt=\"37\" loading=\"lazy\" class=\"slide swiper-slide\">\n                    <\/div>\n        <div class=\"swiper-pagination multiple\"><\/div>\n    <\/div>\n<\/div>\n","protected":false},"excerpt":{"rendered":"<p>Wir haben Ihre Anfrage erhalten und werden uns so schnell wie m\u00f6glich mit Ihnen in Verbindung setzen.Unser Team wird Ihre Anfrage sorgf\u00e4ltig pr\u00fcfen, um Ihnen eine angemessene Antwort geben zu k\u00f6nnen.<\/p>\n","protected":false},"author":2,"featured_media":0,"parent":0,"menu_order":0,"comment_status":"closed","ping_status":"closed","template":"","meta":{"_acf_changed":false,"footnotes":""},"class_list":["post-2952","page","type-page","status-publish","hentry"],"acf":[],"yoast_head":"<!-- This site is optimized with the Yoast SEO plugin v27.3 - https:\/\/yoast.com\/product\/yoast-seo-wordpress\/ -->\n<title>page remerciement allemand - Eurosandow<\/title>\n<meta name=\"robots\" content=\"index, nofollow, max-snippet:-1, max-image-preview:large, max-video-preview:-1\" \/>\n<link rel=\"canonical\" href=\"https:\/\/www.eurosandow.com\/de\/page-remerciement-allemand\/\" \/>\n<meta property=\"og:locale\" content=\"de_DE\" \/>\n<meta property=\"og:type\" content=\"article\" \/>\n<meta property=\"og:title\" content=\"page remerciement allemand - Eurosandow\" \/>\n<meta property=\"og:description\" content=\"Wir haben Ihre Anfrage erhalten und werden uns so schnell wie m\u00f6glich mit Ihnen in Verbindung setzen.Unser Team wird Ihre Anfrage sorgf\u00e4ltig pr\u00fcfen, um Ihnen eine angemessene Antwort geben zu k\u00f6nnen.\" \/>\n<meta property=\"og:url\" content=\"https:\/\/www.eurosandow.com\/de\/page-remerciement-allemand\/\" \/>\n<meta property=\"og:site_name\" content=\"Eurosandow\" \/>\n<meta property=\"article:modified_time\" content=\"2025-02-12T10:54:01+00:00\" \/>\n<meta name=\"twitter:card\" content=\"summary_large_image\" \/>\n<meta name=\"twitter:label1\" content=\"Est. reading time\" \/>\n\t<meta name=\"twitter:data1\" content=\"1 minute\" \/>\n<script type=\"application\/ld+json\" class=\"yoast-schema-graph\">{\"@context\":\"https:\\\/\\\/schema.org\",\"@graph\":[{\"@type\":\"WebPage\",\"@id\":\"https:\\\/\\\/www.eurosandow.com\\\/de\\\/page-remerciement-allemand\\\/\",\"url\":\"https:\\\/\\\/www.eurosandow.com\\\/de\\\/page-remerciement-allemand\\\/\",\"name\":\"page remerciement allemand - Eurosandow\",\"isPartOf\":{\"@id\":\"https:\\\/\\\/www.eurosandow.com\\\/de\\\/#website\"},\"datePublished\":\"2025-02-12T10:51:52+00:00\",\"dateModified\":\"2025-02-12T10:54:01+00:00\",\"breadcrumb\":{\"@id\":\"https:\\\/\\\/www.eurosandow.com\\\/de\\\/page-remerciement-allemand\\\/#breadcrumb\"},\"inLanguage\":\"de-DE\",\"potentialAction\":[{\"@type\":\"ReadAction\",\"target\":[\"https:\\\/\\\/www.eurosandow.com\\\/de\\\/page-remerciement-allemand\\\/\"]}]},{\"@type\":\"BreadcrumbList\",\"@id\":\"https:\\\/\\\/www.eurosandow.com\\\/de\\\/page-remerciement-allemand\\\/#breadcrumb\",\"itemListElement\":[{\"@type\":\"ListItem\",\"position\":1,\"name\":\"Accueil\",\"item\":\"https:\\\/\\\/www.eurosandow.com\\\/de\\\/\"},{\"@type\":\"ListItem\",\"position\":2,\"name\":\"page remerciement allemand\"}]},{\"@type\":\"WebSite\",\"@id\":\"https:\\\/\\\/www.eurosandow.com\\\/de\\\/#website\",\"url\":\"https:\\\/\\\/www.eurosandow.com\\\/de\\\/\",\"name\":\"Eurosandow\",\"description\":\"Tendeurs, sangles et filets\",\"publisher\":{\"@id\":\"https:\\\/\\\/www.eurosandow.com\\\/de\\\/#organization\"},\"potentialAction\":[{\"@type\":\"SearchAction\",\"target\":{\"@type\":\"EntryPoint\",\"urlTemplate\":\"https:\\\/\\\/www.eurosandow.com\\\/de\\\/?s={search_term_string}\"},\"query-input\":{\"@type\":\"PropertyValueSpecification\",\"valueRequired\":true,\"valueName\":\"search_term_string\"}}],\"inLanguage\":\"de-DE\"},{\"@type\":\"Organization\",\"@id\":\"https:\\\/\\\/www.eurosandow.com\\\/de\\\/#organization\",\"name\":\"Eurosandow\",\"url\":\"https:\\\/\\\/www.eurosandow.com\\\/de\\\/\",\"logo\":{\"@type\":\"ImageObject\",\"inLanguage\":\"de-DE\",\"@id\":\"https:\\\/\\\/www.eurosandow.com\\\/de\\\/#\\\/schema\\\/logo\\\/image\\\/\",\"url\":\"https:\\\/\\\/www.eurosandow.com\\\/app\\\/uploads\\\/2024\\\/08\\\/eurosandow.svg\",\"contentUrl\":\"https:\\\/\\\/www.eurosandow.com\\\/app\\\/uploads\\\/2024\\\/08\\\/eurosandow.svg\",\"caption\":\"Eurosandow\"},\"image\":{\"@id\":\"https:\\\/\\\/www.eurosandow.com\\\/de\\\/#\\\/schema\\\/logo\\\/image\\\/\"}}]}<\/script>\n<!-- \/ Yoast SEO plugin. -->","yoast_head_json":{"title":"page remerciement allemand - Eurosandow","robots":{"index":"index","follow":"nofollow","max-snippet":"max-snippet:-1","max-image-preview":"max-image-preview:large","max-video-preview":"max-video-preview:-1"},"canonical":"https:\/\/www.eurosandow.com\/de\/page-remerciement-allemand\/","og_locale":"de_DE","og_type":"article","og_title":"page remerciement allemand - Eurosandow","og_description":"Wir haben Ihre Anfrage erhalten und werden uns so schnell wie m\u00f6glich mit Ihnen in Verbindung setzen.Unser Team wird Ihre Anfrage sorgf\u00e4ltig pr\u00fcfen, um Ihnen eine angemessene Antwort geben zu k\u00f6nnen.","og_url":"https:\/\/www.eurosandow.com\/de\/page-remerciement-allemand\/","og_site_name":"Eurosandow","article_modified_time":"2025-02-12T10:54:01+00:00","twitter_card":"summary_large_image","twitter_misc":{"Est. reading time":"1 minute"},"schema":{"@context":"https:\/\/schema.org","@graph":[{"@type":"WebPage","@id":"https:\/\/www.eurosandow.com\/de\/page-remerciement-allemand\/","url":"https:\/\/www.eurosandow.com\/de\/page-remerciement-allemand\/","name":"page remerciement allemand - Eurosandow","isPartOf":{"@id":"https:\/\/www.eurosandow.com\/de\/#website"},"datePublished":"2025-02-12T10:51:52+00:00","dateModified":"2025-02-12T10:54:01+00:00","breadcrumb":{"@id":"https:\/\/www.eurosandow.com\/de\/page-remerciement-allemand\/#breadcrumb"},"inLanguage":"de-DE","potentialAction":[{"@type":"ReadAction","target":["https:\/\/www.eurosandow.com\/de\/page-remerciement-allemand\/"]}]},{"@type":"BreadcrumbList","@id":"https:\/\/www.eurosandow.com\/de\/page-remerciement-allemand\/#breadcrumb","itemListElement":[{"@type":"ListItem","position":1,"name":"Accueil","item":"https:\/\/www.eurosandow.com\/de\/"},{"@type":"ListItem","position":2,"name":"page remerciement allemand"}]},{"@type":"WebSite","@id":"https:\/\/www.eurosandow.com\/de\/#website","url":"https:\/\/www.eurosandow.com\/de\/","name":"Eurosandow","description":"Tendeurs, sangles et filets","publisher":{"@id":"https:\/\/www.eurosandow.com\/de\/#organization"},"potentialAction":[{"@type":"SearchAction","target":{"@type":"EntryPoint","urlTemplate":"https:\/\/www.eurosandow.com\/de\/?s={search_term_string}"},"query-input":{"@type":"PropertyValueSpecification","valueRequired":true,"valueName":"search_term_string"}}],"inLanguage":"de-DE"},{"@type":"Organization","@id":"https:\/\/www.eurosandow.com\/de\/#organization","name":"Eurosandow","url":"https:\/\/www.eurosandow.com\/de\/","logo":{"@type":"ImageObject","inLanguage":"de-DE","@id":"https:\/\/www.eurosandow.com\/de\/#\/schema\/logo\/image\/","url":"https:\/\/www.eurosandow.com\/app\/uploads\/2024\/08\/eurosandow.svg","contentUrl":"https:\/\/www.eurosandow.com\/app\/uploads\/2024\/08\/eurosandow.svg","caption":"Eurosandow"},"image":{"@id":"https:\/\/www.eurosandow.com\/de\/#\/schema\/logo\/image\/"}}]}},"_links":{"self":[{"href":"https:\/\/www.eurosandow.com\/de\/wp-json\/wp\/v2\/pages\/2952","targetHints":{"allow":["GET"]}}],"collection":[{"href":"https:\/\/www.eurosandow.com\/de\/wp-json\/wp\/v2\/pages"}],"about":[{"href":"https:\/\/www.eurosandow.com\/de\/wp-json\/wp\/v2\/types\/page"}],"author":[{"embeddable":true,"href":"https:\/\/www.eurosandow.com\/de\/wp-json\/wp\/v2\/users\/2"}],"replies":[{"embeddable":true,"href":"https:\/\/www.eurosandow.com\/de\/wp-json\/wp\/v2\/comments?post=2952"}],"version-history":[{"count":2,"href":"https:\/\/www.eurosandow.com\/de\/wp-json\/wp\/v2\/pages\/2952\/revisions"}],"predecessor-version":[{"id":2954,"href":"https:\/\/www.eurosandow.com\/de\/wp-json\/wp\/v2\/pages\/2952\/revisions\/2954"}],"wp:attachment":[{"href":"https:\/\/www.eurosandow.com\/de\/wp-json\/wp\/v2\/media?parent=2952"}],"curies":[{"name":"wp","href":"https:\/\/api.w.org\/{rel}","templated":true}]}}