{"id":3168,"date":"2025-03-19T10:41:45","date_gmt":"2025-03-19T09:41:45","guid":{"rendered":"https:\/\/www.eurosandow.com\/?page_id=3168"},"modified":"2025-03-19T10:41:45","modified_gmt":"2025-03-19T09:41:45","slug":"entwurf-und-herstellung-von-textillosungen-fur-die-automobilindustrie-2","status":"publish","type":"page","link":"https:\/\/www.eurosandow.com\/de\/entwurf-und-herstellung-von-textillosungen-fur-die-automobilindustrie-2\/","title":{"rendered":"Entwurf und Herstellung von Textill\u00f6sungen f\u00fcr die Automobilindustrie"},"content":{"rendered":"\n<div style=\"height:49px\" aria-hidden=\"true\" class=\"wp-block-spacer\"><\/div>\n\n<div class=\"wp-block-columns has-2-columns is-layout-flex wp-container-core-columns-is-layout-9d6595d7 wp-block-columns has-2-columns-is-layout-flex\">\n<div class=\"wp-block-column is-layout-flow wp-block-column-is-layout-flow\">\n<h2 class=\"wp-block-heading\">Performance et s\u00e9curit\u00e9 en vol : nos solutions textiles sur-mesure pour l&#8217;a\u00e9ronautique<\/h2>\n\n\n\n<p>Fabricant fran\u00e7ais et expert du textile depuis pr\u00e8s d\u2019un si\u00e8cle, Eurosandow d\u00e9veloppe des solutions techniques aux performances \u00e9lev\u00e9es. <\/p>\n\n\n\n<p>Nous mettons notre savoir-faire et notre exp\u00e9rience au service de vos projets en concevant des produits enti\u00e8rement personnalis\u00e9s, adapt\u00e9s \u00e0 votre cahier des charges et aux contraintes techniques de votre application. Chaque solution Chaque solution est con\u00e7ue pour s&#8217;int\u00e9grer parfaitement \u00e0 vos produits. <\/p>\n\n\n\n<p>Notre bureau de recherche et d\u00e9veloppement (R&amp;D) est en veille permanente pour identifier des solutions et des mat\u00e9riaux innovants, capables de r\u00e9pondre aux d\u00e9fis de l\u2019industrie automobile.<\/p>\n\n\n\n<p>Que ce soit en termes de design, de l\u00e9g\u00e8ret\u00e9, de praticit\u00e9 ou de r\u00e9sistance, nous adaptons nos solutions pour satisfaire les exigences de chaque projet.<\/p>\n\n\n\n<div style=\"height:42px\" aria-hidden=\"true\" class=\"wp-block-spacer\"><\/div>\n\n\n\n<div class=\"wp-block-buttons is-content-justification-left is-layout-flex wp-container-core-buttons-is-layout-fdcfc74e wp-block-buttons-is-layout-flex\">\n<div class=\"wp-block-button\"><a class=\"wp-block-button__link has-white-color has-orange-background-color has-text-color has-background has-link-color wp-element-button\" href=\"#auto\"><strong>D\u00e9couvrir nos solutions<\/strong><\/a><\/div>\n<\/div>\n<\/div>\n\n\n\n<div class=\"wp-block-column is-layout-flow wp-block-column-is-layout-flow\" id=\"form\">\n<div class=\"_form_12\"><\/div><script src=\"https:\/\/eurosandow28616.activehosted.com\/f\/embed.php?id=12\" charset=\"utf-8\"><\/script>\n<\/div>\n<\/div>\n<div class=\"references-block small-width block-gap\" data-aos=\"fade-up\" data-aos-duration=\"1500\">\n    <div class=\"title-section center\">\n        <span class=\"uptitle\">Nos r\u00e9f\u00e9rences<\/span>        <h2 class=\"title\">Ils nous font confiance<\/h2>    <\/div>\n    <div class=\"references-slider swiper\">\n        <div class=\"swiper-wrapper\">\n                            <img decoding=\"async\" src=\"https:\/\/www.eurosandow.com\/app\/uploads\/2025\/01\/10.png\" class=\"logo swiper-slide\" alt=\"\" title=\"\" loading=\"lazy\"\/>\n                            <img decoding=\"async\" src=\"https:\/\/www.eurosandow.com\/app\/uploads\/2025\/01\/24.png\" class=\"logo swiper-slide\" alt=\"\" title=\"\" loading=\"lazy\"\/>\n                            <img decoding=\"async\" src=\"https:\/\/www.eurosandow.com\/app\/uploads\/2025\/03\/logo-partenaires-eurosandow.png\" class=\"logo swiper-slide\" alt=\"\" title=\"\" loading=\"lazy\"\/>\n                            <img decoding=\"async\" src=\"https:\/\/www.eurosandow.com\/app\/uploads\/2025\/01\/23.png\" class=\"logo swiper-slide\" alt=\"\" title=\"\" loading=\"lazy\"\/>\n                            <img decoding=\"async\" src=\"https:\/\/www.eurosandow.com\/app\/uploads\/2025\/01\/9.png\" class=\"logo swiper-slide\" alt=\"\" title=\"\" loading=\"lazy\"\/>\n                            <img decoding=\"async\" src=\"https:\/\/www.eurosandow.com\/app\/uploads\/2025\/01\/4.png\" class=\"logo swiper-slide\" alt=\"\" title=\"\" loading=\"lazy\"\/>\n                            <img decoding=\"async\" src=\"https:\/\/www.eurosandow.com\/app\/uploads\/2025\/01\/15.png\" class=\"logo swiper-slide\" alt=\"\" title=\"\" loading=\"lazy\"\/>\n                            <img decoding=\"async\" src=\"https:\/\/www.eurosandow.com\/app\/uploads\/2025\/01\/16.png\" class=\"logo swiper-slide\" alt=\"\" title=\"\" loading=\"lazy\"\/>\n                            <img decoding=\"async\" src=\"https:\/\/www.eurosandow.com\/app\/uploads\/2025\/01\/17.png\" class=\"logo swiper-slide\" alt=\"\" title=\"\" loading=\"lazy\"\/>\n                    <\/div>\n        <div class=\"swiper-pagination references\"><\/div>\n    <\/div>\n<\/div>\n<div style=\"height:51px\" aria-hidden=\"true\" class=\"wp-block-spacer\"><\/div>\n\n<div style=\"height:54px\" aria-hidden=\"true\" class=\"wp-block-spacer\"><\/div>\n\n<div style=\"height:61px\" aria-hidden=\"true\" class=\"wp-block-spacer\"><\/div>\n\n<div style=\"height:70px\" aria-hidden=\"true\" class=\"wp-block-spacer\"><\/div>\n\n<div class=\"wp-block-columns has-2-columns is-layout-flex wp-container-core-columns-is-layout-9d6595d7 wp-block-columns has-2-columns-is-layout-flex\">\n<div class=\"wp-block-column is-layout-flow wp-block-column-is-layout-flow\">\n<h2 class=\"wp-block-heading\" id=\"auto\"><strong><mark style=\"background-color:rgba(0, 0, 0, 0)\" class=\"has-inline-color has-orange-color\">Filets pour si\u00e8ges cabines<\/mark><\/strong><\/h2>\n\n\n\n<p>Eurosandow d\u00e9veloppe et fabrique des filets personnalis\u00e9s qui s&#8217;adaptent parfaitement \u00e0 la structure des si\u00e8ges de tout type d&#8217;avion. La gamme de couleurs, le choix des mat\u00e9riaux et les caract\u00e9ristiques du produit (longueur, largeur, \u00e9lasticit\u00e9) peuvent \u00eatre ajuster en fonction de votre cahier des charges.  <\/p>\n\n\n\n<p>Tous nos filets sont conformes aux normes non feu en vigueur dans l\u2019a\u00e9ronautique et peuvent \u00eatre mont\u00e9s sur cadre inox.<\/p>\n\n\n\n<p><\/p>\n\n\n\n<div class=\"wp-block-buttons is-layout-flex wp-block-buttons-is-layout-flex\">\n<div class=\"wp-block-button\"><a class=\"wp-block-button__link has-white-color has-orange-background-color has-text-color has-background has-link-color wp-element-button\" href=\"#form\"><strong>Sich mit unserem F&amp;E-B\u00fcro austauschen <\/strong><\/a><\/div>\n<\/div>\n<\/div>\n\n\n\n<div class=\"wp-block-column is-layout-flow wp-block-column-is-layout-flow\"><div class=\"wrapper classic-slider\"  data-aos=\"fade-left\" data-aos-duration=\"1500\">\n    <div class=\"slider-container large-autoplay swiper\">\n        <div class=\"slider-wrapper swiper-wrapper\">\n                            <img decoding=\"async\" src=\"https:\/\/www.eurosandow.com\/app\/uploads\/2024\/07\/4.png\" alt=\"4\" loading=\"lazy\" class=\"slide swiper-slide\">\n                            <img decoding=\"async\" src=\"https:\/\/www.eurosandow.com\/app\/uploads\/2024\/07\/1.png\" alt=\"1\" loading=\"lazy\" class=\"slide swiper-slide\">\n                            <img decoding=\"async\" src=\"https:\/\/www.eurosandow.com\/app\/uploads\/2024\/07\/3.png\" alt=\"3\" loading=\"lazy\" class=\"slide swiper-slide\">\n                            <img decoding=\"async\" src=\"https:\/\/www.eurosandow.com\/app\/uploads\/2024\/07\/2.png\" alt=\"2\" loading=\"lazy\" class=\"slide swiper-slide\">\n                    <\/div>\n        <div class=\"swiper-pagination multiple\"><\/div>\n    <\/div>\n<\/div>\n<\/div>\n<\/div>\n\n<div style=\"height:56px\" aria-hidden=\"true\" class=\"wp-block-spacer\"><\/div>\n\n<div class=\"wp-block-columns has-2-columns is-layout-flex wp-container-core-columns-is-layout-9d6595d7 wp-block-columns has-2-columns-is-layout-flex\">\n<div class=\"wp-block-column is-layout-flow wp-block-column-is-layout-flow\">\n<figure class=\"wp-block-image size-full\"><img decoding=\"async\" width=\"570\" height=\"430\" src=\"https:\/\/www.eurosandow.com\/app\/uploads\/2024\/07\/Image-standard-eurosandow.png\" alt=\"cargo net pour le fret a&#xE9;rien\" class=\"wp-image-2737\" srcset=\"https:\/\/www.eurosandow.com\/app\/uploads\/2024\/07\/Image-standard-eurosandow.png 570w, https:\/\/www.eurosandow.com\/app\/uploads\/2024\/07\/Image-standard-eurosandow-300x226.png 300w\" sizes=\"(max-width: 570px) 100vw, 570px\" \/><\/figure>\n<\/div>\n\n\n\n<div class=\"wp-block-column is-layout-flow wp-block-column-is-layout-flow\">\n<h2 class=\"wp-block-heading\" id=\"sangle\"><mark style=\"background-color:rgba(0, 0, 0, 0)\" class=\"has-inline-color has-orange-color\">Cargo-nets pour le transport a\u00e9rien<\/mark><\/h2>\n\n\n\n<p>Nous fabriquons des cargo nets pour diff\u00e9rents acteurs du fret a\u00e9rien. <\/p>\n\n\n\n<p>Nous produisons la sangle destin\u00e9e \u00e0 cette application dans notre atelier de Saint-Etienne puis nous r\u00e9alisons la confection en fonction du cahier des charges fourni par le client. <\/p>\n\n\n\n<p>Nous avons d\u00e9velopp\u00e9 une sangle sp\u00e9cifique en HMPE (Poly\u00e9thyl\u00e8ne \u00e0 Masse Molaire Ultra Haute) afin de r\u00e9duire drastiquement le poids du cargo net.<\/p>\n\n\n\n<p><br\/>Ces filets sont fabriqu\u00e9s \u00e0 partir de sangles tiss\u00e9es dans des mati\u00e8res vari\u00e9es, adapt\u00e9es aux contraintes sp\u00e9cifiques du transport, telles que le polyester, le Dyneema ou le polypropyl\u00e8ne.<\/p>\n<\/div>\n<\/div>\n\n<div style=\"height:45px\" aria-hidden=\"true\" class=\"wp-block-spacer\"><\/div>\n\n<div style=\"height:55px\" aria-hidden=\"true\" class=\"wp-block-spacer\"><\/div>\n\n<h2 class=\"wp-block-heading has-text-align-center\"><mark style=\"background-color:rgba(0, 0, 0, 0)\" class=\"has-inline-color has-orange-color\">Zertifiziert nach ISO 9001, IATF 16949 und ASES<\/mark><\/h2>\n\n<div class=\"wp-block-columns has-3-columns is-layout-flex wp-container-core-columns-is-layout-9d6595d7 wp-block-columns has-3-columns-is-layout-flex\">\n<div class=\"wp-block-column is-layout-flow wp-block-column-is-layout-flow\">\n<figure class=\"wp-block-image aligncenter size-full is-resized\"><img decoding=\"async\" width=\"500\" height=\"500\" src=\"https:\/\/www.eurosandow.com\/app\/uploads\/2024\/10\/Design-sans-titre-2024-10-02T164222.027.png\" alt=\"\" class=\"wp-image-1245\" style=\"width:246px;height:auto\" srcset=\"https:\/\/www.eurosandow.com\/app\/uploads\/2024\/10\/Design-sans-titre-2024-10-02T164222.027.png 500w, https:\/\/www.eurosandow.com\/app\/uploads\/2024\/10\/Design-sans-titre-2024-10-02T164222.027-300x300.png 300w, https:\/\/www.eurosandow.com\/app\/uploads\/2024\/10\/Design-sans-titre-2024-10-02T164222.027-150x150.png 150w\" sizes=\"(max-width: 500px) 100vw, 500px\" \/><\/figure>\n<\/div>\n\n\n\n<div class=\"wp-block-column is-layout-flow wp-block-column-is-layout-flow\">\n<figure class=\"wp-block-image aligncenter size-full is-resized\"><img decoding=\"async\" width=\"500\" height=\"500\" src=\"https:\/\/www.eurosandow.com\/app\/uploads\/2024\/10\/Design-sans-titre-2024-10-02T164627.973.png\" alt=\"\" class=\"wp-image-1252\" style=\"width:252px;height:auto\" srcset=\"https:\/\/www.eurosandow.com\/app\/uploads\/2024\/10\/Design-sans-titre-2024-10-02T164627.973.png 500w, https:\/\/www.eurosandow.com\/app\/uploads\/2024\/10\/Design-sans-titre-2024-10-02T164627.973-300x300.png 300w, https:\/\/www.eurosandow.com\/app\/uploads\/2024\/10\/Design-sans-titre-2024-10-02T164627.973-150x150.png 150w\" sizes=\"(max-width: 500px) 100vw, 500px\" \/><\/figure>\n<\/div>\n\n\n\n<div class=\"wp-block-column is-layout-flow wp-block-column-is-layout-flow\">\n<figure class=\"wp-block-image aligncenter size-full is-resized\"><img decoding=\"async\" width=\"500\" height=\"500\" src=\"https:\/\/www.eurosandow.com\/app\/uploads\/2024\/10\/Design-sans-titre-2024-10-02T164921.995.png\" alt=\"\" class=\"wp-image-1259\" style=\"width:239px;height:auto\" srcset=\"https:\/\/www.eurosandow.com\/app\/uploads\/2024\/10\/Design-sans-titre-2024-10-02T164921.995.png 500w, https:\/\/www.eurosandow.com\/app\/uploads\/2024\/10\/Design-sans-titre-2024-10-02T164921.995-300x300.png 300w, https:\/\/www.eurosandow.com\/app\/uploads\/2024\/10\/Design-sans-titre-2024-10-02T164921.995-150x150.png 150w\" sizes=\"(max-width: 500px) 100vw, 500px\" \/><\/figure>\n<\/div>\n<\/div>\n\n<div class=\"wp-block-columns has-3-columns is-layout-flex wp-container-core-columns-is-layout-9d6595d7 wp-block-columns has-3-columns-is-layout-flex\">\n<div class=\"wp-block-column is-layout-flow wp-block-column-is-layout-flow\"><\/div>\n\n\n\n<div class=\"wp-block-column is-layout-flow wp-block-column-is-layout-flow\"><\/div>\n\n\n\n<div class=\"wp-block-column is-layout-flow wp-block-column-is-layout-flow\"><\/div>\n<\/div>\n\n<div class=\"wp-block-columns has-1-columns has-grey-background-color has-background is-layout-flex wp-container-core-columns-is-layout-9d6595d7 wp-block-columns has-1-columns-is-layout-flex\">\n<div class=\"wp-block-column has-grey-background-color has-background is-layout-flow wp-block-column-is-layout-flow\">\n<h2 class=\"wp-block-heading\"><mark style=\"background-color:rgba(0, 0, 0, 0)\" class=\"has-inline-color has-orange-color\">Qualit\u00e9 et conformit\u00e9 avec les normes li\u00e9es au secteur a\u00e9ronautique<\/mark><\/h2>\n\n\n\n<p>Unsere Teams f\u00fchren eine Reihe von Tests durch, um sicherzustellen, dass die Probe ihre Eigenschaften beh\u00e4lt, um die Funktionen des Produkts zu gew\u00e4hrleisten.<\/p>\n\n\n\n<ul class=\"wp-block-list\">\n<li>Entflammbarkeitspr\u00fcfung<\/li>\n\n\n\n<li>Geruchspr\u00fcfung<\/li>\n\n\n\n<li>Schleierbildung<\/li>\n\n\n\n<li>Schwei\u00dftest<\/li>\n\n\n\n<li>Alterungspr\u00fcfung<\/li>\n\n\n\n<li>Kraft- und Streckpr\u00fcfung<\/li>\n\n\n\n<li>Rei\u00dffestigkeitspr\u00fcfung<\/li>\n\n\n\n<li>Erm\u00fcdungstest<\/li>\n<\/ul>\n\n\n\n<p>Dieses unerm\u00fcdliche Engagement f\u00fcr Qualit\u00e4t, verbunden mit dem Einsatz jedes einzelnen Mitarbeiters, f\u00fchrte dazu, dass wir bereits 1996 die IATF-Zertifizierung erhielten<\/p>\n<\/div>\n<\/div>\n<div class=\"banner-cta small-width\" data-aos=\"fade-up\" data-aos-duration=\"1500\">\n    <div class=\"inner-banner\">\n        <div class=\"text-container\">\n            <span classs=\"uptitle\">Besoin de plus de renseignements ?<\/span>            <h2 classs=\"title\">Parlez nous de votre projet<\/h2>            <div class=\"buttons-container\">\n                                    <a class=\"wp-block-button__link has-white-color has-text-color has-link-color wp-element-button\" target=\"\" href=\"#form\">\u00c9changer avec nos \u00e9quipes<\/a>\n                            <\/div>\n        <\/div>\n        <picture>\n            <source srcset=\"\" media=\"(max-width: 1024px)\" \/>\n            <img decoding=\"async\" src=\"\" alt=\"\" title=\"\" loading=\"lazy\"\/>\n        <\/picture>\n    <\/div>\n<\/div>","protected":false},"excerpt":{"rendered":"<p>Performance et s\u00e9curit\u00e9 en vol : nos solutions textiles sur-mesure pour l&#8217;a\u00e9ronautique Fabricant fran\u00e7ais et expert du textile depuis pr\u00e8s d\u2019un si\u00e8cle, Eurosandow d\u00e9veloppe des solutions techniques aux performances \u00e9lev\u00e9es. Nous mettons notre savoir-faire et notre exp\u00e9rience au service de vos projets en concevant des produits enti\u00e8rement personnalis\u00e9s, adapt\u00e9s \u00e0 votre cahier des charges et [&hellip;]<\/p>\n","protected":false},"author":2,"featured_media":0,"parent":0,"menu_order":0,"comment_status":"closed","ping_status":"closed","template":"template-landing.php","meta":{"_acf_changed":false,"footnotes":""},"class_list":["post-3168","page","type-page","status-publish","hentry"],"acf":[],"yoast_head":"<!-- This site is optimized with the Yoast SEO plugin v27.1.1 - https:\/\/yoast.com\/product\/yoast-seo-wordpress\/ -->\n<title>Entwurf und Herstellung von Textill\u00f6sungen f\u00fcr die Automobilindustrie - Eurosandow<\/title>\n<meta name=\"description\" content=\"Als franz\u00f6sischer Hersteller und Experte f\u00fcr Textilien seit fast einem Jahrhundert haben wir eine umfassende Palette an L\u00f6sungen speziell f\u00fcr die Automobilbranche entwickelt\" \/>\n<meta name=\"robots\" content=\"index, follow, max-snippet:-1, max-image-preview:large, max-video-preview:-1\" \/>\n<link rel=\"canonical\" href=\"https:\/\/www.eurosandow.com\/de\/entwurf-und-herstellung-von-textillosungen-fur-die-automobilindustrie-2\/\" \/>\n<meta property=\"og:locale\" content=\"de_DE\" \/>\n<meta property=\"og:type\" content=\"article\" \/>\n<meta property=\"og:title\" content=\"Entwurf und Herstellung von Textill\u00f6sungen f\u00fcr die Automobilindustrie - Eurosandow\" \/>\n<meta property=\"og:description\" content=\"Als franz\u00f6sischer Hersteller und Experte f\u00fcr Textilien seit fast einem Jahrhundert haben wir eine umfassende Palette an L\u00f6sungen speziell f\u00fcr die Automobilbranche entwickelt\" \/>\n<meta property=\"og:url\" content=\"https:\/\/www.eurosandow.com\/de\/entwurf-und-herstellung-von-textillosungen-fur-die-automobilindustrie-2\/\" \/>\n<meta property=\"og:site_name\" content=\"Eurosandow\" \/>\n<meta property=\"og:image\" content=\"https:\/\/www.eurosandow.com\/app\/uploads\/2024\/07\/Image-standard-eurosandow.png\" \/>\n<meta name=\"twitter:card\" content=\"summary_large_image\" \/>\n<meta name=\"twitter:label1\" content=\"Est. reading time\" \/>\n\t<meta name=\"twitter:data1\" content=\"4 minutes\" \/>\n<script type=\"application\/ld+json\" class=\"yoast-schema-graph\">{\"@context\":\"https:\/\/schema.org\",\"@graph\":[{\"@type\":\"WebPage\",\"@id\":\"https:\/\/www.eurosandow.com\/de\/entwurf-und-herstellung-von-textillosungen-fur-die-automobilindustrie-2\/\",\"url\":\"https:\/\/www.eurosandow.com\/de\/entwurf-und-herstellung-von-textillosungen-fur-die-automobilindustrie-2\/\",\"name\":\"Entwurf und Herstellung von Textill\u00f6sungen f\u00fcr die Automobilindustrie - Eurosandow\",\"isPartOf\":{\"@id\":\"https:\/\/www.eurosandow.com\/de\/#website\"},\"primaryImageOfPage\":{\"@id\":\"https:\/\/www.eurosandow.com\/de\/entwurf-und-herstellung-von-textillosungen-fur-die-automobilindustrie-2\/#primaryimage\"},\"image\":{\"@id\":\"https:\/\/www.eurosandow.com\/de\/entwurf-und-herstellung-von-textillosungen-fur-die-automobilindustrie-2\/#primaryimage\"},\"thumbnailUrl\":\"https:\/\/www.eurosandow.com\/app\/uploads\/2024\/07\/Image-standard-eurosandow.png\",\"datePublished\":\"2025-03-19T09:41:45+00:00\",\"description\":\"Als franz\u00f6sischer Hersteller und Experte f\u00fcr Textilien seit fast einem Jahrhundert haben wir eine umfassende Palette an L\u00f6sungen speziell f\u00fcr die Automobilbranche entwickelt\",\"breadcrumb\":{\"@id\":\"https:\/\/www.eurosandow.com\/de\/entwurf-und-herstellung-von-textillosungen-fur-die-automobilindustrie-2\/#breadcrumb\"},\"inLanguage\":\"de-DE\",\"potentialAction\":[{\"@type\":\"ReadAction\",\"target\":[\"https:\/\/www.eurosandow.com\/de\/entwurf-und-herstellung-von-textillosungen-fur-die-automobilindustrie-2\/\"]}]},{\"@type\":\"ImageObject\",\"inLanguage\":\"de-DE\",\"@id\":\"https:\/\/www.eurosandow.com\/de\/entwurf-und-herstellung-von-textillosungen-fur-die-automobilindustrie-2\/#primaryimage\",\"url\":\"https:\/\/www.eurosandow.com\/app\/uploads\/2024\/07\/Image-standard-eurosandow.png\",\"contentUrl\":\"https:\/\/www.eurosandow.com\/app\/uploads\/2024\/07\/Image-standard-eurosandow.png\"},{\"@type\":\"BreadcrumbList\",\"@id\":\"https:\/\/www.eurosandow.com\/de\/entwurf-und-herstellung-von-textillosungen-fur-die-automobilindustrie-2\/#breadcrumb\",\"itemListElement\":[{\"@type\":\"ListItem\",\"position\":1,\"name\":\"Accueil\",\"item\":\"https:\/\/www.eurosandow.com\/de\/\"},{\"@type\":\"ListItem\",\"position\":2,\"name\":\"Entwurf und Herstellung von Textill\u00f6sungen f\u00fcr die Automobilindustrie\"}]},{\"@type\":\"WebSite\",\"@id\":\"https:\/\/www.eurosandow.com\/de\/#website\",\"url\":\"https:\/\/www.eurosandow.com\/de\/\",\"name\":\"Eurosandow\",\"description\":\"Tendeurs, sangles et filets\",\"publisher\":{\"@id\":\"https:\/\/www.eurosandow.com\/de\/#organization\"},\"potentialAction\":[{\"@type\":\"SearchAction\",\"target\":{\"@type\":\"EntryPoint\",\"urlTemplate\":\"https:\/\/www.eurosandow.com\/de\/?s={search_term_string}\"},\"query-input\":{\"@type\":\"PropertyValueSpecification\",\"valueRequired\":true,\"valueName\":\"search_term_string\"}}],\"inLanguage\":\"de-DE\"},{\"@type\":\"Organization\",\"@id\":\"https:\/\/www.eurosandow.com\/de\/#organization\",\"name\":\"Eurosandow\",\"url\":\"https:\/\/www.eurosandow.com\/de\/\",\"logo\":{\"@type\":\"ImageObject\",\"inLanguage\":\"de-DE\",\"@id\":\"https:\/\/www.eurosandow.com\/de\/#\/schema\/logo\/image\/\",\"url\":\"https:\/\/www.eurosandow.com\/app\/uploads\/2024\/08\/eurosandow.svg\",\"contentUrl\":\"https:\/\/www.eurosandow.com\/app\/uploads\/2024\/08\/eurosandow.svg\",\"caption\":\"Eurosandow\"},\"image\":{\"@id\":\"https:\/\/www.eurosandow.com\/de\/#\/schema\/logo\/image\/\"}}]}<\/script>\n<!-- \/ Yoast SEO plugin. -->","yoast_head_json":{"title":"Entwurf und Herstellung von Textill\u00f6sungen f\u00fcr die Automobilindustrie - Eurosandow","description":"Als franz\u00f6sischer Hersteller und Experte f\u00fcr Textilien seit fast einem Jahrhundert haben wir eine umfassende Palette an L\u00f6sungen speziell f\u00fcr die Automobilbranche entwickelt","robots":{"index":"index","follow":"follow","max-snippet":"max-snippet:-1","max-image-preview":"max-image-preview:large","max-video-preview":"max-video-preview:-1"},"canonical":"https:\/\/www.eurosandow.com\/de\/entwurf-und-herstellung-von-textillosungen-fur-die-automobilindustrie-2\/","og_locale":"de_DE","og_type":"article","og_title":"Entwurf und Herstellung von Textill\u00f6sungen f\u00fcr die Automobilindustrie - Eurosandow","og_description":"Als franz\u00f6sischer Hersteller und Experte f\u00fcr Textilien seit fast einem Jahrhundert haben wir eine umfassende Palette an L\u00f6sungen speziell f\u00fcr die Automobilbranche entwickelt","og_url":"https:\/\/www.eurosandow.com\/de\/entwurf-und-herstellung-von-textillosungen-fur-die-automobilindustrie-2\/","og_site_name":"Eurosandow","og_image":[{"url":"https:\/\/www.eurosandow.com\/app\/uploads\/2024\/07\/Image-standard-eurosandow.png","type":"","width":"","height":""}],"twitter_card":"summary_large_image","twitter_misc":{"Est. reading time":"4 minutes"},"schema":{"@context":"https:\/\/schema.org","@graph":[{"@type":"WebPage","@id":"https:\/\/www.eurosandow.com\/de\/entwurf-und-herstellung-von-textillosungen-fur-die-automobilindustrie-2\/","url":"https:\/\/www.eurosandow.com\/de\/entwurf-und-herstellung-von-textillosungen-fur-die-automobilindustrie-2\/","name":"Entwurf und Herstellung von Textill\u00f6sungen f\u00fcr die Automobilindustrie - Eurosandow","isPartOf":{"@id":"https:\/\/www.eurosandow.com\/de\/#website"},"primaryImageOfPage":{"@id":"https:\/\/www.eurosandow.com\/de\/entwurf-und-herstellung-von-textillosungen-fur-die-automobilindustrie-2\/#primaryimage"},"image":{"@id":"https:\/\/www.eurosandow.com\/de\/entwurf-und-herstellung-von-textillosungen-fur-die-automobilindustrie-2\/#primaryimage"},"thumbnailUrl":"https:\/\/www.eurosandow.com\/app\/uploads\/2024\/07\/Image-standard-eurosandow.png","datePublished":"2025-03-19T09:41:45+00:00","description":"Als franz\u00f6sischer Hersteller und Experte f\u00fcr Textilien seit fast einem Jahrhundert haben wir eine umfassende Palette an L\u00f6sungen speziell f\u00fcr die Automobilbranche entwickelt","breadcrumb":{"@id":"https:\/\/www.eurosandow.com\/de\/entwurf-und-herstellung-von-textillosungen-fur-die-automobilindustrie-2\/#breadcrumb"},"inLanguage":"de-DE","potentialAction":[{"@type":"ReadAction","target":["https:\/\/www.eurosandow.com\/de\/entwurf-und-herstellung-von-textillosungen-fur-die-automobilindustrie-2\/"]}]},{"@type":"ImageObject","inLanguage":"de-DE","@id":"https:\/\/www.eurosandow.com\/de\/entwurf-und-herstellung-von-textillosungen-fur-die-automobilindustrie-2\/#primaryimage","url":"https:\/\/www.eurosandow.com\/app\/uploads\/2024\/07\/Image-standard-eurosandow.png","contentUrl":"https:\/\/www.eurosandow.com\/app\/uploads\/2024\/07\/Image-standard-eurosandow.png"},{"@type":"BreadcrumbList","@id":"https:\/\/www.eurosandow.com\/de\/entwurf-und-herstellung-von-textillosungen-fur-die-automobilindustrie-2\/#breadcrumb","itemListElement":[{"@type":"ListItem","position":1,"name":"Accueil","item":"https:\/\/www.eurosandow.com\/de\/"},{"@type":"ListItem","position":2,"name":"Entwurf und Herstellung von Textill\u00f6sungen f\u00fcr die Automobilindustrie"}]},{"@type":"WebSite","@id":"https:\/\/www.eurosandow.com\/de\/#website","url":"https:\/\/www.eurosandow.com\/de\/","name":"Eurosandow","description":"Tendeurs, sangles et filets","publisher":{"@id":"https:\/\/www.eurosandow.com\/de\/#organization"},"potentialAction":[{"@type":"SearchAction","target":{"@type":"EntryPoint","urlTemplate":"https:\/\/www.eurosandow.com\/de\/?s={search_term_string}"},"query-input":{"@type":"PropertyValueSpecification","valueRequired":true,"valueName":"search_term_string"}}],"inLanguage":"de-DE"},{"@type":"Organization","@id":"https:\/\/www.eurosandow.com\/de\/#organization","name":"Eurosandow","url":"https:\/\/www.eurosandow.com\/de\/","logo":{"@type":"ImageObject","inLanguage":"de-DE","@id":"https:\/\/www.eurosandow.com\/de\/#\/schema\/logo\/image\/","url":"https:\/\/www.eurosandow.com\/app\/uploads\/2024\/08\/eurosandow.svg","contentUrl":"https:\/\/www.eurosandow.com\/app\/uploads\/2024\/08\/eurosandow.svg","caption":"Eurosandow"},"image":{"@id":"https:\/\/www.eurosandow.com\/de\/#\/schema\/logo\/image\/"}}]}},"_links":{"self":[{"href":"https:\/\/www.eurosandow.com\/de\/wp-json\/wp\/v2\/pages\/3168","targetHints":{"allow":["GET"]}}],"collection":[{"href":"https:\/\/www.eurosandow.com\/de\/wp-json\/wp\/v2\/pages"}],"about":[{"href":"https:\/\/www.eurosandow.com\/de\/wp-json\/wp\/v2\/types\/page"}],"author":[{"embeddable":true,"href":"https:\/\/www.eurosandow.com\/de\/wp-json\/wp\/v2\/users\/2"}],"replies":[{"embeddable":true,"href":"https:\/\/www.eurosandow.com\/de\/wp-json\/wp\/v2\/comments?post=3168"}],"version-history":[{"count":1,"href":"https:\/\/www.eurosandow.com\/de\/wp-json\/wp\/v2\/pages\/3168\/revisions"}],"predecessor-version":[{"id":3169,"href":"https:\/\/www.eurosandow.com\/de\/wp-json\/wp\/v2\/pages\/3168\/revisions\/3169"}],"wp:attachment":[{"href":"https:\/\/www.eurosandow.com\/de\/wp-json\/wp\/v2\/media?parent=3168"}],"curies":[{"name":"wp","href":"https:\/\/api.w.org\/{rel}","templated":true}]}}