{"id":3593,"date":"2025-06-25T16:26:10","date_gmt":"2025-06-25T14:26:10","guid":{"rendered":"https:\/\/www.eurosandow.com\/unsere-begleitung\/"},"modified":"2025-06-25T16:30:03","modified_gmt":"2025-06-25T14:30:03","slug":"unsere-begleitung","status":"publish","type":"page","link":"https:\/\/www.eurosandow.com\/de\/unsere-begleitung\/","title":{"rendered":"Unsere Begleitung"},"content":{"rendered":"\n<div style=\"height:82px\" aria-hidden=\"true\" class=\"wp-block-spacer\"><\/div>\n\n\n\n<div class=\"wp-block-columns has-2-columns is-layout-flex wp-container-core-columns-is-layout-9d6595d7 wp-block-columns has-2-columns-is-layout-flex\">\n<div class=\"wp-block-column is-layout-flow wp-block-column-is-layout-flow\">\n<h2 class=\"wp-block-heading\"><mark style=\"background-color:rgba(0, 0, 0, 0)\" class=\"has-inline-color has-orange-color\"><strong>Lassen Sie uns gemeinsam Ihre L\u00f6sungen von morgen mitgestalten<\/strong><\/mark><\/h2>\n\n\n\n<p>Unsere kaufm\u00e4nnischen und technischen Teams h\u00f6ren Ihnen zu und stehen Ihnen zur Verf\u00fcgung, um Ihre Fragen zu beantworten und Sie bei der Ausarbeitung Ihres Projekts zu begleiten.<\/p>\n\n\n\n<p>Jedes Projekt ist einzigartig und erfordert einen individuellen Ansatz. <\/p>\n\n\n\n<p>Unser Innovationszentrum und unsere innovationsorientierten Arbeitsmethoden erm\u00f6glichen es uns, auf die spezifischsten Bed\u00fcrfnisse unserer Kunden einzugehen.<\/p>\n\n\n\n<p>Egal, f\u00fcr welches Produkt Sie Bungeeseile, Spanner, Schn\u00fcre, Netze oder Gurte ben\u00f6tigen, wir arbeiten eng mit Ihnen zusammen, um L\u00f6sungen zu entwickeln, die perfekt auf Ihre Anforderungen zugeschnitten sind.<\/p>\n\n\n\n<p>Unsere Kompetenz, Flechten, Netzstricken, Weben, Formen, Extrudieren, Einspritzen, N\u00e4hen, Schwei\u00dfen, Ultraschallbohrungen und Umspritzen mit unserem klassischen elastischen oder starren Sortiment zu verbinden, erm\u00f6glicht es uns, Ihnen Spanner, Sandows, elastische oder starre Gurte anzubieten, die perfekt Ihren Anforderungen entsprechen, um Funktionen wie Halten, Aufbewahren, Verzurren, Aufh\u00e4ngen, Abseilen und Design zu erf\u00fcllen &#8230;<\/p>\n\n\n\n<div class=\"wp-block-buttons is-layout-flex wp-block-buttons-is-layout-flex\">\n<div class=\"wp-block-button\"><a class=\"wp-block-button__link has-orange-color has-text-color has-link-color wp-element-button\" href=\"https:\/\/www.eurosandow.com\/de\/kontakt\/\"><strong>Kontaktieren Sie uns<\/strong><\/a><\/div>\n<\/div>\n\n\n\n<p><mark style=\"background-color:rgba(0, 0, 0, 0)\" class=\"has-inline-color has-orange-color\"><br><\/mark><\/p>\n<\/div>\n\n\n\n<div class=\"wp-block-column is-layout-flow wp-block-column-is-layout-flow\">\n<figure class=\"wp-block-image size-full\"><img decoding=\"async\" width=\"600\" height=\"540\" src=\"https:\/\/www.eurosandow.com\/app\/uploads\/2024\/12\/Design-sans-titre-2024-12-01T201627.599.png\" alt=\"\" class=\"wp-image-1737\" srcset=\"https:\/\/www.eurosandow.com\/app\/uploads\/2024\/12\/Design-sans-titre-2024-12-01T201627.599.png 600w, https:\/\/www.eurosandow.com\/app\/uploads\/2024\/12\/Design-sans-titre-2024-12-01T201627.599-300x270.png 300w\" sizes=\"(max-width: 600px) 100vw, 600px\" \/><\/figure>\n<\/div>\n<\/div>\n\n\n\n<div style=\"height:34px\" aria-hidden=\"true\" class=\"wp-block-spacer\"><\/div>\n\n\n\n<div class=\"wp-block-columns has-1-columns has-grey-background-color has-background is-layout-flex wp-container-core-columns-is-layout-9d6595d7 wp-block-columns has-1-columns-is-layout-flex\">\n<div class=\"wp-block-column has-grey-background-color has-background is-layout-flow wp-block-column-is-layout-flow\">\n<p><\/p>\n\n\n\n<h2 class=\"wp-block-heading\"><mark style=\"background-color:rgba(0, 0, 0, 0)\" class=\"has-inline-color has-orange-color\">Ihre Fristen, Ihre Termine, unsere Priorit\u00e4t<\/mark><\/h2>\n\n\n\n<p>Wir wissen, dass die Einhaltung von Fristen f\u00fcr den Erfolg Ihrer Projekte von entscheidender Bedeutung ist. Deshalb ist die Einhaltung von Terminen f\u00fcr uns ein zentrales Anliegen.  <\/p>\n\n\n\n<p>Wir verpflichten uns, Ihnen Qualit\u00e4tsprodukte termingerecht zu liefern, damit Sie Ihre eigenen Verpflichtungen gegen\u00fcber Ihren Kunden einhalten k\u00f6nnen.<\/p>\n\n\n\n<p>Mit unseren beiden Produktionsst\u00e4tten in Frankreich und Rum\u00e4nien k\u00f6nnen wir unsere Produktionskapazit\u00e4ten schnell an Ihre speziellen Anforderungen anpassen und gleichzeitig die Qualit\u00e4t unserer Produkte gew\u00e4hrleisten.<\/p>\n\n\n\n<p>Unsere Produktionsteams planen jeden Schritt genau, um sicherzustellen, dass jede Bestellung so schnell wie m\u00f6glich bearbeitet wird, abh\u00e4ngig von der Versorgung und den zu produzierenden Mengen.<\/p>\n\n\n\n<p> Von der Konzeption bis zur Lieferung halten wir Sie in jeder Phase des Prozesses auf dem Laufenden und bieten Ihnen so vollst\u00e4ndige Transparenz.<\/p>\n<\/div>\n<\/div>\n\n\n\n<div class=\"wp-block-columns has-2-columns is-layout-flex wp-container-core-columns-is-layout-9d6595d7 wp-block-columns has-2-columns-is-layout-flex\">\n<div class=\"wp-block-column is-layout-flow wp-block-column-is-layout-flow\">\n<figure class=\"wp-block-image size-full\"><img decoding=\"async\" width=\"600\" height=\"540\" src=\"https:\/\/www.eurosandow.com\/app\/uploads\/2024\/12\/Design-sans-titre-2024-12-01T201931.897.png\" alt=\"\" class=\"wp-image-1742\" srcset=\"https:\/\/www.eurosandow.com\/app\/uploads\/2024\/12\/Design-sans-titre-2024-12-01T201931.897.png 600w, https:\/\/www.eurosandow.com\/app\/uploads\/2024\/12\/Design-sans-titre-2024-12-01T201931.897-300x270.png 300w\" sizes=\"(max-width: 600px) 100vw, 600px\" \/><\/figure>\n<\/div>\n\n\n\n<div class=\"wp-block-column is-layout-flow wp-block-column-is-layout-flow\">\n<h2 class=\"wp-block-heading\"><mark style=\"background-color:rgba(0, 0, 0, 0)\" class=\"has-inline-color has-orange-color\">Kundenzufriedenheit: unsere gr\u00f6\u00dfte Belohnung<\/mark><\/h2>\n\n\n\n<p>Die Zufriedenheit unserer Kunden steht im Mittelpunkt unseres Handelns. <\/p>\n\n\n\n<p>Wir arbeiten von der Entwurfsphase bis zur endg\u00fcltigen Lieferung eng mit Ihnen zusammen, um sicherzustellen, dass Sie Produkte erhalten, die genau Ihren Erwartungen entsprechen.<\/p>\n\n\n\n<p>Unsere Teams stehen Ihnen zur Verf\u00fcgung, um Sie zu beraten und Sie w\u00e4hrend des gesamten Projekts zu begleiten und so eine hochwertige Kundenerfahrung zu gew\u00e4hrleisten. <\/p>\n\n\n\n<p>Wir sind st\u00e4ndig bem\u00fcht, unsere Prozesse und Dienstleistungen zu verbessern. Jedes Jahr investieren wir, um unsere Produktionsanlagen und unsere Innovationsf\u00e4higkeit zu verbessern. <\/p>\n\n\n\n<p>In diesem Sinne werden unsere Mitarbeiter regelm\u00e4\u00dfig intern geschult, um ihre Kompetenzen zu erweitern und den reibungslosen Betrieb unserer Produktionsanlagen zu gew\u00e4hrleisten. <\/p>\n\n\n\n<p>Die Entwicklung unseres Unternehmens h\u00e4ngt von der Teilnahme und dem Engagement aller ab!<\/p>\n<\/div>\n<\/div>\n\n\n\n<div style=\"height:30px\" aria-hidden=\"true\" class=\"wp-block-spacer\"><\/div>\n\n\n<div class=\"references-block small-width block-gap\" data-aos=\"fade-up\" data-aos-duration=\"1500\">\n    <div class=\"title-section center\">\n        <span class=\"uptitle\">Unsere Referenzen<\/span>        <h2 class=\"title\">Sie vertrauen uns<\/h2>    <\/div>\n    <div class=\"references-slider swiper\">\n        <div class=\"swiper-wrapper\">\n                            <img decoding=\"async\" src=\"https:\/\/www.eurosandow.com\/app\/uploads\/2024\/08\/bmw_RVB.jpg\" class=\"logo swiper-slide\" alt=\"\" title=\"\" loading=\"lazy\"\/>\n                            <img decoding=\"async\" src=\"https:\/\/www.eurosandow.com\/app\/uploads\/2024\/08\/volvo_RVB.jpg\" class=\"logo swiper-slide\" alt=\"\" title=\"\" loading=\"lazy\"\/>\n                            <img decoding=\"async\" src=\"https:\/\/www.eurosandow.com\/app\/uploads\/2024\/08\/volkswagen_RVB.jpg\" class=\"logo swiper-slide\" alt=\"\" title=\"\" loading=\"lazy\"\/>\n                            <img decoding=\"async\" src=\"https:\/\/www.eurosandow.com\/app\/uploads\/2024\/08\/trigano_RVB.jpg\" class=\"logo swiper-slide\" alt=\"\" title=\"\" loading=\"lazy\"\/>\n                            <img decoding=\"async\" src=\"https:\/\/www.eurosandow.com\/app\/uploads\/2024\/08\/treves_RVB.jpg\" class=\"logo swiper-slide\" alt=\"\" title=\"\" loading=\"lazy\"\/>\n                            <img decoding=\"async\" src=\"https:\/\/www.eurosandow.com\/app\/uploads\/2024\/08\/toyota_RVB.jpg\" class=\"logo swiper-slide\" alt=\"\" title=\"\" loading=\"lazy\"\/>\n                            <img decoding=\"async\" src=\"https:\/\/www.eurosandow.com\/app\/uploads\/2024\/08\/smooves_RVB.jpg\" class=\"logo swiper-slide\" alt=\"\" title=\"\" loading=\"lazy\"\/>\n                            <img decoding=\"async\" src=\"https:\/\/www.eurosandow.com\/app\/uploads\/2024\/08\/smart_RVB.jpg\" class=\"logo swiper-slide\" alt=\"\" title=\"\" loading=\"lazy\"\/>\n                            <img decoding=\"async\" src=\"https:\/\/www.eurosandow.com\/app\/uploads\/2024\/08\/renault-nissa-mitsubishi_RVB.jpg\" class=\"logo swiper-slide\" alt=\"\" title=\"\" loading=\"lazy\"\/>\n                            <img decoding=\"async\" src=\"https:\/\/www.eurosandow.com\/app\/uploads\/2024\/08\/adient_RVB.jpg\" class=\"logo swiper-slide\" alt=\"\" title=\"\" loading=\"lazy\"\/>\n                    <\/div>\n        <div class=\"swiper-pagination references\"><\/div>\n    <\/div>\n<\/div>\n\n\n<div style=\"height:100px\" aria-hidden=\"true\" class=\"wp-block-spacer\"><\/div>\n\n\n<div class=\"highlight-text small-width\" data-aos=\"fade-up\" data-aos-duration=\"1500\">\n    <div class=\"inner-banner\">\n        <div class=\"text-container\">\n            <div classs=\"text-rich\"><h2>Technik und Innovation im Dienste der Leistung<\/h2>\n<p>Wir stellen unser Know-how und unsere Erfahrung in den Dienst Ihrer Projekte, indem wir vollst\u00e4ndig ma\u00dfgeschneiderte Produkte entwickeln, die Ihren Anforderungen und den gew\u00fcnschten Spezifikationen entsprechen.<\/p>\n<\/div>            <div class=\"buttons-container\">\n                                    <a class=\"wp-block-button__link has-white-color has-text-color has-link-color wp-element-button\" target=\"\" href=\"https:\/\/www.eurosandow.com\/de\/kontakt\/\">Kontaktieren Sie uns<\/a>\n                            <\/div>\n        <\/div>\n    <\/div>\n<\/div>","protected":false},"excerpt":{"rendered":"<p>Lassen Sie uns gemeinsam Ihre L\u00f6sungen von morgen mitgestalten Unsere kaufm\u00e4nnischen und technischen Teams h\u00f6ren Ihnen zu und stehen Ihnen zur Verf\u00fcgung, um Ihre Fragen zu beantworten und Sie bei der Ausarbeitung Ihres Projekts zu begleiten. Jedes Projekt ist einzigartig und erfordert einen individuellen Ansatz. Unser Innovationszentrum und unsere innovationsorientierten Arbeitsmethoden erm\u00f6glichen es uns, auf [&hellip;]<\/p>\n","protected":false},"author":2,"featured_media":0,"parent":0,"menu_order":0,"comment_status":"closed","ping_status":"closed","template":"","meta":{"_acf_changed":false,"footnotes":""},"class_list":["post-3593","page","type-page","status-publish","hentry"],"acf":[],"yoast_head":"<!-- This site is optimized with the Yoast SEO plugin v27.1.1 - https:\/\/yoast.com\/product\/yoast-seo-wordpress\/ -->\n<title>Unsere Begleitung - Eurosandow<\/title>\n<meta name=\"description\" content=\"Unsere Teams stehen Ihnen zur Verf\u00fcgung, um Ihre Fragen zu beantworten und Sie bei der Entwicklung Ihres Projekts zu begleiten.\" \/>\n<meta name=\"robots\" content=\"index, follow, max-snippet:-1, max-image-preview:large, max-video-preview:-1\" \/>\n<link rel=\"canonical\" href=\"https:\/\/www.eurosandow.com\/de\/unsere-begleitung\/\" \/>\n<meta property=\"og:locale\" content=\"de_DE\" \/>\n<meta property=\"og:type\" content=\"article\" \/>\n<meta property=\"og:title\" content=\"Unsere Begleitung - Eurosandow\" \/>\n<meta property=\"og:description\" content=\"Unsere Teams stehen Ihnen zur Verf\u00fcgung, um Ihre Fragen zu beantworten und Sie bei der Entwicklung Ihres Projekts zu begleiten.\" \/>\n<meta property=\"og:url\" content=\"https:\/\/www.eurosandow.com\/de\/unsere-begleitung\/\" \/>\n<meta property=\"og:site_name\" content=\"Eurosandow\" \/>\n<meta property=\"article:modified_time\" content=\"2025-06-25T14:30:03+00:00\" \/>\n<meta property=\"og:image\" content=\"https:\/\/www.eurosandow.com\/app\/uploads\/2024\/12\/Design-sans-titre-2024-12-01T201627.599.png\" \/>\n\t<meta property=\"og:image:width\" content=\"600\" \/>\n\t<meta property=\"og:image:height\" content=\"540\" \/>\n\t<meta property=\"og:image:type\" content=\"image\/png\" \/>\n<meta name=\"twitter:card\" content=\"summary_large_image\" \/>\n<meta name=\"twitter:label1\" content=\"Est. reading time\" \/>\n\t<meta name=\"twitter:data1\" content=\"3 minutes\" \/>\n<script type=\"application\/ld+json\" class=\"yoast-schema-graph\">{\"@context\":\"https:\/\/schema.org\",\"@graph\":[{\"@type\":\"WebPage\",\"@id\":\"https:\/\/www.eurosandow.com\/de\/unsere-begleitung\/\",\"url\":\"https:\/\/www.eurosandow.com\/de\/unsere-begleitung\/\",\"name\":\"Unsere Begleitung - Eurosandow\",\"isPartOf\":{\"@id\":\"https:\/\/www.eurosandow.com\/de\/#website\"},\"primaryImageOfPage\":{\"@id\":\"https:\/\/www.eurosandow.com\/de\/unsere-begleitung\/#primaryimage\"},\"image\":{\"@id\":\"https:\/\/www.eurosandow.com\/de\/unsere-begleitung\/#primaryimage\"},\"thumbnailUrl\":\"https:\/\/www.eurosandow.com\/app\/uploads\/2024\/12\/Design-sans-titre-2024-12-01T201627.599.png\",\"datePublished\":\"2025-06-25T14:26:10+00:00\",\"dateModified\":\"2025-06-25T14:30:03+00:00\",\"description\":\"Unsere Teams stehen Ihnen zur Verf\u00fcgung, um Ihre Fragen zu beantworten und Sie bei der Entwicklung Ihres Projekts zu begleiten.\",\"breadcrumb\":{\"@id\":\"https:\/\/www.eurosandow.com\/de\/unsere-begleitung\/#breadcrumb\"},\"inLanguage\":\"de-DE\",\"potentialAction\":[{\"@type\":\"ReadAction\",\"target\":[\"https:\/\/www.eurosandow.com\/de\/unsere-begleitung\/\"]}]},{\"@type\":\"ImageObject\",\"inLanguage\":\"de-DE\",\"@id\":\"https:\/\/www.eurosandow.com\/de\/unsere-begleitung\/#primaryimage\",\"url\":\"https:\/\/www.eurosandow.com\/app\/uploads\/2024\/12\/Design-sans-titre-2024-12-01T201627.599.png\",\"contentUrl\":\"https:\/\/www.eurosandow.com\/app\/uploads\/2024\/12\/Design-sans-titre-2024-12-01T201627.599.png\"},{\"@type\":\"BreadcrumbList\",\"@id\":\"https:\/\/www.eurosandow.com\/de\/unsere-begleitung\/#breadcrumb\",\"itemListElement\":[{\"@type\":\"ListItem\",\"position\":1,\"name\":\"Accueil\",\"item\":\"https:\/\/www.eurosandow.com\/de\/\"},{\"@type\":\"ListItem\",\"position\":2,\"name\":\"Unsere Begleitung\"}]},{\"@type\":\"WebSite\",\"@id\":\"https:\/\/www.eurosandow.com\/de\/#website\",\"url\":\"https:\/\/www.eurosandow.com\/de\/\",\"name\":\"Eurosandow\",\"description\":\"Tendeurs, sangles et filets\",\"publisher\":{\"@id\":\"https:\/\/www.eurosandow.com\/de\/#organization\"},\"potentialAction\":[{\"@type\":\"SearchAction\",\"target\":{\"@type\":\"EntryPoint\",\"urlTemplate\":\"https:\/\/www.eurosandow.com\/de\/?s={search_term_string}\"},\"query-input\":{\"@type\":\"PropertyValueSpecification\",\"valueRequired\":true,\"valueName\":\"search_term_string\"}}],\"inLanguage\":\"de-DE\"},{\"@type\":\"Organization\",\"@id\":\"https:\/\/www.eurosandow.com\/de\/#organization\",\"name\":\"Eurosandow\",\"url\":\"https:\/\/www.eurosandow.com\/de\/\",\"logo\":{\"@type\":\"ImageObject\",\"inLanguage\":\"de-DE\",\"@id\":\"https:\/\/www.eurosandow.com\/de\/#\/schema\/logo\/image\/\",\"url\":\"https:\/\/www.eurosandow.com\/app\/uploads\/2024\/08\/eurosandow.svg\",\"contentUrl\":\"https:\/\/www.eurosandow.com\/app\/uploads\/2024\/08\/eurosandow.svg\",\"caption\":\"Eurosandow\"},\"image\":{\"@id\":\"https:\/\/www.eurosandow.com\/de\/#\/schema\/logo\/image\/\"}}]}<\/script>\n<!-- \/ Yoast SEO plugin. -->","yoast_head_json":{"title":"Unsere Begleitung - Eurosandow","description":"Unsere Teams stehen Ihnen zur Verf\u00fcgung, um Ihre Fragen zu beantworten und Sie bei der Entwicklung Ihres Projekts zu begleiten.","robots":{"index":"index","follow":"follow","max-snippet":"max-snippet:-1","max-image-preview":"max-image-preview:large","max-video-preview":"max-video-preview:-1"},"canonical":"https:\/\/www.eurosandow.com\/de\/unsere-begleitung\/","og_locale":"de_DE","og_type":"article","og_title":"Unsere Begleitung - Eurosandow","og_description":"Unsere Teams stehen Ihnen zur Verf\u00fcgung, um Ihre Fragen zu beantworten und Sie bei der Entwicklung Ihres Projekts zu begleiten.","og_url":"https:\/\/www.eurosandow.com\/de\/unsere-begleitung\/","og_site_name":"Eurosandow","article_modified_time":"2025-06-25T14:30:03+00:00","og_image":[{"width":600,"height":540,"url":"https:\/\/www.eurosandow.com\/app\/uploads\/2024\/12\/Design-sans-titre-2024-12-01T201627.599.png","type":"image\/png"}],"twitter_card":"summary_large_image","twitter_misc":{"Est. reading time":"3 minutes"},"schema":{"@context":"https:\/\/schema.org","@graph":[{"@type":"WebPage","@id":"https:\/\/www.eurosandow.com\/de\/unsere-begleitung\/","url":"https:\/\/www.eurosandow.com\/de\/unsere-begleitung\/","name":"Unsere Begleitung - Eurosandow","isPartOf":{"@id":"https:\/\/www.eurosandow.com\/de\/#website"},"primaryImageOfPage":{"@id":"https:\/\/www.eurosandow.com\/de\/unsere-begleitung\/#primaryimage"},"image":{"@id":"https:\/\/www.eurosandow.com\/de\/unsere-begleitung\/#primaryimage"},"thumbnailUrl":"https:\/\/www.eurosandow.com\/app\/uploads\/2024\/12\/Design-sans-titre-2024-12-01T201627.599.png","datePublished":"2025-06-25T14:26:10+00:00","dateModified":"2025-06-25T14:30:03+00:00","description":"Unsere Teams stehen Ihnen zur Verf\u00fcgung, um Ihre Fragen zu beantworten und Sie bei der Entwicklung Ihres Projekts zu begleiten.","breadcrumb":{"@id":"https:\/\/www.eurosandow.com\/de\/unsere-begleitung\/#breadcrumb"},"inLanguage":"de-DE","potentialAction":[{"@type":"ReadAction","target":["https:\/\/www.eurosandow.com\/de\/unsere-begleitung\/"]}]},{"@type":"ImageObject","inLanguage":"de-DE","@id":"https:\/\/www.eurosandow.com\/de\/unsere-begleitung\/#primaryimage","url":"https:\/\/www.eurosandow.com\/app\/uploads\/2024\/12\/Design-sans-titre-2024-12-01T201627.599.png","contentUrl":"https:\/\/www.eurosandow.com\/app\/uploads\/2024\/12\/Design-sans-titre-2024-12-01T201627.599.png"},{"@type":"BreadcrumbList","@id":"https:\/\/www.eurosandow.com\/de\/unsere-begleitung\/#breadcrumb","itemListElement":[{"@type":"ListItem","position":1,"name":"Accueil","item":"https:\/\/www.eurosandow.com\/de\/"},{"@type":"ListItem","position":2,"name":"Unsere Begleitung"}]},{"@type":"WebSite","@id":"https:\/\/www.eurosandow.com\/de\/#website","url":"https:\/\/www.eurosandow.com\/de\/","name":"Eurosandow","description":"Tendeurs, sangles et filets","publisher":{"@id":"https:\/\/www.eurosandow.com\/de\/#organization"},"potentialAction":[{"@type":"SearchAction","target":{"@type":"EntryPoint","urlTemplate":"https:\/\/www.eurosandow.com\/de\/?s={search_term_string}"},"query-input":{"@type":"PropertyValueSpecification","valueRequired":true,"valueName":"search_term_string"}}],"inLanguage":"de-DE"},{"@type":"Organization","@id":"https:\/\/www.eurosandow.com\/de\/#organization","name":"Eurosandow","url":"https:\/\/www.eurosandow.com\/de\/","logo":{"@type":"ImageObject","inLanguage":"de-DE","@id":"https:\/\/www.eurosandow.com\/de\/#\/schema\/logo\/image\/","url":"https:\/\/www.eurosandow.com\/app\/uploads\/2024\/08\/eurosandow.svg","contentUrl":"https:\/\/www.eurosandow.com\/app\/uploads\/2024\/08\/eurosandow.svg","caption":"Eurosandow"},"image":{"@id":"https:\/\/www.eurosandow.com\/de\/#\/schema\/logo\/image\/"}}]}},"_links":{"self":[{"href":"https:\/\/www.eurosandow.com\/de\/wp-json\/wp\/v2\/pages\/3593","targetHints":{"allow":["GET"]}}],"collection":[{"href":"https:\/\/www.eurosandow.com\/de\/wp-json\/wp\/v2\/pages"}],"about":[{"href":"https:\/\/www.eurosandow.com\/de\/wp-json\/wp\/v2\/types\/page"}],"author":[{"embeddable":true,"href":"https:\/\/www.eurosandow.com\/de\/wp-json\/wp\/v2\/users\/2"}],"replies":[{"embeddable":true,"href":"https:\/\/www.eurosandow.com\/de\/wp-json\/wp\/v2\/comments?post=3593"}],"version-history":[{"count":2,"href":"https:\/\/www.eurosandow.com\/de\/wp-json\/wp\/v2\/pages\/3593\/revisions"}],"predecessor-version":[{"id":3596,"href":"https:\/\/www.eurosandow.com\/de\/wp-json\/wp\/v2\/pages\/3593\/revisions\/3596"}],"wp:attachment":[{"href":"https:\/\/www.eurosandow.com\/de\/wp-json\/wp\/v2\/media?parent=3593"}],"curies":[{"name":"wp","href":"https:\/\/api.w.org\/{rel}","templated":true}]}}