{"id":3669,"date":"2025-07-09T14:29:34","date_gmt":"2025-07-09T12:29:34","guid":{"rendered":"https:\/\/www.eurosandow.com\/laden-sie-unseren-katalog-herunter\/"},"modified":"2025-07-09T14:47:56","modified_gmt":"2025-07-09T12:47:56","slug":"laden-sie-unseren-katalog-herunter","status":"publish","type":"page","link":"https:\/\/www.eurosandow.com\/de\/laden-sie-unseren-katalog-herunter\/","title":{"rendered":"Laden Sie unseren Katalog herunter"},"content":{"rendered":"\n<div style=\"height:70px\" aria-hidden=\"true\" class=\"wp-block-spacer\"><\/div>\n\n\n\n<div class=\"wp-block-columns has-1-columns is-layout-flex wp-container-core-columns-is-layout-9d6595d7 wp-block-columns has-1-columns-is-layout-flex\">\n<div class=\"wp-block-column is-layout-flow wp-block-column-is-layout-flow\">\n<h2 class=\"wp-block-heading has-text-align-center\"><mark style=\"background-color:rgba(0, 0, 0, 0)\" class=\"has-inline-color has-orange-color\"><strong>Alle unsere Referenzen finden Sie in unserem Katalog! <\/strong><\/mark><\/h2>\n\n\n\n<div style=\"height:22px\" aria-hidden=\"true\" class=\"wp-block-spacer\"><\/div>\n\n\n\n<p class=\"has-text-align-left\">&#x1f539; Sandows, Spanner, Netze, Gurte und Kabel<br>&#x1f539; Zubeh\u00f6r und Endst\u00fccke, um allen Konfigurationen gerecht zu werden<br>&#x1f539; Technische Sortimente, darunter unser Royoda-Sortiment, das f\u00fcr die Anforderungen der Schifffahrt entwickelt wurde, oder unser Sortiment an Produkten aus Verbundwerkstoffen<\/p>\n\n\n\n<p class=\"has-text-align-left\"><\/p>\n\n\n\n<div style=\"height:52px\" aria-hidden=\"true\" class=\"wp-block-spacer\"><\/div>\n<\/div>\n<\/div>\n\n\n\n<div class=\"wp-block-columns has-2-columns is-layout-flex wp-container-core-columns-is-layout-9d6595d7 wp-block-columns has-2-columns-is-layout-flex\">\n<div class=\"wp-block-column is-layout-flow wp-block-column-is-layout-flow\" style=\"flex-basis:33.33%\">\n<div class=\"_form_20\"><\/div><script src=\"https:\/\/eurosandow28616.activehosted.com\/f\/embed.php?id=20\" charset=\"utf-8\"><\/script>\n<\/div>\n\n\n\n<div class=\"wp-block-column is-layout-flow wp-block-column-is-layout-flow\" style=\"flex-basis:66.66%\">\n<figure class=\"wp-block-image size-full\"><img decoding=\"async\" src=\"https:\/\/www.eurosandow.com\/app\/uploads\/2025\/06\/PBTiEXpzo.png\" alt=\"\" class=\"wp-image-3547\"\/><\/figure>\n<\/div>\n<\/div>\n\n\n\n<div class=\"wp-block-columns has-1-columns is-layout-flex wp-container-core-columns-is-layout-9d6595d7 wp-block-columns has-1-columns-is-layout-flex\">\n<div class=\"wp-block-column is-layout-flow wp-block-column-is-layout-flow\">\n<div style=\"height:28px\" aria-hidden=\"true\" class=\"wp-block-spacer\"><\/div>\n<\/div>\n<\/div>\n\n\n\n<div class=\"wp-block-columns has-1-columns is-layout-flex wp-container-core-columns-is-layout-9d6595d7 wp-block-columns has-1-columns-is-layout-flex\">\n<div class=\"wp-block-column is-layout-flow wp-block-column-is-layout-flow\"><div class=\"banner-cta small-width\" data-aos=\"fade-up\" data-aos-duration=\"1500\">\n    <div class=\"inner-banner\">\n        <div class=\"text-container\">\n            <span classs=\"uptitle\">Besoin d&#8217;un produit sur-mesure ou de renseignements  ?<\/span>            <h2 classs=\"title\">Nos \u00e9quipes vous conseillent dans vos projet<\/h2>            <div class=\"buttons-container\">\n                                    <a class=\"wp-block-button__link has-white-color has-text-color has-link-color wp-element-button\" target=\"\" href=\"https:\/\/www.eurosandow.com\/contact\/\">Contactez nos \u00e9quipes <\/a>\n                            <\/div>\n        <\/div>\n        <picture>\n            <source srcset=\"\" media=\"(max-width: 1024px)\" \/>\n            <img decoding=\"async\" src=\"\" alt=\"\" title=\"\" loading=\"lazy\"\/>\n        <\/picture>\n    <\/div>\n<\/div><\/div>\n<\/div>\n","protected":false},"excerpt":{"rendered":"<p>Alle unsere Referenzen finden Sie in unserem Katalog! &#x1f539; Sandows, Spanner, Netze, Gurte und Kabel&#x1f539; Zubeh\u00f6r und Endst\u00fccke, um allen Konfigurationen gerecht zu werden&#x1f539; Technische Sortimente, darunter unser Royoda-Sortiment, das f\u00fcr die Anforderungen der Schifffahrt entwickelt wurde, oder unser Sortiment an Produkten aus Verbundwerkstoffen<\/p>\n","protected":false},"author":2,"featured_media":0,"parent":0,"menu_order":0,"comment_status":"closed","ping_status":"closed","template":"","meta":{"_acf_changed":false,"footnotes":""},"class_list":["post-3669","page","type-page","status-publish","hentry"],"acf":[],"yoast_head":"<!-- This site is optimized with the Yoast SEO plugin v27.1.1 - https:\/\/yoast.com\/product\/yoast-seo-wordpress\/ -->\n<title>Laden Sie unseren Katalog herunter - Eurosandow<\/title>\n<meta name=\"description\" content=\"In unserem Katalog finden Sie alle unsere Produktreferenzen! Sandows, Gurte, Netze, elastische Kabel, Verbundstoffsortiment usw.\" \/>\n<meta name=\"robots\" content=\"index, follow, max-snippet:-1, max-image-preview:large, max-video-preview:-1\" \/>\n<link rel=\"canonical\" href=\"https:\/\/www.eurosandow.com\/de\/laden-sie-unseren-katalog-herunter\/\" \/>\n<meta property=\"og:locale\" content=\"de_DE\" \/>\n<meta property=\"og:type\" content=\"article\" \/>\n<meta property=\"og:title\" content=\"Laden Sie unseren Katalog herunter - Eurosandow\" \/>\n<meta property=\"og:description\" content=\"In unserem Katalog finden Sie alle unsere Produktreferenzen! Sandows, Gurte, Netze, elastische Kabel, Verbundstoffsortiment usw.\" \/>\n<meta property=\"og:url\" content=\"https:\/\/www.eurosandow.com\/de\/laden-sie-unseren-katalog-herunter\/\" \/>\n<meta property=\"og:site_name\" content=\"Eurosandow\" \/>\n<meta property=\"article:modified_time\" content=\"2025-07-09T12:47:56+00:00\" \/>\n<meta property=\"og:image\" content=\"https:\/\/www.eurosandow.com\/app\/uploads\/2025\/06\/PBTiEXpzo.png\" \/>\n\t<meta property=\"og:image:width\" content=\"1\" \/>\n\t<meta property=\"og:image:height\" content=\"1\" \/>\n\t<meta property=\"og:image:type\" content=\"image\/png\" \/>\n<meta name=\"twitter:card\" content=\"summary_large_image\" \/>\n<meta name=\"twitter:label1\" content=\"Est. reading time\" \/>\n\t<meta name=\"twitter:data1\" content=\"1 minute\" \/>\n<script type=\"application\/ld+json\" class=\"yoast-schema-graph\">{\"@context\":\"https:\/\/schema.org\",\"@graph\":[{\"@type\":\"WebPage\",\"@id\":\"https:\/\/www.eurosandow.com\/de\/laden-sie-unseren-katalog-herunter\/\",\"url\":\"https:\/\/www.eurosandow.com\/de\/laden-sie-unseren-katalog-herunter\/\",\"name\":\"Laden Sie unseren Katalog herunter - Eurosandow\",\"isPartOf\":{\"@id\":\"https:\/\/www.eurosandow.com\/de\/#website\"},\"primaryImageOfPage\":{\"@id\":\"https:\/\/www.eurosandow.com\/de\/laden-sie-unseren-katalog-herunter\/#primaryimage\"},\"image\":{\"@id\":\"https:\/\/www.eurosandow.com\/de\/laden-sie-unseren-katalog-herunter\/#primaryimage\"},\"thumbnailUrl\":\"https:\/\/www.eurosandow.com\/app\/uploads\/2025\/06\/PBTiEXpzo.png\",\"datePublished\":\"2025-07-09T12:29:34+00:00\",\"dateModified\":\"2025-07-09T12:47:56+00:00\",\"description\":\"In unserem Katalog finden Sie alle unsere Produktreferenzen! Sandows, Gurte, Netze, elastische Kabel, Verbundstoffsortiment usw.\",\"breadcrumb\":{\"@id\":\"https:\/\/www.eurosandow.com\/de\/laden-sie-unseren-katalog-herunter\/#breadcrumb\"},\"inLanguage\":\"de-DE\",\"potentialAction\":[{\"@type\":\"ReadAction\",\"target\":[\"https:\/\/www.eurosandow.com\/de\/laden-sie-unseren-katalog-herunter\/\"]}]},{\"@type\":\"ImageObject\",\"inLanguage\":\"de-DE\",\"@id\":\"https:\/\/www.eurosandow.com\/de\/laden-sie-unseren-katalog-herunter\/#primaryimage\",\"url\":\"https:\/\/www.eurosandow.com\/app\/uploads\/2025\/06\/PBTiEXpzo.png\",\"contentUrl\":\"https:\/\/www.eurosandow.com\/app\/uploads\/2025\/06\/PBTiEXpzo.png\"},{\"@type\":\"BreadcrumbList\",\"@id\":\"https:\/\/www.eurosandow.com\/de\/laden-sie-unseren-katalog-herunter\/#breadcrumb\",\"itemListElement\":[{\"@type\":\"ListItem\",\"position\":1,\"name\":\"Accueil\",\"item\":\"https:\/\/www.eurosandow.com\/de\/\"},{\"@type\":\"ListItem\",\"position\":2,\"name\":\"Laden Sie unseren Katalog herunter\"}]},{\"@type\":\"WebSite\",\"@id\":\"https:\/\/www.eurosandow.com\/de\/#website\",\"url\":\"https:\/\/www.eurosandow.com\/de\/\",\"name\":\"Eurosandow\",\"description\":\"Tendeurs, sangles et filets\",\"publisher\":{\"@id\":\"https:\/\/www.eurosandow.com\/de\/#organization\"},\"potentialAction\":[{\"@type\":\"SearchAction\",\"target\":{\"@type\":\"EntryPoint\",\"urlTemplate\":\"https:\/\/www.eurosandow.com\/de\/?s={search_term_string}\"},\"query-input\":{\"@type\":\"PropertyValueSpecification\",\"valueRequired\":true,\"valueName\":\"search_term_string\"}}],\"inLanguage\":\"de-DE\"},{\"@type\":\"Organization\",\"@id\":\"https:\/\/www.eurosandow.com\/de\/#organization\",\"name\":\"Eurosandow\",\"url\":\"https:\/\/www.eurosandow.com\/de\/\",\"logo\":{\"@type\":\"ImageObject\",\"inLanguage\":\"de-DE\",\"@id\":\"https:\/\/www.eurosandow.com\/de\/#\/schema\/logo\/image\/\",\"url\":\"https:\/\/www.eurosandow.com\/app\/uploads\/2024\/08\/eurosandow.svg\",\"contentUrl\":\"https:\/\/www.eurosandow.com\/app\/uploads\/2024\/08\/eurosandow.svg\",\"caption\":\"Eurosandow\"},\"image\":{\"@id\":\"https:\/\/www.eurosandow.com\/de\/#\/schema\/logo\/image\/\"}}]}<\/script>\n<!-- \/ Yoast SEO plugin. -->","yoast_head_json":{"title":"Laden Sie unseren Katalog herunter - Eurosandow","description":"In unserem Katalog finden Sie alle unsere Produktreferenzen! Sandows, Gurte, Netze, elastische Kabel, Verbundstoffsortiment usw.","robots":{"index":"index","follow":"follow","max-snippet":"max-snippet:-1","max-image-preview":"max-image-preview:large","max-video-preview":"max-video-preview:-1"},"canonical":"https:\/\/www.eurosandow.com\/de\/laden-sie-unseren-katalog-herunter\/","og_locale":"de_DE","og_type":"article","og_title":"Laden Sie unseren Katalog herunter - Eurosandow","og_description":"In unserem Katalog finden Sie alle unsere Produktreferenzen! Sandows, Gurte, Netze, elastische Kabel, Verbundstoffsortiment usw.","og_url":"https:\/\/www.eurosandow.com\/de\/laden-sie-unseren-katalog-herunter\/","og_site_name":"Eurosandow","article_modified_time":"2025-07-09T12:47:56+00:00","og_image":[{"url":"https:\/\/www.eurosandow.com\/app\/uploads\/2025\/06\/PBTiEXpzo.png","width":1,"height":1,"type":"image\/png"}],"twitter_card":"summary_large_image","twitter_misc":{"Est. reading time":"1 minute"},"schema":{"@context":"https:\/\/schema.org","@graph":[{"@type":"WebPage","@id":"https:\/\/www.eurosandow.com\/de\/laden-sie-unseren-katalog-herunter\/","url":"https:\/\/www.eurosandow.com\/de\/laden-sie-unseren-katalog-herunter\/","name":"Laden Sie unseren Katalog herunter - Eurosandow","isPartOf":{"@id":"https:\/\/www.eurosandow.com\/de\/#website"},"primaryImageOfPage":{"@id":"https:\/\/www.eurosandow.com\/de\/laden-sie-unseren-katalog-herunter\/#primaryimage"},"image":{"@id":"https:\/\/www.eurosandow.com\/de\/laden-sie-unseren-katalog-herunter\/#primaryimage"},"thumbnailUrl":"https:\/\/www.eurosandow.com\/app\/uploads\/2025\/06\/PBTiEXpzo.png","datePublished":"2025-07-09T12:29:34+00:00","dateModified":"2025-07-09T12:47:56+00:00","description":"In unserem Katalog finden Sie alle unsere Produktreferenzen! Sandows, Gurte, Netze, elastische Kabel, Verbundstoffsortiment usw.","breadcrumb":{"@id":"https:\/\/www.eurosandow.com\/de\/laden-sie-unseren-katalog-herunter\/#breadcrumb"},"inLanguage":"de-DE","potentialAction":[{"@type":"ReadAction","target":["https:\/\/www.eurosandow.com\/de\/laden-sie-unseren-katalog-herunter\/"]}]},{"@type":"ImageObject","inLanguage":"de-DE","@id":"https:\/\/www.eurosandow.com\/de\/laden-sie-unseren-katalog-herunter\/#primaryimage","url":"https:\/\/www.eurosandow.com\/app\/uploads\/2025\/06\/PBTiEXpzo.png","contentUrl":"https:\/\/www.eurosandow.com\/app\/uploads\/2025\/06\/PBTiEXpzo.png"},{"@type":"BreadcrumbList","@id":"https:\/\/www.eurosandow.com\/de\/laden-sie-unseren-katalog-herunter\/#breadcrumb","itemListElement":[{"@type":"ListItem","position":1,"name":"Accueil","item":"https:\/\/www.eurosandow.com\/de\/"},{"@type":"ListItem","position":2,"name":"Laden Sie unseren Katalog herunter"}]},{"@type":"WebSite","@id":"https:\/\/www.eurosandow.com\/de\/#website","url":"https:\/\/www.eurosandow.com\/de\/","name":"Eurosandow","description":"Tendeurs, sangles et filets","publisher":{"@id":"https:\/\/www.eurosandow.com\/de\/#organization"},"potentialAction":[{"@type":"SearchAction","target":{"@type":"EntryPoint","urlTemplate":"https:\/\/www.eurosandow.com\/de\/?s={search_term_string}"},"query-input":{"@type":"PropertyValueSpecification","valueRequired":true,"valueName":"search_term_string"}}],"inLanguage":"de-DE"},{"@type":"Organization","@id":"https:\/\/www.eurosandow.com\/de\/#organization","name":"Eurosandow","url":"https:\/\/www.eurosandow.com\/de\/","logo":{"@type":"ImageObject","inLanguage":"de-DE","@id":"https:\/\/www.eurosandow.com\/de\/#\/schema\/logo\/image\/","url":"https:\/\/www.eurosandow.com\/app\/uploads\/2024\/08\/eurosandow.svg","contentUrl":"https:\/\/www.eurosandow.com\/app\/uploads\/2024\/08\/eurosandow.svg","caption":"Eurosandow"},"image":{"@id":"https:\/\/www.eurosandow.com\/de\/#\/schema\/logo\/image\/"}}]}},"_links":{"self":[{"href":"https:\/\/www.eurosandow.com\/de\/wp-json\/wp\/v2\/pages\/3669","targetHints":{"allow":["GET"]}}],"collection":[{"href":"https:\/\/www.eurosandow.com\/de\/wp-json\/wp\/v2\/pages"}],"about":[{"href":"https:\/\/www.eurosandow.com\/de\/wp-json\/wp\/v2\/types\/page"}],"author":[{"embeddable":true,"href":"https:\/\/www.eurosandow.com\/de\/wp-json\/wp\/v2\/users\/2"}],"replies":[{"embeddable":true,"href":"https:\/\/www.eurosandow.com\/de\/wp-json\/wp\/v2\/comments?post=3669"}],"version-history":[{"count":4,"href":"https:\/\/www.eurosandow.com\/de\/wp-json\/wp\/v2\/pages\/3669\/revisions"}],"predecessor-version":[{"id":3674,"href":"https:\/\/www.eurosandow.com\/de\/wp-json\/wp\/v2\/pages\/3669\/revisions\/3674"}],"wp:attachment":[{"href":"https:\/\/www.eurosandow.com\/de\/wp-json\/wp\/v2\/media?parent=3669"}],"curies":[{"name":"wp","href":"https:\/\/api.w.org\/{rel}","templated":true}]}}