{"id":1573,"date":"2024-11-20T10:49:26","date_gmt":"2024-11-20T09:49:26","guid":{"rendered":"https:\/\/www.eurosandow.com\/about-us\/"},"modified":"2025-01-17T15:58:39","modified_gmt":"2025-01-17T14:58:39","slug":"about-us","status":"publish","type":"page","link":"https:\/\/www.eurosandow.com\/en\/about-us\/","title":{"rendered":"About us"},"content":{"rendered":"\n<div class=\"wp-block-columns has-1-columns is-layout-flex wp-container-core-columns-is-layout-9d6595d7 wp-block-columns has-1-columns-is-layout-flex\">\n<div class=\"wp-block-column is-layout-flow wp-block-column-is-layout-flow\">\n<div style=\"height:81px\" aria-hidden=\"true\" class=\"wp-block-spacer\"><\/div>\n\n\n\n<h2 class=\"wp-block-heading\"><mark style=\"background-color:rgba(0, 0, 0, 0)\" class=\"has-inline-color has-orange-color\">International leader by your side for nearly a century<\/mark><\/h2>\n\n\n\n<p>Specialized in the manufacture of elastic cables, bungee cords, nets and webbing for over 80 years, we have complete control over the production chain. <\/p>\n\n\n\n<p>Over the years, our 2 production sites in Europe (France and Romania) have evolved to allow us to design technical textile solutions tailored to our customers&#8217; new needs. <\/p>\n\n\n\n<p>Today, our factories are equipped with innovative machinery. We regularly invest in new equipment to meet the needs of demanding industries such as automotive, aeronautical, rail, maritime, military, sports, leisure and industrial. <\/p>\n\n\n\n<p>Today, Eurosandow is pursuing its development by introducing new machines to its workshops in order to offer its customers increasingly high-performance products.<\/p>\n\n\n\n<div style=\"height:67px\" aria-hidden=\"true\" class=\"wp-block-spacer\"><\/div>\n\n\n\n<div class=\"wp-block-columns has-1-columns has-2-columns is-layout-flex wp-container-core-columns-is-layout-9d6595d7 wp-block-columns has-1-columns has-2-columns-is-layout-flex\">\n<div class=\"wp-block-column is-layout-flow wp-block-column-is-layout-flow\">\n<figure class=\"wp-block-image size-full\"><img decoding=\"async\" width=\"466\" height=\"707\" src=\"https:\/\/www.eurosandow.com\/app\/uploads\/2024\/09\/VISUEL_artiches-x-3_tricotage_eurosandow.png\" alt=\"\" class=\"wp-image-678\" srcset=\"https:\/\/www.eurosandow.com\/app\/uploads\/2024\/09\/VISUEL_artiches-x-3_tricotage_eurosandow.png 466w, https:\/\/www.eurosandow.com\/app\/uploads\/2024\/09\/VISUEL_artiches-x-3_tricotage_eurosandow-198x300.png 198w\" sizes=\"(max-width: 466px) 100vw, 466px\" \/><\/figure>\n<\/div>\n\n\n\n<div class=\"wp-block-column is-layout-flow wp-block-column-is-layout-flow\"><div class=\"keynumbers-block\">\n    <div class=\"key-numbers\">\n                    <div class=\"keynumber-item\">\n                <div class=\"number-title\">\n                                            <span class=\"keynumber\">200<\/span>\n                                        <p class=\"title-item\">machines<\/p>\n                <\/div>\n                <p>With 150 braiding machines, 14 looms, 2 heat-setting machines, 10 filleting machines, 2 extrusion lines, 6 overmolding machines, 11 ultrasonic machines, complemented by 50 sewing machines.<\/p>\n            <\/div>\n                    <div class=\"keynumber-item\">\n                <div class=\"number-title\">\n                                            <span class=\"keynumber\">17000<\/span>\n                                        <p class=\"title-item\">meters produced per day<\/p>\n                <\/div>\n                <p>We ensure continuous production to guarantee our customers the best delivery times possible.<\/p>\n            <\/div>\n                    <div class=\"keynumber-item\">\n                <div class=\"number-title\">\n                                            <span class=\"keynumber\">140<\/span>\n                                        <p class=\"title-item\">people<\/p>\n                <\/div>\n                <p>From design to production and delivery, our teams are by your side every step of the way. <\/p>\n            <\/div>\n                    <div class=\"keynumber-item\">\n                <div class=\"number-title\">\n                                            <span class=\"keynumber\">68<\/span>\n                                        <p class=\"title-item\">% exported<\/p>\n                <\/div>\n                <p><\/p>\n            <\/div>\n            <\/div>\n<\/div><\/div>\n<\/div>\n<\/div>\n<\/div>\n\n\n\n<div style=\"height:67px\" aria-hidden=\"true\" class=\"wp-block-spacer\"><\/div>\n\n\n\n<div class=\"wp-block-columns has-2-columns is-layout-flex wp-container-core-columns-is-layout-9d6595d7 wp-block-columns has-2-columns-is-layout-flex\">\n<div class=\"wp-block-column is-layout-flow wp-block-column-is-layout-flow\">\n<h2 class=\"wp-block-heading\"><mark style=\"background-color:rgba(0, 0, 0, 0)\" class=\"has-inline-color has-orange-color\"><strong>Reinventing our savoir-faire to meet tomorrow\u2019s challenges<\/strong><\/mark><\/h2>\n\n\n\n<p>Our diversified and complementary skills in braiding, weaving, knitting, crimping, extrusion and overmolding enable us to provide solutions to a wide range of industries.<\/p>\n\n\n\n<p>We have a standard range of bungee cords, bungee cords, webbings, nets, elastic cables, cords and hooks, which we can adapt to create new versions of existing items based on your specifications. <\/p>\n\n\n\n<p>Our R&amp;D department works directly with our clients to co-create tailor-made solutions that are adapted to their requirements and needs.<mark style=\"background-color:rgba(0, 0, 0, 0)\" class=\"has-inline-color has-orange-color\"><br><\/mark><\/p>\n\n\n\n<div class=\"wp-block-buttons is-layout-flex wp-block-buttons-is-layout-flex\">\n<div class=\"wp-block-button is-style-outline is-style-outline--1\"><a class=\"wp-block-button__link has-fuchsia-color has-text-color has-link-color wp-element-button\"><strong>Our R&amp;D Department<\/strong><\/a><\/div>\n<\/div>\n<\/div>\n\n\n\n<div class=\"wp-block-column is-layout-flow wp-block-column-is-layout-flow\">\n<figure class=\"wp-block-image size-full\"><img decoding=\"async\" width=\"600\" height=\"400\" src=\"https:\/\/www.eurosandow.com\/app\/uploads\/2024\/12\/Design-sans-titre-2024-12-01T195434.735.png\" alt=\"Conception sur-mesure d'un produit par le bureau r&amp;d d'eurosandow\" class=\"wp-image-1710\" srcset=\"https:\/\/www.eurosandow.com\/app\/uploads\/2024\/12\/Design-sans-titre-2024-12-01T195434.735.png 600w, https:\/\/www.eurosandow.com\/app\/uploads\/2024\/12\/Design-sans-titre-2024-12-01T195434.735-300x200.png 300w\" sizes=\"(max-width: 600px) 100vw, 600px\" \/><\/figure>\n<\/div>\n<\/div>\n\n\n\n<div style=\"height:63px\" aria-hidden=\"true\" class=\"wp-block-spacer\"><\/div>\n\n\n\n<div class=\"wp-block-columns has-2-columns has-grey-background-color has-background is-layout-flex wp-container-core-columns-is-layout-9d6595d7 wp-block-columns has-2-columns-is-layout-flex\">\n<div class=\"wp-block-column is-layout-flow wp-block-column-is-layout-flow\">\n<figure class=\"wp-block-image size-full is-resized\"><img decoding=\"async\" width=\"599\" height=\"400\" src=\"https:\/\/www.eurosandow.com\/app\/uploads\/2024\/09\/ADELOY-20170419-112201-1.jpg\" alt=\"\" class=\"wp-image-867\" style=\"width:597px;height:auto\" srcset=\"https:\/\/www.eurosandow.com\/app\/uploads\/2024\/09\/ADELOY-20170419-112201-1.jpg 599w, https:\/\/www.eurosandow.com\/app\/uploads\/2024\/09\/ADELOY-20170419-112201-1-300x200.jpg 300w\" sizes=\"(max-width: 599px) 100vw, 599px\" \/><\/figure>\n<\/div>\n\n\n\n<div class=\"wp-block-column is-layout-flow wp-block-column-is-layout-flow\">\n<h2 class=\"wp-block-heading\"><strong><mark style=\"background-color:rgba(0, 0, 0, 0)\" class=\"has-inline-color has-fuchsia-color\">Your partner to bring all your projects to life<\/mark><\/strong><\/h2>\n\n\n\n<p>Our teams are at your side to design products perfectly adapted to your technical and economic requirements. <\/p>\n\n\n\n<p>With our experience and our range of savoir-faire, we bring you all our expertise to create tailor-made textile solutions. <\/p>\n\n\n\n<p>As a manufacturer, we guarantee optimal responsiveness and on-time delivery. <\/p>\n\n\n\n<p>Our choice of materials and certified processes (ISO and IATF) ensure high quality, accompanied by rigorous traceability.<\/p>\n\n\n\n<p><\/p>\n\n\n\n<p><\/p>\n\n\n\n<p><\/p>\n<\/div>\n<\/div>\n\n\n\n<div style=\"height:30px\" aria-hidden=\"true\" class=\"wp-block-spacer\"><\/div>\n\n\n<div class=\"references-block small-width block-gap\" data-aos=\"fade-up\" data-aos-duration=\"1500\">\n    <div class=\"title-section center\">\n        <span class=\"uptitle\">Our references<\/span>        <h2 class=\"title\">Satisfied customers include<\/h2>    <\/div>\n    <div class=\"references-slider swiper\">\n        <div class=\"swiper-wrapper\">\n                            <img decoding=\"async\" src=\"https:\/\/www.eurosandow.com\/app\/uploads\/2024\/08\/bmw_RVB.jpg\" class=\"logo swiper-slide\" alt=\"\" title=\"\" loading=\"lazy\"\/>\n                            <img decoding=\"async\" src=\"https:\/\/www.eurosandow.com\/app\/uploads\/2024\/08\/volvo_RVB.jpg\" class=\"logo swiper-slide\" alt=\"\" title=\"\" loading=\"lazy\"\/>\n                            <img decoding=\"async\" src=\"https:\/\/www.eurosandow.com\/app\/uploads\/2024\/08\/volkswagen_RVB.jpg\" class=\"logo swiper-slide\" alt=\"\" title=\"\" loading=\"lazy\"\/>\n                            <img decoding=\"async\" src=\"https:\/\/www.eurosandow.com\/app\/uploads\/2024\/08\/trigano_RVB.jpg\" class=\"logo swiper-slide\" alt=\"\" title=\"\" loading=\"lazy\"\/>\n                            <img decoding=\"async\" src=\"https:\/\/www.eurosandow.com\/app\/uploads\/2024\/08\/treves_RVB.jpg\" class=\"logo swiper-slide\" alt=\"\" title=\"\" loading=\"lazy\"\/>\n                            <img decoding=\"async\" src=\"https:\/\/www.eurosandow.com\/app\/uploads\/2024\/08\/toyota_RVB.jpg\" class=\"logo swiper-slide\" alt=\"\" title=\"\" loading=\"lazy\"\/>\n                            <img decoding=\"async\" src=\"https:\/\/www.eurosandow.com\/app\/uploads\/2024\/08\/smooves_RVB.jpg\" class=\"logo swiper-slide\" alt=\"\" title=\"\" loading=\"lazy\"\/>\n                            <img decoding=\"async\" src=\"https:\/\/www.eurosandow.com\/app\/uploads\/2024\/08\/smart_RVB.jpg\" class=\"logo swiper-slide\" alt=\"\" title=\"\" loading=\"lazy\"\/>\n                            <img decoding=\"async\" src=\"https:\/\/www.eurosandow.com\/app\/uploads\/2024\/08\/renault-nissa-mitsubishi_RVB.jpg\" class=\"logo swiper-slide\" alt=\"\" title=\"\" loading=\"lazy\"\/>\n                            <img decoding=\"async\" src=\"https:\/\/www.eurosandow.com\/app\/uploads\/2024\/08\/adient_RVB.jpg\" class=\"logo swiper-slide\" alt=\"\" title=\"\" loading=\"lazy\"\/>\n                    <\/div>\n        <div class=\"swiper-pagination references\"><\/div>\n    <\/div>\n<\/div>\n\n\n<div style=\"height:100px\" aria-hidden=\"true\" class=\"wp-block-spacer\"><\/div>\n\n\n<div class=\"highlight-text small-width\" data-aos=\"fade-up\" data-aos-duration=\"1500\">\n    <div class=\"inner-banner\">\n        <div class=\"text-container\">\n            <div classs=\"text-rich\"><h2>Technical expertise and innovation to serve performance<\/h2>\n<p>We put our know-how and experience at the service of your projects, designing entirely customized products to meet your specifications and requirements.<\/p>\n<\/div>            <div class=\"buttons-container\">\n                                    <a class=\"wp-block-button__link has-white-color has-text-color has-link-color wp-element-button\" target=\"\" href=\"#\">Contact us<\/a>\n                                    <a class=\"wp-block-button__link has-white-color has-text-color has-link-color wp-element-button\" target=\"\" href=\"#\">Our products<\/a>\n                            <\/div>\n        <\/div>\n    <\/div>\n<\/div>","protected":false},"excerpt":{"rendered":"<p>International leader by your side for nearly a century Specialized in the manufacture of elastic cables, bungee cords, nets and webbing for over 80 years, we have complete control over the production chain. Over the years, our 2 production sites in Europe (France and Romania) have evolved to allow us to design technical textile solutions [&hellip;]<\/p>\n","protected":false},"author":2,"featured_media":1706,"parent":0,"menu_order":0,"comment_status":"closed","ping_status":"closed","template":"","meta":{"_acf_changed":false,"footnotes":""},"class_list":["post-1573","page","type-page","status-publish","has-post-thumbnail","hentry"],"acf":[],"yoast_head":"<!-- This site is optimized with the Yoast SEO plugin v27.3 - https:\/\/yoast.com\/product\/yoast-seo-wordpress\/ -->\n<title>About us - Eurosandow<\/title>\n<meta name=\"description\" content=\"Specialized in the manufacture of elastic cables, bungee cords, nets and webbing for over 80 years, we have complete control over the production chain.\" \/>\n<meta name=\"robots\" content=\"index, follow, max-snippet:-1, max-image-preview:large, max-video-preview:-1\" \/>\n<link rel=\"canonical\" href=\"https:\/\/www.eurosandow.com\/en\/about-us\/\" \/>\n<meta property=\"og:locale\" content=\"en_US\" \/>\n<meta property=\"og:type\" content=\"article\" \/>\n<meta property=\"og:title\" content=\"About us - Eurosandow\" \/>\n<meta property=\"og:description\" content=\"Specialized in the manufacture of elastic cables, bungee cords, nets and webbing for over 80 years, we have complete control over the production chain.\" \/>\n<meta property=\"og:url\" content=\"https:\/\/www.eurosandow.com\/en\/about-us\/\" \/>\n<meta property=\"og:site_name\" content=\"Eurosandow\" \/>\n<meta property=\"article:modified_time\" content=\"2025-01-17T14:58:39+00:00\" \/>\n<meta property=\"og:image\" content=\"https:\/\/www.eurosandow.com\/app\/uploads\/2024\/12\/header-eurosandow-2000-x-600-px-13-1024x307.png\" \/>\n\t<meta property=\"og:image:width\" content=\"1024\" \/>\n\t<meta property=\"og:image:height\" content=\"307\" \/>\n\t<meta property=\"og:image:type\" content=\"image\/png\" \/>\n<meta name=\"twitter:card\" content=\"summary_large_image\" \/>\n<meta name=\"twitter:label1\" content=\"Est. reading time\" \/>\n\t<meta name=\"twitter:data1\" content=\"3 minutes\" \/>\n<script type=\"application\/ld+json\" class=\"yoast-schema-graph\">{\"@context\":\"https:\\\/\\\/schema.org\",\"@graph\":[{\"@type\":\"WebPage\",\"@id\":\"https:\\\/\\\/www.eurosandow.com\\\/en\\\/about-us\\\/\",\"url\":\"https:\\\/\\\/www.eurosandow.com\\\/en\\\/about-us\\\/\",\"name\":\"About us - Eurosandow\",\"isPartOf\":{\"@id\":\"https:\\\/\\\/www.eurosandow.com\\\/en\\\/#website\"},\"primaryImageOfPage\":{\"@id\":\"https:\\\/\\\/www.eurosandow.com\\\/en\\\/about-us\\\/#primaryimage\"},\"image\":{\"@id\":\"https:\\\/\\\/www.eurosandow.com\\\/en\\\/about-us\\\/#primaryimage\"},\"thumbnailUrl\":\"https:\\\/\\\/www.eurosandow.com\\\/app\\\/uploads\\\/2024\\\/12\\\/header-eurosandow-2000-x-600-px-13.png\",\"datePublished\":\"2024-11-20T09:49:26+00:00\",\"dateModified\":\"2025-01-17T14:58:39+00:00\",\"description\":\"Specialized in the manufacture of elastic cables, bungee cords, nets and webbing for over 80 years, we have complete control over the production chain.\",\"breadcrumb\":{\"@id\":\"https:\\\/\\\/www.eurosandow.com\\\/en\\\/about-us\\\/#breadcrumb\"},\"inLanguage\":\"en-US\",\"potentialAction\":[{\"@type\":\"ReadAction\",\"target\":[\"https:\\\/\\\/www.eurosandow.com\\\/en\\\/about-us\\\/\"]}]},{\"@type\":\"ImageObject\",\"inLanguage\":\"en-US\",\"@id\":\"https:\\\/\\\/www.eurosandow.com\\\/en\\\/about-us\\\/#primaryimage\",\"url\":\"https:\\\/\\\/www.eurosandow.com\\\/app\\\/uploads\\\/2024\\\/12\\\/header-eurosandow-2000-x-600-px-13.png\",\"contentUrl\":\"https:\\\/\\\/www.eurosandow.com\\\/app\\\/uploads\\\/2024\\\/12\\\/header-eurosandow-2000-x-600-px-13.png\",\"width\":2000,\"height\":600,\"caption\":\"Vue a\u00e9rienne de la soci\u00e9t\u00e9 Eurosandow\"},{\"@type\":\"BreadcrumbList\",\"@id\":\"https:\\\/\\\/www.eurosandow.com\\\/en\\\/about-us\\\/#breadcrumb\",\"itemListElement\":[{\"@type\":\"ListItem\",\"position\":1,\"name\":\"Accueil\",\"item\":\"https:\\\/\\\/www.eurosandow.com\\\/en\\\/\"},{\"@type\":\"ListItem\",\"position\":2,\"name\":\"About us\"}]},{\"@type\":\"WebSite\",\"@id\":\"https:\\\/\\\/www.eurosandow.com\\\/en\\\/#website\",\"url\":\"https:\\\/\\\/www.eurosandow.com\\\/en\\\/\",\"name\":\"Eurosandow\",\"description\":\"Tendeurs, sangles et filets\",\"publisher\":{\"@id\":\"https:\\\/\\\/www.eurosandow.com\\\/en\\\/#organization\"},\"potentialAction\":[{\"@type\":\"SearchAction\",\"target\":{\"@type\":\"EntryPoint\",\"urlTemplate\":\"https:\\\/\\\/www.eurosandow.com\\\/en\\\/?s={search_term_string}\"},\"query-input\":{\"@type\":\"PropertyValueSpecification\",\"valueRequired\":true,\"valueName\":\"search_term_string\"}}],\"inLanguage\":\"en-US\"},{\"@type\":\"Organization\",\"@id\":\"https:\\\/\\\/www.eurosandow.com\\\/en\\\/#organization\",\"name\":\"Eurosandow\",\"url\":\"https:\\\/\\\/www.eurosandow.com\\\/en\\\/\",\"logo\":{\"@type\":\"ImageObject\",\"inLanguage\":\"en-US\",\"@id\":\"https:\\\/\\\/www.eurosandow.com\\\/en\\\/#\\\/schema\\\/logo\\\/image\\\/\",\"url\":\"https:\\\/\\\/www.eurosandow.com\\\/app\\\/uploads\\\/2024\\\/08\\\/eurosandow.svg\",\"contentUrl\":\"https:\\\/\\\/www.eurosandow.com\\\/app\\\/uploads\\\/2024\\\/08\\\/eurosandow.svg\",\"caption\":\"Eurosandow\"},\"image\":{\"@id\":\"https:\\\/\\\/www.eurosandow.com\\\/en\\\/#\\\/schema\\\/logo\\\/image\\\/\"}}]}<\/script>\n<!-- \/ Yoast SEO plugin. -->","yoast_head_json":{"title":"About us - Eurosandow","description":"Specialized in the manufacture of elastic cables, bungee cords, nets and webbing for over 80 years, we have complete control over the production chain.","robots":{"index":"index","follow":"follow","max-snippet":"max-snippet:-1","max-image-preview":"max-image-preview:large","max-video-preview":"max-video-preview:-1"},"canonical":"https:\/\/www.eurosandow.com\/en\/about-us\/","og_locale":"en_US","og_type":"article","og_title":"About us - Eurosandow","og_description":"Specialized in the manufacture of elastic cables, bungee cords, nets and webbing for over 80 years, we have complete control over the production chain.","og_url":"https:\/\/www.eurosandow.com\/en\/about-us\/","og_site_name":"Eurosandow","article_modified_time":"2025-01-17T14:58:39+00:00","og_image":[{"width":1024,"height":307,"url":"https:\/\/www.eurosandow.com\/app\/uploads\/2024\/12\/header-eurosandow-2000-x-600-px-13-1024x307.png","type":"image\/png"}],"twitter_card":"summary_large_image","twitter_misc":{"Est. reading time":"3 minutes"},"schema":{"@context":"https:\/\/schema.org","@graph":[{"@type":"WebPage","@id":"https:\/\/www.eurosandow.com\/en\/about-us\/","url":"https:\/\/www.eurosandow.com\/en\/about-us\/","name":"About us - Eurosandow","isPartOf":{"@id":"https:\/\/www.eurosandow.com\/en\/#website"},"primaryImageOfPage":{"@id":"https:\/\/www.eurosandow.com\/en\/about-us\/#primaryimage"},"image":{"@id":"https:\/\/www.eurosandow.com\/en\/about-us\/#primaryimage"},"thumbnailUrl":"https:\/\/www.eurosandow.com\/app\/uploads\/2024\/12\/header-eurosandow-2000-x-600-px-13.png","datePublished":"2024-11-20T09:49:26+00:00","dateModified":"2025-01-17T14:58:39+00:00","description":"Specialized in the manufacture of elastic cables, bungee cords, nets and webbing for over 80 years, we have complete control over the production chain.","breadcrumb":{"@id":"https:\/\/www.eurosandow.com\/en\/about-us\/#breadcrumb"},"inLanguage":"en-US","potentialAction":[{"@type":"ReadAction","target":["https:\/\/www.eurosandow.com\/en\/about-us\/"]}]},{"@type":"ImageObject","inLanguage":"en-US","@id":"https:\/\/www.eurosandow.com\/en\/about-us\/#primaryimage","url":"https:\/\/www.eurosandow.com\/app\/uploads\/2024\/12\/header-eurosandow-2000-x-600-px-13.png","contentUrl":"https:\/\/www.eurosandow.com\/app\/uploads\/2024\/12\/header-eurosandow-2000-x-600-px-13.png","width":2000,"height":600,"caption":"Vue a\u00e9rienne de la soci\u00e9t\u00e9 Eurosandow"},{"@type":"BreadcrumbList","@id":"https:\/\/www.eurosandow.com\/en\/about-us\/#breadcrumb","itemListElement":[{"@type":"ListItem","position":1,"name":"Accueil","item":"https:\/\/www.eurosandow.com\/en\/"},{"@type":"ListItem","position":2,"name":"About us"}]},{"@type":"WebSite","@id":"https:\/\/www.eurosandow.com\/en\/#website","url":"https:\/\/www.eurosandow.com\/en\/","name":"Eurosandow","description":"Tendeurs, sangles et filets","publisher":{"@id":"https:\/\/www.eurosandow.com\/en\/#organization"},"potentialAction":[{"@type":"SearchAction","target":{"@type":"EntryPoint","urlTemplate":"https:\/\/www.eurosandow.com\/en\/?s={search_term_string}"},"query-input":{"@type":"PropertyValueSpecification","valueRequired":true,"valueName":"search_term_string"}}],"inLanguage":"en-US"},{"@type":"Organization","@id":"https:\/\/www.eurosandow.com\/en\/#organization","name":"Eurosandow","url":"https:\/\/www.eurosandow.com\/en\/","logo":{"@type":"ImageObject","inLanguage":"en-US","@id":"https:\/\/www.eurosandow.com\/en\/#\/schema\/logo\/image\/","url":"https:\/\/www.eurosandow.com\/app\/uploads\/2024\/08\/eurosandow.svg","contentUrl":"https:\/\/www.eurosandow.com\/app\/uploads\/2024\/08\/eurosandow.svg","caption":"Eurosandow"},"image":{"@id":"https:\/\/www.eurosandow.com\/en\/#\/schema\/logo\/image\/"}}]}},"_links":{"self":[{"href":"https:\/\/www.eurosandow.com\/en\/wp-json\/wp\/v2\/pages\/1573","targetHints":{"allow":["GET"]}}],"collection":[{"href":"https:\/\/www.eurosandow.com\/en\/wp-json\/wp\/v2\/pages"}],"about":[{"href":"https:\/\/www.eurosandow.com\/en\/wp-json\/wp\/v2\/types\/page"}],"author":[{"embeddable":true,"href":"https:\/\/www.eurosandow.com\/en\/wp-json\/wp\/v2\/users\/2"}],"replies":[{"embeddable":true,"href":"https:\/\/www.eurosandow.com\/en\/wp-json\/wp\/v2\/comments?post=1573"}],"version-history":[{"count":10,"href":"https:\/\/www.eurosandow.com\/en\/wp-json\/wp\/v2\/pages\/1573\/revisions"}],"predecessor-version":[{"id":2751,"href":"https:\/\/www.eurosandow.com\/en\/wp-json\/wp\/v2\/pages\/1573\/revisions\/2751"}],"wp:featuredmedia":[{"embeddable":true,"href":"https:\/\/www.eurosandow.com\/en\/wp-json\/wp\/v2\/media\/1706"}],"wp:attachment":[{"href":"https:\/\/www.eurosandow.com\/en\/wp-json\/wp\/v2\/media?parent=1573"}],"curies":[{"name":"wp","href":"https:\/\/api.w.org\/{rel}","templated":true}]}}