{"id":1587,"date":"2024-11-20T12:00:05","date_gmt":"2024-11-20T11:00:05","guid":{"rendered":"https:\/\/www.eurosandow.com\/certifications\/"},"modified":"2024-12-11T15:51:05","modified_gmt":"2024-12-11T14:51:05","slug":"certifications","status":"publish","type":"page","link":"https:\/\/www.eurosandow.com\/en\/certifications\/","title":{"rendered":"Certifications"},"content":{"rendered":"\n<div class=\"wp-block-columns has-1-columns is-layout-flex wp-container-core-columns-is-layout-9d6595d7 wp-block-columns has-1-columns-is-layout-flex\">\n<div class=\"wp-block-column is-layout-flow wp-block-column-is-layout-flow\">\n<div style=\"height:81px\" aria-hidden=\"true\" class=\"wp-block-spacer\"><\/div>\n\n\n\n<h2 class=\"wp-block-heading\"><mark style=\"background-color:rgba(0, 0, 0, 0)\" class=\"has-inline-color has-orange-color\">Our commitment to quality<\/mark><\/h2>\n\n\n\n<p>Our quality policy is the backbone that supports all the departments of Eurosandow.<\/p>\n\n\n\n<p>Our priority is to guarantee our customers products that are safe and comply with industry standards.<\/p>\n\n\n\n<p>With this in mind, we have made the strategic choice to fully internalise the manufacturing process of our products. This control over our production chain allows us to ensure that every product we manufacture meets the most high quality standards. <\/p>\n\n\n\n<p>All products designed in our factories, whether in France or in Romania, are tracked throughout the production process.<\/p>\n\n\n\n<p>Thanks to our ERP system, we are able to ensure complete traceability of every product. We are therefore able to precisely identify the batches of components used, the machine on which the product was manufactured, and even the operator who supervised its production. <\/p>\n\n\n\n<p>Our finished products are submitted to rigorous quality tests to ensure that our products are complaints with the technical specification determine during conception.<\/p>\n\n\n\n<div style=\"height:44px\" aria-hidden=\"true\" class=\"wp-block-spacer\"><\/div>\n<\/div>\n<\/div>\n\n\n\n<div class=\"wp-block-columns has-2-columns is-layout-flex wp-container-core-columns-is-layout-9d6595d7 wp-block-columns has-2-columns-is-layout-flex\">\n<div class=\"wp-block-column is-layout-flow wp-block-column-is-layout-flow\">\n<h2 class=\"wp-block-heading\"><mark style=\"background-color:rgba(0, 0, 0, 0)\" class=\"has-inline-color has-orange-color\"><strong>Rigorous quality control<\/strong><\/mark><\/h2>\n\n\n\n<p>Our teams carry out a series of tests to make sure that the sample retains the properties required to guarantee the product&#8217;s functions.<\/p>\n\n\n\n<p>We carry out all the usual tests (according to Nissan Renault, PSA, Toyota, Volvo, Ford, BMW, VW, JLR test methods):<\/p>\n\n\n\n<ul class=\"wp-block-list\">\n<li>Flammability tests<\/li>\n\n\n\n<li>Odour tests<\/li>\n\n\n\n<li>Fogging<\/li>\n\n\n\n<li>Sweat tests<\/li>\n\n\n\n<li>Ageing<\/li>\n\n\n\n<li>Strength and elongation<\/li>\n\n\n\n<li>Breaking strength<\/li>\n\n\n\n<li>Fatigue tests<\/li>\n<\/ul>\n\n\n\n<p>This allows us to provide our customers with documentation or certificates of conformity to guarantee products\u2019 quality. <mark style=\"background-color:rgba(0, 0, 0, 0)\" class=\"has-inline-color has-orange-color\"><br><\/mark><\/p>\n<\/div>\n\n\n\n<div class=\"wp-block-column is-layout-flow wp-block-column-is-layout-flow\">\n<figure class=\"wp-block-image size-full\"><img decoding=\"async\" width=\"600\" height=\"540\" src=\"https:\/\/www.eurosandow.com\/app\/uploads\/2024\/12\/Design-sans-titre-2024-12-01T202448.705.png\" alt=\"\" class=\"wp-image-1756\" srcset=\"https:\/\/www.eurosandow.com\/app\/uploads\/2024\/12\/Design-sans-titre-2024-12-01T202448.705.png 600w, https:\/\/www.eurosandow.com\/app\/uploads\/2024\/12\/Design-sans-titre-2024-12-01T202448.705-300x270.png 300w\" sizes=\"(max-width: 600px) 100vw, 600px\" \/><\/figure>\n<\/div>\n<\/div>\n\n\n\n<div style=\"height:63px\" aria-hidden=\"true\" class=\"wp-block-spacer\"><\/div>\n\n\n\n<div class=\"wp-block-columns has-1-columns is-layout-flex wp-container-core-columns-is-layout-9d6595d7 wp-block-columns has-1-columns-is-layout-flex\">\n<div class=\"wp-block-column is-layout-flow wp-block-column-is-layout-flow\">\n<h2 class=\"wp-block-heading has-text-align-center\"><mark style=\"background-color:rgba(0, 0, 0, 0)\" class=\"has-inline-color has-fuchsia-color\">Certified ISO 9001, IATF 16949 et ASES<\/mark><\/h2>\n\n\n\n<p class=\"has-text-align-center\">This unwavering commitment to quality, combined with the dedication of each and every one of our employees, has earned us IATF certification since 1996, and QUALITY recognition in both the automotive and industrial markets.<\/p>\n\n\n\n<div class=\"wp-block-columns has-1-columns has-3-columns is-layout-flex wp-container-core-columns-is-layout-9d6595d7 wp-block-columns has-1-columns has-3-columns-is-layout-flex\">\n<div class=\"wp-block-column is-layout-flow wp-block-column-is-layout-flow\">\n<figure class=\"wp-block-image aligncenter size-full is-resized\"><img decoding=\"async\" width=\"500\" height=\"500\" src=\"https:\/\/www.eurosandow.com\/app\/uploads\/2024\/10\/Design-sans-titre-2024-10-02T164222.027.png\" alt=\"\" class=\"wp-image-1245\" style=\"width:246px;height:auto\" srcset=\"https:\/\/www.eurosandow.com\/app\/uploads\/2024\/10\/Design-sans-titre-2024-10-02T164222.027.png 500w, https:\/\/www.eurosandow.com\/app\/uploads\/2024\/10\/Design-sans-titre-2024-10-02T164222.027-300x300.png 300w, https:\/\/www.eurosandow.com\/app\/uploads\/2024\/10\/Design-sans-titre-2024-10-02T164222.027-150x150.png 150w\" sizes=\"(max-width: 500px) 100vw, 500px\" \/><\/figure>\n<\/div>\n\n\n\n<div class=\"wp-block-column is-layout-flow wp-block-column-is-layout-flow\">\n<figure class=\"wp-block-image aligncenter size-full is-resized\"><img decoding=\"async\" width=\"500\" height=\"500\" src=\"https:\/\/www.eurosandow.com\/app\/uploads\/2024\/10\/Design-sans-titre-2024-10-02T164627.973.png\" alt=\"\" class=\"wp-image-1252\" style=\"width:252px;height:auto\" srcset=\"https:\/\/www.eurosandow.com\/app\/uploads\/2024\/10\/Design-sans-titre-2024-10-02T164627.973.png 500w, https:\/\/www.eurosandow.com\/app\/uploads\/2024\/10\/Design-sans-titre-2024-10-02T164627.973-300x300.png 300w, https:\/\/www.eurosandow.com\/app\/uploads\/2024\/10\/Design-sans-titre-2024-10-02T164627.973-150x150.png 150w\" sizes=\"(max-width: 500px) 100vw, 500px\" \/><\/figure>\n<\/div>\n\n\n\n<div class=\"wp-block-column is-layout-flow wp-block-column-is-layout-flow\">\n<figure class=\"wp-block-image aligncenter size-full is-resized\"><img decoding=\"async\" width=\"500\" height=\"500\" src=\"https:\/\/www.eurosandow.com\/app\/uploads\/2024\/10\/Design-sans-titre-2024-10-02T164921.995.png\" alt=\"\" class=\"wp-image-1259\" style=\"width:239px;height:auto\" srcset=\"https:\/\/www.eurosandow.com\/app\/uploads\/2024\/10\/Design-sans-titre-2024-10-02T164921.995.png 500w, https:\/\/www.eurosandow.com\/app\/uploads\/2024\/10\/Design-sans-titre-2024-10-02T164921.995-300x300.png 300w, https:\/\/www.eurosandow.com\/app\/uploads\/2024\/10\/Design-sans-titre-2024-10-02T164921.995-150x150.png 150w\" sizes=\"(max-width: 500px) 100vw, 500px\" \/><\/figure>\n<\/div>\n<\/div>\n<\/div>\n<\/div>\n\n\n\n<div style=\"height:30px\" aria-hidden=\"true\" class=\"wp-block-spacer\"><\/div>\n\n\n<div class=\"references-block small-width block-gap\" data-aos=\"fade-up\" data-aos-duration=\"1500\">\n    <div class=\"title-section center\">\n        <span class=\"uptitle\">Our references<\/span>        <h2 class=\"title\">Satisfied customers include<\/h2>    <\/div>\n    <div class=\"references-slider swiper\">\n        <div class=\"swiper-wrapper\">\n                            <img decoding=\"async\" src=\"https:\/\/www.eurosandow.com\/app\/uploads\/2024\/08\/bmw_RVB.jpg\" class=\"logo swiper-slide\" alt=\"\" title=\"\" loading=\"lazy\"\/>\n                            <img decoding=\"async\" src=\"https:\/\/www.eurosandow.com\/app\/uploads\/2024\/08\/volvo_RVB.jpg\" class=\"logo swiper-slide\" alt=\"\" title=\"\" loading=\"lazy\"\/>\n                            <img decoding=\"async\" src=\"https:\/\/www.eurosandow.com\/app\/uploads\/2024\/08\/volkswagen_RVB.jpg\" class=\"logo swiper-slide\" alt=\"\" title=\"\" loading=\"lazy\"\/>\n                            <img decoding=\"async\" src=\"https:\/\/www.eurosandow.com\/app\/uploads\/2024\/08\/trigano_RVB.jpg\" class=\"logo swiper-slide\" alt=\"\" title=\"\" loading=\"lazy\"\/>\n                            <img decoding=\"async\" src=\"https:\/\/www.eurosandow.com\/app\/uploads\/2024\/08\/treves_RVB.jpg\" class=\"logo swiper-slide\" alt=\"\" title=\"\" loading=\"lazy\"\/>\n                            <img decoding=\"async\" src=\"https:\/\/www.eurosandow.com\/app\/uploads\/2024\/08\/toyota_RVB.jpg\" class=\"logo swiper-slide\" alt=\"\" title=\"\" loading=\"lazy\"\/>\n                            <img decoding=\"async\" src=\"https:\/\/www.eurosandow.com\/app\/uploads\/2024\/08\/smooves_RVB.jpg\" class=\"logo swiper-slide\" alt=\"\" title=\"\" loading=\"lazy\"\/>\n                            <img decoding=\"async\" src=\"https:\/\/www.eurosandow.com\/app\/uploads\/2024\/08\/smart_RVB.jpg\" class=\"logo swiper-slide\" alt=\"\" title=\"\" loading=\"lazy\"\/>\n                            <img decoding=\"async\" src=\"https:\/\/www.eurosandow.com\/app\/uploads\/2024\/08\/renault-nissa-mitsubishi_RVB.jpg\" class=\"logo swiper-slide\" alt=\"\" title=\"\" loading=\"lazy\"\/>\n                            <img decoding=\"async\" src=\"https:\/\/www.eurosandow.com\/app\/uploads\/2024\/08\/adient_RVB.jpg\" class=\"logo swiper-slide\" alt=\"\" title=\"\" loading=\"lazy\"\/>\n                    <\/div>\n        <div class=\"swiper-pagination references\"><\/div>\n    <\/div>\n<\/div>\n\n\n<div style=\"height:100px\" aria-hidden=\"true\" class=\"wp-block-spacer\"><\/div>\n\n\n<div class=\"highlight-text small-width\" data-aos=\"fade-up\" data-aos-duration=\"1500\">\n    <div class=\"inner-banner\">\n        <div class=\"text-container\">\n            <div classs=\"text-rich\"><h2>Technical expertise and innovation to serve performance<\/h2>\n<p>We put our know-how and experience at the service of your projects, designing entirely customized products to meet your specifications and specific requirements.<\/p>\n<\/div>            <div class=\"buttons-container\">\n                                    <a class=\"wp-block-button__link has-white-color has-text-color has-link-color wp-element-button\" target=\"\" href=\"#\">Contact us<\/a>\n                            <\/div>\n        <\/div>\n    <\/div>\n<\/div>","protected":false},"excerpt":{"rendered":"<p>Our commitment to quality Our quality policy is the backbone that supports all the departments of Eurosandow. Our priority is to guarantee our customers products that are safe and comply with industry standards. With this in mind, we have made the strategic choice to fully internalise the manufacturing process of our products. This control over [&hellip;]<\/p>\n","protected":false},"author":2,"featured_media":1752,"parent":0,"menu_order":0,"comment_status":"closed","ping_status":"closed","template":"","meta":{"_acf_changed":false,"footnotes":""},"class_list":["post-1587","page","type-page","status-publish","has-post-thumbnail","hentry"],"acf":[],"yoast_head":"<!-- This site is optimized with the Yoast SEO plugin v27.1.1 - https:\/\/yoast.com\/product\/yoast-seo-wordpress\/ -->\n<title>Certifications - Eurosandow<\/title>\n<meta name=\"description\" content=\"Thanks to its commitment to quality, Eurosandow has obtained ISO 9001, IATF 16949 and ASES certifications.\" \/>\n<meta name=\"robots\" content=\"index, follow, max-snippet:-1, max-image-preview:large, max-video-preview:-1\" \/>\n<link rel=\"canonical\" href=\"https:\/\/www.eurosandow.com\/en\/certifications\/\" \/>\n<meta property=\"og:locale\" content=\"en_US\" \/>\n<meta property=\"og:type\" content=\"article\" \/>\n<meta property=\"og:title\" content=\"Certifications - Eurosandow\" \/>\n<meta property=\"og:description\" content=\"Thanks to its commitment to quality, Eurosandow has obtained ISO 9001, IATF 16949 and ASES certifications.\" \/>\n<meta property=\"og:url\" content=\"https:\/\/www.eurosandow.com\/en\/certifications\/\" \/>\n<meta property=\"og:site_name\" content=\"Eurosandow\" \/>\n<meta property=\"article:modified_time\" content=\"2024-12-11T14:51:05+00:00\" \/>\n<meta property=\"og:image\" content=\"https:\/\/www.eurosandow.com\/app\/uploads\/2024\/12\/header-eurosandow-2000-x-600-px-15.png\" \/>\n\t<meta property=\"og:image:width\" content=\"2000\" \/>\n\t<meta property=\"og:image:height\" content=\"600\" \/>\n\t<meta property=\"og:image:type\" content=\"image\/png\" \/>\n<meta name=\"twitter:card\" content=\"summary_large_image\" \/>\n<meta name=\"twitter:label1\" content=\"Est. reading time\" \/>\n\t<meta name=\"twitter:data1\" content=\"3 minutes\" \/>\n<script type=\"application\/ld+json\" class=\"yoast-schema-graph\">{\"@context\":\"https:\/\/schema.org\",\"@graph\":[{\"@type\":\"WebPage\",\"@id\":\"https:\/\/www.eurosandow.com\/en\/certifications\/\",\"url\":\"https:\/\/www.eurosandow.com\/en\/certifications\/\",\"name\":\"Certifications - Eurosandow\",\"isPartOf\":{\"@id\":\"https:\/\/www.eurosandow.com\/en\/#website\"},\"primaryImageOfPage\":{\"@id\":\"https:\/\/www.eurosandow.com\/en\/certifications\/#primaryimage\"},\"image\":{\"@id\":\"https:\/\/www.eurosandow.com\/en\/certifications\/#primaryimage\"},\"thumbnailUrl\":\"https:\/\/www.eurosandow.com\/app\/uploads\/2024\/12\/header-eurosandow-2000-x-600-px-15.png\",\"datePublished\":\"2024-11-20T11:00:05+00:00\",\"dateModified\":\"2024-12-11T14:51:05+00:00\",\"description\":\"Thanks to its commitment to quality, Eurosandow has obtained ISO 9001, IATF 16949 and ASES certifications.\",\"breadcrumb\":{\"@id\":\"https:\/\/www.eurosandow.com\/en\/certifications\/#breadcrumb\"},\"inLanguage\":\"en-US\",\"potentialAction\":[{\"@type\":\"ReadAction\",\"target\":[\"https:\/\/www.eurosandow.com\/en\/certifications\/\"]}]},{\"@type\":\"ImageObject\",\"inLanguage\":\"en-US\",\"@id\":\"https:\/\/www.eurosandow.com\/en\/certifications\/#primaryimage\",\"url\":\"https:\/\/www.eurosandow.com\/app\/uploads\/2024\/12\/header-eurosandow-2000-x-600-px-15.png\",\"contentUrl\":\"https:\/\/www.eurosandow.com\/app\/uploads\/2024\/12\/header-eurosandow-2000-x-600-px-15.png\",\"width\":2000,\"height\":600,\"caption\":\"Contr\u00f4le qualit\u00e9 des produits fabriqu\u00e9s par eurosandow\"},{\"@type\":\"BreadcrumbList\",\"@id\":\"https:\/\/www.eurosandow.com\/en\/certifications\/#breadcrumb\",\"itemListElement\":[{\"@type\":\"ListItem\",\"position\":1,\"name\":\"Accueil\",\"item\":\"https:\/\/www.eurosandow.com\/en\/\"},{\"@type\":\"ListItem\",\"position\":2,\"name\":\"Certifications\"}]},{\"@type\":\"WebSite\",\"@id\":\"https:\/\/www.eurosandow.com\/en\/#website\",\"url\":\"https:\/\/www.eurosandow.com\/en\/\",\"name\":\"Eurosandow\",\"description\":\"Tendeurs, sangles et filets\",\"publisher\":{\"@id\":\"https:\/\/www.eurosandow.com\/en\/#organization\"},\"potentialAction\":[{\"@type\":\"SearchAction\",\"target\":{\"@type\":\"EntryPoint\",\"urlTemplate\":\"https:\/\/www.eurosandow.com\/en\/?s={search_term_string}\"},\"query-input\":{\"@type\":\"PropertyValueSpecification\",\"valueRequired\":true,\"valueName\":\"search_term_string\"}}],\"inLanguage\":\"en-US\"},{\"@type\":\"Organization\",\"@id\":\"https:\/\/www.eurosandow.com\/en\/#organization\",\"name\":\"Eurosandow\",\"url\":\"https:\/\/www.eurosandow.com\/en\/\",\"logo\":{\"@type\":\"ImageObject\",\"inLanguage\":\"en-US\",\"@id\":\"https:\/\/www.eurosandow.com\/en\/#\/schema\/logo\/image\/\",\"url\":\"https:\/\/www.eurosandow.com\/app\/uploads\/2024\/08\/eurosandow.svg\",\"contentUrl\":\"https:\/\/www.eurosandow.com\/app\/uploads\/2024\/08\/eurosandow.svg\",\"caption\":\"Eurosandow\"},\"image\":{\"@id\":\"https:\/\/www.eurosandow.com\/en\/#\/schema\/logo\/image\/\"}}]}<\/script>\n<!-- \/ Yoast SEO plugin. -->","yoast_head_json":{"title":"Certifications - Eurosandow","description":"Thanks to its commitment to quality, Eurosandow has obtained ISO 9001, IATF 16949 and ASES certifications.","robots":{"index":"index","follow":"follow","max-snippet":"max-snippet:-1","max-image-preview":"max-image-preview:large","max-video-preview":"max-video-preview:-1"},"canonical":"https:\/\/www.eurosandow.com\/en\/certifications\/","og_locale":"en_US","og_type":"article","og_title":"Certifications - Eurosandow","og_description":"Thanks to its commitment to quality, Eurosandow has obtained ISO 9001, IATF 16949 and ASES certifications.","og_url":"https:\/\/www.eurosandow.com\/en\/certifications\/","og_site_name":"Eurosandow","article_modified_time":"2024-12-11T14:51:05+00:00","og_image":[{"width":2000,"height":600,"url":"https:\/\/www.eurosandow.com\/app\/uploads\/2024\/12\/header-eurosandow-2000-x-600-px-15.png","type":"image\/png"}],"twitter_card":"summary_large_image","twitter_misc":{"Est. reading time":"3 minutes"},"schema":{"@context":"https:\/\/schema.org","@graph":[{"@type":"WebPage","@id":"https:\/\/www.eurosandow.com\/en\/certifications\/","url":"https:\/\/www.eurosandow.com\/en\/certifications\/","name":"Certifications - Eurosandow","isPartOf":{"@id":"https:\/\/www.eurosandow.com\/en\/#website"},"primaryImageOfPage":{"@id":"https:\/\/www.eurosandow.com\/en\/certifications\/#primaryimage"},"image":{"@id":"https:\/\/www.eurosandow.com\/en\/certifications\/#primaryimage"},"thumbnailUrl":"https:\/\/www.eurosandow.com\/app\/uploads\/2024\/12\/header-eurosandow-2000-x-600-px-15.png","datePublished":"2024-11-20T11:00:05+00:00","dateModified":"2024-12-11T14:51:05+00:00","description":"Thanks to its commitment to quality, Eurosandow has obtained ISO 9001, IATF 16949 and ASES certifications.","breadcrumb":{"@id":"https:\/\/www.eurosandow.com\/en\/certifications\/#breadcrumb"},"inLanguage":"en-US","potentialAction":[{"@type":"ReadAction","target":["https:\/\/www.eurosandow.com\/en\/certifications\/"]}]},{"@type":"ImageObject","inLanguage":"en-US","@id":"https:\/\/www.eurosandow.com\/en\/certifications\/#primaryimage","url":"https:\/\/www.eurosandow.com\/app\/uploads\/2024\/12\/header-eurosandow-2000-x-600-px-15.png","contentUrl":"https:\/\/www.eurosandow.com\/app\/uploads\/2024\/12\/header-eurosandow-2000-x-600-px-15.png","width":2000,"height":600,"caption":"Contr\u00f4le qualit\u00e9 des produits fabriqu\u00e9s par eurosandow"},{"@type":"BreadcrumbList","@id":"https:\/\/www.eurosandow.com\/en\/certifications\/#breadcrumb","itemListElement":[{"@type":"ListItem","position":1,"name":"Accueil","item":"https:\/\/www.eurosandow.com\/en\/"},{"@type":"ListItem","position":2,"name":"Certifications"}]},{"@type":"WebSite","@id":"https:\/\/www.eurosandow.com\/en\/#website","url":"https:\/\/www.eurosandow.com\/en\/","name":"Eurosandow","description":"Tendeurs, sangles et filets","publisher":{"@id":"https:\/\/www.eurosandow.com\/en\/#organization"},"potentialAction":[{"@type":"SearchAction","target":{"@type":"EntryPoint","urlTemplate":"https:\/\/www.eurosandow.com\/en\/?s={search_term_string}"},"query-input":{"@type":"PropertyValueSpecification","valueRequired":true,"valueName":"search_term_string"}}],"inLanguage":"en-US"},{"@type":"Organization","@id":"https:\/\/www.eurosandow.com\/en\/#organization","name":"Eurosandow","url":"https:\/\/www.eurosandow.com\/en\/","logo":{"@type":"ImageObject","inLanguage":"en-US","@id":"https:\/\/www.eurosandow.com\/en\/#\/schema\/logo\/image\/","url":"https:\/\/www.eurosandow.com\/app\/uploads\/2024\/08\/eurosandow.svg","contentUrl":"https:\/\/www.eurosandow.com\/app\/uploads\/2024\/08\/eurosandow.svg","caption":"Eurosandow"},"image":{"@id":"https:\/\/www.eurosandow.com\/en\/#\/schema\/logo\/image\/"}}]}},"_links":{"self":[{"href":"https:\/\/www.eurosandow.com\/en\/wp-json\/wp\/v2\/pages\/1587","targetHints":{"allow":["GET"]}}],"collection":[{"href":"https:\/\/www.eurosandow.com\/en\/wp-json\/wp\/v2\/pages"}],"about":[{"href":"https:\/\/www.eurosandow.com\/en\/wp-json\/wp\/v2\/types\/page"}],"author":[{"embeddable":true,"href":"https:\/\/www.eurosandow.com\/en\/wp-json\/wp\/v2\/users\/2"}],"replies":[{"embeddable":true,"href":"https:\/\/www.eurosandow.com\/en\/wp-json\/wp\/v2\/comments?post=1587"}],"version-history":[{"count":6,"href":"https:\/\/www.eurosandow.com\/en\/wp-json\/wp\/v2\/pages\/1587\/revisions"}],"predecessor-version":[{"id":2419,"href":"https:\/\/www.eurosandow.com\/en\/wp-json\/wp\/v2\/pages\/1587\/revisions\/2419"}],"wp:featuredmedia":[{"embeddable":true,"href":"https:\/\/www.eurosandow.com\/en\/wp-json\/wp\/v2\/media\/1752"}],"wp:attachment":[{"href":"https:\/\/www.eurosandow.com\/en\/wp-json\/wp\/v2\/media?parent=1587"}],"curies":[{"name":"wp","href":"https:\/\/api.w.org\/{rel}","templated":true}]}}